{"id":487,"date":"2025-09-18T08:26:48","date_gmt":"2025-09-18T08:26:48","guid":{"rendered":"https:\/\/www.huashunware.com\/?post_type=product&#038;p=487"},"modified":"2025-09-18T08:34:17","modified_gmt":"2025-09-18T08:34:17","slug":"wholesale-stainless-steel-ice-cube-tray","status":"publish","type":"product","link":"https:\/\/www.huashunware.com\/fr\/produit\/wholesale-stainless-steel-ice-cube-tray\/","title":{"rendered":"Grossiste bac \u00e0 gla\u00e7ons en acier inoxydable"},"content":{"rendered":"<div class=\"wp-block-columns is-layout-flex wp-container-core-columns-is-layout-9d6595d7 wp-block-columns-is-layout-flex\">\n<div class=\"wp-block-column is-layout-flow wp-block-column-is-layout-flow\">\n<h2 class=\"wp-block-heading\">Bac \u00e0 gla\u00e7ons en acier inoxydable Caract\u00e9ristiques :<\/h2>\n\n\n\n<p><strong>Construction durable en m\u00e9tal \u00e9pais\uff1a<\/strong>Fabriqu\u00e9 en acier inoxydable renforc\u00e9, ce bac \u00e0 gla\u00e7ons n'a pas tendance \u00e0 se plier ou \u00e0 se d\u00e9former, ce qui lui permet de r\u00e9sister \u00e0 une utilisation intensive dans les t\u00e2ches quotidiennes de la cuisine.<\/p>\n\n\n\n<p><strong>Acier inoxydable alimentaire\uff1a<\/strong>Sans silicone et fabriqu\u00e9 en acier inoxydable s\u00fbr et non toxique, ce bac permet de produire des gla\u00e7ons hygi\u00e9niques pour les boissons et la pr\u00e9paration des aliments.<\/p>\n\n\n\n<p><strong>Finition polie miroir et brillante\uff1a<\/strong>La finition lisse et brillante comme un miroir n'a pas seulement un aspect extravagant, mais elle emp\u00eache les cubes de coller, ce qui permet de les retirer sans effort.<\/p>\n\n\n\n<p><strong>R\u00e9utilisable et \u00e9cologique\uff1a<\/strong>Contrairement aux plateaux en plastique, ce plateau en acier inoxydable est con\u00e7u pour \u00eatre r\u00e9utilis\u00e9, ce qui permet de r\u00e9duire le gaspillage sans compromettre la durabilit\u00e9.<\/p>\n\n\n\n<p><strong>Entretien et nettoyage simples\uff1a<\/strong>Anti-rouille et lavable au lave-vaisselle, ce plateau est facile \u00e0 nettoyer, ce qui rend votre cuisine propre avec un minimum d'efforts.<\/p>\n<\/div>\n\n\n\n<div class=\"wp-block-column is-layout-flow wp-block-column-is-layout-flow\">\n<figure class=\"wp-block-image size-full\"><img decoding=\"async\" width=\"2500\" height=\"2500\" src=\"https:\/\/www.huashunware.com\/wp-content\/uploads\/2025\/09\/Wholesale-Stainless-Steel-Ice-Cube-Tray1.webp\" alt=\"Grossiste bac \u00e0 gla\u00e7ons en acier inoxydable1\" class=\"wp-image-488\" srcset=\"https:\/\/www.huashunware.com\/wp-content\/uploads\/2025\/09\/Wholesale-Stainless-Steel-Ice-Cube-Tray1.webp 2500w, https:\/\/www.huashunware.com\/wp-content\/uploads\/2025\/09\/Wholesale-Stainless-Steel-Ice-Cube-Tray1-300x300.webp 300w, https:\/\/www.huashunware.com\/wp-content\/uploads\/2025\/09\/Wholesale-Stainless-Steel-Ice-Cube-Tray1-150x150.webp 150w, https:\/\/www.huashunware.com\/wp-content\/uploads\/2025\/09\/Wholesale-Stainless-Steel-Ice-Cube-Tray1-768x768.webp 768w, https:\/\/www.huashunware.com\/wp-content\/uploads\/2025\/09\/Wholesale-Stainless-Steel-Ice-Cube-Tray1-1200x1200.webp 1200w, https:\/\/www.huashunware.com\/wp-content\/uploads\/2025\/09\/Wholesale-Stainless-Steel-Ice-Cube-Tray1-600x600.webp 600w, https:\/\/www.huashunware.com\/wp-content\/uploads\/2025\/09\/Wholesale-Stainless-Steel-Ice-Cube-Tray1-100x100.webp 100w\" sizes=\"(max-width: 2500px) 100vw, 2500px\" \/><\/figure>\n<\/div>\n<\/div>","protected":false},"excerpt":{"rendered":"<p data-start=\"2747\" data-end=\"3047\">Le bac \u00e0 gla\u00e7ons en gros en acier inoxydable est fabriqu\u00e9 en acier inoxydable \u00e9pais de qualit\u00e9 alimentaire avec une surface polie miroir pour une plus grande durabilit\u00e9 et une lib\u00e9ration facile de la glace. Sa conception robuste garantit une utilisation \u00e0 long terme, tandis que son mat\u00e9riau \u00e9cologique et facile \u00e0 nettoyer en fait un ajout fiable \u00e0 toute cuisine.<\/p>\n<h2 class=\"brxe-product-title\">Bac \u00e0 gla\u00e7ons en gros en acier inoxydable Attributs :<\/h2>\n<table>\n<thead>\n<tr>\n<th style=\"text-align: center;\">Attribut<\/th>\n<th style=\"text-align: center;\">Sp\u00e9cifications<\/th>\n<\/tr>\n<\/thead>\n<tbody>\n<tr>\n<td>Poids<\/td>\n<td>515 g<\/td>\n<\/tr>\n<tr>\n<td>Taille<\/td>\n<td>28 \u00d7 12 \u00d7 4,5 cm (L \u00d7 L \u00d7 H)<\/td>\n<\/tr>\n<\/tbody>\n<\/table>\n<p><strong>MOQ:24pcs<\/strong><\/p>\n<h2 class=\"brxe-product-title\">Bac \u00e0 gla\u00e7ons en acier inoxydable personnalis\u00e9 :<\/h2>\n<ul>\n<li data-start=\"16\" data-end=\"71\">\n<p data-start=\"18\" data-end=\"71\"><strong data-start=\"18\" data-end=\"29\">\u00c9chantillon :<\/strong> \u00c9chantillon gratuit disponible avant la commande en gros<\/p>\n<\/li>\n<li data-start=\"72\" data-end=\"138\">\n<p data-start=\"74\" data-end=\"138\"><strong data-start=\"74\" data-end=\"92\">Livraison rapide :<\/strong> Les articles en stock peuvent \u00eatre exp\u00e9di\u00e9s dans les 7 jours.<\/p>\n<\/li>\n<li data-start=\"139\" data-end=\"254\">\n<p data-start=\"141\" data-end=\"254\"><strong data-start=\"141\" data-end=\"162\">Emballage personnalis\u00e9 :<\/strong> Possibilit\u00e9 de logo personnalis\u00e9 et de diff\u00e9rentes options d'emballage telles que bo\u00eete en PET, bo\u00eete en PVC ou bo\u00eete cadeau.<\/p>\n<\/li>\n<\/ul>","protected":false},"featured_media":489,"comment_status":"closed","ping_status":"closed","template":"","meta":{"_acf_changed":false},"product_brand":[],"product_cat":[20,24],"product_tag":[],"class_list":{"0":"post-487","1":"product","2":"type-product","3":"status-publish","4":"has-post-thumbnail","6":"product_cat-wholesale-kitchen-utensils","7":"product_cat-wholesale-stainless-steel-ice-cube-trays","9":"first","10":"instock","11":"shipping-taxable","12":"product-type-simple"},"acf":[],"_links":{"self":[{"href":"https:\/\/www.huashunware.com\/fr\/wp-json\/wp\/v2\/product\/487","targetHints":{"allow":["GET"]}}],"collection":[{"href":"https:\/\/www.huashunware.com\/fr\/wp-json\/wp\/v2\/product"}],"about":[{"href":"https:\/\/www.huashunware.com\/fr\/wp-json\/wp\/v2\/types\/product"}],"replies":[{"embeddable":true,"href":"https:\/\/www.huashunware.com\/fr\/wp-json\/wp\/v2\/comments?post=487"}],"wp:featuredmedia":[{"embeddable":true,"href":"https:\/\/www.huashunware.com\/fr\/wp-json\/wp\/v2\/media\/489"}],"wp:attachment":[{"href":"https:\/\/www.huashunware.com\/fr\/wp-json\/wp\/v2\/media?parent=487"}],"wp:term":[{"taxonomy":"product_brand","embeddable":true,"href":"https:\/\/www.huashunware.com\/fr\/wp-json\/wp\/v2\/product_brand?post=487"},{"taxonomy":"product_cat","embeddable":true,"href":"https:\/\/www.huashunware.com\/fr\/wp-json\/wp\/v2\/product_cat?post=487"},{"taxonomy":"product_tag","embeddable":true,"href":"https:\/\/www.huashunware.com\/fr\/wp-json\/wp\/v2\/product_tag?post=487"}],"curies":[{"name":"wp","href":"https:\/\/api.w.org\/{rel}","templated":true}]}}