{"id":725,"date":"2025-10-08T07:33:12","date_gmt":"2025-10-08T07:21:49","guid":{"rendered":"https:\/\/www.huashunware.com\/?post_type=product&#038;p=725"},"modified":"2026-02-05T08:35:27","modified_gmt":"2026-02-05T08:35:27","slug":"bulk-plastic-handle-flatware-set","status":"publish","type":"product","link":"https:\/\/www.huashunware.com\/fr\/produit\/bulk-plastic-handle-flatware-set\/","title":{"rendered":"Couverts \u00e0 manche en plastique pour la maison et le restaurant"},"content":{"rendered":"<div class=\"wp-block-columns is-layout-flex wp-container-core-columns-is-layout-9d6595d7 wp-block-columns-is-layout-flex\">\n<div class=\"wp-block-column is-layout-flow wp-block-column-is-layout-flow\">\n<h2 class=\"wp-block-heading\">Ensemble de couverts \u00e0 manche en plastique en vrac Caract\u00e9ristiques :<\/h2>\n\n\n\n<p><strong>Construction en acier inoxydable 18\/0 de premi\u00e8re qualit\u00e9<\/strong><br>Fabriqu\u00e9 en acier inoxydable 18\/0 robuste et r\u00e9sistant \u00e0 la rouille, \u00e0 la corrosion et \u00e0 la d\u00e9coloration, cet ensemble de couverts est conforme aux r\u00e9glementations europ\u00e9ennes et am\u00e9ricaines en mati\u00e8re de s\u00e9curit\u00e9 alimentaire, offrant une durabilit\u00e9 \u00e0 long terme et une utilisation quotidienne s\u00fbre.<\/p>\n\n\n\n<p><strong>Finition polie miroir raffin\u00e9e<\/strong><br>La surface lisse et polie comme un miroir et les bords aff\u00fbt\u00e9s mais s\u00fbrs de chaque pi\u00e8ce donnent un \u00e9clat luxueux et haut de gamme et une apparence \u00e9l\u00e9gante qui apporte une sophistication haut de gamme \u00e0 toute table, qu'il s'agisse d'un d\u00eener d\u00e9contract\u00e9 ou d'un repas raffin\u00e9.<\/p>\n\n\n\n<p><strong>Poign\u00e9e en plastique confortable<\/strong><br>La poign\u00e9e ergonomique en plastique offre une prise en main ferme et antid\u00e9rapante, ce qui rehausse le plaisir de chaque repas tout en apportant une touche \u00e9l\u00e9gante et contemporaine \u00e0 votre table.<\/p>\n\n\n\n<p><strong>Emballage pratique pour la vente au d\u00e9tail<\/strong><br>L'emballage bien con\u00e7u comporte une poign\u00e9e int\u00e9gr\u00e9e qui facilite le transport, la pr\u00e9sentation et la vente dans les supermarch\u00e9s, ou la possibilit\u00e9 d'offrir des cadeaux pr\u00eats \u00e0 l'emploi pour les cr\u00e9maill\u00e8res, les f\u00eates ou les occasions sp\u00e9ciales.<\/p>\n\n\n\n<p><strong>Polyvalent pour une utilisation domestique et commerciale<\/strong><br>Parfait pour les restaurants, les \u00e9v\u00e9nements de restauration et les repas familiaux de tous les jours, ce service de couverts est \u00e0 la fois fonctionnel et attrayant, un choix intelligent et \u00e9l\u00e9gant pour tout d\u00e9cor de table.<\/p>\n<\/div>\n\n\n\n<div class=\"wp-block-column is-layout-flow wp-block-column-is-layout-flow\">\n<figure class=\"wp-block-image size-full\"><img decoding=\"async\" width=\"1536\" height=\"1536\" src=\"https:\/\/www.huashunware.com\/wp-content\/uploads\/2025\/10\/Bulk-Plastic-Handle-Flatware-Set-1.webp\" alt=\"Set de couverts \u00e0 manche en plastique en vrac\" class=\"wp-image-1302\" srcset=\"https:\/\/www.huashunware.com\/wp-content\/uploads\/2025\/10\/Bulk-Plastic-Handle-Flatware-Set-1.webp 1536w, https:\/\/www.huashunware.com\/wp-content\/uploads\/2025\/10\/Bulk-Plastic-Handle-Flatware-Set-1-300x300.webp 300w, https:\/\/www.huashunware.com\/wp-content\/uploads\/2025\/10\/Bulk-Plastic-Handle-Flatware-Set-1-150x150.webp 150w, https:\/\/www.huashunware.com\/wp-content\/uploads\/2025\/10\/Bulk-Plastic-Handle-Flatware-Set-1-768x768.webp 768w, https:\/\/www.huashunware.com\/wp-content\/uploads\/2025\/10\/Bulk-Plastic-Handle-Flatware-Set-1-12x12.webp 12w, https:\/\/www.huashunware.com\/wp-content\/uploads\/2025\/10\/Bulk-Plastic-Handle-Flatware-Set-1-1200x1200.webp 1200w, https:\/\/www.huashunware.com\/wp-content\/uploads\/2025\/10\/Bulk-Plastic-Handle-Flatware-Set-1-600x600.webp 600w, https:\/\/www.huashunware.com\/wp-content\/uploads\/2025\/10\/Bulk-Plastic-Handle-Flatware-Set-1-100x100.webp 100w\" sizes=\"(max-width: 1536px) 100vw, 1536px\" \/><\/figure>\n\n\n\n<figure class=\"wp-block-image size-full\"><img decoding=\"async\" width=\"3072\" height=\"3072\" src=\"https:\/\/www.huashunware.com\/wp-content\/uploads\/2025\/10\/Bulk-Plastic-Handle-Flatware-Set-Durable-Cutlery-for-Home-Restaurant2.webp\" alt=\"Couverts \u00e0 manche en plastique pour la maison et le restaurant2\" class=\"wp-image-727\" srcset=\"https:\/\/www.huashunware.com\/wp-content\/uploads\/2025\/10\/Bulk-Plastic-Handle-Flatware-Set-Durable-Cutlery-for-Home-Restaurant2.webp 3072w, https:\/\/www.huashunware.com\/wp-content\/uploads\/2025\/10\/Bulk-Plastic-Handle-Flatware-Set-Durable-Cutlery-for-Home-Restaurant2-300x300.webp 300w, https:\/\/www.huashunware.com\/wp-content\/uploads\/2025\/10\/Bulk-Plastic-Handle-Flatware-Set-Durable-Cutlery-for-Home-Restaurant2-150x150.webp 150w, https:\/\/www.huashunware.com\/wp-content\/uploads\/2025\/10\/Bulk-Plastic-Handle-Flatware-Set-Durable-Cutlery-for-Home-Restaurant2-768x768.webp 768w, https:\/\/www.huashunware.com\/wp-content\/uploads\/2025\/10\/Bulk-Plastic-Handle-Flatware-Set-Durable-Cutlery-for-Home-Restaurant2-12x12.webp 12w, https:\/\/www.huashunware.com\/wp-content\/uploads\/2025\/10\/Bulk-Plastic-Handle-Flatware-Set-Durable-Cutlery-for-Home-Restaurant2-1200x1200.webp 1200w, https:\/\/www.huashunware.com\/wp-content\/uploads\/2025\/10\/Bulk-Plastic-Handle-Flatware-Set-Durable-Cutlery-for-Home-Restaurant2-600x600.webp 600w, https:\/\/www.huashunware.com\/wp-content\/uploads\/2025\/10\/Bulk-Plastic-Handle-Flatware-Set-Durable-Cutlery-for-Home-Restaurant2-100x100.webp 100w\" sizes=\"(max-width: 3072px) 100vw, 3072px\" \/><\/figure>\n<\/div>\n<\/div>","protected":false},"excerpt":{"rendered":"<p>L'ensemble de couverts \u00e0 manche en plastique en vrac pour la maison et le restaurant combine la r\u00e9sistance de l'acier inoxydable de premi\u00e8re qualit\u00e9 avec le confort ergonomique et le style moderne. Polis miroir pour une brillance raffin\u00e9e, ils sont id\u00e9aux pour les repas quotidiens et la restauration professionnelle. Bienvenue chez nous\uff01<\/p>\n<h2 class=\"brxe-product-title\">Ensemble de couverts \u00e0 manche en plastique en vrac Attributs :<\/h2>\n<table>\n<thead>\n<tr>\n<th>Objet<\/th>\n<th>Poids (g)<\/th>\n<th>Longueur (cm)<\/th>\n<th>Largeur (cm)<\/th>\n<th>\u00c9paisseur (mm)<\/th>\n<\/tr>\n<\/thead>\n<tbody>\n<tr>\n<td><strong>Couteau<\/strong><\/td>\n<td>32<\/td>\n<td>21.5<\/td>\n<td>2.0<\/td>\n<td>2<\/td>\n<\/tr>\n<tr>\n<td><strong>Fourchette<\/strong><\/td>\n<td>30<\/td>\n<td>21.5<\/td>\n<td>2.5<\/td>\n<td>2<\/td>\n<\/tr>\n<tr>\n<td><strong>Cuill\u00e8re<\/strong><\/td>\n<td>36.5<\/td>\n<td>20.0<\/td>\n<td>4.3<\/td>\n<td>2<\/td>\n<\/tr>\n<tr>\n<td><strong>Cuill\u00e8re \u00e0 caf\u00e9<\/strong><\/td>\n<td>19<\/td>\n<td>15.6<\/td>\n<td>3.2<\/td>\n<td>2<\/td>\n<\/tr>\n<\/tbody>\n<\/table>\n<h2>Set de couverts \u00e0 manche en plastique personnalis\u00e9\uff1a<\/h2>\n<ul>\n<li data-pm-slice=\"1 1 []\"><strong>\u00c9chantillon gratuit : <\/strong>Un \u00e9chantillon gratuit peut \u00eatre disponible avant de passer une commande en gros.<\/li>\n<li><strong>Emballage et personnalisation du logo :<\/strong> Nous pouvons apposer un logo personnalis\u00e9 sur l'emballage et utiliser diff\u00e9rentes options d'emballage, telles qu'une bo\u00eete en PET, une bo\u00eete en PVC ou une bo\u00eete cadeau.<\/li>\n<li><strong>Logo sur le m\u00e9tal et la poign\u00e9e :<\/strong> Accepte le logo laser et le logo grav\u00e9 sur le m\u00e9tal ; accepte le logo imprim\u00e9 sur la poign\u00e9e.<\/li>\n<li><strong>Options de finition et de couleur de la poign\u00e9e :<\/strong> Accepter le placage d'or ou changer la couleur de la poign\u00e9e selon les besoins<\/li>\n<\/ul>","protected":false},"featured_media":726,"comment_status":"closed","ping_status":"closed","template":"","meta":{"_acf_changed":true},"product_brand":[],"product_cat":[18,26],"product_tag":[],"class_list":{"0":"post-725","1":"product","2":"type-product","3":"status-publish","4":"has-post-thumbnail","6":"product_cat-cutlery-set-wholesale","7":"product_cat-plastic-handle-flatware-set","9":"first","10":"instock","11":"shipping-taxable","12":"product-type-simple"},"acf":[],"_links":{"self":[{"href":"https:\/\/www.huashunware.com\/fr\/wp-json\/wp\/v2\/product\/725","targetHints":{"allow":["GET"]}}],"collection":[{"href":"https:\/\/www.huashunware.com\/fr\/wp-json\/wp\/v2\/product"}],"about":[{"href":"https:\/\/www.huashunware.com\/fr\/wp-json\/wp\/v2\/types\/product"}],"replies":[{"embeddable":true,"href":"https:\/\/www.huashunware.com\/fr\/wp-json\/wp\/v2\/comments?post=725"}],"wp:featuredmedia":[{"embeddable":true,"href":"https:\/\/www.huashunware.com\/fr\/wp-json\/wp\/v2\/media\/726"}],"wp:attachment":[{"href":"https:\/\/www.huashunware.com\/fr\/wp-json\/wp\/v2\/media?parent=725"}],"wp:term":[{"taxonomy":"product_brand","embeddable":true,"href":"https:\/\/www.huashunware.com\/fr\/wp-json\/wp\/v2\/product_brand?post=725"},{"taxonomy":"product_cat","embeddable":true,"href":"https:\/\/www.huashunware.com\/fr\/wp-json\/wp\/v2\/product_cat?post=725"},{"taxonomy":"product_tag","embeddable":true,"href":"https:\/\/www.huashunware.com\/fr\/wp-json\/wp\/v2\/product_tag?post=725"}],"curies":[{"name":"wp","href":"https:\/\/api.w.org\/{rel}","templated":true}]}}