{"id":729,"date":"2025-10-08T08:04:34","date_gmt":"2025-10-08T07:56:31","guid":{"rendered":"https:\/\/www.huashunware.com\/?post_type=product&#038;p=729"},"modified":"2026-02-05T08:41:38","modified_gmt":"2026-02-05T08:41:38","slug":"custom-plastic-handle-flatware-set","status":"publish","type":"product","link":"https:\/\/www.huashunware.com\/fr\/produit\/custom-plastic-handle-flatware-set\/","title":{"rendered":"Service de couverts \u00e0 manche en plastique personnalis\u00e9 au design \u00e9l\u00e9gant pour la salle \u00e0 manger moderne"},"content":{"rendered":"<div class=\"wp-block-columns is-layout-flex wp-container-core-columns-is-layout-9d6595d7 wp-block-columns-is-layout-flex\">\n<div class=\"wp-block-column is-layout-flow wp-block-column-is-layout-flow\">\n<h2 class=\"wp-block-heading\">Ensemble de couverts \u00e0 manche en plastique personnalis\u00e9 Caract\u00e9ristiques :<\/h2>\n\n\n\n<p><strong>Acier inoxydable 18\/0 de premi\u00e8re qualit\u00e9<\/strong><br>Fabriqu\u00e9 en acier inoxydable 18\/0 robuste, r\u00e9sistant \u00e0 la rouille, \u00e0 la corrosion et \u00e0 la d\u00e9coloration - enti\u00e8rement conforme aux normes de s\u00e9curit\u00e9 alimentaire de l'UE et des \u00c9tats-Unis pour une performance durable.<\/p>\n\n\n\n<p><strong>Design moderne et \u00e9l\u00e9gant<\/strong><br>D'un aspect simple et \u00e9l\u00e9gant, id\u00e9al pour les salles \u00e0 manger contemporaines, cet ensemble est un produit tr\u00e8s vendu sur le march\u00e9 de l'UE.<\/p>\n\n\n\n<p><strong>Poign\u00e9e en plastique confortable<\/strong><br>La poign\u00e9e ergonomique en plastique permet une prise en main confortable et s\u00fbre, alliant fonction et beaut\u00e9.<\/p>\n\n\n\n<p><strong>Extr\u00eamement durable et facile \u00e0 nettoyer<\/strong><br>La finition miroir continue de briller apr\u00e8s un lavage r\u00e9gulier ; elle passe au lave-vaisselle et r\u00e9siste aux rayures pour une utilisation quotidienne simple.<\/p>\n\n\n\n<p><strong>Parfait pour la maison et le restaurant<\/strong><br>Id\u00e9ale pour les repas familiaux et l'accueil commercial, elle allie style, long\u00e9vit\u00e9 et facilit\u00e9 d'utilisation pour tous les usages.<\/p>\n<\/div>\n\n\n\n<div class=\"wp-block-column is-layout-flow wp-block-column-is-layout-flow\">\n<figure class=\"wp-block-image size-full\"><img decoding=\"async\" width=\"1728\" height=\"1728\" src=\"https:\/\/www.huashunware.com\/wp-content\/uploads\/2025\/10\/Custom-Plastic-Handle-Flatware-Set-with-Elegant-Design-for-Modern-Dining-1.webp\" alt=\"Service de couverts \u00e0 manche en plastique personnalis\u00e9 au design \u00e9l\u00e9gant pour la salle \u00e0 manger moderne\" class=\"wp-image-1304\" srcset=\"https:\/\/www.huashunware.com\/wp-content\/uploads\/2025\/10\/Custom-Plastic-Handle-Flatware-Set-with-Elegant-Design-for-Modern-Dining-1.webp 1728w, https:\/\/www.huashunware.com\/wp-content\/uploads\/2025\/10\/Custom-Plastic-Handle-Flatware-Set-with-Elegant-Design-for-Modern-Dining-1-300x300.webp 300w, https:\/\/www.huashunware.com\/wp-content\/uploads\/2025\/10\/Custom-Plastic-Handle-Flatware-Set-with-Elegant-Design-for-Modern-Dining-1-150x150.webp 150w, https:\/\/www.huashunware.com\/wp-content\/uploads\/2025\/10\/Custom-Plastic-Handle-Flatware-Set-with-Elegant-Design-for-Modern-Dining-1-768x768.webp 768w, https:\/\/www.huashunware.com\/wp-content\/uploads\/2025\/10\/Custom-Plastic-Handle-Flatware-Set-with-Elegant-Design-for-Modern-Dining-1-12x12.webp 12w, https:\/\/www.huashunware.com\/wp-content\/uploads\/2025\/10\/Custom-Plastic-Handle-Flatware-Set-with-Elegant-Design-for-Modern-Dining-1-1200x1200.webp 1200w, https:\/\/www.huashunware.com\/wp-content\/uploads\/2025\/10\/Custom-Plastic-Handle-Flatware-Set-with-Elegant-Design-for-Modern-Dining-1-600x600.webp 600w, https:\/\/www.huashunware.com\/wp-content\/uploads\/2025\/10\/Custom-Plastic-Handle-Flatware-Set-with-Elegant-Design-for-Modern-Dining-1-100x100.webp 100w\" sizes=\"(max-width: 1728px) 100vw, 1728px\" \/><\/figure>\n\n\n\n<figure class=\"wp-block-image size-full\"><img decoding=\"async\" width=\"3072\" height=\"3072\" src=\"https:\/\/www.huashunware.com\/wp-content\/uploads\/2025\/10\/Custom-Plastic-Handle-Flatware-Set-with-Elegant-Design-for-Modern-Dining.webp\" alt=\"Service de couverts \u00e0 manche en plastique personnalis\u00e9 au design \u00e9l\u00e9gant pour la salle \u00e0 manger moderne\" class=\"wp-image-730\" srcset=\"https:\/\/www.huashunware.com\/wp-content\/uploads\/2025\/10\/Custom-Plastic-Handle-Flatware-Set-with-Elegant-Design-for-Modern-Dining.webp 3072w, https:\/\/www.huashunware.com\/wp-content\/uploads\/2025\/10\/Custom-Plastic-Handle-Flatware-Set-with-Elegant-Design-for-Modern-Dining-300x300.webp 300w, https:\/\/www.huashunware.com\/wp-content\/uploads\/2025\/10\/Custom-Plastic-Handle-Flatware-Set-with-Elegant-Design-for-Modern-Dining-150x150.webp 150w, https:\/\/www.huashunware.com\/wp-content\/uploads\/2025\/10\/Custom-Plastic-Handle-Flatware-Set-with-Elegant-Design-for-Modern-Dining-768x768.webp 768w, https:\/\/www.huashunware.com\/wp-content\/uploads\/2025\/10\/Custom-Plastic-Handle-Flatware-Set-with-Elegant-Design-for-Modern-Dining-12x12.webp 12w, https:\/\/www.huashunware.com\/wp-content\/uploads\/2025\/10\/Custom-Plastic-Handle-Flatware-Set-with-Elegant-Design-for-Modern-Dining-1200x1200.webp 1200w, https:\/\/www.huashunware.com\/wp-content\/uploads\/2025\/10\/Custom-Plastic-Handle-Flatware-Set-with-Elegant-Design-for-Modern-Dining-600x600.webp 600w, https:\/\/www.huashunware.com\/wp-content\/uploads\/2025\/10\/Custom-Plastic-Handle-Flatware-Set-with-Elegant-Design-for-Modern-Dining-100x100.webp 100w\" sizes=\"(max-width: 3072px) 100vw, 3072px\" \/><\/figure>\n<\/div>\n<\/div>","protected":false},"excerpt":{"rendered":"<p>Le service de couverts \u00e0 manche en plastique au design \u00e9l\u00e9gant pour les repas modernes offre une combinaison raffin\u00e9e de simplicit\u00e9 moderne et de durabilit\u00e9. Fabriqu\u00e9 en acier inoxydable 18\/0 de premi\u00e8re qualit\u00e9 avec un manche en plastique confortable, c'est un choix \u00e9l\u00e9gant et pratique pour les repas de tous les jours ou les environnements professionnels. Bienvenue chez nous\uff01<\/p>\n<h2 class=\"brxe-product-title\">Set de couverts \u00e0 manche en plastique personnalis\u00e9 Attributs :<\/h2>\n<table>\n<thead>\n<tr>\n<th>Ustensile<\/th>\n<th>Poids (g)<\/th>\n<th>Longueur (cm)<\/th>\n<th>Largeur (cm)<\/th>\n<th>\u00c9paisseur (mm)<\/th>\n<\/tr>\n<\/thead>\n<tbody>\n<tr>\n<td>Couteau<\/td>\n<td>38<\/td>\n<td>22.5<\/td>\n<td>1.8<\/td>\n<td>1.8<\/td>\n<\/tr>\n<tr>\n<td>Fourchette<\/td>\n<td>30<\/td>\n<td>21.5<\/td>\n<td>2.5<\/td>\n<td>1.8<\/td>\n<\/tr>\n<tr>\n<td>Cuill\u00e8re<\/td>\n<td>36.5<\/td>\n<td>20<\/td>\n<td>4.3<\/td>\n<td>1.8<\/td>\n<\/tr>\n<tr>\n<td>Cuill\u00e8re \u00e0 caf\u00e9<\/td>\n<td>19<\/td>\n<td>15.6<\/td>\n<td>3.2<\/td>\n<td>1.8<\/td>\n<\/tr>\n<\/tbody>\n<\/table>\n<h2>Set de couverts \u00e0 manche en plastique personnalis\u00e9\uff1a<\/h2>\n<ul>\n<li data-pm-slice=\"1 1 []\"><strong>\u00c9chantillon gratuit : <\/strong>Un \u00e9chantillon gratuit peut \u00eatre disponible avant de passer une commande en gros.<\/li>\n<li><strong>Emballage et personnalisation du logo :<\/strong> Nous pouvons apposer un logo personnalis\u00e9 sur l'emballage et utiliser diff\u00e9rentes options d'emballage, telles qu'une bo\u00eete en PET, une bo\u00eete en PVC ou une bo\u00eete cadeau.<\/li>\n<li><strong>Logo sur le m\u00e9tal et la poign\u00e9e :<\/strong> Accepte le logo laser et le logo grav\u00e9 sur le m\u00e9tal ; accepte le logo imprim\u00e9 sur la poign\u00e9e.<\/li>\n<li><strong>Options de finition et de couleur de la poign\u00e9e :<\/strong> Accepter le placage d'or ou changer la couleur de la poign\u00e9e selon les besoins<\/li>\n<\/ul>","protected":false},"featured_media":730,"comment_status":"closed","ping_status":"closed","template":"","meta":{"_acf_changed":true},"product_brand":[],"product_cat":[18,26],"product_tag":[],"class_list":{"0":"post-729","1":"product","2":"type-product","3":"status-publish","4":"has-post-thumbnail","6":"product_cat-cutlery-set-wholesale","7":"product_cat-plastic-handle-flatware-set","9":"first","10":"instock","11":"shipping-taxable","12":"product-type-simple"},"acf":[],"_links":{"self":[{"href":"https:\/\/www.huashunware.com\/fr\/wp-json\/wp\/v2\/product\/729","targetHints":{"allow":["GET"]}}],"collection":[{"href":"https:\/\/www.huashunware.com\/fr\/wp-json\/wp\/v2\/product"}],"about":[{"href":"https:\/\/www.huashunware.com\/fr\/wp-json\/wp\/v2\/types\/product"}],"replies":[{"embeddable":true,"href":"https:\/\/www.huashunware.com\/fr\/wp-json\/wp\/v2\/comments?post=729"}],"wp:featuredmedia":[{"embeddable":true,"href":"https:\/\/www.huashunware.com\/fr\/wp-json\/wp\/v2\/media\/730"}],"wp:attachment":[{"href":"https:\/\/www.huashunware.com\/fr\/wp-json\/wp\/v2\/media?parent=729"}],"wp:term":[{"taxonomy":"product_brand","embeddable":true,"href":"https:\/\/www.huashunware.com\/fr\/wp-json\/wp\/v2\/product_brand?post=729"},{"taxonomy":"product_cat","embeddable":true,"href":"https:\/\/www.huashunware.com\/fr\/wp-json\/wp\/v2\/product_cat?post=729"},{"taxonomy":"product_tag","embeddable":true,"href":"https:\/\/www.huashunware.com\/fr\/wp-json\/wp\/v2\/product_tag?post=729"}],"curies":[{"name":"wp","href":"https:\/\/api.w.org\/{rel}","templated":true}]}}