{"id":734,"date":"2025-10-09T09:09:43","date_gmt":"2025-10-09T09:00:22","guid":{"rendered":"https:\/\/www.huashunware.com\/?post_type=product&#038;p=734"},"modified":"2025-10-09T09:11:01","modified_gmt":"2025-10-09T09:11:01","slug":"wholesale-kids-dinnerware-sets-mushroom-kids-plate-set","status":"publish","type":"product","link":"https:\/\/www.huashunware.com\/fr\/produit\/wholesale-kids-dinnerware-sets-mushroom-kids-plate-set\/","title":{"rendered":"Wholesale Kids Dinnerware Sets Mushroom Kids Plate Set"},"content":{"rendered":"<div class=\"wp-block-columns is-layout-flex wp-container-core-columns-is-layout-9d6595d7 wp-block-columns-is-layout-flex\">\n<div class=\"wp-block-column is-layout-flow wp-block-column-is-layout-flow\">\n<h2 class=\"wp-block-heading\">Ensemble de vaisselle pour enfants en gros Caract\u00e9ristiques :<\/h2>\n\n\n\n<p><strong>Mat\u00e9riaux s\u00fbrs et non toxiques :<\/strong> Fabriqu\u00e9 en silicone alimentaire conforme aux normes am\u00e9ricaines, 100% est sans BPA, non toxique et doux pour une utilisation quotidienne par les enfants.<\/p>\n\n\n\n<p><strong>Ustensiles durables en acier inoxydable :<\/strong> La finition polie comme un miroir et les bords arrondis garantissent un contact doux et s\u00fbr avec les mains et la bouche des tout-petits.<\/p>\n\n\n\n<p><strong>Base d'aspiration forte :<\/strong> Se fixe fermement \u00e0 toute surface lisse pour \u00e9viter de glisser, de basculer ou de renverser accidentellement des aliments pendant les repas.<\/p>\n\n\n\n<p><strong>Adorable champignon :<\/strong> La forme mignonne et ludique du champignon attire l'attention des enfants et rend l'auto-alimentation amusante et agr\u00e9able.<\/p>\n\n\n\n<p><strong>Facile \u00e0 nettoyer et durable :<\/strong> R\u00e9sistant au lave-vaisselle et aux taches, il est con\u00e7u pour une utilisation quotidienne dans les foyers, les jardins d'enfants ou les restaurants.<\/p>\n<\/div>\n\n\n\n<div class=\"wp-block-column is-layout-flow wp-block-column-is-layout-flow\">\n<figure class=\"wp-block-image size-full\"><img decoding=\"async\" width=\"3072\" height=\"3072\" src=\"https:\/\/www.huashunware.com\/wp-content\/uploads\/2025\/10\/Wholesale-Kids-Dinnerware-Sets-Mushroom-Kids-Plate-Set1.webp\" alt=\"Wholesale Kids Dinnerware Sets Mushroom Kids Plate Set1\" class=\"wp-image-735\" srcset=\"https:\/\/www.huashunware.com\/wp-content\/uploads\/2025\/10\/Wholesale-Kids-Dinnerware-Sets-Mushroom-Kids-Plate-Set1.webp 3072w, https:\/\/www.huashunware.com\/wp-content\/uploads\/2025\/10\/Wholesale-Kids-Dinnerware-Sets-Mushroom-Kids-Plate-Set1-300x300.webp 300w, https:\/\/www.huashunware.com\/wp-content\/uploads\/2025\/10\/Wholesale-Kids-Dinnerware-Sets-Mushroom-Kids-Plate-Set1-150x150.webp 150w, https:\/\/www.huashunware.com\/wp-content\/uploads\/2025\/10\/Wholesale-Kids-Dinnerware-Sets-Mushroom-Kids-Plate-Set1-768x768.webp 768w, https:\/\/www.huashunware.com\/wp-content\/uploads\/2025\/10\/Wholesale-Kids-Dinnerware-Sets-Mushroom-Kids-Plate-Set1-12x12.webp 12w, https:\/\/www.huashunware.com\/wp-content\/uploads\/2025\/10\/Wholesale-Kids-Dinnerware-Sets-Mushroom-Kids-Plate-Set1-1200x1200.webp 1200w, https:\/\/www.huashunware.com\/wp-content\/uploads\/2025\/10\/Wholesale-Kids-Dinnerware-Sets-Mushroom-Kids-Plate-Set1-600x600.webp 600w, https:\/\/www.huashunware.com\/wp-content\/uploads\/2025\/10\/Wholesale-Kids-Dinnerware-Sets-Mushroom-Kids-Plate-Set1-100x100.webp 100w\" sizes=\"(max-width: 3072px) 100vw, 3072px\" \/><\/figure>\n<\/div>\n<\/div>","protected":false},"excerpt":{"rendered":"<p data-start=\"68\" data-end=\"340\">L'ensemble d'assiettes \u00e0 champignons pour enfants est s\u00fbr, durable et amusant pour les enfants. Fabriqu\u00e9 en silicone de qualit\u00e9 alimentaire et en acier inoxydable, il est sans BPA et non toxique. La base \u00e0 succion solide emp\u00eache les glissements et le design mignon du champignon rend l'heure du repas agr\u00e9able.<\/p>\n<h2 class=\"brxe-product-title\">Ensemble de vaisselle pour enfants en gros Attributs :<\/h2>\n<table>\n<thead>\n<tr>\n<th align=\"left\">Objet<\/th>\n<th align=\"left\">Taille (mm)<\/th>\n<th align=\"left\">Poids (g)<\/th>\n<\/tr>\n<\/thead>\n<tbody>\n<tr>\n<td align=\"left\">Bo\u00eete<\/td>\n<td align=\"left\">230 \u00d7 210 \u00d7 35<\/td>\n<td align=\"left\">390.7<\/td>\n<\/tr>\n<tr>\n<td align=\"left\">Assiette<\/td>\n<td align=\"left\">197 \u00d7 183 \u00d7 33<\/td>\n<td align=\"left\">229.4<\/td>\n<\/tr>\n<tr>\n<td align=\"left\">Fourchette<\/td>\n<td align=\"left\">108 \u00d7 36 \u00d7 21<\/td>\n<td align=\"left\">36.4<\/td>\n<\/tr>\n<tr>\n<td align=\"left\">Cuill\u00e8re<\/td>\n<td align=\"left\">108 \u00d7 36 \u00d7 21<\/td>\n<td align=\"left\">41.2<\/td>\n<\/tr>\n<\/tbody>\n<\/table>\n<p><strong data-start=\"296\" data-end=\"304\">MOQ :<\/strong> 96 pi\u00e8ces<\/p>\n<h2 class=\"brxe-product-title\">Vaisselle personnalis\u00e9e pour enfants :<\/h2>\n<ul>\n<li data-start=\"76\" data-end=\"143\">\n<p data-start=\"78\" data-end=\"143\"><strong data-start=\"78\" data-end=\"89\">\u00c9chantillon :<\/strong> \u00c9chantillon gratuit disponible pour test avant commande en gros<\/p>\n<\/li>\n<li data-start=\"144\" data-end=\"221\">\n<p data-start=\"146\" data-end=\"221\"><strong data-start=\"146\" data-end=\"173\">Petites commandes avec logo :<\/strong> Acceptation des commandes de petites quantit\u00e9s avec logo personnalis\u00e9<\/p>\n<\/li>\n<li data-start=\"222\" data-end=\"288\">\n<p data-start=\"224\" data-end=\"288\"><strong data-start=\"224\" data-end=\"242\">Livraison rapide :<\/strong> Les articles en stock peuvent \u00eatre exp\u00e9di\u00e9s dans les 7 jours.<\/p>\n<\/li>\n<li data-start=\"289\" data-end=\"401\">\n<p data-start=\"291\" data-end=\"401\"><strong data-start=\"291\" data-end=\"326\">Emballage et personnalisation du logo :<\/strong> Possibilit\u00e9 d'apposer un logo personnalis\u00e9 sur l'emballage ; choisir une bo\u00eete en PET, une bo\u00eete en PVC ou une bo\u00eete cadeau.<\/p>\n<\/li>\n<\/ul>","protected":false},"featured_media":737,"comment_status":"closed","ping_status":"closed","template":"","meta":{"_acf_changed":false},"product_brand":[],"product_cat":[19],"product_tag":[],"class_list":{"0":"post-734","1":"product","2":"type-product","3":"status-publish","4":"has-post-thumbnail","6":"product_cat-wholesale-kids-dinnerware","8":"first","9":"instock","10":"shipping-taxable","11":"product-type-simple"},"acf":[],"_links":{"self":[{"href":"https:\/\/www.huashunware.com\/fr\/wp-json\/wp\/v2\/product\/734","targetHints":{"allow":["GET"]}}],"collection":[{"href":"https:\/\/www.huashunware.com\/fr\/wp-json\/wp\/v2\/product"}],"about":[{"href":"https:\/\/www.huashunware.com\/fr\/wp-json\/wp\/v2\/types\/product"}],"replies":[{"embeddable":true,"href":"https:\/\/www.huashunware.com\/fr\/wp-json\/wp\/v2\/comments?post=734"}],"wp:featuredmedia":[{"embeddable":true,"href":"https:\/\/www.huashunware.com\/fr\/wp-json\/wp\/v2\/media\/737"}],"wp:attachment":[{"href":"https:\/\/www.huashunware.com\/fr\/wp-json\/wp\/v2\/media?parent=734"}],"wp:term":[{"taxonomy":"product_brand","embeddable":true,"href":"https:\/\/www.huashunware.com\/fr\/wp-json\/wp\/v2\/product_brand?post=734"},{"taxonomy":"product_cat","embeddable":true,"href":"https:\/\/www.huashunware.com\/fr\/wp-json\/wp\/v2\/product_cat?post=734"},{"taxonomy":"product_tag","embeddable":true,"href":"https:\/\/www.huashunware.com\/fr\/wp-json\/wp\/v2\/product_tag?post=734"}],"curies":[{"name":"wp","href":"https:\/\/api.w.org\/{rel}","templated":true}]}}