{"id":741,"date":"2025-10-09T09:22:10","date_gmt":"2025-10-09T09:13:34","guid":{"rendered":"https:\/\/www.huashunware.com\/?post_type=product&#038;p=741"},"modified":"2025-10-09T09:22:57","modified_gmt":"2025-10-09T09:22:57","slug":"bulk-kids-tableware-with-cute-penguin-design","status":"publish","type":"product","link":"https:\/\/www.huashunware.com\/fr\/produit\/bulk-kids-tableware-with-cute-penguin-design\/","title":{"rendered":"Vaisselle pour enfants en vrac avec motif de pingouin mignon"},"content":{"rendered":"<div class=\"wp-block-columns is-layout-flex wp-container-core-columns-is-layout-9d6595d7 wp-block-columns-is-layout-flex\">\n<div class=\"wp-block-column is-layout-flow wp-block-column-is-layout-flow\">\n<h2 class=\"wp-block-heading\">Vaisselle pour enfants en vrac Caract\u00e9ristiques :<\/h2>\n\n\n\n<p><strong>Silicone alimentaire de premi\u00e8re qualit\u00e9 :<\/strong> Fabriqu\u00e9 en silicone sans BPA, conforme aux normes am\u00e9ricaines, doux, inodore et respectueux des petites mains et des bouches.<\/p>\n\n\n\n<p><strong>Acier inoxydable adapt\u00e9 aux enfants :<\/strong> Les ustensiles en acier inoxydable lisse et poli sont con\u00e7us pour s'auto-alimenter en toute s\u00e9curit\u00e9 et pour une prise en main facile.<\/p>\n\n\n\n<p><strong>Base d'aspiration Stay-Put :<\/strong> Un fond \u00e0 succion puissant maintient l'assiette stable sur toute surface plane, r\u00e9duisant ainsi les d\u00e9versements et le d\u00e9sordre pendant les repas.<\/p>\n\n\n\n<p><strong>Pingouin joueur Apparence :<\/strong> La forme accrocheuse du pingouin fait de l'alimentation une exp\u00e9rience agr\u00e9able et engageante pour les enfants.<\/p>\n\n\n\n<p><strong>Pratique et durable :<\/strong> L\u00e9ger, durable et lavable au lave-vaisselle pour un nettoyage rapide. Parfait pour les familles, les \u00e9coles maternelles et les restaurants.<\/p>\n<\/div>\n\n\n\n<div class=\"wp-block-column is-layout-flow wp-block-column-is-layout-flow\">\n<figure class=\"wp-block-image size-full\"><img decoding=\"async\" width=\"3072\" height=\"3072\" src=\"https:\/\/www.huashunware.com\/wp-content\/uploads\/2025\/10\/Bulk-Kids-Tableware-with-Cute-Penguin-Design2.webp\" alt=\"Vaisselle en vrac pour enfants avec motif de pingouin mignon2\" class=\"wp-image-743\" srcset=\"https:\/\/www.huashunware.com\/wp-content\/uploads\/2025\/10\/Bulk-Kids-Tableware-with-Cute-Penguin-Design2.webp 3072w, https:\/\/www.huashunware.com\/wp-content\/uploads\/2025\/10\/Bulk-Kids-Tableware-with-Cute-Penguin-Design2-300x300.webp 300w, https:\/\/www.huashunware.com\/wp-content\/uploads\/2025\/10\/Bulk-Kids-Tableware-with-Cute-Penguin-Design2-150x150.webp 150w, https:\/\/www.huashunware.com\/wp-content\/uploads\/2025\/10\/Bulk-Kids-Tableware-with-Cute-Penguin-Design2-768x768.webp 768w, https:\/\/www.huashunware.com\/wp-content\/uploads\/2025\/10\/Bulk-Kids-Tableware-with-Cute-Penguin-Design2-12x12.webp 12w, https:\/\/www.huashunware.com\/wp-content\/uploads\/2025\/10\/Bulk-Kids-Tableware-with-Cute-Penguin-Design2-1200x1200.webp 1200w, https:\/\/www.huashunware.com\/wp-content\/uploads\/2025\/10\/Bulk-Kids-Tableware-with-Cute-Penguin-Design2-600x600.webp 600w, https:\/\/www.huashunware.com\/wp-content\/uploads\/2025\/10\/Bulk-Kids-Tableware-with-Cute-Penguin-Design2-100x100.webp 100w\" sizes=\"(max-width: 3072px) 100vw, 3072px\" \/><\/figure>\n<\/div>\n<\/div>","protected":false},"excerpt":{"rendered":"<p data-start=\"68\" data-end=\"340\">La vaisselle pour enfants en vrac au motif pingouin est s\u00fbre, sans BPA et non toxique. La base \u00e0 succion solide emp\u00eache les d\u00e9versements, et le design mignon des pingouins rend les repas amusants. Id\u00e9al pour les \u00e9coles, les restaurants ou les commandes en vrac.<\/p>\n<h2 class=\"brxe-product-title\">Ensemble de vaisselle pour enfants en gros Attributs :<\/h2>\n<table>\n<thead>\n<tr>\n<th align=\"left\">Objet<\/th>\n<th align=\"left\">Taille (mm)<\/th>\n<th align=\"left\">Poids (g)<\/th>\n<\/tr>\n<\/thead>\n<tbody>\n<tr>\n<td align=\"left\">Bo\u00eete<\/td>\n<td align=\"left\">228 \u00d7 192 \u00d7 35<\/td>\n<td align=\"left\">349<\/td>\n<\/tr>\n<tr>\n<td align=\"left\">Assiette<\/td>\n<td align=\"left\">200 \u00d7 165 \u00d7 28<\/td>\n<td align=\"left\">194<\/td>\n<\/tr>\n<tr>\n<td align=\"left\">Fourchette<\/td>\n<td align=\"left\">99 \u00d7 38 \u00d7 22<\/td>\n<td align=\"left\">36.2<\/td>\n<\/tr>\n<tr>\n<td align=\"left\">Cuill\u00e8re<\/td>\n<td align=\"left\">99 \u00d7 38 \u00d7 22<\/td>\n<td align=\"left\">39.3<\/td>\n<\/tr>\n<\/tbody>\n<\/table>\n<p><strong data-start=\"296\" data-end=\"304\">MOQ :<\/strong> 96 pi\u00e8ces<\/p>\n<h2 class=\"brxe-product-title\">Vaisselle personnalis\u00e9e pour enfants :<\/h2>\n<ul>\n<li data-start=\"76\" data-end=\"143\">\n<p data-start=\"78\" data-end=\"143\"><strong data-start=\"78\" data-end=\"89\">\u00c9chantillon :<\/strong> \u00c9chantillon gratuit disponible pour test avant commande en gros<\/p>\n<\/li>\n<li data-start=\"144\" data-end=\"221\">\n<p data-start=\"146\" data-end=\"221\"><strong data-start=\"146\" data-end=\"173\">Petites commandes avec logo :<\/strong> Acceptation des commandes de petites quantit\u00e9s avec logo personnalis\u00e9<\/p>\n<\/li>\n<li data-start=\"222\" data-end=\"288\">\n<p data-start=\"224\" data-end=\"288\"><strong data-start=\"224\" data-end=\"242\">Livraison rapide :<\/strong> Les articles en stock peuvent \u00eatre exp\u00e9di\u00e9s dans les 7 jours.<\/p>\n<\/li>\n<li data-start=\"289\" data-end=\"401\">\n<p data-start=\"291\" data-end=\"401\"><strong data-start=\"291\" data-end=\"326\">Emballage et personnalisation du logo :<\/strong> Possibilit\u00e9 d'apposer un logo personnalis\u00e9 sur l'emballage ; choisir une bo\u00eete en PET, une bo\u00eete en PVC ou une bo\u00eete cadeau.<\/p>\n<\/li>\n<\/ul>","protected":false},"featured_media":742,"comment_status":"closed","ping_status":"closed","template":"","meta":{"_acf_changed":false},"product_brand":[],"product_cat":[19],"product_tag":[],"class_list":{"0":"post-741","1":"product","2":"type-product","3":"status-publish","4":"has-post-thumbnail","6":"product_cat-wholesale-kids-dinnerware","8":"first","9":"instock","10":"shipping-taxable","11":"product-type-simple"},"acf":[],"_links":{"self":[{"href":"https:\/\/www.huashunware.com\/fr\/wp-json\/wp\/v2\/product\/741","targetHints":{"allow":["GET"]}}],"collection":[{"href":"https:\/\/www.huashunware.com\/fr\/wp-json\/wp\/v2\/product"}],"about":[{"href":"https:\/\/www.huashunware.com\/fr\/wp-json\/wp\/v2\/types\/product"}],"replies":[{"embeddable":true,"href":"https:\/\/www.huashunware.com\/fr\/wp-json\/wp\/v2\/comments?post=741"}],"wp:featuredmedia":[{"embeddable":true,"href":"https:\/\/www.huashunware.com\/fr\/wp-json\/wp\/v2\/media\/742"}],"wp:attachment":[{"href":"https:\/\/www.huashunware.com\/fr\/wp-json\/wp\/v2\/media?parent=741"}],"wp:term":[{"taxonomy":"product_brand","embeddable":true,"href":"https:\/\/www.huashunware.com\/fr\/wp-json\/wp\/v2\/product_brand?post=741"},{"taxonomy":"product_cat","embeddable":true,"href":"https:\/\/www.huashunware.com\/fr\/wp-json\/wp\/v2\/product_cat?post=741"},{"taxonomy":"product_tag","embeddable":true,"href":"https:\/\/www.huashunware.com\/fr\/wp-json\/wp\/v2\/product_tag?post=741"}],"curies":[{"name":"wp","href":"https:\/\/api.w.org\/{rel}","templated":true}]}}