{"id":747,"date":"2025-10-15T06:34:42","date_gmt":"2025-10-15T06:17:52","guid":{"rendered":"https:\/\/www.huashunware.com\/?post_type=product&#038;p=747"},"modified":"2026-02-05T02:43:50","modified_gmt":"2026-02-05T02:43:50","slug":"plastic-handle-flatware-set-in-bulk","status":"publish","type":"product","link":"https:\/\/www.huashunware.com\/fr\/produit\/plastic-handle-flatware-set-in-bulk\/","title":{"rendered":"Couverts \u00e0 manche en plastique en vrac Couverts jetables abordables et de haute qualit\u00e9"},"content":{"rendered":"<div class=\"wp-block-columns is-layout-flex wp-container-core-columns-is-layout-9d6595d7 wp-block-columns-is-layout-flex\">\n<div class=\"wp-block-column is-layout-flow wp-block-column-is-layout-flow\">\n<h2 class=\"wp-block-heading\">Ensemble de couverts \u00e0 manche en plastique en vrac Caract\u00e9ristiques :<\/h2>\n\n\n\n<p><strong>Forme \u00e9l\u00e9gante et styl\u00e9e <\/strong>\uff1a<br>Un design fin et moderne, \u00e0 la fois \u00e9l\u00e9gant et adaptable, parfait pour les d\u00eeners d\u00e9contract\u00e9s, les d\u00eeners formels ou les grands rassemblements, qui \u00e9voque une touche d'\u00e9l\u00e9gance dans n'importe quel environnement.<\/p>\n\n\n\n<p><strong>Acier inoxydable 18\/0 de haute qualit\u00e9 \uff1a<\/strong><br>Fabriqu\u00e9 en acier inoxydable de premi\u00e8re qualit\u00e9, conforme aux r\u00e9glementations strictes de l'UE et des \u00c9tats-Unis, il garantit la s\u00e9curit\u00e9, la long\u00e9vit\u00e9 et une finition brillante, r\u00e9sistante \u00e0 la rouille et \u00e0 la corrosion.<\/p>\n\n\n\n<p><strong>Construction durable \uff1a<\/strong><br>Une construction solide et durable permet \u00e0 ces couverts de servir lors d'utilisations fr\u00e9quentes ou d'\u00e9v\u00e9nements prolong\u00e9s sans se plier ni se casser, offrant ainsi une exp\u00e9rience gastronomique de qualit\u00e9 \u00e0 chaque fois.<\/p>\n\n\n\n<p><strong>Emballage en vrac facile \uff1a<\/strong><br>Conditionn\u00e9s en vrac, ils sont id\u00e9aux pour les restaurants, les traiteurs, les f\u00eates et les \u00e9v\u00e9nements o\u00f9 la qualit\u00e9 et la quantit\u00e9 sont essentielles.<\/p>\n\n\n\n<p><strong>Nettoyage facile et abordable <\/strong>\uff1a<br>Combine l'\u00e9l\u00e9gance de l'acier inoxydable et la commodit\u00e9 des couverts jetables, offrant un choix \u00e9conomique sans sacrifier le style ou la qualit\u00e9.<\/p>\n<\/div>\n\n\n\n<div class=\"wp-block-column is-layout-flow wp-block-column-is-layout-flow\">\n<figure class=\"wp-block-image size-full\"><img decoding=\"async\" width=\"3686\" height=\"3686\" src=\"https:\/\/www.huashunware.com\/wp-content\/uploads\/2025\/10\/Plastic-Handle-Flatware-Set-in-Bulk-Affordable-High-Quality-Disposable-Flatware1.webp\" alt=\"Couverts \u00e0 manche en plastique en vrac Couverts jetables abordables et de haute qualit\u00e91\" class=\"wp-image-1220\" srcset=\"https:\/\/www.huashunware.com\/wp-content\/uploads\/2025\/10\/Plastic-Handle-Flatware-Set-in-Bulk-Affordable-High-Quality-Disposable-Flatware1.webp 3686w, https:\/\/www.huashunware.com\/wp-content\/uploads\/2025\/10\/Plastic-Handle-Flatware-Set-in-Bulk-Affordable-High-Quality-Disposable-Flatware1-300x300.webp 300w, https:\/\/www.huashunware.com\/wp-content\/uploads\/2025\/10\/Plastic-Handle-Flatware-Set-in-Bulk-Affordable-High-Quality-Disposable-Flatware1-150x150.webp 150w, https:\/\/www.huashunware.com\/wp-content\/uploads\/2025\/10\/Plastic-Handle-Flatware-Set-in-Bulk-Affordable-High-Quality-Disposable-Flatware1-768x768.webp 768w, https:\/\/www.huashunware.com\/wp-content\/uploads\/2025\/10\/Plastic-Handle-Flatware-Set-in-Bulk-Affordable-High-Quality-Disposable-Flatware1-12x12.webp 12w, https:\/\/www.huashunware.com\/wp-content\/uploads\/2025\/10\/Plastic-Handle-Flatware-Set-in-Bulk-Affordable-High-Quality-Disposable-Flatware1-1200x1200.webp 1200w, https:\/\/www.huashunware.com\/wp-content\/uploads\/2025\/10\/Plastic-Handle-Flatware-Set-in-Bulk-Affordable-High-Quality-Disposable-Flatware1-600x600.webp 600w, https:\/\/www.huashunware.com\/wp-content\/uploads\/2025\/10\/Plastic-Handle-Flatware-Set-in-Bulk-Affordable-High-Quality-Disposable-Flatware1-100x100.webp 100w\" sizes=\"(max-width: 3686px) 100vw, 3686px\" \/><\/figure>\n\n\n\n<figure class=\"wp-block-image size-full\"><img decoding=\"async\" width=\"3072\" height=\"3072\" src=\"https:\/\/www.huashunware.com\/wp-content\/uploads\/2025\/10\/Plastic-Handle-Flatware-Set-in-Bulk2.webp\" alt=\"Couverts \u00e0 manche en plastique en vrac2\" class=\"wp-image-749\" srcset=\"https:\/\/www.huashunware.com\/wp-content\/uploads\/2025\/10\/Plastic-Handle-Flatware-Set-in-Bulk2.webp 3072w, https:\/\/www.huashunware.com\/wp-content\/uploads\/2025\/10\/Plastic-Handle-Flatware-Set-in-Bulk2-300x300.webp 300w, https:\/\/www.huashunware.com\/wp-content\/uploads\/2025\/10\/Plastic-Handle-Flatware-Set-in-Bulk2-150x150.webp 150w, https:\/\/www.huashunware.com\/wp-content\/uploads\/2025\/10\/Plastic-Handle-Flatware-Set-in-Bulk2-768x768.webp 768w, https:\/\/www.huashunware.com\/wp-content\/uploads\/2025\/10\/Plastic-Handle-Flatware-Set-in-Bulk2-12x12.webp 12w, https:\/\/www.huashunware.com\/wp-content\/uploads\/2025\/10\/Plastic-Handle-Flatware-Set-in-Bulk2-1200x1200.webp 1200w, https:\/\/www.huashunware.com\/wp-content\/uploads\/2025\/10\/Plastic-Handle-Flatware-Set-in-Bulk2-600x600.webp 600w, https:\/\/www.huashunware.com\/wp-content\/uploads\/2025\/10\/Plastic-Handle-Flatware-Set-in-Bulk2-100x100.webp 100w\" sizes=\"(max-width: 3072px) 100vw, 3072px\" \/><\/figure>\n<\/div>\n<\/div>","protected":false},"excerpt":{"rendered":"<p>Couverts \u00e0 manche en plastique en vrac, couverts jetables abordables et de haute qualit\u00e9 combinant un design \u00e9l\u00e9gant et fin avec un acier inoxydable 18\/0 durable qui r\u00e9pond aux normes de l'UE et des \u00c9tats-Unis. Parfaits pour les f\u00eates, la restauration ou l'usage quotidien, ils offrent \u00e0 la fois style, qualit\u00e9 et commodit\u00e9. Bienvenue chez nous\uff01<\/p>\n<h2 class=\"brxe-product-title\">Ensemble de couverts \u00e0 manche en plastique en vrac Attributs :<\/h2>\n<table>\n<thead>\n<tr>\n<th>Objet<\/th>\n<th>Poids<\/th>\n<th>Taille (cm)L*L<\/th>\n<\/tr>\n<\/thead>\n<tbody>\n<tr>\n<td>Couteau<\/td>\n<td>26.5 g<\/td>\n<td>22.5 \u00d7 2<\/td>\n<\/tr>\n<tr>\n<td>Fourchette<\/td>\n<td>26 g<\/td>\n<td>20 \u00d7 3<\/td>\n<\/tr>\n<tr>\n<td>Cuill\u00e8re<\/td>\n<td>33 g<\/td>\n<td>20 \u00d7 4<\/td>\n<\/tr>\n<tr>\n<td>Cuill\u00e8re \u00e0 caf\u00e9<\/td>\n<td>18.5 g<\/td>\n<td>14.5 \u00d7 2.5<\/td>\n<\/tr>\n<\/tbody>\n<\/table>\n<h2>Set de couverts \u00e0 manche en plastique personnalis\u00e9\uff1a<\/h2>\n<ul>\n<li data-start=\"43\" data-end=\"121\"><strong data-start=\"43\" data-end=\"59\">\u00c9chantillon gratuit :<\/strong> Un \u00e9chantillon gratuit peut \u00eatre disponible avant de passer une commande en gros.<\/li>\n<li data-start=\"123\" data-end=\"277\"><strong data-start=\"123\" data-end=\"158\">Emballage et personnalisation du logo :<\/strong> Nous pouvons apposer des logos personnalis\u00e9s sur l'emballage et proposons diff\u00e9rentes options d'emballage, telles qu'une bo\u00eete en PET, une bo\u00eete en PVC ou une bo\u00eete cadeau.<\/li>\n<li data-start=\"279\" data-end=\"386\"><strong data-start=\"279\" data-end=\"306\">Logo sur le m\u00e9tal et la poign\u00e9e :<\/strong> Nous acceptons les logos grav\u00e9s au laser ou sur le m\u00e9tal et les logos imprim\u00e9s sur la poign\u00e9e.<\/li>\n<li data-start=\"388\" data-end=\"485\"><strong data-start=\"388\" data-end=\"422\">Options de finition et de couleur de la poign\u00e9e :<\/strong> Accepte le placage en or ou des couleurs de poign\u00e9e personnalis\u00e9es selon les besoins.<\/li>\n<\/ul>","protected":false},"featured_media":748,"comment_status":"closed","ping_status":"closed","template":"","meta":{"_acf_changed":true},"product_brand":[],"product_cat":[18,26],"product_tag":[],"class_list":{"0":"post-747","1":"product","2":"type-product","3":"status-publish","4":"has-post-thumbnail","6":"product_cat-cutlery-set-wholesale","7":"product_cat-plastic-handle-flatware-set","9":"first","10":"instock","11":"shipping-taxable","12":"product-type-simple"},"acf":[],"_links":{"self":[{"href":"https:\/\/www.huashunware.com\/fr\/wp-json\/wp\/v2\/product\/747","targetHints":{"allow":["GET"]}}],"collection":[{"href":"https:\/\/www.huashunware.com\/fr\/wp-json\/wp\/v2\/product"}],"about":[{"href":"https:\/\/www.huashunware.com\/fr\/wp-json\/wp\/v2\/types\/product"}],"replies":[{"embeddable":true,"href":"https:\/\/www.huashunware.com\/fr\/wp-json\/wp\/v2\/comments?post=747"}],"wp:featuredmedia":[{"embeddable":true,"href":"https:\/\/www.huashunware.com\/fr\/wp-json\/wp\/v2\/media\/748"}],"wp:attachment":[{"href":"https:\/\/www.huashunware.com\/fr\/wp-json\/wp\/v2\/media?parent=747"}],"wp:term":[{"taxonomy":"product_brand","embeddable":true,"href":"https:\/\/www.huashunware.com\/fr\/wp-json\/wp\/v2\/product_brand?post=747"},{"taxonomy":"product_cat","embeddable":true,"href":"https:\/\/www.huashunware.com\/fr\/wp-json\/wp\/v2\/product_cat?post=747"},{"taxonomy":"product_tag","embeddable":true,"href":"https:\/\/www.huashunware.com\/fr\/wp-json\/wp\/v2\/product_tag?post=747"}],"curies":[{"name":"wp","href":"https:\/\/api.w.org\/{rel}","templated":true}]}}