{"id":752,"date":"2025-10-15T06:59:00","date_gmt":"2025-10-15T06:48:16","guid":{"rendered":"https:\/\/www.huashunware.com\/?post_type=product&#038;p=752"},"modified":"2026-02-05T02:39:06","modified_gmt":"2026-02-05T02:39:06","slug":"wholesale-stainless-steel-flatware-sets-with-clip-handle","status":"publish","type":"product","link":"https:\/\/www.huashunware.com\/fr\/produit\/wholesale-stainless-steel-flatware-sets-with-clip-handle\/","title":{"rendered":"Set de couverts en acier inoxydable avec manche \u00e0 pince (Wholesale)"},"content":{"rendered":"<div class=\"wp-block-columns is-layout-flex wp-container-core-columns-is-layout-9d6595d7 wp-block-columns-is-layout-flex\">\n<div class=\"wp-block-column is-layout-flow wp-block-column-is-layout-flow\">\n<h2 class=\"wp-block-heading\">Ensemble de couverts en acier inoxydable en gros Caract\u00e9ristiques :<\/h2>\n\n\n\n<p><strong>Conception innovante des trous de suspension<\/strong> Un trou de suspension fonctionnel se trouve \u00e0 l'extr\u00e9mit\u00e9 de chaque poign\u00e9e. Id\u00e9al pour un stockage organis\u00e9, un s\u00e9chage rapide et des pr\u00e9sentations cr\u00e9atives au d\u00e9tail.<\/p>\n\n\n\n<p><strong>Finition brillante et vibrante<\/strong> Les poign\u00e9es sont recouvertes d'un rev\u00eatement brillant de premi\u00e8re qualit\u00e9 qui offre une surface lisse et r\u00e9sistante aux taches, ainsi qu'une esth\u00e9tique moderne et soign\u00e9e.<\/p>\n\n\n\n<p><strong>Acier inoxydable 18\/0 Pr\u00e9cision<\/strong> Fabriqu\u00e9 en acier inoxydable 18\/0 de haute qualit\u00e9, l'ensemble est r\u00e9sistant \u00e0 la rouille, durable et d'un \u00e9clat brillant comme un miroir.<\/p>\n\n\n\n<p><strong>Coffret cadeau 24 pi\u00e8ces pr\u00eat \u00e0 l'emploi<\/strong> Pr\u00e9sent\u00e9 dans une vitrine professionnelle \"Set 24 Pezzi\", sp\u00e9cialement con\u00e7ue pour les cha\u00eenes de distribution europ\u00e9ennes et les exigences des supermarch\u00e9s en mati\u00e8re de pr\u00e9sentation.<\/p>\n\n\n\n<p><strong>Ergonomie de la prise en main<\/strong> La forme l\u00e9g\u00e8re et profil\u00e9e du manche est con\u00e7ue pour une sensation d'\u00e9quilibre, ce qui le rend id\u00e9al pour les repas familiaux de tous les jours et les services de restauration.<\/p>\n\n\n\n<p><strong>Solutions OEM\/ODM en usine directe<\/strong> Les couleurs des poign\u00e9es et les options de marquage par gravure laser sont enti\u00e8rement personnalisables, ce qui vous permet d'adapter les ensembles aux tendances de votre march\u00e9 local.<\/p>\n<\/div>\n\n\n\n<div class=\"wp-block-column is-vertically-aligned-center is-layout-flow wp-block-column-is-layout-flow\">\n<figure class=\"wp-block-image size-full is-resized\"><img decoding=\"async\" width=\"3686\" height=\"3686\" src=\"https:\/\/www.huashunware.com\/wp-content\/uploads\/2025\/10\/Wholesale-Stainless-Steel-Flatware-Sets-with-Clip-Handle-1.webp\" alt=\"Set de couverts en acier inoxydable avec manche \u00e0 pince (Wholesale)\" class=\"wp-image-1291\" style=\"width:261px;height:auto\" srcset=\"https:\/\/www.huashunware.com\/wp-content\/uploads\/2025\/10\/Wholesale-Stainless-Steel-Flatware-Sets-with-Clip-Handle-1.webp 3686w, https:\/\/www.huashunware.com\/wp-content\/uploads\/2025\/10\/Wholesale-Stainless-Steel-Flatware-Sets-with-Clip-Handle-1-300x300.webp 300w, https:\/\/www.huashunware.com\/wp-content\/uploads\/2025\/10\/Wholesale-Stainless-Steel-Flatware-Sets-with-Clip-Handle-1-150x150.webp 150w, https:\/\/www.huashunware.com\/wp-content\/uploads\/2025\/10\/Wholesale-Stainless-Steel-Flatware-Sets-with-Clip-Handle-1-768x768.webp 768w, https:\/\/www.huashunware.com\/wp-content\/uploads\/2025\/10\/Wholesale-Stainless-Steel-Flatware-Sets-with-Clip-Handle-1-12x12.webp 12w, https:\/\/www.huashunware.com\/wp-content\/uploads\/2025\/10\/Wholesale-Stainless-Steel-Flatware-Sets-with-Clip-Handle-1-1200x1200.webp 1200w, https:\/\/www.huashunware.com\/wp-content\/uploads\/2025\/10\/Wholesale-Stainless-Steel-Flatware-Sets-with-Clip-Handle-1-600x600.webp 600w, https:\/\/www.huashunware.com\/wp-content\/uploads\/2025\/10\/Wholesale-Stainless-Steel-Flatware-Sets-with-Clip-Handle-1-100x100.webp 100w\" sizes=\"(max-width: 3686px) 100vw, 3686px\" \/><\/figure>\n\n\n\n<figure class=\"wp-block-image size-full is-resized\"><img decoding=\"async\" width=\"3072\" height=\"3072\" src=\"https:\/\/www.huashunware.com\/wp-content\/uploads\/2025\/10\/Wholesale-Stainless-Steel-Flatware-Sets-with-Clip-Handle1.webp\" alt=\"Wholesale Stainless Steel Flatware Sets with Clip Handle1 (Ensemble de couverts en acier inoxydable avec poign\u00e9e \u00e0 clip)\" class=\"wp-image-753\" style=\"width:264px;height:auto\" srcset=\"https:\/\/www.huashunware.com\/wp-content\/uploads\/2025\/10\/Wholesale-Stainless-Steel-Flatware-Sets-with-Clip-Handle1.webp 3072w, https:\/\/www.huashunware.com\/wp-content\/uploads\/2025\/10\/Wholesale-Stainless-Steel-Flatware-Sets-with-Clip-Handle1-300x300.webp 300w, https:\/\/www.huashunware.com\/wp-content\/uploads\/2025\/10\/Wholesale-Stainless-Steel-Flatware-Sets-with-Clip-Handle1-150x150.webp 150w, https:\/\/www.huashunware.com\/wp-content\/uploads\/2025\/10\/Wholesale-Stainless-Steel-Flatware-Sets-with-Clip-Handle1-768x768.webp 768w, https:\/\/www.huashunware.com\/wp-content\/uploads\/2025\/10\/Wholesale-Stainless-Steel-Flatware-Sets-with-Clip-Handle1-12x12.webp 12w, https:\/\/www.huashunware.com\/wp-content\/uploads\/2025\/10\/Wholesale-Stainless-Steel-Flatware-Sets-with-Clip-Handle1-1200x1200.webp 1200w, https:\/\/www.huashunware.com\/wp-content\/uploads\/2025\/10\/Wholesale-Stainless-Steel-Flatware-Sets-with-Clip-Handle1-600x600.webp 600w, https:\/\/www.huashunware.com\/wp-content\/uploads\/2025\/10\/Wholesale-Stainless-Steel-Flatware-Sets-with-Clip-Handle1-100x100.webp 100w\" sizes=\"(max-width: 3072px) 100vw, 3072px\" \/><\/figure>\n<\/div>\n<\/div>","protected":false},"excerpt":{"rendered":"<p>Les sets de couverts en acier inoxydable avec poign\u00e9e \u00e0 clip combinent un design intemporel, une qualit\u00e9 sup\u00e9rieure et une grande flexibilit\u00e9. Parfait pour les ventes en ligne et locales, cet ensemble \u00e9l\u00e9gant offre une durabilit\u00e9 et un style durables.<\/p>\n<h2 class=\"brxe-product-title\">Ensemble de couverts en acier inoxydable en gros Attributs :<\/h2>\n<table>\n<thead>\n<tr>\n<th>Objet<\/th>\n<th>Poids<\/th>\n<th>Taille (cm) (L \u00d7 L)<\/th>\n<th>\u00c9paisseur<\/th>\n<\/tr>\n<\/thead>\n<tbody>\n<tr>\n<td>Couteau<\/td>\n<td>27 g<\/td>\n<td>22 \u00d7 1.4<\/td>\n<td>2 mm<\/td>\n<\/tr>\n<tr>\n<td>Fourchette<\/td>\n<td>30 g<\/td>\n<td>21.5 \u00d7 2.5<\/td>\n<td>2 mm<\/td>\n<\/tr>\n<tr>\n<td>Cuill\u00e8re<\/td>\n<td>36.5 g<\/td>\n<td>20.5 \u00d7 4.6<\/td>\n<td>2 mm<\/td>\n<\/tr>\n<tr>\n<td>Cuill\u00e8re \u00e0 caf\u00e9<\/td>\n<td>19 g<\/td>\n<td>14.5 \u00d7 3.2<\/td>\n<td>2 mm<\/td>\n<\/tr>\n<\/tbody>\n<\/table>\n<h2>Couverts en acier inoxydable personnalis\u00e9s\uff1a<\/h2>\n<ul>\n<li data-start=\"43\" data-end=\"121\"><strong data-start=\"43\" data-end=\"59\">\u00c9chantillon gratuit :<\/strong> Un \u00e9chantillon gratuit peut \u00eatre disponible avant de passer une commande en gros.<\/li>\n<li data-start=\"123\" data-end=\"277\"><strong data-start=\"123\" data-end=\"158\">Emballage et personnalisation du logo :<\/strong> Nous pouvons apposer des logos personnalis\u00e9s sur l'emballage et proposons diff\u00e9rentes options d'emballage, telles qu'une bo\u00eete en PET, une bo\u00eete en PVC ou une bo\u00eete cadeau.<\/li>\n<li data-start=\"279\" data-end=\"386\"><strong data-start=\"279\" data-end=\"306\">Logo sur le m\u00e9tal et la poign\u00e9e :<\/strong> Nous acceptons les logos grav\u00e9s au laser ou sur le m\u00e9tal et les logos imprim\u00e9s sur la poign\u00e9e.<\/li>\n<li data-start=\"388\" data-end=\"485\"><strong data-start=\"388\" data-end=\"422\">Options de finition et de couleur de la poign\u00e9e :<\/strong> Accepte le placage en or ou des couleurs de poign\u00e9e personnalis\u00e9es selon les besoins.<\/li>\n<\/ul>","protected":false},"featured_media":754,"comment_status":"closed","ping_status":"closed","template":"","meta":{"_acf_changed":false},"product_brand":[],"product_cat":[18,26],"product_tag":[],"class_list":{"0":"post-752","1":"product","2":"type-product","3":"status-publish","4":"has-post-thumbnail","6":"product_cat-cutlery-set-wholesale","7":"product_cat-plastic-handle-flatware-set","9":"first","10":"instock","11":"shipping-taxable","12":"product-type-simple"},"acf":[],"_links":{"self":[{"href":"https:\/\/www.huashunware.com\/fr\/wp-json\/wp\/v2\/product\/752","targetHints":{"allow":["GET"]}}],"collection":[{"href":"https:\/\/www.huashunware.com\/fr\/wp-json\/wp\/v2\/product"}],"about":[{"href":"https:\/\/www.huashunware.com\/fr\/wp-json\/wp\/v2\/types\/product"}],"replies":[{"embeddable":true,"href":"https:\/\/www.huashunware.com\/fr\/wp-json\/wp\/v2\/comments?post=752"}],"wp:featuredmedia":[{"embeddable":true,"href":"https:\/\/www.huashunware.com\/fr\/wp-json\/wp\/v2\/media\/754"}],"wp:attachment":[{"href":"https:\/\/www.huashunware.com\/fr\/wp-json\/wp\/v2\/media?parent=752"}],"wp:term":[{"taxonomy":"product_brand","embeddable":true,"href":"https:\/\/www.huashunware.com\/fr\/wp-json\/wp\/v2\/product_brand?post=752"},{"taxonomy":"product_cat","embeddable":true,"href":"https:\/\/www.huashunware.com\/fr\/wp-json\/wp\/v2\/product_cat?post=752"},{"taxonomy":"product_tag","embeddable":true,"href":"https:\/\/www.huashunware.com\/fr\/wp-json\/wp\/v2\/product_tag?post=752"}],"curies":[{"name":"wp","href":"https:\/\/api.w.org\/{rel}","templated":true}]}}