{"id":758,"date":"2025-10-15T07:32:00","date_gmt":"2025-10-15T07:20:48","guid":{"rendered":"https:\/\/www.huashunware.com\/?post_type=product&#038;p=758"},"modified":"2026-02-05T02:25:12","modified_gmt":"2026-02-05T02:25:12","slug":"wholesale-18-10-cutlery-set-stainless-steel-factory-price","status":"publish","type":"product","link":"https:\/\/www.huashunware.com\/fr\/produit\/wholesale-18-10-cutlery-set-stainless-steel-factory-price\/","title":{"rendered":"Wholesale 18\/0 Cutlery Set Stainless Steel Factory Price"},"content":{"rendered":"<div class=\"wp-block-columns is-layout-flex wp-container-core-columns-is-layout-9d6595d7 wp-block-columns-is-layout-flex\">\n<div class=\"wp-block-column is-layout-flow wp-block-column-is-layout-flow\">\n<h2 class=\"wp-block-heading\">Set de couverts en gros 18\/0 Caract\u00e9ristiques :<\/h2>\n\n\n\n<p><strong>Acier 18\/0 de qualit\u00e9 industrielle Coh\u00e9rence<\/strong> Fabriqu\u00e9 en acier inoxydable 18\/0 de premi\u00e8re qualit\u00e9, avec une \u00e9paisseur et un poids strictement contr\u00f4l\u00e9s (par exemple, une cuill\u00e8re de table de 2,0 mm\/26 g), ce qui garantit une qualit\u00e9 uniforme pour chaque envoi en vrac.<\/p>\n\n\n\n<p><strong>Esth\u00e9tique \"Soft-Touch\" mate et \u00e9l\u00e9gante<\/strong> Les poign\u00e9es sont dot\u00e9es d'une finition mate mauve sophistiqu\u00e9e, offrant un aspect contemporain \"doux au toucher\" qui \u00e9l\u00e8ve l'argenterie standard au rang de collection design haut de gamme.<\/p>\n\n\n\n<p><strong>Dents et lames en miroir con\u00e7ues avec pr\u00e9cision<\/strong> Au-del\u00e0 d'une simple brillance, nos t\u00eates polies miroir pr\u00e9sentent des dents de fourchettes m\u00e9ticuleusement arrondies et des bords de couteaux tranchants et dentel\u00e9s pour des performances de niveau professionnel.<\/p>\n\n\n\n<p><strong>Bo\u00eete compacte de 24 pi\u00e8ces \"pr\u00eates \u00e0 l'emploi<\/strong> Con\u00e7ue pour une efficacit\u00e9 maximale en rayon, la bo\u00eete de vente au d\u00e9tail de 24 pi\u00e8ces est dot\u00e9e d'une fen\u00eatre de visualisation extra-large, ce qui permet \u00e0 la finition haut de gamme du produit de se vendre d'elle-m\u00eame.<\/p>\n\n\n\n<p><strong>Collage de la poign\u00e9e r\u00e9sistant \u00e0 la chaleur<\/strong> Notre proc\u00e9d\u00e9 de collage sp\u00e9cialis\u00e9 garantit que les poign\u00e9es color\u00e9es restent solides comme le roc et r\u00e9sistent \u00e0 la d\u00e9coloration, m\u00eame lorsqu'elles sont soumises \u00e0 la vapeur \u00e0 haute temp\u00e9rature des lave-vaisselle commerciaux.<\/p>\n\n\n\n<p><strong>Capacit\u00e9 de production \u00e0 l'\u00e9chelle de l'usine OEM<\/strong> Tirez parti des lignes de production de Huashun pour une personnalisation totale : de la gravure au laser de votre logo sur l'acier 18\/0 \u00e0 la cr\u00e9ation de couleurs de manche sur mesure pour les promotions saisonni\u00e8res.<\/p>\n<\/div>\n\n\n\n<div class=\"wp-block-column is-vertically-aligned-center is-layout-flow wp-block-column-is-layout-flow\">\n<figure class=\"wp-block-image size-full is-resized\"><img decoding=\"async\" width=\"3686\" height=\"3686\" src=\"https:\/\/www.huashunware.com\/wp-content\/uploads\/2025\/10\/Wholesale-180-Cutlery-Set-Stainless-Steel-Factory-Price-1.webp\" alt=\"Wholesale 18:0 Cutlery Set Stainless Steel Factory Price\" class=\"wp-image-1288\" style=\"width:261px;height:auto\" srcset=\"https:\/\/www.huashunware.com\/wp-content\/uploads\/2025\/10\/Wholesale-180-Cutlery-Set-Stainless-Steel-Factory-Price-1.webp 3686w, https:\/\/www.huashunware.com\/wp-content\/uploads\/2025\/10\/Wholesale-180-Cutlery-Set-Stainless-Steel-Factory-Price-1-300x300.webp 300w, https:\/\/www.huashunware.com\/wp-content\/uploads\/2025\/10\/Wholesale-180-Cutlery-Set-Stainless-Steel-Factory-Price-1-150x150.webp 150w, https:\/\/www.huashunware.com\/wp-content\/uploads\/2025\/10\/Wholesale-180-Cutlery-Set-Stainless-Steel-Factory-Price-1-768x768.webp 768w, https:\/\/www.huashunware.com\/wp-content\/uploads\/2025\/10\/Wholesale-180-Cutlery-Set-Stainless-Steel-Factory-Price-1-12x12.webp 12w, https:\/\/www.huashunware.com\/wp-content\/uploads\/2025\/10\/Wholesale-180-Cutlery-Set-Stainless-Steel-Factory-Price-1-1200x1200.webp 1200w, https:\/\/www.huashunware.com\/wp-content\/uploads\/2025\/10\/Wholesale-180-Cutlery-Set-Stainless-Steel-Factory-Price-1-600x600.webp 600w, https:\/\/www.huashunware.com\/wp-content\/uploads\/2025\/10\/Wholesale-180-Cutlery-Set-Stainless-Steel-Factory-Price-1-100x100.webp 100w\" sizes=\"(max-width: 3686px) 100vw, 3686px\" \/><\/figure>\n\n\n\n<figure class=\"wp-block-image size-full is-resized\"><img decoding=\"async\" width=\"3072\" height=\"3072\" src=\"https:\/\/www.huashunware.com\/wp-content\/uploads\/2025\/10\/Wholesale-1810-Cutlery-Set3.webp\" alt=\"Wholesale 18\/0 Cutlery Set3\" class=\"wp-image-761\" style=\"width:264px;height:auto\" srcset=\"https:\/\/www.huashunware.com\/wp-content\/uploads\/2025\/10\/Wholesale-1810-Cutlery-Set3.webp 3072w, https:\/\/www.huashunware.com\/wp-content\/uploads\/2025\/10\/Wholesale-1810-Cutlery-Set3-300x300.webp 300w, https:\/\/www.huashunware.com\/wp-content\/uploads\/2025\/10\/Wholesale-1810-Cutlery-Set3-150x150.webp 150w, https:\/\/www.huashunware.com\/wp-content\/uploads\/2025\/10\/Wholesale-1810-Cutlery-Set3-768x768.webp 768w, https:\/\/www.huashunware.com\/wp-content\/uploads\/2025\/10\/Wholesale-1810-Cutlery-Set3-12x12.webp 12w, https:\/\/www.huashunware.com\/wp-content\/uploads\/2025\/10\/Wholesale-1810-Cutlery-Set3-1200x1200.webp 1200w, https:\/\/www.huashunware.com\/wp-content\/uploads\/2025\/10\/Wholesale-1810-Cutlery-Set3-600x600.webp 600w, https:\/\/www.huashunware.com\/wp-content\/uploads\/2025\/10\/Wholesale-1810-Cutlery-Set3-100x100.webp 100w\" sizes=\"(max-width: 3072px) 100vw, 3072px\" \/><\/figure>\n<\/div>\n<\/div>\n\n\n\n<p><\/p>","protected":false},"excerpt":{"rendered":"<p>L'ensemble de couverts 18\/0 en acier inoxydable prix d'usine offre une qualit\u00e9 durable, un design \u00e9l\u00e9gant et un rapport qualit\u00e9-prix imbattable. Avec un manche large et confortable et une fabrication en acier inoxydable de premi\u00e8re qualit\u00e9, il est parfait pour tout type de repas.<\/p>\n<h2>Set de couverts en gros 18\/0 Attributs :<\/h2>\n<table>\n<thead>\n<tr>\n<th>Objet<\/th>\n<th>Poids<\/th>\n<th>Taille (cm) (L \u00d7 L)<\/th>\n<th>\u00c9paisseur<\/th>\n<\/tr>\n<\/thead>\n<tbody>\n<tr>\n<td>Couteau<\/td>\n<td>25.5 g<\/td>\n<td>22 \u00d7 1.7<\/td>\n<td>2 mm<\/td>\n<\/tr>\n<tr>\n<td>Fourchette<\/td>\n<td>26.5 g<\/td>\n<td>19.5 \u00d7 2.4<\/td>\n<td>2 mm<\/td>\n<\/tr>\n<tr>\n<td>Cuill\u00e8re<\/td>\n<td>35 g<\/td>\n<td>20 \u00d7 4<\/td>\n<td>2 mm<\/td>\n<\/tr>\n<tr>\n<td>Cuill\u00e8re \u00e0 caf\u00e9<\/td>\n<td>-<\/td>\n<td>14 \u00d7 2.3<\/td>\n<td>2 mm<\/td>\n<\/tr>\n<\/tbody>\n<\/table>\n<h2>Set de couverts 18\/0 personnalis\u00e9\uff1a<\/h2>\n<ul>\n<li data-start=\"43\" data-end=\"121\"><strong data-start=\"43\" data-end=\"59\">\u00c9chantillon gratuit :<\/strong> Un \u00e9chantillon gratuit peut \u00eatre disponible avant de passer une commande en gros.<\/li>\n<li data-start=\"123\" data-end=\"277\"><strong data-start=\"123\" data-end=\"158\">Emballage et personnalisation du logo :<\/strong> Nous pouvons apposer des logos personnalis\u00e9s sur l'emballage et proposons diff\u00e9rentes options d'emballage, telles qu'une bo\u00eete en PET, une bo\u00eete en PVC ou une bo\u00eete cadeau.<\/li>\n<li data-start=\"279\" data-end=\"386\"><strong data-start=\"279\" data-end=\"306\">Logo sur le m\u00e9tal et la poign\u00e9e :<\/strong> Nous acceptons les logos grav\u00e9s au laser ou sur le m\u00e9tal et les logos imprim\u00e9s sur la poign\u00e9e.<\/li>\n<li data-start=\"388\" data-end=\"485\"><strong data-start=\"388\" data-end=\"422\">Options de finition et de couleur de la poign\u00e9e :<\/strong> Accepte le placage en or ou des couleurs de poign\u00e9e personnalis\u00e9es selon les besoins.<\/li>\n<\/ul>","protected":false},"featured_media":759,"comment_status":"closed","ping_status":"closed","template":"","meta":{"_acf_changed":true},"product_brand":[],"product_cat":[18,26],"product_tag":[],"class_list":{"0":"post-758","1":"product","2":"type-product","3":"status-publish","4":"has-post-thumbnail","6":"product_cat-cutlery-set-wholesale","7":"product_cat-plastic-handle-flatware-set","9":"first","10":"instock","11":"shipping-taxable","12":"product-type-simple"},"acf":[],"_links":{"self":[{"href":"https:\/\/www.huashunware.com\/fr\/wp-json\/wp\/v2\/product\/758","targetHints":{"allow":["GET"]}}],"collection":[{"href":"https:\/\/www.huashunware.com\/fr\/wp-json\/wp\/v2\/product"}],"about":[{"href":"https:\/\/www.huashunware.com\/fr\/wp-json\/wp\/v2\/types\/product"}],"replies":[{"embeddable":true,"href":"https:\/\/www.huashunware.com\/fr\/wp-json\/wp\/v2\/comments?post=758"}],"wp:featuredmedia":[{"embeddable":true,"href":"https:\/\/www.huashunware.com\/fr\/wp-json\/wp\/v2\/media\/759"}],"wp:attachment":[{"href":"https:\/\/www.huashunware.com\/fr\/wp-json\/wp\/v2\/media?parent=758"}],"wp:term":[{"taxonomy":"product_brand","embeddable":true,"href":"https:\/\/www.huashunware.com\/fr\/wp-json\/wp\/v2\/product_brand?post=758"},{"taxonomy":"product_cat","embeddable":true,"href":"https:\/\/www.huashunware.com\/fr\/wp-json\/wp\/v2\/product_cat?post=758"},{"taxonomy":"product_tag","embeddable":true,"href":"https:\/\/www.huashunware.com\/fr\/wp-json\/wp\/v2\/product_tag?post=758"}],"curies":[{"name":"wp","href":"https:\/\/api.w.org\/{rel}","templated":true}]}}