{"id":766,"date":"2025-10-15T08:24:54","date_gmt":"2025-10-15T08:14:16","guid":{"rendered":"https:\/\/www.huashunware.com\/?post_type=product&#038;p=766"},"modified":"2026-02-05T02:13:42","modified_gmt":"2026-02-05T02:13:42","slug":"wholesale-cutlery-set-stainless-steel-portuguese-flatware","status":"publish","type":"product","link":"https:\/\/www.huashunware.com\/fr\/produit\/wholesale-cutlery-set-stainless-steel-portuguese-flatware\/","title":{"rendered":"Wholesale Cutlery Set Manufacturer | Huashun 24pc Flatware"},"content":{"rendered":"<div class=\"wp-block-columns is-layout-flex wp-container-core-columns-is-layout-9d6595d7 wp-block-columns-is-layout-flex\">\n<div class=\"wp-block-column is-layout-flow wp-block-column-is-layout-flow\">\n<h2 class=\"wp-block-heading\">Set de couverts en gros Caract\u00e9ristiques :<\/h2>\n\n\n\n<p><strong>Acier inoxydable 18\/0 de premi\u00e8re qualit\u00e9<\/strong> Fabriqu\u00e9 en acier inoxydable 18\/0 de haute qualit\u00e9, cet ensemble de couverts est r\u00e9sistant \u00e0 la rouille, durable et enti\u00e8rement conforme aux normes internationales de s\u00e9curit\u00e9 alimentaire.<\/p>\n\n\n\n<p><strong>Poign\u00e9es personnalis\u00e9es modernes et mates<\/strong> pr\u00e9sentent une finition mate chic dans des couleurs vibrantes (comme l'\u00e9l\u00e9gant violet illustr\u00e9), offrant une prise en main confortable et antid\u00e9rapante pour un usage domestique ou commercial.<\/p>\n\n\n\n<p><strong>Polissage miroir haute brillance<\/strong> Les t\u00eates sont polies avec pr\u00e9cision pour obtenir une finition miroir brillante, garantissant des bords arrondis et lisses pour une exp\u00e9rience culinaire s\u00fbre et haut de gamme.<\/p>\n\n\n\n<p><strong>Bo\u00eete cadeau de 24 pi\u00e8ces pr\u00eate pour la vente au d\u00e9tail<\/strong> Chaque <strong>Set de couverts en gros<\/strong> est pr\u00e9sent\u00e9 dans une bo\u00eete professionnelle de 24 pi\u00e8ces, optimis\u00e9e pour l'attrait des rayons et la facilit\u00e9 de transport.<\/p>\n\n\n\n<p><strong>Durable et lavable au lave-vaisselle<\/strong> Con\u00e7ues pour r\u00e9sister \u00e0 un usage quotidien intensif, les poign\u00e9es restent bien fix\u00e9es et la finition reste polie m\u00eame apr\u00e8s un lavage en machine \u00e0 haute temp\u00e9rature.<\/p>\n\n\n\n<p><strong>Solutions compl\u00e8tes d'OEM et de personnalisation<\/strong> Nous proposons des couleurs Pantone personnalis\u00e9es, des logos grav\u00e9s au laser et des emballages sur mesure pour vous aider \u00e0 cr\u00e9er une marque unique sur votre march\u00e9 local.<\/p>\n<\/div>\n\n\n\n<div class=\"wp-block-column is-vertically-aligned-center is-layout-flow wp-block-column-is-layout-flow\">\n<figure class=\"wp-block-image size-full is-resized\"><img decoding=\"async\" width=\"1536\" height=\"1536\" src=\"https:\/\/www.huashunware.com\/wp-content\/uploads\/2025\/10\/Wholesale-Cutlery-Set-Stainless-Steel-Gold-Cutlery-Wholesale1.webp\" alt=\"Wholesale Cutlery Set Stainless Steel Gold Cutlery Wholesale1\" class=\"wp-image-1212\" style=\"width:261px;height:auto\" srcset=\"https:\/\/www.huashunware.com\/wp-content\/uploads\/2025\/10\/Wholesale-Cutlery-Set-Stainless-Steel-Gold-Cutlery-Wholesale1.webp 1536w, https:\/\/www.huashunware.com\/wp-content\/uploads\/2025\/10\/Wholesale-Cutlery-Set-Stainless-Steel-Gold-Cutlery-Wholesale1-300x300.webp 300w, https:\/\/www.huashunware.com\/wp-content\/uploads\/2025\/10\/Wholesale-Cutlery-Set-Stainless-Steel-Gold-Cutlery-Wholesale1-150x150.webp 150w, https:\/\/www.huashunware.com\/wp-content\/uploads\/2025\/10\/Wholesale-Cutlery-Set-Stainless-Steel-Gold-Cutlery-Wholesale1-768x768.webp 768w, https:\/\/www.huashunware.com\/wp-content\/uploads\/2025\/10\/Wholesale-Cutlery-Set-Stainless-Steel-Gold-Cutlery-Wholesale1-12x12.webp 12w, https:\/\/www.huashunware.com\/wp-content\/uploads\/2025\/10\/Wholesale-Cutlery-Set-Stainless-Steel-Gold-Cutlery-Wholesale1-1200x1200.webp 1200w, https:\/\/www.huashunware.com\/wp-content\/uploads\/2025\/10\/Wholesale-Cutlery-Set-Stainless-Steel-Gold-Cutlery-Wholesale1-600x600.webp 600w, https:\/\/www.huashunware.com\/wp-content\/uploads\/2025\/10\/Wholesale-Cutlery-Set-Stainless-Steel-Gold-Cutlery-Wholesale1-100x100.webp 100w\" sizes=\"(max-width: 1536px) 100vw, 1536px\" \/><\/figure>\n\n\n\n<figure class=\"wp-block-image size-full is-resized\"><img decoding=\"async\" width=\"3072\" height=\"3072\" src=\"https:\/\/www.huashunware.com\/wp-content\/uploads\/2025\/10\/Wholesale-Cutlery-Set-Stainless-Steel-Portuguese-Flatware2.webp\" alt=\"Wholesale Cutlery Set Stainless Steel Portuguese Flatware2\" class=\"wp-image-768\" style=\"width:264px;height:auto\" srcset=\"https:\/\/www.huashunware.com\/wp-content\/uploads\/2025\/10\/Wholesale-Cutlery-Set-Stainless-Steel-Portuguese-Flatware2.webp 3072w, https:\/\/www.huashunware.com\/wp-content\/uploads\/2025\/10\/Wholesale-Cutlery-Set-Stainless-Steel-Portuguese-Flatware2-300x300.webp 300w, https:\/\/www.huashunware.com\/wp-content\/uploads\/2025\/10\/Wholesale-Cutlery-Set-Stainless-Steel-Portuguese-Flatware2-150x150.webp 150w, https:\/\/www.huashunware.com\/wp-content\/uploads\/2025\/10\/Wholesale-Cutlery-Set-Stainless-Steel-Portuguese-Flatware2-768x768.webp 768w, https:\/\/www.huashunware.com\/wp-content\/uploads\/2025\/10\/Wholesale-Cutlery-Set-Stainless-Steel-Portuguese-Flatware2-12x12.webp 12w, https:\/\/www.huashunware.com\/wp-content\/uploads\/2025\/10\/Wholesale-Cutlery-Set-Stainless-Steel-Portuguese-Flatware2-1200x1200.webp 1200w, https:\/\/www.huashunware.com\/wp-content\/uploads\/2025\/10\/Wholesale-Cutlery-Set-Stainless-Steel-Portuguese-Flatware2-600x600.webp 600w, https:\/\/www.huashunware.com\/wp-content\/uploads\/2025\/10\/Wholesale-Cutlery-Set-Stainless-Steel-Portuguese-Flatware2-100x100.webp 100w\" sizes=\"(max-width: 3072px) 100vw, 3072px\" \/><\/figure>\n<\/div>\n<\/div>","protected":false},"excerpt":{"rendered":"<p>Set de couverts en gros en acier inoxydable Les couverts portugais pr\u00e9sentent un design intemporel qui est l'un des favoris du march\u00e9 depuis plus de cinq ans. Fabriqu\u00e9s en acier inoxydable durable avec une finition polie, ils offrent \u00e9l\u00e9gance, confort et qualit\u00e9 durable - un excellent choix pour la distribution en gros ou au d\u00e9tail.<\/p>\n<h2>Set de couverts en gros Attributs :<\/h2>\n<table>\n<thead>\n<tr>\n<th>Objet<\/th>\n<th>Poids<\/th>\n<th>Taille (cm) (L \u00d7 L)<\/th>\n<\/tr>\n<\/thead>\n<tbody>\n<tr>\n<td>Couteau<\/td>\n<td>40 g<\/td>\n<td>22 \u00d7 1.5<\/td>\n<\/tr>\n<tr>\n<td>Cuill\u00e8re<\/td>\n<td>44 g<\/td>\n<td>21 \u00d7 5<\/td>\n<\/tr>\n<tr>\n<td>Fourchette<\/td>\n<td>32 g<\/td>\n<td>21.5 \u00d7 2.6<\/td>\n<\/tr>\n<tr>\n<td>Cuill\u00e8re \u00e0 caf\u00e9<\/td>\n<td>15 g<\/td>\n<td>13 \u00d7 3<\/td>\n<\/tr>\n<\/tbody>\n<\/table>\n<h2>Set de couverts personnalis\u00e9\uff1a<\/h2>\n<ul>\n<li><strong data-start=\"40\" data-end=\"56\">\u00c9chantillon gratuit :<\/strong> Un \u00e9chantillon gratuit peut \u00eatre disponible.<\/li>\n<li><strong data-start=\"91\" data-end=\"126\">Emballage et personnalisation du logo :<\/strong> Nous acceptons les logos personnalis\u00e9s sur l'emballage et proposons diff\u00e9rentes options d'emballage, telles qu'une bo\u00eete en PET, une bo\u00eete en PVC ou une bo\u00eete cadeau.<\/li>\n<li><strong data-start=\"246\" data-end=\"266\" data-is-only-node=\"\">Logo sur le produit :<\/strong> Accepte les logos laser ou grav\u00e9s.<\/li>\n<\/ul>","protected":false},"featured_media":881,"comment_status":"closed","ping_status":"closed","template":"","meta":{"_acf_changed":true},"product_brand":[],"product_cat":[18,27],"product_tag":[],"class_list":{"0":"post-766","1":"product","2":"type-product","3":"status-publish","4":"has-post-thumbnail","6":"product_cat-cutlery-set-wholesale","7":"product_cat-stainless-steel-flatware-set","9":"first","10":"instock","11":"shipping-taxable","12":"product-type-simple"},"acf":[],"_links":{"self":[{"href":"https:\/\/www.huashunware.com\/fr\/wp-json\/wp\/v2\/product\/766","targetHints":{"allow":["GET"]}}],"collection":[{"href":"https:\/\/www.huashunware.com\/fr\/wp-json\/wp\/v2\/product"}],"about":[{"href":"https:\/\/www.huashunware.com\/fr\/wp-json\/wp\/v2\/types\/product"}],"replies":[{"embeddable":true,"href":"https:\/\/www.huashunware.com\/fr\/wp-json\/wp\/v2\/comments?post=766"}],"wp:featuredmedia":[{"embeddable":true,"href":"https:\/\/www.huashunware.com\/fr\/wp-json\/wp\/v2\/media\/881"}],"wp:attachment":[{"href":"https:\/\/www.huashunware.com\/fr\/wp-json\/wp\/v2\/media?parent=766"}],"wp:term":[{"taxonomy":"product_brand","embeddable":true,"href":"https:\/\/www.huashunware.com\/fr\/wp-json\/wp\/v2\/product_brand?post=766"},{"taxonomy":"product_cat","embeddable":true,"href":"https:\/\/www.huashunware.com\/fr\/wp-json\/wp\/v2\/product_cat?post=766"},{"taxonomy":"product_tag","embeddable":true,"href":"https:\/\/www.huashunware.com\/fr\/wp-json\/wp\/v2\/product_tag?post=766"}],"curies":[{"name":"wp","href":"https:\/\/api.w.org\/{rel}","templated":true}]}}