{"id":771,"date":"2025-10-15T09:06:35","date_gmt":"2025-10-15T08:55:11","guid":{"rendered":"https:\/\/www.huashunware.com\/?post_type=product&#038;p=771"},"modified":"2026-02-04T02:39:57","modified_gmt":"2026-02-04T02:39:57","slug":"wholesale-quality-flatware-wooden-grain-flatware-set-custom","status":"publish","type":"product","link":"https:\/\/www.huashunware.com\/fr\/produit\/wholesale-quality-flatware-wooden-grain-flatware-set-custom\/","title":{"rendered":"Couverts de qualit\u00e9 en gros, couverts en bois personnalis\u00e9s"},"content":{"rendered":"<div class=\"wp-block-columns is-layout-flex wp-container-core-columns-is-layout-9d6595d7 wp-block-columns-is-layout-flex\">\n<div class=\"wp-block-column is-layout-flow wp-block-column-is-layout-flow\">\n<h2 class=\"wp-block-heading\">Couverts de qualit\u00e9 en gros Caract\u00e9ristiques :<\/h2>\n\n\n\n<p><strong>Construction en acier inoxydable raffin\u00e9<\/strong> Fabriqu\u00e9 en acier inoxydable de premi\u00e8re qualit\u00e9, cet ensemble offre un m\u00e9lange parfait de solidit\u00e9 et de r\u00e9sistance \u00e0 la rouille, id\u00e9al pour les applications domestiques et commerciales.<\/p>\n\n\n\n<p><strong>Poign\u00e9es personnalis\u00e9es modernes et mates<\/strong> pr\u00e9sentent une finition mate chic dans des couleurs personnalis\u00e9es vibrantes avec un toucher confortable et lisse, ajoutant de la sophistication \u00e0 tout d\u00e9cor de table.<\/p>\n\n\n\n<p><strong>Surface polie miroir haute brillance<\/strong> Les t\u00eates sont polies avec pr\u00e9cision pour obtenir une finition miroir brillante, garantissant des bords de s\u00e9curit\u00e9 arrondis et une exp\u00e9rience gastronomique haut de gamme.<\/p>\n\n\n\n<p><strong>Durable et lavable au lave-vaisselle<\/strong> Con\u00e7us pour r\u00e9sister \u00e0 un usage quotidien intensif, nos couverts conservent leur couleur vibrante et leur \u00e9clat poli m\u00eame apr\u00e8s un lavage en machine.<\/p>\n\n\n\n<p><strong>Solutions compl\u00e8tes d'OEM et de marquage<\/strong> Nous proposons une personnalisation compl\u00e8te, y compris des logos grav\u00e9s au laser, des couleurs de poign\u00e9e Pantone personnalis\u00e9es et un emballage sur mesure pour rehausser votre marque.<\/p>\n<\/div>\n\n\n\n<div class=\"wp-block-column is-layout-flow wp-block-column-is-layout-flow\">\n<figure class=\"wp-block-image size-full\"><img decoding=\"async\" width=\"3686\" height=\"3686\" src=\"https:\/\/www.huashunware.com\/wp-content\/uploads\/2025\/10\/Wholesale-Quality-Flatware-Wooden-Grain-Flatware-Set-Custom-1.webp\" alt=\"Couverts de qualit\u00e9 en gros, couverts en bois personnalis\u00e9s\" class=\"wp-image-1280\" srcset=\"https:\/\/www.huashunware.com\/wp-content\/uploads\/2025\/10\/Wholesale-Quality-Flatware-Wooden-Grain-Flatware-Set-Custom-1.webp 3686w, https:\/\/www.huashunware.com\/wp-content\/uploads\/2025\/10\/Wholesale-Quality-Flatware-Wooden-Grain-Flatware-Set-Custom-1-300x300.webp 300w, https:\/\/www.huashunware.com\/wp-content\/uploads\/2025\/10\/Wholesale-Quality-Flatware-Wooden-Grain-Flatware-Set-Custom-1-150x150.webp 150w, https:\/\/www.huashunware.com\/wp-content\/uploads\/2025\/10\/Wholesale-Quality-Flatware-Wooden-Grain-Flatware-Set-Custom-1-768x768.webp 768w, https:\/\/www.huashunware.com\/wp-content\/uploads\/2025\/10\/Wholesale-Quality-Flatware-Wooden-Grain-Flatware-Set-Custom-1-12x12.webp 12w, https:\/\/www.huashunware.com\/wp-content\/uploads\/2025\/10\/Wholesale-Quality-Flatware-Wooden-Grain-Flatware-Set-Custom-1-1200x1200.webp 1200w, https:\/\/www.huashunware.com\/wp-content\/uploads\/2025\/10\/Wholesale-Quality-Flatware-Wooden-Grain-Flatware-Set-Custom-1-600x600.webp 600w, https:\/\/www.huashunware.com\/wp-content\/uploads\/2025\/10\/Wholesale-Quality-Flatware-Wooden-Grain-Flatware-Set-Custom-1-100x100.webp 100w\" sizes=\"(max-width: 3686px) 100vw, 3686px\" \/><\/figure>\n\n\n\n<figure class=\"wp-block-image size-full\"><img decoding=\"async\" width=\"3072\" height=\"3072\" src=\"https:\/\/www.huashunware.com\/wp-content\/uploads\/2025\/10\/Wholesale-Quality-Flatware-Wooden-Grain-Flatware-Set-Custom4.webp\" alt=\"Couverts de qualit\u00e9 en gros, couverts en bois Custom4\" class=\"wp-image-775\" srcset=\"https:\/\/www.huashunware.com\/wp-content\/uploads\/2025\/10\/Wholesale-Quality-Flatware-Wooden-Grain-Flatware-Set-Custom4.webp 3072w, https:\/\/www.huashunware.com\/wp-content\/uploads\/2025\/10\/Wholesale-Quality-Flatware-Wooden-Grain-Flatware-Set-Custom4-300x300.webp 300w, https:\/\/www.huashunware.com\/wp-content\/uploads\/2025\/10\/Wholesale-Quality-Flatware-Wooden-Grain-Flatware-Set-Custom4-150x150.webp 150w, https:\/\/www.huashunware.com\/wp-content\/uploads\/2025\/10\/Wholesale-Quality-Flatware-Wooden-Grain-Flatware-Set-Custom4-768x768.webp 768w, https:\/\/www.huashunware.com\/wp-content\/uploads\/2025\/10\/Wholesale-Quality-Flatware-Wooden-Grain-Flatware-Set-Custom4-12x12.webp 12w, https:\/\/www.huashunware.com\/wp-content\/uploads\/2025\/10\/Wholesale-Quality-Flatware-Wooden-Grain-Flatware-Set-Custom4-1200x1200.webp 1200w, https:\/\/www.huashunware.com\/wp-content\/uploads\/2025\/10\/Wholesale-Quality-Flatware-Wooden-Grain-Flatware-Set-Custom4-600x600.webp 600w, https:\/\/www.huashunware.com\/wp-content\/uploads\/2025\/10\/Wholesale-Quality-Flatware-Wooden-Grain-Flatware-Set-Custom4-100x100.webp 100w\" sizes=\"(max-width: 3072px) 100vw, 3072px\" \/><\/figure>\n<\/div>\n<\/div>","protected":false},"excerpt":{"rendered":"<p>Couverts de qualit\u00e9 en gros, service de couverts en bois personnalis\u00e9 - \u00c9l\u00e9gant, durable et confortable, ce service de couverts en bois allie l'\u00e9l\u00e9gance \u00e0 la praticit\u00e9 pour les repas de tous les jours.<\/p>\n<h2>Couverts de qualit\u00e9 en gros Attributs :<\/h2>\n<table>\n<thead>\n<tr>\n<th>Objet<\/th>\n<th>Poids<\/th>\n<th>Longueur (cm)<\/th>\n<th>Largeur (cm)<\/th>\n<th>\u00c9paisseur (mm)<\/th>\n<\/tr>\n<\/thead>\n<tbody>\n<tr>\n<td>Couteau<\/td>\n<td>36 g<\/td>\n<td>22<\/td>\n<td>1.7<\/td>\n<td>1.5<\/td>\n<\/tr>\n<tr>\n<td>Fourchette<\/td>\n<td>33 g<\/td>\n<td>20.5<\/td>\n<td>2.4<\/td>\n<td>1.5<\/td>\n<\/tr>\n<tr>\n<td>Cuill\u00e8re<\/td>\n<td>39 g<\/td>\n<td>20.5<\/td>\n<td>4<\/td>\n<td>1.5<\/td>\n<\/tr>\n<tr>\n<td>Cuill\u00e8re \u00e0 caf\u00e9<\/td>\n<td>32.5 g<\/td>\n<td>16<\/td>\n<td>3<\/td>\n<td>1.5<\/td>\n<\/tr>\n<\/tbody>\n<\/table>\n<h2>Couverts personnalis\u00e9s \uff1a<\/h2>\n<ul>\n<li><strong data-start=\"30\" data-end=\"46\">\u00c9chantillon gratuit :<\/strong> Un \u00e9chantillon gratuit peut \u00eatre disponible.<\/li>\n<li><strong data-start=\"81\" data-end=\"116\">Emballage et personnalisation du logo :<\/strong> Nous acceptons les logos personnalis\u00e9s sur l'emballage et proposons diff\u00e9rentes options d'emballage, telles qu'une bo\u00eete en PET, une bo\u00eete en PVC ou une bo\u00eete cadeau.<\/li>\n<li><strong data-start=\"238\" data-end=\"258\" data-is-only-node=\"\">Logo sur le produit :<\/strong> Accepte les logos grav\u00e9s au laser ou sur le m\u00e9tal et les logos imprim\u00e9s sur la poign\u00e9e.<\/li>\n<li><strong data-start=\"334\" data-end=\"368\">Options de finition et de couleur de la poign\u00e9e :<\/strong> Accepte le plaquage or ou des couleurs de poign\u00e9e personnalis\u00e9es.<\/li>\n<\/ul>","protected":false},"featured_media":776,"comment_status":"closed","ping_status":"closed","template":"","meta":{"_acf_changed":false},"product_brand":[],"product_cat":[18,26],"product_tag":[],"class_list":{"0":"post-771","1":"product","2":"type-product","3":"status-publish","4":"has-post-thumbnail","6":"product_cat-cutlery-set-wholesale","7":"product_cat-plastic-handle-flatware-set","9":"first","10":"instock","11":"shipping-taxable","12":"product-type-simple"},"acf":[],"_links":{"self":[{"href":"https:\/\/www.huashunware.com\/fr\/wp-json\/wp\/v2\/product\/771","targetHints":{"allow":["GET"]}}],"collection":[{"href":"https:\/\/www.huashunware.com\/fr\/wp-json\/wp\/v2\/product"}],"about":[{"href":"https:\/\/www.huashunware.com\/fr\/wp-json\/wp\/v2\/types\/product"}],"replies":[{"embeddable":true,"href":"https:\/\/www.huashunware.com\/fr\/wp-json\/wp\/v2\/comments?post=771"}],"wp:featuredmedia":[{"embeddable":true,"href":"https:\/\/www.huashunware.com\/fr\/wp-json\/wp\/v2\/media\/776"}],"wp:attachment":[{"href":"https:\/\/www.huashunware.com\/fr\/wp-json\/wp\/v2\/media?parent=771"}],"wp:term":[{"taxonomy":"product_brand","embeddable":true,"href":"https:\/\/www.huashunware.com\/fr\/wp-json\/wp\/v2\/product_brand?post=771"},{"taxonomy":"product_cat","embeddable":true,"href":"https:\/\/www.huashunware.com\/fr\/wp-json\/wp\/v2\/product_cat?post=771"},{"taxonomy":"product_tag","embeddable":true,"href":"https:\/\/www.huashunware.com\/fr\/wp-json\/wp\/v2\/product_tag?post=771"}],"curies":[{"name":"wp","href":"https:\/\/api.w.org\/{rel}","templated":true}]}}