{"id":778,"date":"2025-10-15T09:22:33","date_gmt":"2025-10-15T09:22:33","guid":{"rendered":"https:\/\/www.huashunware.com\/?post_type=product&#038;p=778"},"modified":"2026-02-04T02:24:12","modified_gmt":"2026-02-04T02:24:12","slug":"custom-quality-flatware-durable-wooden-grain-flatware-set-in-bulk","status":"publish","type":"product","link":"https:\/\/www.huashunware.com\/fr\/produit\/custom-quality-flatware-durable-wooden-grain-flatware-set-in-bulk\/","title":{"rendered":"Couverts de qualit\u00e9 sur mesure, couverts durables en bois en vrac"},"content":{"rendered":"<div class=\"wp-block-columns is-layout-flex wp-container-core-columns-is-layout-9d6595d7 wp-block-columns-is-layout-flex\">\n<div class=\"wp-block-column is-layout-flow wp-block-column-is-layout-flow\">\n<h2 class=\"wp-block-heading\">Couverts de qualit\u00e9 sur mesure Caract\u00e9ristiques :<\/h2>\n\n\n\n<p><strong>Construction en acier inoxydable de haute qualit\u00e9<\/strong> Fabriqu\u00e9 en acier inoxydable 18\/0 de premi\u00e8re qualit\u00e9, cet ensemble offre un m\u00e9lange parfait de solidit\u00e9, de r\u00e9sistance \u00e0 la rouille et d'exp\u00e9rience gastronomique raffin\u00e9e.<\/p>\n\n\n\n<p><strong>Finitions mates et brillantes personnalis\u00e9es des poign\u00e9es<\/strong> Disponibles dans une vari\u00e9t\u00e9 de couleurs personnalis\u00e9es avec une finition mate sophistiqu\u00e9e, ces poign\u00e9es ergonomiques offrent une prise confortable et antid\u00e9rapante.<\/p>\n\n\n\n<p><strong>Finition professionnelle polie miroir<\/strong> Les t\u00eates sont dot\u00e9es d'un poli brillant et r\u00e9fl\u00e9chissant et de bords arrondis, ce qui garantit la s\u00e9curit\u00e9 et un aspect haut de gamme pour tout type de table.<\/p>\n\n\n\n<p><strong>Emballage sur mesure de 24 pi\u00e8ces pour la vente au d\u00e9tail<\/strong> Pr\u00e9sent\u00e9 dans une \u00e9l\u00e9gante bo\u00eete de pr\u00e9sentation \u00e0 grande fen\u00eatre (24 pi\u00e8ces), con\u00e7ue pour minimiser le volume d'exp\u00e9dition tout en maximisant l'attrait en rayon.<\/p>\n\n\n\n<p><strong>Durable et lavable au lave-vaisselle<\/strong> Con\u00e7us pour r\u00e9sister \u00e0 un usage quotidien intensif, nos couverts conservent la couleur \u00e9clatante de leur manche et leur finition polie, m\u00eame apr\u00e8s un lavage en machine.<\/p>\n\n\n\n<p><strong>Solutions compl\u00e8tes de marquage et OEM<\/strong> Des logos grav\u00e9s au laser sur le m\u00e9tal aux poign\u00e9es et bo\u00eetes imprim\u00e9es sur mesure, nous fournissons des solutions compl\u00e8tes pour rehausser votre marque.<\/p>\n<\/div>\n\n\n\n<div class=\"wp-block-column is-vertically-aligned-center is-layout-flow wp-block-column-is-layout-flow\">\n<figure class=\"wp-block-image size-full\"><img decoding=\"async\" width=\"3072\" height=\"3072\" src=\"https:\/\/www.huashunware.com\/wp-content\/uploads\/2025\/10\/Custom-Quality-Flatware-Durable-Wooden-Grain-Flatware-Set-in-Bulk6.webp\" alt=\"Couverts de qualit\u00e9 personnalis\u00e9e, couverts durables en bois en vrac6\" class=\"wp-image-784\" srcset=\"https:\/\/www.huashunware.com\/wp-content\/uploads\/2025\/10\/Custom-Quality-Flatware-Durable-Wooden-Grain-Flatware-Set-in-Bulk6.webp 3072w, https:\/\/www.huashunware.com\/wp-content\/uploads\/2025\/10\/Custom-Quality-Flatware-Durable-Wooden-Grain-Flatware-Set-in-Bulk6-300x300.webp 300w, https:\/\/www.huashunware.com\/wp-content\/uploads\/2025\/10\/Custom-Quality-Flatware-Durable-Wooden-Grain-Flatware-Set-in-Bulk6-150x150.webp 150w, https:\/\/www.huashunware.com\/wp-content\/uploads\/2025\/10\/Custom-Quality-Flatware-Durable-Wooden-Grain-Flatware-Set-in-Bulk6-768x768.webp 768w, https:\/\/www.huashunware.com\/wp-content\/uploads\/2025\/10\/Custom-Quality-Flatware-Durable-Wooden-Grain-Flatware-Set-in-Bulk6-12x12.webp 12w, https:\/\/www.huashunware.com\/wp-content\/uploads\/2025\/10\/Custom-Quality-Flatware-Durable-Wooden-Grain-Flatware-Set-in-Bulk6-1200x1200.webp 1200w, https:\/\/www.huashunware.com\/wp-content\/uploads\/2025\/10\/Custom-Quality-Flatware-Durable-Wooden-Grain-Flatware-Set-in-Bulk6-600x600.webp 600w, https:\/\/www.huashunware.com\/wp-content\/uploads\/2025\/10\/Custom-Quality-Flatware-Durable-Wooden-Grain-Flatware-Set-in-Bulk6-100x100.webp 100w\" sizes=\"(max-width: 3072px) 100vw, 3072px\" \/><\/figure>\n\n\n\n<figure class=\"wp-block-image size-full\"><img decoding=\"async\" width=\"3072\" height=\"3072\" src=\"https:\/\/www.huashunware.com\/wp-content\/uploads\/2025\/10\/Custom-Quality-Flatware-Durable-Wooden-Grain-Flatware-Set-in-Bulk-1.webp\" alt=\"Couverts de qualit\u00e9 sur mesure, couverts durables en bois en vrac\" class=\"wp-image-1195\" srcset=\"https:\/\/www.huashunware.com\/wp-content\/uploads\/2025\/10\/Custom-Quality-Flatware-Durable-Wooden-Grain-Flatware-Set-in-Bulk-1.webp 3072w, https:\/\/www.huashunware.com\/wp-content\/uploads\/2025\/10\/Custom-Quality-Flatware-Durable-Wooden-Grain-Flatware-Set-in-Bulk-1-300x300.webp 300w, https:\/\/www.huashunware.com\/wp-content\/uploads\/2025\/10\/Custom-Quality-Flatware-Durable-Wooden-Grain-Flatware-Set-in-Bulk-1-150x150.webp 150w, https:\/\/www.huashunware.com\/wp-content\/uploads\/2025\/10\/Custom-Quality-Flatware-Durable-Wooden-Grain-Flatware-Set-in-Bulk-1-768x768.webp 768w, https:\/\/www.huashunware.com\/wp-content\/uploads\/2025\/10\/Custom-Quality-Flatware-Durable-Wooden-Grain-Flatware-Set-in-Bulk-1-12x12.webp 12w, https:\/\/www.huashunware.com\/wp-content\/uploads\/2025\/10\/Custom-Quality-Flatware-Durable-Wooden-Grain-Flatware-Set-in-Bulk-1-1200x1200.webp 1200w, https:\/\/www.huashunware.com\/wp-content\/uploads\/2025\/10\/Custom-Quality-Flatware-Durable-Wooden-Grain-Flatware-Set-in-Bulk-1-600x600.webp 600w, https:\/\/www.huashunware.com\/wp-content\/uploads\/2025\/10\/Custom-Quality-Flatware-Durable-Wooden-Grain-Flatware-Set-in-Bulk-1-100x100.webp 100w\" sizes=\"(max-width: 3072px) 100vw, 3072px\" \/><\/figure>\n<\/div>\n<\/div>","protected":false},"excerpt":{"rendered":"<p data-start=\"1174\" data-end=\"1465\">Couverts de qualit\u00e9, couverts en bois durables en vrac - Ce service de couverts allie l'\u00e9l\u00e9gance classique \u00e0 un design pratique. Dot\u00e9 de poign\u00e9es larges et confortables et d'une finition en grain de bois durable, il offre style, confort et performance durable pour les repas de tous les jours.<\/p>\n<h2>Attributs des couverts de qualit\u00e9 sur mesure :<\/h2>\n<table>\n<thead>\n<tr>\n<th>Objet<\/th>\n<th>Poids<\/th>\n<th>Longueur (cm)<\/th>\n<th>Largeur (cm)<\/th>\n<th>\u00c9paisseur (mm)<\/th>\n<\/tr>\n<\/thead>\n<tbody>\n<tr>\n<td>Couteau<\/td>\n<td>29 g<\/td>\n<td>21<\/td>\n<td>1.7<\/td>\n<td>1.5<\/td>\n<\/tr>\n<tr>\n<td>Fourchette<\/td>\n<td>25.3 g<\/td>\n<td>19<\/td>\n<td>2.4<\/td>\n<td>1.5<\/td>\n<\/tr>\n<tr>\n<td>Cuill\u00e8re<\/td>\n<td>34.5 g<\/td>\n<td>18.5<\/td>\n<td>3.5<\/td>\n<td>1.5<\/td>\n<\/tr>\n<tr>\n<td>Cuill\u00e8re \u00e0 caf\u00e9<\/td>\n<td>24.7 g<\/td>\n<td>15<\/td>\n<td>3.2<\/td>\n<td>1.5<\/td>\n<\/tr>\n<\/tbody>\n<\/table>\n<h2>Couverts personnalis\u00e9s \uff1a<\/h2>\n<ul>\n<li><strong data-start=\"33\" data-end=\"49\">\u00c9chantillon gratuit :<\/strong> Un \u00e9chantillon gratuit peut \u00eatre disponible.<\/li>\n<li><strong data-start=\"84\" data-end=\"119\">Emballage et personnalisation du logo :<\/strong> Nous pouvons apposer des logos personnalis\u00e9s sur l'emballage et proposons diverses options d'emballage, notamment des bo\u00eetes en PET, des bo\u00eetes en PVC et des bo\u00eetes-cadeaux.<\/li>\n<li><strong data-start=\"241\" data-end=\"266\" data-is-only-node=\"\">Options de couleur de la poign\u00e9e :<\/strong> Nous acceptons la personnalisation des couleurs, avec 6 \u00e0 8 couleurs disponibles en stock.<\/li>\n<\/ul>","protected":false},"featured_media":780,"comment_status":"closed","ping_status":"closed","template":"","meta":{"_acf_changed":false},"product_brand":[],"product_cat":[18,26],"product_tag":[],"class_list":{"0":"post-778","1":"product","2":"type-product","3":"status-publish","4":"has-post-thumbnail","6":"product_cat-cutlery-set-wholesale","7":"product_cat-plastic-handle-flatware-set","9":"first","10":"instock","11":"shipping-taxable","12":"product-type-simple"},"acf":[],"_links":{"self":[{"href":"https:\/\/www.huashunware.com\/fr\/wp-json\/wp\/v2\/product\/778","targetHints":{"allow":["GET"]}}],"collection":[{"href":"https:\/\/www.huashunware.com\/fr\/wp-json\/wp\/v2\/product"}],"about":[{"href":"https:\/\/www.huashunware.com\/fr\/wp-json\/wp\/v2\/types\/product"}],"replies":[{"embeddable":true,"href":"https:\/\/www.huashunware.com\/fr\/wp-json\/wp\/v2\/comments?post=778"}],"wp:featuredmedia":[{"embeddable":true,"href":"https:\/\/www.huashunware.com\/fr\/wp-json\/wp\/v2\/media\/780"}],"wp:attachment":[{"href":"https:\/\/www.huashunware.com\/fr\/wp-json\/wp\/v2\/media?parent=778"}],"wp:term":[{"taxonomy":"product_brand","embeddable":true,"href":"https:\/\/www.huashunware.com\/fr\/wp-json\/wp\/v2\/product_brand?post=778"},{"taxonomy":"product_cat","embeddable":true,"href":"https:\/\/www.huashunware.com\/fr\/wp-json\/wp\/v2\/product_cat?post=778"},{"taxonomy":"product_tag","embeddable":true,"href":"https:\/\/www.huashunware.com\/fr\/wp-json\/wp\/v2\/product_tag?post=778"}],"curies":[{"name":"wp","href":"https:\/\/api.w.org\/{rel}","templated":true}]}}