{"id":807,"date":"2025-10-18T07:37:59","date_gmt":"2025-10-18T07:30:46","guid":{"rendered":"https:\/\/www.huashunware.com\/?post_type=product&#038;p=807"},"modified":"2025-10-18T07:38:31","modified_gmt":"2025-10-18T07:38:31","slug":"custom-kid-plate-set-with-cute-frog-design","status":"publish","type":"product","link":"https:\/\/www.huashunware.com\/fr\/produit\/custom-kid-plate-set-with-cute-frog-design\/","title":{"rendered":"Ensemble d'assiettes personnalis\u00e9es pour enfants avec motif de grenouille mignonne"},"content":{"rendered":"<div class=\"wp-block-columns is-layout-flex wp-container-core-columns-is-layout-9d6595d7 wp-block-columns-is-layout-flex\">\n<div class=\"wp-block-column is-layout-flow wp-block-column-is-layout-flow\">\n<h2 class=\"wp-block-heading\">Ensemble d'assiettes pour enfants Caract\u00e9ristiques :<\/h2>\n\n\n\n<p><strong>S\u00fbr et non toxique : <\/strong>Fabriqu\u00e9 en silicone alimentaire conforme aux normes am\u00e9ricaines, 100% est exempt de BPA et non toxique, pour que les enfants puissent prendre leurs repas en toute s\u00e9curit\u00e9. Doux pour les peaux sensibles et totalement exempt de produits chimiques toxiques pour la tranquillit\u00e9 d'esprit des parents.<\/p>\n\n\n\n<p><strong>Ustensiles en acier inoxydable lisse :<\/strong> Acier inoxydable au fini miroir et aux bords arrondis - durable, r\u00e9sistant \u00e0 la rouille et doux pour les petites bouches. Con\u00e7us pour un usage quotidien, ces ustensiles allient s\u00e9curit\u00e9 et brillance durable.<\/p>\n\n\n\n<p><strong>Base d'aspiration forte : <\/strong>La puissante succion maintient l'assiette sur les surfaces lisses, r\u00e9sistant aux glissements, aux retournements et aux \u00e9claboussures. Elle aide les tout-petits \u00e0 ma\u00eetriser l'auto-alimentation et \u00e0 garder les tables propres et nettes.<\/p>\n\n\n\n<p><strong>Adorable grenouille :<\/strong> L'adorable design de la grenouille agr\u00e9mente l'heure du repas et encourage les enfants \u00e0 se nourrir eux-m\u00eames. Le design lumineux et accueillant stimule la curiosit\u00e9 et aide \u00e0 d\u00e9velopper des habitudes alimentaires saines.<\/p>\n\n\n\n<p><strong>Facile \u00e0 nettoyer : <\/strong>Il passe au lave-vaisselle et se rince rapidement, ce qui permet aux parents de nettoyer facilement et sans stress. La surface lisse en silicone rend les aliments antiadh\u00e9sifs, ce qui facilite le nettoyage apr\u00e8s chaque repas.<\/p>\n<\/div>\n\n\n\n<div class=\"wp-block-column is-layout-flow wp-block-column-is-layout-flow\">\n<figure class=\"wp-block-image size-full\"><img decoding=\"async\" width=\"3072\" height=\"3072\" src=\"https:\/\/www.huashunware.com\/wp-content\/uploads\/2025\/10\/Custom-Kid-Plate-Set2.webp\" alt=\"Set d&#039;assiettes personnalis\u00e9es pour enfants2\" class=\"wp-image-809\" srcset=\"https:\/\/www.huashunware.com\/wp-content\/uploads\/2025\/10\/Custom-Kid-Plate-Set2.webp 3072w, https:\/\/www.huashunware.com\/wp-content\/uploads\/2025\/10\/Custom-Kid-Plate-Set2-300x300.webp 300w, https:\/\/www.huashunware.com\/wp-content\/uploads\/2025\/10\/Custom-Kid-Plate-Set2-150x150.webp 150w, https:\/\/www.huashunware.com\/wp-content\/uploads\/2025\/10\/Custom-Kid-Plate-Set2-768x768.webp 768w, https:\/\/www.huashunware.com\/wp-content\/uploads\/2025\/10\/Custom-Kid-Plate-Set2-12x12.webp 12w, https:\/\/www.huashunware.com\/wp-content\/uploads\/2025\/10\/Custom-Kid-Plate-Set2-1200x1200.webp 1200w, https:\/\/www.huashunware.com\/wp-content\/uploads\/2025\/10\/Custom-Kid-Plate-Set2-600x600.webp 600w, https:\/\/www.huashunware.com\/wp-content\/uploads\/2025\/10\/Custom-Kid-Plate-Set2-100x100.webp 100w\" sizes=\"(max-width: 3072px) 100vw, 3072px\" \/><\/figure>\n<\/div>\n<\/div>\n\n\n\n<p><\/p>","protected":false},"excerpt":{"rendered":"<p data-start=\"68\" data-end=\"340\">L'ensemble d'assiettes personnalis\u00e9es pour enfants avec un mignon motif de grenouille rend l'heure des repas amusante, s\u00fbre et facile. Fabriqu\u00e9 en silicone de qualit\u00e9 alimentaire et en acier inoxydable, il est sans BPA, durable et doux pour les enfants. La base \u00e0 succion solide maintient l'assiette stable, tandis que l'adorable grenouille encourage les enfants \u00e0 se nourrir eux-m\u00eames. Facile \u00e0 nettoyer, elle est parfaite pour un usage familial quotidien.<\/p>\n<h2 class=\"brxe-product-title\">Ensemble d'assiettes pour enfants personnalis\u00e9 Attributs :<\/h2>\n<table>\n<thead>\n<tr>\n<th>Objet<\/th>\n<th>Taille (L\u00d7L\u00d7H)<\/th>\n<th>Poids<\/th>\n<\/tr>\n<\/thead>\n<tbody>\n<tr>\n<td><strong>Bo\u00eete<\/strong><\/td>\n<td>225 \u00d7 192 \u00d7 35 mm<\/td>\n<td>369.4 g<\/td>\n<\/tr>\n<tr>\n<td><strong>Assiette<\/strong><\/td>\n<td>195 \u00d7 155 \u00d7 33 mm<\/td>\n<td>230 g<\/td>\n<\/tr>\n<tr>\n<td><strong>Fourchette<\/strong><\/td>\n<td>95 \u00d7 37 \u00d7 22 mm<\/td>\n<td>34.8 g<\/td>\n<\/tr>\n<tr>\n<td><strong>Cuill\u00e8re<\/strong><\/td>\n<td>95 \u00d7 37 \u00d7 22 mm<\/td>\n<td>38.3 g<\/td>\n<\/tr>\n<\/tbody>\n<\/table>\n<p><strong>MOQ : 96 pi\u00e8ces<\/strong><\/p>\n<h2 class=\"brxe-product-title\">Set d'assiettes pour enfants personnalis\u00e9 :<\/h2>\n<ul>\n<li data-start=\"79\" data-end=\"146\">\n<p data-start=\"81\" data-end=\"146\"><strong data-start=\"81\" data-end=\"92\">\u00c9chantillon :<\/strong> \u00c9chantillon gratuit disponible pour test avant commande en gros<\/p>\n<\/li>\n<li data-start=\"147\" data-end=\"224\">\n<p data-start=\"149\" data-end=\"224\"><strong data-start=\"149\" data-end=\"176\">Petites commandes avec logo :<\/strong> Acceptation des commandes de petites quantit\u00e9s avec logo personnalis\u00e9<\/p>\n<\/li>\n<li data-start=\"225\" data-end=\"302\">\n<p data-start=\"227\" data-end=\"302\"><strong data-start=\"227\" data-end=\"245\">Livraison rapide :<\/strong> 4 couleurs en stock, les commandes peuvent \u00eatre exp\u00e9di\u00e9es sous 7 jours<\/p>\n<\/li>\n<li data-start=\"303\" data-end=\"415\">\n<p data-start=\"305\" data-end=\"415\"><strong data-start=\"305\" data-end=\"340\">Emballage et personnalisation du logo :<\/strong> Possibilit\u00e9 d'apposer un logo personnalis\u00e9 sur l'emballage ; choisir une bo\u00eete en PET, une bo\u00eete en PVC ou une bo\u00eete cadeau.<\/p>\n<\/li>\n<\/ul>","protected":false},"featured_media":810,"comment_status":"closed","ping_status":"closed","template":"","meta":{"_acf_changed":false},"product_brand":[],"product_cat":[19],"product_tag":[],"class_list":{"0":"post-807","1":"product","2":"type-product","3":"status-publish","4":"has-post-thumbnail","6":"product_cat-wholesale-kids-dinnerware","8":"first","9":"instock","10":"shipping-taxable","11":"product-type-simple"},"acf":[],"_links":{"self":[{"href":"https:\/\/www.huashunware.com\/fr\/wp-json\/wp\/v2\/product\/807","targetHints":{"allow":["GET"]}}],"collection":[{"href":"https:\/\/www.huashunware.com\/fr\/wp-json\/wp\/v2\/product"}],"about":[{"href":"https:\/\/www.huashunware.com\/fr\/wp-json\/wp\/v2\/types\/product"}],"replies":[{"embeddable":true,"href":"https:\/\/www.huashunware.com\/fr\/wp-json\/wp\/v2\/comments?post=807"}],"wp:featuredmedia":[{"embeddable":true,"href":"https:\/\/www.huashunware.com\/fr\/wp-json\/wp\/v2\/media\/810"}],"wp:attachment":[{"href":"https:\/\/www.huashunware.com\/fr\/wp-json\/wp\/v2\/media?parent=807"}],"wp:term":[{"taxonomy":"product_brand","embeddable":true,"href":"https:\/\/www.huashunware.com\/fr\/wp-json\/wp\/v2\/product_brand?post=807"},{"taxonomy":"product_cat","embeddable":true,"href":"https:\/\/www.huashunware.com\/fr\/wp-json\/wp\/v2\/product_cat?post=807"},{"taxonomy":"product_tag","embeddable":true,"href":"https:\/\/www.huashunware.com\/fr\/wp-json\/wp\/v2\/product_tag?post=807"}],"curies":[{"name":"wp","href":"https:\/\/api.w.org\/{rel}","templated":true}]}}