{"id":813,"date":"2025-10-18T07:53:10","date_gmt":"2025-10-18T07:47:08","guid":{"rendered":"https:\/\/www.huashunware.com\/?post_type=product&#038;p=813"},"modified":"2025-10-18T07:53:59","modified_gmt":"2025-10-18T07:53:59","slug":"custom-kids-tableware-christmas-cap-plate-set","status":"publish","type":"product","link":"https:\/\/www.huashunware.com\/fr\/produit\/custom-kids-tableware-christmas-cap-plate-set\/","title":{"rendered":"Vaisselle de table personnalis\u00e9e pour enfants Set d'assiettes \u00e0 bonnet de No\u00ebl"},"content":{"rendered":"<div class=\"wp-block-columns is-layout-flex wp-container-core-columns-is-layout-9d6595d7 wp-block-columns-is-layout-flex\">\n<div class=\"wp-block-column is-layout-flow wp-block-column-is-layout-flow\">\n<h2 class=\"wp-block-heading\">Vaisselle pour enfants personnalis\u00e9e Caract\u00e9ristiques :<\/h2>\n\n\n\n<p><strong>Mat\u00e9riaux s\u00fbrs et non toxiques :<\/strong> Fabriqu\u00e9 en silicone alimentaire de premi\u00e8re qualit\u00e9, conforme aux normes am\u00e9ricaines, 100% sans BPA et non toxique. Il garantit que chaque repas est s\u00fbr, sain et sans souci pour vos petits.<\/p>\n\n\n\n<p><strong>Ustensiles en acier inoxydable lisse :<\/strong> Fabriqu\u00e9 en acier inoxydable poli miroir avec des bords arrondis pour plus de s\u00e9curit\u00e9. Durable, r\u00e9sistant \u00e0 la rouille et doux pour les petites bouches - parfait pour un usage quotidien.<\/p>\n\n\n\n<p><strong>Base d'aspiration forte :<\/strong> Le puissant syst\u00e8me de succion adh\u00e8re fermement aux surfaces lisses pour \u00e9viter les glissades, les retournements et les renversements. Il permet de garder l'ordre \u00e0 l'heure des repas et aide les enfants \u00e0 d\u00e9velopper leur confiance en eux.<\/p>\n\n\n\n<p><strong>Adorable bonnet de No\u00ebl :<\/strong> La forme amusante du chapeau de No\u00ebl ajoute une note festive \u00e0 chaque repas. L'aspect lumineux et ludique attire l'attention des enfants et rend les repas plus agr\u00e9ables.<\/p>\n\n\n\n<p><strong>Facile \u00e0 nettoyer et durable :<\/strong> Le silicone et l'acier inoxydable lavables au lave-vaisselle permettent un nettoyage rapide et sans effort. Con\u00e7us pour durer au quotidien, ils restent lumineux et s\u00fbrs.<\/p>\n<\/div>\n\n\n\n<div class=\"wp-block-column is-layout-flow wp-block-column-is-layout-flow\">\n<figure class=\"wp-block-image size-full\"><img decoding=\"async\" width=\"3072\" height=\"3072\" src=\"https:\/\/www.huashunware.com\/wp-content\/uploads\/2025\/10\/Custom-Kids-Tableware3.webp\" alt=\"Vaisselle personnalis\u00e9e pour enfants3\" class=\"wp-image-816\" srcset=\"https:\/\/www.huashunware.com\/wp-content\/uploads\/2025\/10\/Custom-Kids-Tableware3.webp 3072w, https:\/\/www.huashunware.com\/wp-content\/uploads\/2025\/10\/Custom-Kids-Tableware3-300x300.webp 300w, https:\/\/www.huashunware.com\/wp-content\/uploads\/2025\/10\/Custom-Kids-Tableware3-150x150.webp 150w, https:\/\/www.huashunware.com\/wp-content\/uploads\/2025\/10\/Custom-Kids-Tableware3-768x768.webp 768w, https:\/\/www.huashunware.com\/wp-content\/uploads\/2025\/10\/Custom-Kids-Tableware3-12x12.webp 12w, https:\/\/www.huashunware.com\/wp-content\/uploads\/2025\/10\/Custom-Kids-Tableware3-1200x1200.webp 1200w, https:\/\/www.huashunware.com\/wp-content\/uploads\/2025\/10\/Custom-Kids-Tableware3-600x600.webp 600w, https:\/\/www.huashunware.com\/wp-content\/uploads\/2025\/10\/Custom-Kids-Tableware3-100x100.webp 100w\" sizes=\"(max-width: 3072px) 100vw, 3072px\" \/><\/figure>\n<\/div>\n<\/div>\n\n\n\n<p><\/p>","protected":false},"excerpt":{"rendered":"<p data-start=\"68\" data-end=\"340\">L'ensemble d'assiettes \u00e0 bouchon de No\u00ebl de la vaisselle pour enfants personnalis\u00e9e apporte une touche de f\u00eate et de s\u00e9curit\u00e9 aux repas des enfants. Fabriqu\u00e9 en silicone alimentaire sans BPA et dot\u00e9 d'une base \u00e0 succion solide, il reste stable et se nettoie facilement. L'adorable bonnet de No\u00ebl ravit les enfants et rend les repas joyeux tout au long de la saison.<\/p>\n<h2 class=\"brxe-product-title\">Attributs de la vaisselle pour enfants personnalis\u00e9e :<\/h2>\n<table>\n<thead>\n<tr>\n<th>Objet<\/th>\n<th>Taille (L\u00d7L\u00d7H)<\/th>\n<th>Poids<\/th>\n<\/tr>\n<\/thead>\n<tbody>\n<tr>\n<td><strong>Bo\u00eete<\/strong><\/td>\n<td>230 \u00d7 210 \u00d7 35 mm<\/td>\n<td>378.1 g<\/td>\n<\/tr>\n<tr>\n<td><strong>Assiette<\/strong><\/td>\n<td>200 \u00d7 180 \u00d7 33 mm<\/td>\n<td>221 g<\/td>\n<\/tr>\n<tr>\n<td><strong>Fourchette<\/strong><\/td>\n<td>104 \u00d7 30 \u00d7 24 mm<\/td>\n<td>34.8 g<\/td>\n<\/tr>\n<tr>\n<td><strong>Cuill\u00e8re<\/strong><\/td>\n<td>104 \u00d7 30 \u00d7 24 mm<\/td>\n<td>39.4 g<\/td>\n<\/tr>\n<\/tbody>\n<\/table>\n<p><strong>MOQ : 96 pi\u00e8ces<\/strong><\/p>\n<h2 class=\"brxe-product-title\">Vaisselle personnalis\u00e9e pour enfants :<\/h2>\n<ul>\n<li data-start=\"79\" data-end=\"146\">\n<p data-start=\"81\" data-end=\"146\"><strong data-start=\"81\" data-end=\"92\">\u00c9chantillon :<\/strong> \u00c9chantillon gratuit disponible pour test avant commande en gros<\/p>\n<\/li>\n<li data-start=\"147\" data-end=\"224\">\n<p data-start=\"149\" data-end=\"224\"><strong data-start=\"149\" data-end=\"176\">Petites commandes avec logo :<\/strong> Acceptation des commandes de petites quantit\u00e9s avec logo personnalis\u00e9<\/p>\n<\/li>\n<li data-start=\"225\" data-end=\"302\">\n<p data-start=\"227\" data-end=\"302\"><strong data-start=\"227\" data-end=\"245\">Livraison rapide :<\/strong> 4 couleurs en stock, les commandes peuvent \u00eatre exp\u00e9di\u00e9es sous 7 jours<\/p>\n<\/li>\n<li data-start=\"303\" data-end=\"415\">\n<p data-start=\"305\" data-end=\"415\"><strong data-start=\"305\" data-end=\"340\">Emballage et personnalisation du logo :<\/strong> Possibilit\u00e9 d'apposer un logo personnalis\u00e9 sur l'emballage ; choisir une bo\u00eete en PET, une bo\u00eete en PVC ou une bo\u00eete cadeau.<\/p>\n<\/li>\n<\/ul>","protected":false},"featured_media":814,"comment_status":"closed","ping_status":"closed","template":"","meta":{"_acf_changed":false},"product_brand":[],"product_cat":[19],"product_tag":[],"class_list":{"0":"post-813","1":"product","2":"type-product","3":"status-publish","4":"has-post-thumbnail","6":"product_cat-wholesale-kids-dinnerware","8":"first","9":"instock","10":"shipping-taxable","11":"product-type-simple"},"acf":[],"_links":{"self":[{"href":"https:\/\/www.huashunware.com\/fr\/wp-json\/wp\/v2\/product\/813","targetHints":{"allow":["GET"]}}],"collection":[{"href":"https:\/\/www.huashunware.com\/fr\/wp-json\/wp\/v2\/product"}],"about":[{"href":"https:\/\/www.huashunware.com\/fr\/wp-json\/wp\/v2\/types\/product"}],"replies":[{"embeddable":true,"href":"https:\/\/www.huashunware.com\/fr\/wp-json\/wp\/v2\/comments?post=813"}],"wp:featuredmedia":[{"embeddable":true,"href":"https:\/\/www.huashunware.com\/fr\/wp-json\/wp\/v2\/media\/814"}],"wp:attachment":[{"href":"https:\/\/www.huashunware.com\/fr\/wp-json\/wp\/v2\/media?parent=813"}],"wp:term":[{"taxonomy":"product_brand","embeddable":true,"href":"https:\/\/www.huashunware.com\/fr\/wp-json\/wp\/v2\/product_brand?post=813"},{"taxonomy":"product_cat","embeddable":true,"href":"https:\/\/www.huashunware.com\/fr\/wp-json\/wp\/v2\/product_cat?post=813"},{"taxonomy":"product_tag","embeddable":true,"href":"https:\/\/www.huashunware.com\/fr\/wp-json\/wp\/v2\/product_tag?post=813"}],"curies":[{"name":"wp","href":"https:\/\/api.w.org\/{rel}","templated":true}]}}