{"id":819,"date":"2025-10-18T08:35:12","date_gmt":"2025-10-18T08:18:47","guid":{"rendered":"https:\/\/www.huashunware.com\/?post_type=product&#038;p=819"},"modified":"2025-10-18T08:36:03","modified_gmt":"2025-10-18T08:36:03","slug":"custom-kids-dinnerware-sets-yellow-duck-plate-set","status":"publish","type":"product","link":"https:\/\/www.huashunware.com\/fr\/produit\/custom-kids-dinnerware-sets-yellow-duck-plate-set\/","title":{"rendered":"Service de vaisselle pour enfants personnalis\u00e9 Service d'assiettes canard jaune"},"content":{"rendered":"<div class=\"wp-block-columns is-layout-flex wp-container-core-columns-is-layout-9d6595d7 wp-block-columns-is-layout-flex\">\n<div class=\"wp-block-column is-layout-flow wp-block-column-is-layout-flow\">\n<h2 class=\"wp-block-heading\">Ensemble de vaisselle pour enfants personnalis\u00e9 Caract\u00e9ristiques :<\/h2>\n\n\n\n<p><strong>Mat\u00e9riaux s\u00fbrs et adapt\u00e9s aux enfants :<\/strong> Fabriqu\u00e9 en silicone alimentaire am\u00e9ricain de haute qualit\u00e9, totalement exempt de BPA et non toxique, il garantit un soin d\u00e9licat pour les petites bouches \u00e0 chaque repas.<\/p>\n\n\n\n<p><strong>Ustensiles durables en acier inoxydable :<\/strong> Les ustensiles en acier inoxydable poli miroir aux bords arrondis offrent une utilisation durable et \u00e9vitent les rayures ou les coupures accidentelles.<\/p>\n\n\n\n<p><strong>Conception d'aspiration sans d\u00e9g\u00e2ts :<\/strong> La base \u00e0 succion solide maintient les assiettes fermement en place sur les tables ou les chaises hautes, aidant ainsi les tout-petits \u00e0 manger de fa\u00e7on autonome tout en r\u00e9duisant les risques de renversement.<\/p>\n\n\n\n<p><strong>Th\u00e8me amusant du canard jaune :<\/strong> Le canard aux couleurs vives et joyeuses rend l'heure du repas attrayante et divertissante, incitant les enfants \u00e0 savourer leur nourriture et \u00e0 prendre de bonnes habitudes alimentaires.<\/p>\n\n\n\n<p><strong>Pratique et facile \u00e0 entretenir :<\/strong> Lavable au lave-vaisselle et facile \u00e0 rincer, cet ensemble d'assiettes permet aux parents de gagner du temps sur le nettoyage tout en restant robuste et hygi\u00e9nique.<\/p>\n<\/div>\n\n\n\n<div class=\"wp-block-column is-layout-flow wp-block-column-is-layout-flow\">\n<figure class=\"wp-block-image size-full\"><img decoding=\"async\" width=\"3072\" height=\"3072\" src=\"https:\/\/www.huashunware.com\/wp-content\/uploads\/2025\/10\/Custom-Kids-Dinnerware-Sets4.webp\" alt=\"Service de vaisselle personnalis\u00e9 pour enfants4\" class=\"wp-image-823\" srcset=\"https:\/\/www.huashunware.com\/wp-content\/uploads\/2025\/10\/Custom-Kids-Dinnerware-Sets4.webp 3072w, https:\/\/www.huashunware.com\/wp-content\/uploads\/2025\/10\/Custom-Kids-Dinnerware-Sets4-300x300.webp 300w, https:\/\/www.huashunware.com\/wp-content\/uploads\/2025\/10\/Custom-Kids-Dinnerware-Sets4-150x150.webp 150w, https:\/\/www.huashunware.com\/wp-content\/uploads\/2025\/10\/Custom-Kids-Dinnerware-Sets4-768x768.webp 768w, https:\/\/www.huashunware.com\/wp-content\/uploads\/2025\/10\/Custom-Kids-Dinnerware-Sets4-12x12.webp 12w, https:\/\/www.huashunware.com\/wp-content\/uploads\/2025\/10\/Custom-Kids-Dinnerware-Sets4-1200x1200.webp 1200w, https:\/\/www.huashunware.com\/wp-content\/uploads\/2025\/10\/Custom-Kids-Dinnerware-Sets4-600x600.webp 600w, https:\/\/www.huashunware.com\/wp-content\/uploads\/2025\/10\/Custom-Kids-Dinnerware-Sets4-100x100.webp 100w\" sizes=\"(max-width: 3072px) 100vw, 3072px\" \/><\/figure>\n<\/div>\n<\/div>\n\n\n\n<p><\/p>","protected":false},"excerpt":{"rendered":"<p data-start=\"68\" data-end=\"340\">La vaisselle personnalis\u00e9e pour enfants rend les repas amusants, s\u00fbrs et faciles. Fabriqu\u00e9s en silicone alimentaire sans BPA et avec des ustensiles en acier inoxydable, ils sont durables et r\u00e9sistants aux \u00e9claboussures. Le joyeux motif de canard jaune garde les enfants occup\u00e9s, parfait pour une utilisation quotidienne \u00e0 la maison ou en d\u00e9placement.<\/p>\n<h2 class=\"brxe-product-title\">Service de vaisselle pour enfants personnalis\u00e9 Attributs :<\/h2>\n<table>\n<thead>\n<tr>\n<th>Objet<\/th>\n<th>Taille (L\u00d7L\u00d7H)<\/th>\n<th>Poids<\/th>\n<\/tr>\n<\/thead>\n<tbody>\n<tr>\n<td><strong>Bo\u00eete<\/strong><\/td>\n<td>230 \u00d7 210 \u00d7 35 mm<\/td>\n<td>405.6 g<\/td>\n<\/tr>\n<tr>\n<td><strong>Assiette<\/strong><\/td>\n<td>197 \u00d7 175 \u00d7 33 mm<\/td>\n<td>242.5 g<\/td>\n<\/tr>\n<tr>\n<td><strong>Fourchette<\/strong><\/td>\n<td>95 \u00d7 40 \u00d7 20 mm<\/td>\n<td>35.6 g<\/td>\n<\/tr>\n<tr>\n<td><strong>Cuill\u00e8re<\/strong><\/td>\n<td>95 \u00d7 40 \u00d7 20 mm<\/td>\n<td>39.1 g<\/td>\n<\/tr>\n<\/tbody>\n<\/table>\n<p><strong>MOQ : 96 pi\u00e8ces<\/strong><\/p>\n<h2 class=\"brxe-product-title\">Vaisselle personnalis\u00e9e pour enfants :<\/h2>\n<ul>\n<li data-start=\"79\" data-end=\"146\">\n<p data-start=\"81\" data-end=\"146\"><strong data-start=\"81\" data-end=\"92\">\u00c9chantillon :<\/strong> \u00c9chantillon gratuit disponible pour test avant commande en gros<\/p>\n<\/li>\n<li data-start=\"147\" data-end=\"224\">\n<p data-start=\"149\" data-end=\"224\"><strong data-start=\"149\" data-end=\"176\">Petites commandes avec logo :<\/strong> Accepter les commandes de petites quantit\u00e9s avec un logo personnalis\u00e9<\/p>\n<\/li>\n<li data-start=\"225\" data-end=\"302\">\n<p data-start=\"227\" data-end=\"302\"><strong data-start=\"227\" data-end=\"245\">Livraison rapide :<\/strong> 4 couleurs en stock, les commandes peuvent \u00eatre exp\u00e9di\u00e9es sous 7 jours<\/p>\n<\/li>\n<li data-start=\"303\" data-end=\"415\">\n<p data-start=\"305\" data-end=\"415\"><strong data-start=\"305\" data-end=\"340\">Emballage et personnalisation du logo :<\/strong> Possibilit\u00e9 d'apposer un logo personnalis\u00e9 sur l'emballage ; choisir une bo\u00eete en PET, une bo\u00eete en PVC ou une bo\u00eete cadeau.<\/p>\n<\/li>\n<\/ul>","protected":false},"featured_media":820,"comment_status":"closed","ping_status":"closed","template":"","meta":{"_acf_changed":false},"product_brand":[],"product_cat":[19],"product_tag":[],"class_list":{"0":"post-819","1":"product","2":"type-product","3":"status-publish","4":"has-post-thumbnail","6":"product_cat-wholesale-kids-dinnerware","8":"first","9":"instock","10":"shipping-taxable","11":"product-type-simple"},"acf":[],"_links":{"self":[{"href":"https:\/\/www.huashunware.com\/fr\/wp-json\/wp\/v2\/product\/819","targetHints":{"allow":["GET"]}}],"collection":[{"href":"https:\/\/www.huashunware.com\/fr\/wp-json\/wp\/v2\/product"}],"about":[{"href":"https:\/\/www.huashunware.com\/fr\/wp-json\/wp\/v2\/types\/product"}],"replies":[{"embeddable":true,"href":"https:\/\/www.huashunware.com\/fr\/wp-json\/wp\/v2\/comments?post=819"}],"wp:featuredmedia":[{"embeddable":true,"href":"https:\/\/www.huashunware.com\/fr\/wp-json\/wp\/v2\/media\/820"}],"wp:attachment":[{"href":"https:\/\/www.huashunware.com\/fr\/wp-json\/wp\/v2\/media?parent=819"}],"wp:term":[{"taxonomy":"product_brand","embeddable":true,"href":"https:\/\/www.huashunware.com\/fr\/wp-json\/wp\/v2\/product_brand?post=819"},{"taxonomy":"product_cat","embeddable":true,"href":"https:\/\/www.huashunware.com\/fr\/wp-json\/wp\/v2\/product_cat?post=819"},{"taxonomy":"product_tag","embeddable":true,"href":"https:\/\/www.huashunware.com\/fr\/wp-json\/wp\/v2\/product_tag?post=819"}],"curies":[{"name":"wp","href":"https:\/\/api.w.org\/{rel}","templated":true}]}}