{"id":825,"date":"2025-10-18T08:51:58","date_gmt":"2025-10-18T08:42:04","guid":{"rendered":"https:\/\/www.huashunware.com\/?post_type=product&#038;p=825"},"modified":"2025-10-18T09:06:56","modified_gmt":"2025-10-18T09:06:56","slug":"wholesale-kids-non-toxic-dinnerware-with-corn-design","status":"publish","type":"product","link":"https:\/\/www.huashunware.com\/fr\/produit\/wholesale-kids-non-toxic-dinnerware-with-corn-design\/","title":{"rendered":"Grossiste vaisselle non toxique pour enfants avec motif de ma\u00efs"},"content":{"rendered":"<div class=\"wp-block-columns is-layout-flex wp-container-core-columns-is-layout-9d6595d7 wp-block-columns-is-layout-flex\">\n<div class=\"wp-block-column is-layout-flow wp-block-column-is-layout-flow\">\n<h2 class=\"wp-block-heading\">Grossiste vaisselle non toxique pour enfants Caract\u00e9ristiques :<\/h2>\n\n\n\n<p><strong>Mat\u00e9riaux s\u00fbrs et non toxiques :<\/strong> Fabriqu\u00e9 en silicone alimentaire conforme aux normes am\u00e9ricaines, 100% est exempt de BPA et non toxique, ce qui garantit aux enfants une exp\u00e9rience saine et s\u00fbre \u00e0 l'heure des repas.<\/p>\n\n\n\n<p><strong>Ustensiles durables en acier inoxydable :<\/strong> L'acier inoxydable poli miroir aux bords arrondis et lisses permet une utilisation durable et prot\u00e8ge les petites bouches des rayures.<\/p>\n\n\n\n<p><strong>Base d'aspiration forte :<\/strong> La conception innovante de la ventouse se fixe fermement aux surfaces lisses, \u00e9vitant ainsi les glissades, les retournements et les d\u00e9versements pendant les repas.<\/p>\n\n\n\n<p><strong>Fun Corn Design :<\/strong> L'assiette en forme de ma\u00efs, brillante et ludique, ajoute une touche d'amusement aux repas, encourageant les enfants \u00e0 savourer leurs repas et \u00e0 prendre des habitudes alimentaires saines.<\/p>\n\n\n\n<p><strong>Facile \u00e0 nettoyer et durable :<\/strong> Les mat\u00e9riaux lavables au lave-vaisselle facilitent le nettoyage, et la construction de haute qualit\u00e9 garantit la durabilit\u00e9 pour une utilisation quotidienne.<\/p>\n<\/div>\n\n\n\n<div class=\"wp-block-column is-layout-flow wp-block-column-is-layout-flow\">\n<figure class=\"wp-block-image size-full\"><img decoding=\"async\" width=\"3072\" height=\"3072\" src=\"https:\/\/www.huashunware.com\/wp-content\/uploads\/2025\/10\/Wholesale-Kids-Non-Toxic-Dinnerware3.webp\" alt=\"Grossiste vaisselle non toxique pour enfants3\" class=\"wp-image-828\" srcset=\"https:\/\/www.huashunware.com\/wp-content\/uploads\/2025\/10\/Wholesale-Kids-Non-Toxic-Dinnerware3.webp 3072w, https:\/\/www.huashunware.com\/wp-content\/uploads\/2025\/10\/Wholesale-Kids-Non-Toxic-Dinnerware3-300x300.webp 300w, https:\/\/www.huashunware.com\/wp-content\/uploads\/2025\/10\/Wholesale-Kids-Non-Toxic-Dinnerware3-150x150.webp 150w, https:\/\/www.huashunware.com\/wp-content\/uploads\/2025\/10\/Wholesale-Kids-Non-Toxic-Dinnerware3-768x768.webp 768w, https:\/\/www.huashunware.com\/wp-content\/uploads\/2025\/10\/Wholesale-Kids-Non-Toxic-Dinnerware3-12x12.webp 12w, https:\/\/www.huashunware.com\/wp-content\/uploads\/2025\/10\/Wholesale-Kids-Non-Toxic-Dinnerware3-1200x1200.webp 1200w, https:\/\/www.huashunware.com\/wp-content\/uploads\/2025\/10\/Wholesale-Kids-Non-Toxic-Dinnerware3-600x600.webp 600w, https:\/\/www.huashunware.com\/wp-content\/uploads\/2025\/10\/Wholesale-Kids-Non-Toxic-Dinnerware3-100x100.webp 100w\" sizes=\"(max-width: 3072px) 100vw, 3072px\" \/><\/figure>\n<\/div>\n<\/div>","protected":false},"excerpt":{"rendered":"<p data-start=\"68\" data-end=\"340\">La vaisselle en gros non toxique pour enfants avec motif de ma\u00efs rend l'heure des repas s\u00fbre, amusante et facile. Fabriqu\u00e9e en silicone alimentaire sans BPA et avec des ustensiles en acier inoxydable, elle est durable et ne craint pas les \u00e9claboussures. Le joyeux motif de ma\u00efs garde les enfants occup\u00e9s et heureux pendant qu'ils mangent.<\/p>\n<h2 class=\"brxe-product-title\">Wholesale Kids Non Toxic Dinnerware Attributs :<\/h2>\n<table>\n<thead>\n<tr>\n<th>Objet<\/th>\n<th>Taille (L\u00d7L\u00d7H)<\/th>\n<th>Poids<\/th>\n<\/tr>\n<\/thead>\n<tbody>\n<tr>\n<td><strong>Bo\u00eete<\/strong><\/td>\n<td>270 \u00d7 180 \u00d7 35 mm<\/td>\n<td>395.4 g<\/td>\n<\/tr>\n<tr>\n<td><strong>Assiette<\/strong><\/td>\n<td>248 \u00d7 161 \u00d7 33 mm<\/td>\n<td>239 g<\/td>\n<\/tr>\n<tr>\n<td><strong>Fourchette<\/strong><\/td>\n<td>116 \u00d7 38 \u00d7 19 mm<\/td>\n<td>35.3 g<\/td>\n<\/tr>\n<tr>\n<td><strong>Cuill\u00e8re<\/strong><\/td>\n<td>116 \u00d7 38 \u00d7 19 mm<\/td>\n<td>39 g<\/td>\n<\/tr>\n<\/tbody>\n<\/table>\n<p><strong>MOQ : 96 pi\u00e8ces<\/strong><\/p>\n<h2 class=\"brxe-product-title\">Service de vaisselle non toxique pour enfants :<\/h2>\n<ul>\n<li data-start=\"79\" data-end=\"146\">\n<p data-start=\"81\" data-end=\"146\"><strong data-start=\"81\" data-end=\"92\">\u00c9chantillon :<\/strong> \u00c9chantillon gratuit disponible pour test avant commande en gros<\/p>\n<\/li>\n<li data-start=\"147\" data-end=\"224\">\n<p data-start=\"149\" data-end=\"224\"><strong data-start=\"149\" data-end=\"176\">Petites commandes avec logo :<\/strong> Accepter les commandes de petites quantit\u00e9s avec un logo personnalis\u00e9<\/p>\n<\/li>\n<li data-start=\"225\" data-end=\"302\">\n<p data-start=\"227\" data-end=\"302\"><strong data-start=\"227\" data-end=\"245\">Livraison rapide :<\/strong> 4 couleurs en stock, les commandes peuvent \u00eatre exp\u00e9di\u00e9es sous 7 jours<\/p>\n<\/li>\n<li data-start=\"303\" data-end=\"415\">\n<p data-start=\"305\" data-end=\"415\"><strong data-start=\"305\" data-end=\"340\">Emballage et personnalisation du logo :<\/strong> Possibilit\u00e9 d'apposer un logo personnalis\u00e9 sur l'emballage ; choisir une bo\u00eete en PET, une bo\u00eete en PVC ou une bo\u00eete cadeau.<\/p>\n<\/li>\n<\/ul>","protected":false},"featured_media":826,"comment_status":"closed","ping_status":"closed","template":"","meta":{"_acf_changed":false},"product_brand":[],"product_cat":[19],"product_tag":[],"class_list":{"0":"post-825","1":"product","2":"type-product","3":"status-publish","4":"has-post-thumbnail","6":"product_cat-wholesale-kids-dinnerware","8":"first","9":"instock","10":"shipping-taxable","11":"product-type-simple"},"acf":[],"_links":{"self":[{"href":"https:\/\/www.huashunware.com\/fr\/wp-json\/wp\/v2\/product\/825","targetHints":{"allow":["GET"]}}],"collection":[{"href":"https:\/\/www.huashunware.com\/fr\/wp-json\/wp\/v2\/product"}],"about":[{"href":"https:\/\/www.huashunware.com\/fr\/wp-json\/wp\/v2\/types\/product"}],"replies":[{"embeddable":true,"href":"https:\/\/www.huashunware.com\/fr\/wp-json\/wp\/v2\/comments?post=825"}],"wp:featuredmedia":[{"embeddable":true,"href":"https:\/\/www.huashunware.com\/fr\/wp-json\/wp\/v2\/media\/826"}],"wp:attachment":[{"href":"https:\/\/www.huashunware.com\/fr\/wp-json\/wp\/v2\/media?parent=825"}],"wp:term":[{"taxonomy":"product_brand","embeddable":true,"href":"https:\/\/www.huashunware.com\/fr\/wp-json\/wp\/v2\/product_brand?post=825"},{"taxonomy":"product_cat","embeddable":true,"href":"https:\/\/www.huashunware.com\/fr\/wp-json\/wp\/v2\/product_cat?post=825"},{"taxonomy":"product_tag","embeddable":true,"href":"https:\/\/www.huashunware.com\/fr\/wp-json\/wp\/v2\/product_tag?post=825"}],"curies":[{"name":"wp","href":"https:\/\/api.w.org\/{rel}","templated":true}]}}