{"id":831,"date":"2025-10-18T09:03:23","date_gmt":"2025-10-18T08:54:57","guid":{"rendered":"https:\/\/www.huashunware.com\/?post_type=product&#038;p=831"},"modified":"2025-10-18T09:05:21","modified_gmt":"2025-10-18T09:05:21","slug":"bulk-kids-non-toxic-dinnerware-strawberry-kids-plate-set","status":"publish","type":"product","link":"https:\/\/www.huashunware.com\/fr\/produit\/bulk-kids-non-toxic-dinnerware-strawberry-kids-plate-set\/","title":{"rendered":"Bulk Kids Non Toxic Dinnerware Strawberry Kids Plate Set"},"content":{"rendered":"<div class=\"wp-block-columns is-layout-flex wp-container-core-columns-is-layout-9d6595d7 wp-block-columns-is-layout-flex\">\n<div class=\"wp-block-column is-layout-flow wp-block-column-is-layout-flow\">\n<h2 class=\"wp-block-heading\">Vaisselle non toxique pour enfants en vrac Caract\u00e9ristiques :<\/h2>\n\n\n\n<p><strong>Mat\u00e9riaux sains et non toxiques :<\/strong> Fabriqu\u00e9 en silicone alimentaire de haute qualit\u00e9, conforme aux normes am\u00e9ricaines, sans BPA et non toxique, il garantit des repas s\u00fbrs pour les enfants tous les jours.<\/p>\n\n\n\n<p><strong>Ustensiles arrondis en acier inoxydable :<\/strong> Les ustensiles en acier inoxydable poli pr\u00e9sentent des bords lisses et arrondis pour une utilisation en douceur, \u00e9vitant les coupures tout en restant durables pour une utilisation \u00e0 long terme.<\/p>\n\n\n\n<p><strong>Fixer la base de la plaque d'aspiration :<\/strong> Une forte succion maintient fermement l'assiette sur les tables ou les chaises hautes, r\u00e9duisant les d\u00e9g\u00e2ts et aidant les enfants \u00e0 manger seuls en toute confiance.<\/p>\n\n\n\n<p><strong>D\u00e9licieuse conception de fraises :<\/strong> L'assiette en forme de fraise et les d\u00e9tails ludiques rendent l'heure du repas passionnante et encouragent les enfants \u00e0 adopter des habitudes alimentaires saines.<\/p>\n\n\n\n<p><strong>Entretien facile et long\u00e9vit\u00e9 :<\/strong> Les mat\u00e9riaux r\u00e9sistants au lave-vaisselle et aux taches permettent un nettoyage rapide et simple, tandis que la construction robuste garantit une utilisation durable.<\/p>\n<\/div>\n\n\n\n<div class=\"wp-block-column is-layout-flow wp-block-column-is-layout-flow\">\n<figure class=\"wp-block-image size-full\"><img decoding=\"async\" width=\"3072\" height=\"3072\" src=\"https:\/\/www.huashunware.com\/wp-content\/uploads\/2025\/10\/Bulk-Kids-Non-Toxic-Dinnerware4.webp\" alt=\"Vaisselle non toxique pour enfants en vrac4\" class=\"wp-image-835\" srcset=\"https:\/\/www.huashunware.com\/wp-content\/uploads\/2025\/10\/Bulk-Kids-Non-Toxic-Dinnerware4.webp 3072w, https:\/\/www.huashunware.com\/wp-content\/uploads\/2025\/10\/Bulk-Kids-Non-Toxic-Dinnerware4-300x300.webp 300w, https:\/\/www.huashunware.com\/wp-content\/uploads\/2025\/10\/Bulk-Kids-Non-Toxic-Dinnerware4-150x150.webp 150w, https:\/\/www.huashunware.com\/wp-content\/uploads\/2025\/10\/Bulk-Kids-Non-Toxic-Dinnerware4-768x768.webp 768w, https:\/\/www.huashunware.com\/wp-content\/uploads\/2025\/10\/Bulk-Kids-Non-Toxic-Dinnerware4-12x12.webp 12w, https:\/\/www.huashunware.com\/wp-content\/uploads\/2025\/10\/Bulk-Kids-Non-Toxic-Dinnerware4-1200x1200.webp 1200w, https:\/\/www.huashunware.com\/wp-content\/uploads\/2025\/10\/Bulk-Kids-Non-Toxic-Dinnerware4-600x600.webp 600w, https:\/\/www.huashunware.com\/wp-content\/uploads\/2025\/10\/Bulk-Kids-Non-Toxic-Dinnerware4-100x100.webp 100w\" sizes=\"(max-width: 3072px) 100vw, 3072px\" \/><\/figure>\n<\/div>\n<\/div>","protected":false},"excerpt":{"rendered":"<p data-start=\"68\" data-end=\"340\">L'ensemble d'assiettes pour enfants en vrac non toxique \u00e0 la fraise rend l'heure des repas s\u00fbre, amusante et facile. Fabriqu\u00e9 en silicone sans BPA avec des ustensiles en acier inoxydable, il est durable et ne craint pas les \u00e9claboussures. Le mignon motif de fraise garde les enfants occup\u00e9s pendant qu'ils mangent.<\/p>\n<h2 class=\"brxe-product-title\">Wholesale Kids Non Toxic Dinnerware Attributs :<\/h2>\n<table>\n<thead>\n<tr>\n<th>Objet<\/th>\n<th>Taille (L\u00d7L\u00d7H)<\/th>\n<th>Poids<\/th>\n<\/tr>\n<\/thead>\n<tbody>\n<tr>\n<td><strong>Bo\u00eete<\/strong><\/td>\n<td>230 \u00d7 210 \u00d7 35 mm<\/td>\n<td>413.9 g<\/td>\n<\/tr>\n<tr>\n<td><strong>Assiette<\/strong><\/td>\n<td>200 \u00d7 180 \u00d7 33 mm<\/td>\n<td>258.3 g<\/td>\n<\/tr>\n<tr>\n<td><strong>Fourchette<\/strong><\/td>\n<td>103 \u00d7 35 \u00d7 21 mm<\/td>\n<td>35.2 g<\/td>\n<\/tr>\n<tr>\n<td><strong>Cuill\u00e8re<\/strong><\/td>\n<td>103 \u00d7 35 \u00d7 21 mm<\/td>\n<td>37.4 g<\/td>\n<\/tr>\n<\/tbody>\n<\/table>\n<p><strong>MOQ : 96 pi\u00e8ces<\/strong><\/p>\n<h2 class=\"brxe-product-title\">Service de vaisselle non toxique pour enfants :<\/h2>\n<ul>\n<li data-start=\"79\" data-end=\"146\">\n<p data-start=\"81\" data-end=\"146\"><strong data-start=\"81\" data-end=\"92\">\u00c9chantillon :<\/strong> \u00c9chantillon gratuit disponible pour test avant commande en gros<\/p>\n<\/li>\n<li data-start=\"147\" data-end=\"224\">\n<p data-start=\"149\" data-end=\"224\"><strong data-start=\"149\" data-end=\"176\">Petites commandes avec logo :<\/strong> Accepter les commandes de petites quantit\u00e9s avec un logo personnalis\u00e9<\/p>\n<\/li>\n<li data-start=\"225\" data-end=\"302\">\n<p data-start=\"227\" data-end=\"302\"><strong data-start=\"227\" data-end=\"245\">Livraison rapide :<\/strong> 4 couleurs en stock, les commandes peuvent \u00eatre exp\u00e9di\u00e9es sous 7 jours<\/p>\n<\/li>\n<li data-start=\"303\" data-end=\"415\">\n<p data-start=\"305\" data-end=\"415\"><strong data-start=\"305\" data-end=\"340\">Emballage et personnalisation du logo :<\/strong> Possibilit\u00e9 d'apposer un logo personnalis\u00e9 sur l'emballage ; choisir une bo\u00eete en PET, une bo\u00eete en PVC ou une bo\u00eete cadeau.<\/p>\n<\/li>\n<\/ul>","protected":false},"featured_media":833,"comment_status":"closed","ping_status":"closed","template":"","meta":{"_acf_changed":false},"product_brand":[],"product_cat":[19],"product_tag":[],"class_list":{"0":"post-831","1":"product","2":"type-product","3":"status-publish","4":"has-post-thumbnail","6":"product_cat-wholesale-kids-dinnerware","8":"first","9":"instock","10":"shipping-taxable","11":"product-type-simple"},"acf":[],"_links":{"self":[{"href":"https:\/\/www.huashunware.com\/fr\/wp-json\/wp\/v2\/product\/831","targetHints":{"allow":["GET"]}}],"collection":[{"href":"https:\/\/www.huashunware.com\/fr\/wp-json\/wp\/v2\/product"}],"about":[{"href":"https:\/\/www.huashunware.com\/fr\/wp-json\/wp\/v2\/types\/product"}],"replies":[{"embeddable":true,"href":"https:\/\/www.huashunware.com\/fr\/wp-json\/wp\/v2\/comments?post=831"}],"wp:featuredmedia":[{"embeddable":true,"href":"https:\/\/www.huashunware.com\/fr\/wp-json\/wp\/v2\/media\/833"}],"wp:attachment":[{"href":"https:\/\/www.huashunware.com\/fr\/wp-json\/wp\/v2\/media?parent=831"}],"wp:term":[{"taxonomy":"product_brand","embeddable":true,"href":"https:\/\/www.huashunware.com\/fr\/wp-json\/wp\/v2\/product_brand?post=831"},{"taxonomy":"product_cat","embeddable":true,"href":"https:\/\/www.huashunware.com\/fr\/wp-json\/wp\/v2\/product_cat?post=831"},{"taxonomy":"product_tag","embeddable":true,"href":"https:\/\/www.huashunware.com\/fr\/wp-json\/wp\/v2\/product_tag?post=831"}],"curies":[{"name":"wp","href":"https:\/\/api.w.org\/{rel}","templated":true}]}}