{"id":838,"date":"2025-10-22T02:22:02","date_gmt":"2025-10-22T02:05:39","guid":{"rendered":"https:\/\/www.huashunware.com\/?post_type=product&#038;p=838"},"modified":"2026-02-04T02:02:50","modified_gmt":"2026-02-04T02:02:50","slug":"bulk-stainless-flatware-black-handle-flatware-set-supply","status":"publish","type":"product","link":"https:\/\/www.huashunware.com\/fr\/produit\/bulk-stainless-flatware-black-handle-flatware-set-supply\/","title":{"rendered":"Couverts en acier inoxydable en vrac Wholesale | Huashun Cutlery Factory"},"content":{"rendered":"<div class=\"wp-block-columns is-layout-flex wp-container-core-columns-is-layout-9d6595d7 wp-block-columns-is-layout-flex\">\n<div class=\"wp-block-column is-layout-flow wp-block-column-is-layout-flow\">\n<h2 class=\"wp-block-heading\">Couverts en acier inoxydable en vrac Caract\u00e9ristiques :<\/h2>\n\n\n\n<ol start=\"1\" class=\"wp-block-list\">\n<li><strong>Construction en acier inoxydable 18\/0 de premi\u00e8re qualit\u00e9<\/strong> Fabriqu\u00e9s en acier inoxydable 18\/0 de haute qualit\u00e9, ces couverts offrent une solidit\u00e9 sup\u00e9rieure, une r\u00e9sistance \u00e0 la corrosion et un poli miroir durable.<\/li>\n\n\n\n<li><strong>Poign\u00e9es ergonomiques classiques \u00e0 triple rivet<\/strong> sont dot\u00e9s d'une conception intemporelle \u00e0 triple rivet pour une durabilit\u00e9 maximale et d'une poign\u00e9e \u00e9quilibr\u00e9e et antid\u00e9rapante qui garantit le confort lors d'une utilisation prolong\u00e9e.<\/li>\n\n\n\n<li><strong>Personnalisation multicolore vibrante<\/strong> Nos poign\u00e9es utilisent une technologie avanc\u00e9e de transfert thermique pour offrir des couleurs vari\u00e9es (comme le bleu profond ou le noir classique) qui ne s'\u00e9cailleront pas et ne se d\u00e9coloreront pas au fil du temps.<\/li>\n\n\n\n<li><strong>Bo\u00eete de pr\u00e9sentation de 24 pi\u00e8ces pr\u00eates \u00e0 \u00eatre vendues au d\u00e9tail<\/strong> Livr\u00e9 dans un coffret cadeau professionnel de 24 pi\u00e8ces (24 couverts) avec une fen\u00eatre visuelle et une poign\u00e9e de transport - parfait pour les rayons des supermarch\u00e9s europ\u00e9ens.<\/li>\n\n\n\n<li><strong>Peu d'entretien et lavable au lave-vaisselle, con\u00e7u pour une utilisation \u00e0 haute fr\u00e9quence<\/strong>Gr\u00e2ce \u00e0 l'utilisation d'un syst\u00e8me d'aspiration, cet ensemble conserve son \u00e9clat et sa forme m\u00eame apr\u00e8s de nombreux lavages en machine, ce qui permet de r\u00e9aliser des \u00e9conomies.<\/li>\n\n\n\n<li><strong>Solutions OEM\/ODM flexibles pour le vrac<\/strong> Huashun propose des logos personnalis\u00e9s, des emballages sur mesure et des textures de poign\u00e9es sp\u00e9cifiques afin d'aider les d\u00e9taillants internationaux et les acheteurs du secteur de l'h\u00f4tellerie et de la restauration \u00e0 d\u00e9velopper leurs marques.<\/li>\n<\/ol>\n<\/div>\n\n\n\n<div class=\"wp-block-column is-vertically-aligned-center is-layout-flow wp-block-column-is-layout-flow\">\n<figure class=\"wp-block-image size-full\"><img decoding=\"async\" width=\"800\" height=\"800\" src=\"https:\/\/www.huashunware.com\/wp-content\/uploads\/2025\/10\/Bulk-Stainless-Flatware3.webp\" alt=\"Couverts en inox en vrac3\" class=\"wp-image-841\" srcset=\"https:\/\/www.huashunware.com\/wp-content\/uploads\/2025\/10\/Bulk-Stainless-Flatware3.webp 800w, https:\/\/www.huashunware.com\/wp-content\/uploads\/2025\/10\/Bulk-Stainless-Flatware3-300x300.webp 300w, https:\/\/www.huashunware.com\/wp-content\/uploads\/2025\/10\/Bulk-Stainless-Flatware3-150x150.webp 150w, https:\/\/www.huashunware.com\/wp-content\/uploads\/2025\/10\/Bulk-Stainless-Flatware3-768x768.webp 768w, https:\/\/www.huashunware.com\/wp-content\/uploads\/2025\/10\/Bulk-Stainless-Flatware3-12x12.webp 12w, https:\/\/www.huashunware.com\/wp-content\/uploads\/2025\/10\/Bulk-Stainless-Flatware3-600x600.webp 600w, https:\/\/www.huashunware.com\/wp-content\/uploads\/2025\/10\/Bulk-Stainless-Flatware3-100x100.webp 100w\" sizes=\"(max-width: 800px) 100vw, 800px\" \/><\/figure>\n\n\n\n<figure class=\"wp-block-image size-full\"><img decoding=\"async\" width=\"1728\" height=\"1728\" src=\"https:\/\/www.huashunware.com\/wp-content\/uploads\/2025\/10\/Bulk-Stainless-Flatware-Black-Handle-Flatware-Set-Supply-1.webp\" alt=\"Bulk Stainless Flatware Black Handle Flatware Set Supply\" class=\"wp-image-1275\" srcset=\"https:\/\/www.huashunware.com\/wp-content\/uploads\/2025\/10\/Bulk-Stainless-Flatware-Black-Handle-Flatware-Set-Supply-1.webp 1728w, https:\/\/www.huashunware.com\/wp-content\/uploads\/2025\/10\/Bulk-Stainless-Flatware-Black-Handle-Flatware-Set-Supply-1-300x300.webp 300w, https:\/\/www.huashunware.com\/wp-content\/uploads\/2025\/10\/Bulk-Stainless-Flatware-Black-Handle-Flatware-Set-Supply-1-150x150.webp 150w, https:\/\/www.huashunware.com\/wp-content\/uploads\/2025\/10\/Bulk-Stainless-Flatware-Black-Handle-Flatware-Set-Supply-1-768x768.webp 768w, https:\/\/www.huashunware.com\/wp-content\/uploads\/2025\/10\/Bulk-Stainless-Flatware-Black-Handle-Flatware-Set-Supply-1-12x12.webp 12w, https:\/\/www.huashunware.com\/wp-content\/uploads\/2025\/10\/Bulk-Stainless-Flatware-Black-Handle-Flatware-Set-Supply-1-1200x1200.webp 1200w, https:\/\/www.huashunware.com\/wp-content\/uploads\/2025\/10\/Bulk-Stainless-Flatware-Black-Handle-Flatware-Set-Supply-1-600x600.webp 600w, https:\/\/www.huashunware.com\/wp-content\/uploads\/2025\/10\/Bulk-Stainless-Flatware-Black-Handle-Flatware-Set-Supply-1-100x100.webp 100w\" sizes=\"(max-width: 1728px) 100vw, 1728px\" \/><\/figure>\n<\/div>\n<\/div>","protected":false},"excerpt":{"rendered":"<p data-start=\"1174\" data-end=\"1465\">Le service de couverts en inox \u00e0 manche noir en vrac allie un design moderne \u00e0 une qualit\u00e9 durable. Dot\u00e9 d'un acier inoxydable durable et de poign\u00e9es noires imprim\u00e9es \u00e0 chaud, il offre confort, style et polyvalence pour les foyers, les restaurants et les d\u00e9taillants.<\/p>\n<h2>Attributs des couverts en acier inoxydable en vrac :<\/h2>\n<table>\n<thead>\n<tr>\n<th>Objet<\/th>\n<th>Poids (g)<\/th>\n<th>Longueur (cm)<\/th>\n<th>Largeur (cm)<\/th>\n<th>\u00c9paisseur (mm)<\/th>\n<\/tr>\n<\/thead>\n<tbody>\n<tr>\n<td>Couteau<\/td>\n<td>30.5<\/td>\n<td>21.0<\/td>\n<td>1.7<\/td>\n<td>1.5<\/td>\n<\/tr>\n<tr>\n<td>Fourchette<\/td>\n<td>27.3<\/td>\n<td>19.5<\/td>\n<td>2.4<\/td>\n<td>1.5<\/td>\n<\/tr>\n<tr>\n<td>Cuill\u00e8re<\/td>\n<td>36.0<\/td>\n<td>19.0<\/td>\n<td>3.6<\/td>\n<td>1.5<\/td>\n<\/tr>\n<tr>\n<td>Cuill\u00e8re \u00e0 caf\u00e9<\/td>\n<td>26.0<\/td>\n<td>16.5<\/td>\n<td>3.3<\/td>\n<td>1.5<\/td>\n<\/tr>\n<\/tbody>\n<\/table>\n<h2>Couverts en acier inoxydable sur mesure\uff1a<\/h2>\n<ul>\n<li>\u00c9chantillon gratuit : Un \u00e9chantillon gratuit peut \u00eatre disponible.<\/li>\n<li>Emballage et personnalisation du logo : Nous acceptons les logos personnalis\u00e9s sur l'emballage et proposons diverses options d'emballage, notamment des bo\u00eetes en PET, des bo\u00eetes en PVC et des bo\u00eetes-cadeaux.<\/li>\n<li>Options de couleur de la poign\u00e9e : La personnalisation de la couleur de la poign\u00e9e est accept\u00e9e, avec 6 \u00e0 8 couleurs disponibles en stock.<\/li>\n<\/ul>","protected":false},"featured_media":841,"comment_status":"closed","ping_status":"closed","template":"","meta":{"_acf_changed":false},"product_brand":[],"product_cat":[18,26],"product_tag":[],"class_list":{"0":"post-838","1":"product","2":"type-product","3":"status-publish","4":"has-post-thumbnail","6":"product_cat-cutlery-set-wholesale","7":"product_cat-plastic-handle-flatware-set","9":"first","10":"instock","11":"shipping-taxable","12":"product-type-simple"},"acf":[],"_links":{"self":[{"href":"https:\/\/www.huashunware.com\/fr\/wp-json\/wp\/v2\/product\/838","targetHints":{"allow":["GET"]}}],"collection":[{"href":"https:\/\/www.huashunware.com\/fr\/wp-json\/wp\/v2\/product"}],"about":[{"href":"https:\/\/www.huashunware.com\/fr\/wp-json\/wp\/v2\/types\/product"}],"replies":[{"embeddable":true,"href":"https:\/\/www.huashunware.com\/fr\/wp-json\/wp\/v2\/comments?post=838"}],"wp:featuredmedia":[{"embeddable":true,"href":"https:\/\/www.huashunware.com\/fr\/wp-json\/wp\/v2\/media\/841"}],"wp:attachment":[{"href":"https:\/\/www.huashunware.com\/fr\/wp-json\/wp\/v2\/media?parent=838"}],"wp:term":[{"taxonomy":"product_brand","embeddable":true,"href":"https:\/\/www.huashunware.com\/fr\/wp-json\/wp\/v2\/product_brand?post=838"},{"taxonomy":"product_cat","embeddable":true,"href":"https:\/\/www.huashunware.com\/fr\/wp-json\/wp\/v2\/product_cat?post=838"},{"taxonomy":"product_tag","embeddable":true,"href":"https:\/\/www.huashunware.com\/fr\/wp-json\/wp\/v2\/product_tag?post=838"}],"curies":[{"name":"wp","href":"https:\/\/api.w.org\/{rel}","templated":true}]}}