{"id":844,"date":"2025-10-22T02:42:30","date_gmt":"2025-10-22T02:28:04","guid":{"rendered":"https:\/\/www.huashunware.com\/?post_type=product&#038;p=844"},"modified":"2026-02-04T01:50:48","modified_gmt":"2026-02-04T01:50:48","slug":"bulk-stainless-steel-flatware-color-handle-flatware-wholesale","status":"publish","type":"product","link":"https:\/\/www.huashunware.com\/fr\/produit\/bulk-stainless-steel-flatware-color-handle-flatware-wholesale\/","title":{"rendered":"Couverts de table en acier inoxydable en vrac Poign\u00e9e de couleur Couverts de table en gros"},"content":{"rendered":"<div class=\"wp-block-columns is-layout-flex wp-container-core-columns-is-layout-9d6595d7 wp-block-columns-is-layout-flex\">\n<div class=\"wp-block-column is-layout-flow wp-block-column-is-layout-flow\">\n<h2 class=\"wp-block-heading\">Couverts en acier inoxydable en vrac Caract\u00e9ristiques :<\/h2>\n\n\n\n<p><strong>Fabrication en acier inoxydable de qualit\u00e9 sup\u00e9rieure<\/strong> Fabriqu\u00e9e en acier inoxydable 18\/0 de haute qualit\u00e9, chaque pi\u00e8ce allie solidit\u00e9 et \u00e9clat, et reste r\u00e9sistante \u00e0 la rouille m\u00eame apr\u00e8s des ann\u00e9es d'utilisation quotidienne.<\/p>\n\n\n\n<p><strong>Poign\u00e9es de couleurs vives et \u00e9l\u00e9gantes<\/strong> Le manche est d'un rouge brillant audacieux et d'une forme ergonomique contemporaine. Il est con\u00e7u pour s'adapter \u00e0 toutes les ambiances, des repas familiaux aux restaurants haut de gamme.<\/p>\n\n\n\n<p><strong>Finition polie miroir de premi\u00e8re qualit\u00e9<\/strong> Les t\u00eates m\u00e9talliques sont polies avec pr\u00e9cision pour obtenir une finition miroir tr\u00e8s brillante, garantissant des bords lisses et une exp\u00e9rience gastronomique raffin\u00e9e et professionnelle.<\/p>\n\n\n\n<p><strong>Emballage cadeau transparent unique<\/strong> Pr\u00e9sent\u00e9 dans une bo\u00eete transparente, pr\u00eate pour la vente au d\u00e9tail, avec une poign\u00e9e de transport, il constitue un choix de haute visibilit\u00e9 pour les supermarch\u00e9s et les promotions de cadeaux haut de gamme.<\/p>\n\n\n\n<p><strong>Reliable Bulk &amp; Wholesale Supply<\/strong> En tant que fabricant direct, <strong>Huashun<\/strong> offre une qualit\u00e9 constante et une livraison rapide pour les commandes de gros volumes, \u00e0 l'intention des d\u00e9taillants et des entreprises du secteur de l'h\u00f4tellerie et de la restauration dans le monde entier.<\/p>\n\n\n\n<p><strong>Personnalisation compl\u00e8te de la marque et du logo<\/strong> Renforcez votre pr\u00e9sence sur le march\u00e9 gr\u00e2ce \u00e0 nos solutions OEM flexibles, y compris des couleurs de poign\u00e9es personnalis\u00e9es, l'impression de logos et des conceptions d'emballage sur mesure.<\/p>\n<\/div>\n\n\n\n<div class=\"wp-block-column is-vertically-aligned-center is-layout-flow wp-block-column-is-layout-flow\">\n<figure class=\"wp-block-image size-full\"><img decoding=\"async\" width=\"800\" height=\"800\" src=\"https:\/\/www.huashunware.com\/wp-content\/uploads\/2025\/10\/Bulk-Stainless-Steel-Flatware2.webp\" alt=\"Couverts en acier inoxydable en vrac2\" class=\"wp-image-850\" srcset=\"https:\/\/www.huashunware.com\/wp-content\/uploads\/2025\/10\/Bulk-Stainless-Steel-Flatware2.webp 800w, https:\/\/www.huashunware.com\/wp-content\/uploads\/2025\/10\/Bulk-Stainless-Steel-Flatware2-300x300.webp 300w, https:\/\/www.huashunware.com\/wp-content\/uploads\/2025\/10\/Bulk-Stainless-Steel-Flatware2-150x150.webp 150w, https:\/\/www.huashunware.com\/wp-content\/uploads\/2025\/10\/Bulk-Stainless-Steel-Flatware2-768x768.webp 768w, https:\/\/www.huashunware.com\/wp-content\/uploads\/2025\/10\/Bulk-Stainless-Steel-Flatware2-12x12.webp 12w, https:\/\/www.huashunware.com\/wp-content\/uploads\/2025\/10\/Bulk-Stainless-Steel-Flatware2-600x600.webp 600w, https:\/\/www.huashunware.com\/wp-content\/uploads\/2025\/10\/Bulk-Stainless-Steel-Flatware2-100x100.webp 100w\" sizes=\"(max-width: 800px) 100vw, 800px\" \/><\/figure>\n\n\n\n<figure class=\"wp-block-image size-full\"><img decoding=\"async\" width=\"2500\" height=\"2500\" src=\"https:\/\/www.huashunware.com\/wp-content\/uploads\/2025\/10\/Bulk-Stainless-Steel-Flatware-Color-Handle-Flatware-Wholesale-1.webp\" alt=\"Couverts de table en acier inoxydable en vrac Poign\u00e9e de couleur Couverts de table en gros\" class=\"wp-image-1271\" srcset=\"https:\/\/www.huashunware.com\/wp-content\/uploads\/2025\/10\/Bulk-Stainless-Steel-Flatware-Color-Handle-Flatware-Wholesale-1.webp 2500w, https:\/\/www.huashunware.com\/wp-content\/uploads\/2025\/10\/Bulk-Stainless-Steel-Flatware-Color-Handle-Flatware-Wholesale-1-300x300.webp 300w, https:\/\/www.huashunware.com\/wp-content\/uploads\/2025\/10\/Bulk-Stainless-Steel-Flatware-Color-Handle-Flatware-Wholesale-1-150x150.webp 150w, https:\/\/www.huashunware.com\/wp-content\/uploads\/2025\/10\/Bulk-Stainless-Steel-Flatware-Color-Handle-Flatware-Wholesale-1-768x768.webp 768w, https:\/\/www.huashunware.com\/wp-content\/uploads\/2025\/10\/Bulk-Stainless-Steel-Flatware-Color-Handle-Flatware-Wholesale-1-12x12.webp 12w, https:\/\/www.huashunware.com\/wp-content\/uploads\/2025\/10\/Bulk-Stainless-Steel-Flatware-Color-Handle-Flatware-Wholesale-1-1200x1200.webp 1200w, https:\/\/www.huashunware.com\/wp-content\/uploads\/2025\/10\/Bulk-Stainless-Steel-Flatware-Color-Handle-Flatware-Wholesale-1-600x600.webp 600w, https:\/\/www.huashunware.com\/wp-content\/uploads\/2025\/10\/Bulk-Stainless-Steel-Flatware-Color-Handle-Flatware-Wholesale-1-100x100.webp 100w\" sizes=\"(max-width: 2500px) 100vw, 2500px\" \/><figcaption class=\"wp-element-caption\"><strong><mark style=\"background-color:rgba(0, 0, 0, 0);color:#dd3737\" class=\"has-inline-color\">Emballage de pr\u00e9sentation exquis<\/mark><\/strong><\/figcaption><\/figure>\n<\/div>\n<\/div>\n\n\n\n<p><\/p>","protected":false},"excerpt":{"rendered":"<p data-start=\"1174\" data-end=\"1465\">Les couverts en acier inoxydable \u00e0 manche color\u00e9 en gros offrent des couverts \u00e9l\u00e9gants et durables avec des manches color\u00e9s et un emballage personnalisable. Ils sont parfaits pour les d\u00e9taillants et les entreprises de l'h\u00f4tellerie et de la restauration qui recherchent la qualit\u00e9 et la flexibilit\u00e9 en mati\u00e8re de design.<\/p>\n<h2>Couverts en acier inoxydable en vrac Attributs :<\/h2>\n<table>\n<thead>\n<tr>\n<th>Objet<\/th>\n<th>Poids (g)<\/th>\n<th>Longueur (cm)<\/th>\n<th>Largeur (cm)<\/th>\n<th>\u00c9paisseur (mm)<\/th>\n<\/tr>\n<\/thead>\n<tbody>\n<tr>\n<td>Couteau<\/td>\n<td>30.5<\/td>\n<td>21.0<\/td>\n<td>1.7<\/td>\n<td>1.5<\/td>\n<\/tr>\n<tr>\n<td>Fourchette<\/td>\n<td>22.5<\/td>\n<td>19.5<\/td>\n<td>2.4<\/td>\n<td>1.5<\/td>\n<\/tr>\n<tr>\n<td>Cuill\u00e8re<\/td>\n<td>36.0<\/td>\n<td>19.0<\/td>\n<td>3.6<\/td>\n<td>1.5<\/td>\n<\/tr>\n<tr>\n<td>Cuill\u00e8re \u00e0 caf\u00e9<\/td>\n<td>26.0<\/td>\n<td>15.2<\/td>\n<td>3.3<\/td>\n<td>1.5<\/td>\n<\/tr>\n<\/tbody>\n<\/table>\n<h2>Couverts en acier inoxydable sur mesure\uff1a<\/h2>\n<ul>\n<li>\u00c9chantillon gratuit : Un \u00e9chantillon gratuit peut \u00eatre disponible.<\/li>\n<li>Emballage et personnalisation du logo : Nous acceptons les logos personnalis\u00e9s sur l'emballage et proposons diverses options d'emballage, notamment des bo\u00eetes en PET, des bo\u00eetes en PVC et des bo\u00eetes-cadeaux.<\/li>\n<li>Options de couleur de la poign\u00e9e : La personnalisation de la couleur de la poign\u00e9e est accept\u00e9e, avec 6 \u00e0 8 couleurs disponibles en stock.<\/li>\n<\/ul>","protected":false},"featured_media":850,"comment_status":"closed","ping_status":"closed","template":"","meta":{"_acf_changed":false},"product_brand":[],"product_cat":[18,26],"product_tag":[],"class_list":{"0":"post-844","1":"product","2":"type-product","3":"status-publish","4":"has-post-thumbnail","6":"product_cat-cutlery-set-wholesale","7":"product_cat-plastic-handle-flatware-set","9":"first","10":"instock","11":"shipping-taxable","12":"product-type-simple"},"acf":[],"_links":{"self":[{"href":"https:\/\/www.huashunware.com\/fr\/wp-json\/wp\/v2\/product\/844","targetHints":{"allow":["GET"]}}],"collection":[{"href":"https:\/\/www.huashunware.com\/fr\/wp-json\/wp\/v2\/product"}],"about":[{"href":"https:\/\/www.huashunware.com\/fr\/wp-json\/wp\/v2\/types\/product"}],"replies":[{"embeddable":true,"href":"https:\/\/www.huashunware.com\/fr\/wp-json\/wp\/v2\/comments?post=844"}],"wp:featuredmedia":[{"embeddable":true,"href":"https:\/\/www.huashunware.com\/fr\/wp-json\/wp\/v2\/media\/850"}],"wp:attachment":[{"href":"https:\/\/www.huashunware.com\/fr\/wp-json\/wp\/v2\/media?parent=844"}],"wp:term":[{"taxonomy":"product_brand","embeddable":true,"href":"https:\/\/www.huashunware.com\/fr\/wp-json\/wp\/v2\/product_brand?post=844"},{"taxonomy":"product_cat","embeddable":true,"href":"https:\/\/www.huashunware.com\/fr\/wp-json\/wp\/v2\/product_cat?post=844"},{"taxonomy":"product_tag","embeddable":true,"href":"https:\/\/www.huashunware.com\/fr\/wp-json\/wp\/v2\/product_tag?post=844"}],"curies":[{"name":"wp","href":"https:\/\/api.w.org\/{rel}","templated":true}]}}