{"id":854,"date":"2025-10-22T06:57:27","date_gmt":"2025-10-22T06:42:00","guid":{"rendered":"https:\/\/www.huashunware.com\/?post_type=product&#038;p=854"},"modified":"2026-02-03T09:53:14","modified_gmt":"2026-02-03T09:53:14","slug":"wholesale-stainless-flatware-round-handle-cutlery","status":"publish","type":"product","link":"https:\/\/www.huashunware.com\/fr\/produit\/wholesale-stainless-flatware-round-handle-cutlery\/","title":{"rendered":"Wholesale Stainless Flatware Round Handle Cutlery (Couverts en acier inoxydable \u00e0 manche rond)"},"content":{"rendered":"<div class=\"wp-block-columns is-layout-flex wp-container-core-columns-is-layout-9d6595d7 wp-block-columns-is-layout-flex\">\n<div class=\"wp-block-column is-layout-flow wp-block-column-is-layout-flow\">\n<h2 class=\"wp-block-heading\">Couverts en acier inoxydable en gros Caract\u00e9ristiques :<\/h2>\n\n\n\n<p><strong>Mat\u00e9riau durable en acier inoxydable<\/strong> \uff1aFabriqu\u00e9s en acier inoxydable de haute qualit\u00e9, ces couverts offrent une durabilit\u00e9 exceptionnelle et une finition polie qui reste brillante m\u00eame en cas d'utilisation quotidienne.<\/p>\n\n\n\n<p><strong>Poign\u00e9e ronde moderne :<\/strong> Les poign\u00e9es rondes, lisses et vibrantes, offrent un look minimaliste avec une prise en main confortable, parfaite pour les repas d\u00e9contract\u00e9s et les styles de vie modernes.<\/p>\n\n\n\n<p><strong>Emballage portable peu encombrant<\/strong>\uff1a Pr\u00e9sent\u00e9 dans des tubes transparents compacts et efficaces qui r\u00e9duisent les frais d'exp\u00e9dition et rendent le set parfait pour <strong>utilisation en d\u00e9placement ou en voyage<\/strong>.<\/p>\n\n\n\n<p><strong>Palette de couleurs vibrantes personnalis\u00e9es<\/strong>\uff1a Disponible dans une large gamme de couleurs accrocheuses (comme l'orange vif illustr\u00e9), vous permettant de vous adapter \u00e0 votre marque ou aux tendances saisonni\u00e8res de la vente au d\u00e9tail.<\/p>\n\n\n\n<p><strong>Impression de logos personnalis\u00e9s possible<\/strong>\uff1a L'emballage et les poign\u00e9es sont con\u00e7us pour faciliter la personnalisation du logo, ce qui permet aux marques d'am\u00e9liorer la visibilit\u00e9 de leurs produits. <strong>cadeaux promotionnels<\/strong>.<\/p>\n\n\n\n<p><strong>Prix de gros rentables<\/strong>\uff1a Propos\u00e9 \u00e0 un prix de gros comp\u00e9titif, ce coffret allie qualit\u00e9 et prix abordable, ce qui le rend id\u00e9al pour les march\u00e9s des cadeaux \u00e0 grand volume ou de la vente au d\u00e9tail.<\/p>\n<\/div>\n\n\n\n<div class=\"wp-block-column is-vertically-aligned-center is-layout-flow wp-block-column-is-layout-flow\">\n<figure class=\"wp-block-image size-full\"><img decoding=\"async\" width=\"800\" height=\"800\" src=\"https:\/\/www.huashunware.com\/wp-content\/uploads\/2025\/10\/Wholesale-Stainless-Flatware1.webp\" alt=\"Couverts en acier inoxydable en gros1\" class=\"wp-image-855\" srcset=\"https:\/\/www.huashunware.com\/wp-content\/uploads\/2025\/10\/Wholesale-Stainless-Flatware1.webp 800w, https:\/\/www.huashunware.com\/wp-content\/uploads\/2025\/10\/Wholesale-Stainless-Flatware1-300x300.webp 300w, https:\/\/www.huashunware.com\/wp-content\/uploads\/2025\/10\/Wholesale-Stainless-Flatware1-150x150.webp 150w, https:\/\/www.huashunware.com\/wp-content\/uploads\/2025\/10\/Wholesale-Stainless-Flatware1-768x768.webp 768w, https:\/\/www.huashunware.com\/wp-content\/uploads\/2025\/10\/Wholesale-Stainless-Flatware1-12x12.webp 12w, https:\/\/www.huashunware.com\/wp-content\/uploads\/2025\/10\/Wholesale-Stainless-Flatware1-600x600.webp 600w, https:\/\/www.huashunware.com\/wp-content\/uploads\/2025\/10\/Wholesale-Stainless-Flatware1-100x100.webp 100w\" sizes=\"(max-width: 800px) 100vw, 800px\" \/><\/figure>\n\n\n\n<figure class=\"wp-block-image size-full\"><img decoding=\"async\" width=\"3072\" height=\"3072\" src=\"https:\/\/www.huashunware.com\/wp-content\/uploads\/2025\/10\/Wholesale-Stainless-Flatware-Round-Handle-Cutlery-1.webp\" alt=\"Wholesale Stainless Flatware Round Handle Cutlery (Couverts en acier inoxydable \u00e0 manche rond)\" class=\"wp-image-1200\" srcset=\"https:\/\/www.huashunware.com\/wp-content\/uploads\/2025\/10\/Wholesale-Stainless-Flatware-Round-Handle-Cutlery-1.webp 3072w, https:\/\/www.huashunware.com\/wp-content\/uploads\/2025\/10\/Wholesale-Stainless-Flatware-Round-Handle-Cutlery-1-300x300.webp 300w, https:\/\/www.huashunware.com\/wp-content\/uploads\/2025\/10\/Wholesale-Stainless-Flatware-Round-Handle-Cutlery-1-150x150.webp 150w, https:\/\/www.huashunware.com\/wp-content\/uploads\/2025\/10\/Wholesale-Stainless-Flatware-Round-Handle-Cutlery-1-768x768.webp 768w, https:\/\/www.huashunware.com\/wp-content\/uploads\/2025\/10\/Wholesale-Stainless-Flatware-Round-Handle-Cutlery-1-12x12.webp 12w, https:\/\/www.huashunware.com\/wp-content\/uploads\/2025\/10\/Wholesale-Stainless-Flatware-Round-Handle-Cutlery-1-1200x1200.webp 1200w, https:\/\/www.huashunware.com\/wp-content\/uploads\/2025\/10\/Wholesale-Stainless-Flatware-Round-Handle-Cutlery-1-600x600.webp 600w, https:\/\/www.huashunware.com\/wp-content\/uploads\/2025\/10\/Wholesale-Stainless-Flatware-Round-Handle-Cutlery-1-100x100.webp 100w\" sizes=\"(max-width: 3072px) 100vw, 3072px\" \/><\/figure>\n<\/div>\n<\/div>","protected":false},"excerpt":{"rendered":"<p data-start=\"1174\" data-end=\"1465\">Wholesale stainless flatware round handle cutlery propose des couverts en acier inoxydable durables avec des manches ronds \u00e9l\u00e9gants, des emballages compacts et des logos personnalisables, parfaits pour les promotions et la vente en gros.<\/p>\n<h2 data-start=\"1174\" data-end=\"1465\">Attributs des couverts en acier inoxydable de gros\uff1a<\/h2>\n<table>\n<thead>\n<tr>\n<th>Objet<\/th>\n<th>Poids (g)<\/th>\n<th>Longueur (cm)<\/th>\n<th>Largeur (cm)<\/th>\n<th>\u00c9paisseur (mm)<\/th>\n<\/tr>\n<\/thead>\n<tbody>\n<tr>\n<td>Couteau<\/td>\n<td>27.2<\/td>\n<td>21.0<\/td>\n<td>1.7<\/td>\n<td>1.5<\/td>\n<\/tr>\n<tr>\n<td>Fourchette<\/td>\n<td>22.5<\/td>\n<td>19.5<\/td>\n<td>2.4<\/td>\n<td>1.5<\/td>\n<\/tr>\n<tr>\n<td>Cuill\u00e8re<\/td>\n<td>33.0<\/td>\n<td>18.5<\/td>\n<td>3.8<\/td>\n<td>1.5<\/td>\n<\/tr>\n<tr>\n<td>Cuill\u00e8re \u00e0 caf\u00e9<\/td>\n<td>26.0<\/td>\n<td>16.0<\/td>\n<td>3.2<\/td>\n<td>1.5<\/td>\n<\/tr>\n<\/tbody>\n<\/table>\n<h2>Couverts en acier inoxydable sur mesure\uff1a<\/h2>\n<ul>\n<li>\u00c9chantillon gratuit : Un \u00e9chantillon gratuit peut \u00eatre disponible.<\/li>\n<li>Emballage et personnalisation du logo : Nous acceptons les logos personnalis\u00e9s sur l'emballage et proposons diverses options d'emballage, notamment des bo\u00eetes en PET, des bo\u00eetes en PVC et des bo\u00eetes-cadeaux.<\/li>\n<li>Options de couleur de la poign\u00e9e : La personnalisation de la couleur de la poign\u00e9e est accept\u00e9e, avec 6 \u00e0 8 couleurs disponibles en stock.<\/li>\n<\/ul>","protected":false},"featured_media":855,"comment_status":"closed","ping_status":"closed","template":"","meta":{"_acf_changed":false},"product_brand":[],"product_cat":[18,26],"product_tag":[],"class_list":{"0":"post-854","1":"product","2":"type-product","3":"status-publish","4":"has-post-thumbnail","6":"product_cat-cutlery-set-wholesale","7":"product_cat-plastic-handle-flatware-set","9":"first","10":"instock","11":"shipping-taxable","12":"product-type-simple"},"acf":[],"_links":{"self":[{"href":"https:\/\/www.huashunware.com\/fr\/wp-json\/wp\/v2\/product\/854","targetHints":{"allow":["GET"]}}],"collection":[{"href":"https:\/\/www.huashunware.com\/fr\/wp-json\/wp\/v2\/product"}],"about":[{"href":"https:\/\/www.huashunware.com\/fr\/wp-json\/wp\/v2\/types\/product"}],"replies":[{"embeddable":true,"href":"https:\/\/www.huashunware.com\/fr\/wp-json\/wp\/v2\/comments?post=854"}],"wp:featuredmedia":[{"embeddable":true,"href":"https:\/\/www.huashunware.com\/fr\/wp-json\/wp\/v2\/media\/855"}],"wp:attachment":[{"href":"https:\/\/www.huashunware.com\/fr\/wp-json\/wp\/v2\/media?parent=854"}],"wp:term":[{"taxonomy":"product_brand","embeddable":true,"href":"https:\/\/www.huashunware.com\/fr\/wp-json\/wp\/v2\/product_brand?post=854"},{"taxonomy":"product_cat","embeddable":true,"href":"https:\/\/www.huashunware.com\/fr\/wp-json\/wp\/v2\/product_cat?post=854"},{"taxonomy":"product_tag","embeddable":true,"href":"https:\/\/www.huashunware.com\/fr\/wp-json\/wp\/v2\/product_tag?post=854"}],"curies":[{"name":"wp","href":"https:\/\/api.w.org\/{rel}","templated":true}]}}