{"id":861,"date":"2025-10-22T07:34:36","date_gmt":"2025-10-22T07:14:34","guid":{"rendered":"https:\/\/www.huashunware.com\/?post_type=product&#038;p=861"},"modified":"2026-02-03T09:45:39","modified_gmt":"2026-02-03T09:45:39","slug":"custom-stainless-flatware-with-black-handles","status":"publish","type":"product","link":"https:\/\/www.huashunware.com\/fr\/produit\/custom-stainless-flatware-with-black-handles\/","title":{"rendered":"Fabricant de couverts en acier inoxydable sur mesure | Huashun Cutlery"},"content":{"rendered":"<div class=\"wp-block-columns is-layout-flex wp-container-core-columns-is-layout-9d6595d7 wp-block-columns-is-layout-flex\">\n<div class=\"wp-block-column is-layout-flow wp-block-column-is-layout-flow\">\n<h2 class=\"wp-block-heading\">Couverts en acier inoxydable personnalis\u00e9s Caract\u00e9ristiques :<\/h2>\n\n\n\n<p><strong>Construction en acier inoxydable raffin\u00e9<\/strong> Fabriqu\u00e9s en acier inoxydable 18\/0 de haute qualit\u00e9, ces couverts sont r\u00e9sistants \u00e0 la rouille et durables, assurant un m\u00e9lange parfait de solidit\u00e9 et d'esth\u00e9tique.<\/p>\n\n\n\n<p><strong>Modern Matte Custom Handles :<\/strong> Avec leur finition mate chic et leur toucher doux et confortable, nos poign\u00e9es ajoutent de la sophistication \u00e0 toute table et sont disponibles en plusieurs versions. <strong>couleurs personnalis\u00e9es<\/strong>.<\/p>\n\n\n\n<p><strong>\u00c9l\u00e9gante surface polie miroir<\/strong> Les t\u00eates m\u00e9talliques sont polies avec pr\u00e9cision pour obtenir une finition miroir tr\u00e8s brillante, cr\u00e9ant un contraste de qualit\u00e9 avec les poign\u00e9es mates color\u00e9es.<\/p>\n\n\n\n<p><strong>Emballage cadeau premium de 24 pi\u00e8ces<\/strong> Pr\u00e9sent\u00e9 dans un cadre haut de gamme <strong>Bo\u00eete de pr\u00e9sentation de 24 pi\u00e8ces<\/strong>Ce set est parfaitement organis\u00e9 pour la vente au d\u00e9tail, les cadeaux d'entreprise ou une utilisation domestique de qualit\u00e9.<\/p>\n\n\n\n<p><strong>Marque et personnalisation du logo<\/strong> Nous proposons des solutions OEM compl\u00e8tes, notamment <strong>gravure de logo personnalis\u00e9<\/strong> et des emballages sur mesure, pour aider votre marque \u00e0 avoir un impact m\u00e9morable.<\/p>\n\n\n\n<p><strong>Une option \u00e9conomique mais haut de gamme<\/strong> Huashun offre une apparence haut de gamme sans co\u00fbt \u00e9lev\u00e9, ce qui en fait un choix rentable pour les commandes en gros et la vente au d\u00e9tail promotionnelle.<\/p>\n<\/div>\n\n\n\n<div class=\"wp-block-column is-vertically-aligned-center is-layout-flow wp-block-column-is-layout-flow\">\n<figure class=\"wp-block-image size-full\"><img decoding=\"async\" width=\"800\" height=\"800\" src=\"https:\/\/www.huashunware.com\/wp-content\/uploads\/2025\/10\/Custom-Stainless-Flatware1.webp\" alt=\"Couverts en acier inoxydable personnalis\u00e9s1\" class=\"wp-image-862\" srcset=\"https:\/\/www.huashunware.com\/wp-content\/uploads\/2025\/10\/Custom-Stainless-Flatware1.webp 800w, https:\/\/www.huashunware.com\/wp-content\/uploads\/2025\/10\/Custom-Stainless-Flatware1-300x300.webp 300w, https:\/\/www.huashunware.com\/wp-content\/uploads\/2025\/10\/Custom-Stainless-Flatware1-150x150.webp 150w, https:\/\/www.huashunware.com\/wp-content\/uploads\/2025\/10\/Custom-Stainless-Flatware1-768x768.webp 768w, https:\/\/www.huashunware.com\/wp-content\/uploads\/2025\/10\/Custom-Stainless-Flatware1-12x12.webp 12w, https:\/\/www.huashunware.com\/wp-content\/uploads\/2025\/10\/Custom-Stainless-Flatware1-600x600.webp 600w, https:\/\/www.huashunware.com\/wp-content\/uploads\/2025\/10\/Custom-Stainless-Flatware1-100x100.webp 100w\" sizes=\"(max-width: 800px) 100vw, 800px\" \/><\/figure>\n\n\n\n<figure class=\"wp-block-image size-full\"><img decoding=\"async\" width=\"3686\" height=\"3686\" src=\"https:\/\/www.huashunware.com\/wp-content\/uploads\/2025\/10\/Custom-Stainless-Flatware-with-Black-Handles-1.webp\" alt=\"Couverts en acier inoxydable personnalis\u00e9s avec poign\u00e9es noires\" class=\"wp-image-1264\" srcset=\"https:\/\/www.huashunware.com\/wp-content\/uploads\/2025\/10\/Custom-Stainless-Flatware-with-Black-Handles-1.webp 3686w, https:\/\/www.huashunware.com\/wp-content\/uploads\/2025\/10\/Custom-Stainless-Flatware-with-Black-Handles-1-300x300.webp 300w, https:\/\/www.huashunware.com\/wp-content\/uploads\/2025\/10\/Custom-Stainless-Flatware-with-Black-Handles-1-150x150.webp 150w, https:\/\/www.huashunware.com\/wp-content\/uploads\/2025\/10\/Custom-Stainless-Flatware-with-Black-Handles-1-768x768.webp 768w, https:\/\/www.huashunware.com\/wp-content\/uploads\/2025\/10\/Custom-Stainless-Flatware-with-Black-Handles-1-12x12.webp 12w, https:\/\/www.huashunware.com\/wp-content\/uploads\/2025\/10\/Custom-Stainless-Flatware-with-Black-Handles-1-1200x1200.webp 1200w, https:\/\/www.huashunware.com\/wp-content\/uploads\/2025\/10\/Custom-Stainless-Flatware-with-Black-Handles-1-600x600.webp 600w, https:\/\/www.huashunware.com\/wp-content\/uploads\/2025\/10\/Custom-Stainless-Flatware-with-Black-Handles-1-100x100.webp 100w\" sizes=\"(max-width: 3686px) 100vw, 3686px\" \/><\/figure>\n<\/div>\n<\/div>","protected":false},"excerpt":{"rendered":"<p data-start=\"1174\" data-end=\"1465\">Huashun propose des couverts en acier inoxydable personnalis\u00e9s avec des poign\u00e9es mates. Acier 18\/0 durable, couleurs personnalis\u00e9es \u00e9clatantes et emballage cadeau. Id\u00e9al pour l'image de marque d'une entreprise. Demandez un devis !<\/p>\n<h2 data-start=\"1174\" data-end=\"1465\">Attributs des couverts en acier inoxydable personnalis\u00e9s\uff1a<\/h2>\n<table>\n<thead>\n<tr>\n<th>Objet<\/th>\n<th>Poids (g)<\/th>\n<th>Longueur (cm)<\/th>\n<th>Largeur (cm)<\/th>\n<th>\u00c9paisseur (mm)<\/th>\n<\/tr>\n<\/thead>\n<tbody>\n<tr>\n<td>Couteau<\/td>\n<td>27.5<\/td>\n<td>21.0<\/td>\n<td>1.7<\/td>\n<td>1.5<\/td>\n<\/tr>\n<tr>\n<td>Fourchette<\/td>\n<td>24.0<\/td>\n<td>19.5<\/td>\n<td>2.4<\/td>\n<td>1.5<\/td>\n<\/tr>\n<tr>\n<td>Cuill\u00e8re<\/td>\n<td>33.0<\/td>\n<td>19.0<\/td>\n<td>3.8<\/td>\n<td>1.5<\/td>\n<\/tr>\n<tr>\n<td>Cuill\u00e8re \u00e0 caf\u00e9<\/td>\n<td>15.5<\/td>\n<td>15.5<\/td>\n<td>3.3<\/td>\n<td>1.5<\/td>\n<\/tr>\n<\/tbody>\n<\/table>\n<h2>Couverts en acier inoxydable sur mesure\uff1a<\/h2>\n<ul>\n<li>\u00c9chantillon gratuit : Un \u00e9chantillon gratuit peut \u00eatre disponible.<\/li>\n<li>Emballage et personnalisation du logo : Nous acceptons les logos personnalis\u00e9s sur l'emballage et proposons diverses options d'emballage, notamment des bo\u00eetes en PET, des bo\u00eetes en PVC et des bo\u00eetes-cadeaux.<\/li>\n<li>Options de couleur de la poign\u00e9e : La personnalisation de la couleur de la poign\u00e9e est accept\u00e9e, avec 6 \u00e0 8 couleurs disponibles en stock.<\/li>\n<\/ul>","protected":false},"featured_media":862,"comment_status":"closed","ping_status":"closed","template":"","meta":{"_acf_changed":false},"product_brand":[],"product_cat":[18,26],"product_tag":[],"class_list":{"0":"post-861","1":"product","2":"type-product","3":"status-publish","4":"has-post-thumbnail","6":"product_cat-cutlery-set-wholesale","7":"product_cat-plastic-handle-flatware-set","9":"first","10":"instock","11":"shipping-taxable","12":"product-type-simple"},"acf":[],"_links":{"self":[{"href":"https:\/\/www.huashunware.com\/fr\/wp-json\/wp\/v2\/product\/861","targetHints":{"allow":["GET"]}}],"collection":[{"href":"https:\/\/www.huashunware.com\/fr\/wp-json\/wp\/v2\/product"}],"about":[{"href":"https:\/\/www.huashunware.com\/fr\/wp-json\/wp\/v2\/types\/product"}],"replies":[{"embeddable":true,"href":"https:\/\/www.huashunware.com\/fr\/wp-json\/wp\/v2\/comments?post=861"}],"wp:featuredmedia":[{"embeddable":true,"href":"https:\/\/www.huashunware.com\/fr\/wp-json\/wp\/v2\/media\/862"}],"wp:attachment":[{"href":"https:\/\/www.huashunware.com\/fr\/wp-json\/wp\/v2\/media?parent=861"}],"wp:term":[{"taxonomy":"product_brand","embeddable":true,"href":"https:\/\/www.huashunware.com\/fr\/wp-json\/wp\/v2\/product_brand?post=861"},{"taxonomy":"product_cat","embeddable":true,"href":"https:\/\/www.huashunware.com\/fr\/wp-json\/wp\/v2\/product_cat?post=861"},{"taxonomy":"product_tag","embeddable":true,"href":"https:\/\/www.huashunware.com\/fr\/wp-json\/wp\/v2\/product_tag?post=861"}],"curies":[{"name":"wp","href":"https:\/\/api.w.org\/{rel}","templated":true}]}}