{"id":867,"date":"2025-10-23T02:31:02","date_gmt":"2025-10-23T01:58:38","guid":{"rendered":"https:\/\/www.huashunware.com\/?post_type=product&#038;p=867"},"modified":"2026-02-03T09:25:34","modified_gmt":"2026-02-03T09:25:34","slug":"wholesale-spoons-and-forks-premium-quality-silverware-sets","status":"publish","type":"product","link":"https:\/\/www.huashunware.com\/fr\/produit\/wholesale-spoons-and-forks-premium-quality-silverware-sets\/","title":{"rendered":"Cuill\u00e8res et fourchettes en gros, ensembles d'argenterie de qualit\u00e9 sup\u00e9rieure"},"content":{"rendered":"<div class=\"wp-block-columns is-layout-flex wp-container-core-columns-is-layout-9d6595d7 wp-block-columns-is-layout-flex\">\n<div class=\"wp-block-column is-layout-flow wp-block-column-is-layout-flow\">\n<h2 class=\"wp-block-heading\">Cuill\u00e8res et fourchettes en gros Caract\u00e9ristiques :<\/h2>\n\n\n\n<p><strong>Acier inoxydable 18\/0 de premi\u00e8re qualit\u00e9<\/strong> Fabriqu\u00e9es en acier inoxydable 18\/0 de haute qualit\u00e9, ces cuill\u00e8res et fourchettes sont r\u00e9sistantes \u00e0 la rouille et enti\u00e8rement conformes aux normes de l'Union europ\u00e9enne. <strong>Normes de s\u00e9curit\u00e9 alimentaire de l'UE et des \u00c9tats-Unis<\/strong>.<\/p>\n\n\n\n<p><strong>Finition professionnelle polie miroir<\/strong> Chaque pi\u00e8ce pr\u00e9sente une finition lisse et r\u00e9fl\u00e9chissante qui ajoute une touche de raffinement \u00e0 toute table, qu'il s'agisse de repas d\u00e9contract\u00e9s \u00e0 la maison ou d'\u00e9v\u00e9nements de restauration formels.<\/p>\n\n\n\n<p><strong>Poign\u00e9e ergonomique et \u00e9quilibr\u00e9e<\/strong> Les poign\u00e9es \u00e9l\u00e9gantes et profil\u00e9es sont con\u00e7ues de mani\u00e8re ergonomique pour une sensation de confort et d'\u00e9quilibre, rendant chaque repas plus agr\u00e9able et sans effort.<\/p>\n\n\n\n<p><strong>Construction durable en une seule pi\u00e8ce<\/strong> La conception int\u00e9gr\u00e9e tout en m\u00e9tal garantit une durabilit\u00e9 et une hygi\u00e8ne maximales, \u00e9vitant les r\u00e9sidus alimentaires et rendant l'ensemble id\u00e9al pour <strong>utilisation commerciale \u00e0 haute fr\u00e9quence<\/strong>.<\/p>\n\n\n\n<p><strong>100% Lavable au lave-vaisselle<\/strong> Con\u00e7us pour r\u00e9sister \u00e0 un nettoyage quotidien intensif en milieu industriel, ces ustensiles ne terniront pas et ne se corroderont pas, m\u00eame apr\u00e8s avoir \u00e9t\u00e9 nettoy\u00e9s. <strong>des milliers de cycles de lavage en machine<\/strong>.<\/p>\n\n\n\n<p><strong>Prix de gros comp\u00e9titifs<\/strong> En tant que fabricant direct, <strong>Huashun<\/strong> propose des prix imbattables pour les commandes en gros et prend en charge les logos et emballages personnalis\u00e9s pour r\u00e9pondre aux besoins de votre entreprise.<\/p>\n<\/div>\n\n\n\n<div class=\"wp-block-column is-vertically-aligned-center is-layout-flow wp-block-column-is-layout-flow\">\n<figure class=\"wp-block-image size-full\"><img decoding=\"async\" width=\"3072\" height=\"3072\" src=\"https:\/\/www.huashunware.com\/wp-content\/uploads\/2025\/10\/Wholesale-Spoons-and-Forks.png\" alt=\"Cuill\u00e8res et fourchettes en gros\" class=\"wp-image-868\" srcset=\"https:\/\/www.huashunware.com\/wp-content\/uploads\/2025\/10\/Wholesale-Spoons-and-Forks.png 3072w, https:\/\/www.huashunware.com\/wp-content\/uploads\/2025\/10\/Wholesale-Spoons-and-Forks-300x300.png 300w, https:\/\/www.huashunware.com\/wp-content\/uploads\/2025\/10\/Wholesale-Spoons-and-Forks-150x150.png 150w, https:\/\/www.huashunware.com\/wp-content\/uploads\/2025\/10\/Wholesale-Spoons-and-Forks-768x768.png 768w, https:\/\/www.huashunware.com\/wp-content\/uploads\/2025\/10\/Wholesale-Spoons-and-Forks-12x12.png 12w, https:\/\/www.huashunware.com\/wp-content\/uploads\/2025\/10\/Wholesale-Spoons-and-Forks-1200x1200.png 1200w, https:\/\/www.huashunware.com\/wp-content\/uploads\/2025\/10\/Wholesale-Spoons-and-Forks-600x600.png 600w, https:\/\/www.huashunware.com\/wp-content\/uploads\/2025\/10\/Wholesale-Spoons-and-Forks-100x100.png 100w\" sizes=\"(max-width: 3072px) 100vw, 3072px\" \/><\/figure>\n<\/div>\n<\/div>","protected":false},"excerpt":{"rendered":"<p data-start=\"1174\" data-end=\"1465\">Cuill\u00e8res et fourchettes en gros, ensembles d'argenterie de qualit\u00e9 sup\u00e9rieure. Fabriqu\u00e9 en acier inoxydable durable, cet ensemble \u00e9l\u00e9gant r\u00e9siste au ternissement et \u00e0 la corrosion, ce qui le rend parfait pour toutes les occasions. Id\u00e9al pour un usage domestique ou commercial, ces ustensiles offrent confort, style et qualit\u00e9 durable \u00e0 des prix de gros imbattables.<\/p>\n<h2>Cuill\u00e8res et fourchettes personnalis\u00e9es\uff1a<\/h2>\n<ul>\n<li data-start=\"43\" data-end=\"124\">\n<p data-start=\"46\" data-end=\"76\"><strong data-start=\"46\" data-end=\"74\">Disponibilit\u00e9 d'\u00e9chantillons gratuits\uff1a <\/strong>Nous offrons des \u00e9chantillons gratuits pour votre \u00e9valuation.<\/p>\n<\/li>\n<li data-start=\"126\" data-end=\"322\">\n<p data-start=\"129\" data-end=\"165\"><strong data-start=\"129\" data-end=\"163\">Options d'emballage personnalisables\uff1a <\/strong>Nous acceptons les logos personnalis\u00e9s sur l'emballage. Vous pouvez choisir parmi diff\u00e9rents styles d'emballage, tels que : Bo\u00eete en PET Bo\u00eete en PVC Bo\u00eete cadeau<\/p>\n<\/li>\n<li data-start=\"126\" data-end=\"322\">\n<p data-start=\"129\" data-end=\"165\"><strong data-start=\"327\" data-end=\"349\">Personnalisation du logo :<\/strong>Nous acceptons les logos grav\u00e9s au laser ou sculpt\u00e9s sur le produit.<\/p>\n<div class=\"text-base my-auto mx-auto pb-10 [--thread-content-margin:--spacing(4)] thread-sm:[--thread-content-margin:--spacing(6)] thread-lg:[--thread-content-margin:--spacing(16)] px-(--thread-content-margin)\">\n<div class=\"[--thread-content-max-width:40rem] thread-lg:[--thread-content-max-width:48rem] mx-auto max-w-(--thread-content-max-width) flex-1 group\/turn-messages focus-visible:outline-hidden relative flex w-full min-w-0 flex-col agent-turn\" tabindex=\"-1\">\n<div class=\"flex max-w-full flex-col grow\">\n<div class=\"min-h-8 text-message relative flex w-full flex-col items-end gap-2 text-start break-words whitespace-normal [.text-message+&amp;]:mt-1\" dir=\"auto\" data-message-author-role=\"assistant\" data-message-id=\"aa2ae332-605b-4306-94e4-23a9dd06bf09\" data-message-model-slug=\"gpt-5-mini\">\n<div class=\"flex w-full flex-col gap-1 empty:hidden first:pt-[1px]\">\n<div class=\"markdown prose dark:prose-invert w-full break-words light markdown-new-styling\">\u00a0<\/div>\n<\/div>\n<\/div>\n<\/div>\n<\/div>\n<\/div>\n<\/li>\n<\/ul>","protected":false},"featured_media":868,"comment_status":"closed","ping_status":"closed","template":"","meta":{"_acf_changed":false},"product_brand":[],"product_cat":[18,27],"product_tag":[],"class_list":{"0":"post-867","1":"product","2":"type-product","3":"status-publish","4":"has-post-thumbnail","6":"product_cat-cutlery-set-wholesale","7":"product_cat-stainless-steel-flatware-set","9":"first","10":"instock","11":"shipping-taxable","12":"product-type-simple"},"acf":[],"_links":{"self":[{"href":"https:\/\/www.huashunware.com\/fr\/wp-json\/wp\/v2\/product\/867","targetHints":{"allow":["GET"]}}],"collection":[{"href":"https:\/\/www.huashunware.com\/fr\/wp-json\/wp\/v2\/product"}],"about":[{"href":"https:\/\/www.huashunware.com\/fr\/wp-json\/wp\/v2\/types\/product"}],"replies":[{"embeddable":true,"href":"https:\/\/www.huashunware.com\/fr\/wp-json\/wp\/v2\/comments?post=867"}],"wp:featuredmedia":[{"embeddable":true,"href":"https:\/\/www.huashunware.com\/fr\/wp-json\/wp\/v2\/media\/868"}],"wp:attachment":[{"href":"https:\/\/www.huashunware.com\/fr\/wp-json\/wp\/v2\/media?parent=867"}],"wp:term":[{"taxonomy":"product_brand","embeddable":true,"href":"https:\/\/www.huashunware.com\/fr\/wp-json\/wp\/v2\/product_brand?post=867"},{"taxonomy":"product_cat","embeddable":true,"href":"https:\/\/www.huashunware.com\/fr\/wp-json\/wp\/v2\/product_cat?post=867"},{"taxonomy":"product_tag","embeddable":true,"href":"https:\/\/www.huashunware.com\/fr\/wp-json\/wp\/v2\/product_tag?post=867"}],"curies":[{"name":"wp","href":"https:\/\/api.w.org\/{rel}","templated":true}]}}