{"id":872,"date":"2025-09-23T06:47:50","date_gmt":"2025-09-23T06:47:50","guid":{"rendered":"https:\/\/www.huashunware.com\/?post_type=product&#038;p=872"},"modified":"2026-02-05T02:58:27","modified_gmt":"2026-02-05T02:58:27","slug":"bulk-commercial-cutlery-with-wide-handle","status":"publish","type":"product","link":"https:\/\/www.huashunware.com\/fr\/produit\/bulk-commercial-cutlery-with-wide-handle\/","title":{"rendered":"Couverts commerciaux en vrac \u00e0 manche large"},"content":{"rendered":"<div class=\"wp-block-columns is-layout-flex wp-container-core-columns-is-layout-9d6595d7 wp-block-columns-is-layout-flex\">\n<div class=\"wp-block-column is-layout-flow wp-block-column-is-layout-flow\">\n<h2 class=\"wp-block-heading\">Coutellerie commerciale en vrac Caract\u00e9ristiques :<\/h2>\n\n\n\n<p><strong>Poign\u00e9e large et ergonomique<\/strong>\uff1a Les couverts sont dot\u00e9s d'un manche large et ergonomique qui offre une prise s\u00fbre et confortable, r\u00e9duisant ainsi la fatigue des mains lors d'une utilisation prolong\u00e9e en milieu commercial. Parfait pour les salles \u00e0 manger tr\u00e8s fr\u00e9quent\u00e9es o\u00f9 le confort et l'efficacit\u00e9 sont essentiels.<\/p>\n\n\n\n<p><strong>Construction en acier inoxydable de haute qualit\u00e9<\/strong>\uff1a Fabriqu\u00e9s en acier inoxydable de premi\u00e8re qualit\u00e9, ces couverts sont \u00e0 la fois solides et r\u00e9sistants \u00e0 la rouille, aux taches et \u00e0 la corrosion, garantissant une durabilit\u00e9 \u00e0 long terme, m\u00eame en cas d'utilisation intensive dans les cuisines commerciales et les restaurants.<\/p>\n\n\n\n<p><strong>Emballage en vrac pour les gros volumes<\/strong>\uff1a Con\u00e7us pour les entreprises ayant un grand nombre de clients, nos emballages en vrac fournissent suffisamment de couverts pour r\u00e9pondre aux demandes des caf\u00e9t\u00e9rias, des services de restauration et d'autres \u00e9tablissements \u00e0 forte fr\u00e9quentation, ce qui les rend rentables et efficaces.<\/p>\n\n\n\n<p><strong>Facile \u00e0 nettoyer et \u00e0 entretenir<\/strong>\uff1a La surface lisse et polie des couverts facilite le nettoyage, que ce soit \u00e0 la main ou dans un lave-vaisselle commercial. Cela garantit un entretien minimal et un niveau d'hygi\u00e8ne \u00e9lev\u00e9 pour votre entreprise.<\/p>\n\n\n\n<p><strong>Polyvalent pour diff\u00e9rents styles de repas<\/strong>\uff1aConvenant \u00e0 un large \u00e9ventail d'aliments et d'environnements de restauration, ces couverts sont parfaits pour une utilisation dans des environnements de restauration d\u00e9contract\u00e9s et formels, offrant une polyvalence qui en fait un excellent ajout \u00e0 toute op\u00e9ration de service alimentaire.<\/p>\n<\/div>\n\n\n\n<div class=\"wp-block-column is-vertically-aligned-center is-layout-flow wp-block-column-is-layout-flow\">\n<figure class=\"wp-block-image size-full\"><img decoding=\"async\" width=\"1536\" height=\"1536\" src=\"https:\/\/www.huashunware.com\/wp-content\/uploads\/2025\/09\/Bulk-Commercial-Cutlery-with-Wide-Handle1.webp\" alt=\"Couverts commerciaux en vrac avec manche large1\" class=\"wp-image-1210\" srcset=\"https:\/\/www.huashunware.com\/wp-content\/uploads\/2025\/09\/Bulk-Commercial-Cutlery-with-Wide-Handle1.webp 1536w, https:\/\/www.huashunware.com\/wp-content\/uploads\/2025\/09\/Bulk-Commercial-Cutlery-with-Wide-Handle1-300x300.webp 300w, https:\/\/www.huashunware.com\/wp-content\/uploads\/2025\/09\/Bulk-Commercial-Cutlery-with-Wide-Handle1-150x150.webp 150w, https:\/\/www.huashunware.com\/wp-content\/uploads\/2025\/09\/Bulk-Commercial-Cutlery-with-Wide-Handle1-768x768.webp 768w, https:\/\/www.huashunware.com\/wp-content\/uploads\/2025\/09\/Bulk-Commercial-Cutlery-with-Wide-Handle1-12x12.webp 12w, https:\/\/www.huashunware.com\/wp-content\/uploads\/2025\/09\/Bulk-Commercial-Cutlery-with-Wide-Handle1-1200x1200.webp 1200w, https:\/\/www.huashunware.com\/wp-content\/uploads\/2025\/09\/Bulk-Commercial-Cutlery-with-Wide-Handle1-600x600.webp 600w, https:\/\/www.huashunware.com\/wp-content\/uploads\/2025\/09\/Bulk-Commercial-Cutlery-with-Wide-Handle1-100x100.webp 100w\" sizes=\"(max-width: 1536px) 100vw, 1536px\" \/><\/figure>\n\n\n\n<figure class=\"wp-block-image size-full\"><img decoding=\"async\" width=\"3072\" height=\"3072\" src=\"https:\/\/www.huashunware.com\/wp-content\/uploads\/2025\/10\/Bulk-Commercial-Cutlery1.webp\" alt=\"Couverts commerciaux en vrac1\" class=\"wp-image-873\" srcset=\"https:\/\/www.huashunware.com\/wp-content\/uploads\/2025\/10\/Bulk-Commercial-Cutlery1.webp 3072w, https:\/\/www.huashunware.com\/wp-content\/uploads\/2025\/10\/Bulk-Commercial-Cutlery1-300x300.webp 300w, https:\/\/www.huashunware.com\/wp-content\/uploads\/2025\/10\/Bulk-Commercial-Cutlery1-150x150.webp 150w, https:\/\/www.huashunware.com\/wp-content\/uploads\/2025\/10\/Bulk-Commercial-Cutlery1-768x768.webp 768w, https:\/\/www.huashunware.com\/wp-content\/uploads\/2025\/10\/Bulk-Commercial-Cutlery1-12x12.webp 12w, https:\/\/www.huashunware.com\/wp-content\/uploads\/2025\/10\/Bulk-Commercial-Cutlery1-1200x1200.webp 1200w, https:\/\/www.huashunware.com\/wp-content\/uploads\/2025\/10\/Bulk-Commercial-Cutlery1-600x600.webp 600w, https:\/\/www.huashunware.com\/wp-content\/uploads\/2025\/10\/Bulk-Commercial-Cutlery1-100x100.webp 100w\" sizes=\"(max-width: 3072px) 100vw, 3072px\" \/><\/figure>\n<\/div>\n<\/div>","protected":false},"excerpt":{"rendered":"<p data-start=\"1174\" data-end=\"1465\">Nos couverts commerciaux en vrac \u00e0 manche large sont con\u00e7us pour les environnements de restauration \u00e0 haut volume. Fabriqu\u00e9s en acier inoxydable durable, ils sont dot\u00e9s d'un manche large confortable et ergonomique qui facilite la prise en main pendant les longues p\u00e9riodes de travail. Parfaits pour les restaurants, les caf\u00e9t\u00e9rias et les services de restauration, ces couverts sont \u00e0 la fois faciles \u00e0 nettoyer et con\u00e7us pour r\u00e9sister \u00e0 une utilisation quotidienne.<\/p>\n<h2 data-start=\"1174\" data-end=\"1465\">Attribut\uff1a de la coutellerie commerciale de gros<\/h2>\n<table>\n<thead>\n<tr>\n<th><strong>Objet<\/strong><\/th>\n<th><strong>Poids<\/strong><\/th>\n<th><strong>Dimensions (L x L)<\/strong><\/th>\n<th><strong>\u00c9paisseur<\/strong><\/th>\n<\/tr>\n<\/thead>\n<tbody>\n<tr>\n<td><strong>Couteau de table<\/strong><\/td>\n<td>72g<\/td>\n<td>23 cm x 2 cm<\/td>\n<td>5 mm<\/td>\n<\/tr>\n<tr>\n<td><strong>Couteau \u00e0 steak<\/strong><\/td>\n<td>69.5g<\/td>\n<td>22,5 cm x 1,8 cm<\/td>\n<td>5 mm<\/td>\n<\/tr>\n<tr>\n<td><strong>Fourchette<\/strong><\/td>\n<td>36.3g<\/td>\n<td>20,5 cm x 2,5 cm<\/td>\n<td>2,2 mm<\/td>\n<\/tr>\n<tr>\n<td><strong>Cuill\u00e8re<\/strong><\/td>\n<td>48g<\/td>\n<td>20,5 cm x 4,2 cm<\/td>\n<td>2,2 mm<\/td>\n<\/tr>\n<tr>\n<td><strong>Cuill\u00e8re \u00e0 caf\u00e9<\/strong><\/td>\n<td>21.5g<\/td>\n<td>15 cm x 3 cm<\/td>\n<td>2 mm<\/td>\n<\/tr>\n<\/tbody>\n<\/table>\n<h2>Coutellerie commerciale sur mesure\uff1a<\/h2>\n<ul>\n<li data-start=\"43\" data-end=\"124\">\n<p data-start=\"46\" data-end=\"76\"><strong data-start=\"46\" data-end=\"74\">Disponibilit\u00e9 d'\u00e9chantillons gratuits\uff1a <\/strong>Nous fournissons des \u00e9chantillons gratuits pour votre \u00e9valuation.<\/p>\n<\/li>\n<li data-start=\"126\" data-end=\"322\">\n<p data-start=\"129\" data-end=\"165\"><strong data-start=\"129\" data-end=\"163\">Options d'emballage personnalisables\uff1a <\/strong>Nous acceptons les logos personnalis\u00e9s sur l'emballage. Vous pouvez choisir parmi diff\u00e9rents styles d'emballage, tels que : Bo\u00eete en PETBo\u00eete en PVCBo\u00eete cadeau<\/p>\n<\/li>\n<li data-start=\"126\" data-end=\"322\">\n<p data-start=\"129\" data-end=\"165\"><strong data-start=\"327\" data-end=\"349\">Personnalisation du logo : <\/strong>Nous acceptons les logos grav\u00e9s au laser ou sculpt\u00e9s sur le produit.<\/p>\n<div class=\"text-base my-auto mx-auto pb-10 [--thread-content-margin:--spacing(4)] thread-sm:[--thread-content-margin:--spacing(6)] thread-lg:[--thread-content-margin:--spacing(16)] px-(--thread-content-margin)\">\n<div class=\"[--thread-content-max-width:40rem] thread-lg:[--thread-content-max-width:48rem] mx-auto max-w-(--thread-content-max-width) flex-1 group\/turn-messages focus-visible:outline-hidden relative flex w-full min-w-0 flex-col agent-turn\" tabindex=\"-1\">\n<div class=\"flex max-w-full flex-col grow\">\n<div class=\"min-h-8 text-message relative flex w-full flex-col items-end gap-2 text-start break-words whitespace-normal [.text-message+&amp;]:mt-1\" dir=\"auto\" data-message-author-role=\"assistant\" data-message-id=\"aa2ae332-605b-4306-94e4-23a9dd06bf09\" data-message-model-slug=\"gpt-5-mini\">\n<div class=\"flex w-full flex-col gap-1 empty:hidden first:pt-[1px]\">\n<div class=\"markdown prose dark:prose-invert w-full break-words light markdown-new-styling\">\u00a0<\/div>\n<\/div>\n<\/div>\n<\/div>\n<\/div>\n<\/div>\n<\/li>\n<\/ul>","protected":false},"featured_media":873,"comment_status":"closed","ping_status":"closed","template":"","meta":{"_acf_changed":false},"product_brand":[],"product_cat":[18,27],"product_tag":[],"class_list":{"0":"post-872","1":"product","2":"type-product","3":"status-publish","4":"has-post-thumbnail","6":"product_cat-cutlery-set-wholesale","7":"product_cat-stainless-steel-flatware-set","9":"first","10":"instock","11":"shipping-taxable","12":"product-type-simple"},"acf":[],"_links":{"self":[{"href":"https:\/\/www.huashunware.com\/fr\/wp-json\/wp\/v2\/product\/872","targetHints":{"allow":["GET"]}}],"collection":[{"href":"https:\/\/www.huashunware.com\/fr\/wp-json\/wp\/v2\/product"}],"about":[{"href":"https:\/\/www.huashunware.com\/fr\/wp-json\/wp\/v2\/types\/product"}],"replies":[{"embeddable":true,"href":"https:\/\/www.huashunware.com\/fr\/wp-json\/wp\/v2\/comments?post=872"}],"wp:featuredmedia":[{"embeddable":true,"href":"https:\/\/www.huashunware.com\/fr\/wp-json\/wp\/v2\/media\/873"}],"wp:attachment":[{"href":"https:\/\/www.huashunware.com\/fr\/wp-json\/wp\/v2\/media?parent=872"}],"wp:term":[{"taxonomy":"product_brand","embeddable":true,"href":"https:\/\/www.huashunware.com\/fr\/wp-json\/wp\/v2\/product_brand?post=872"},{"taxonomy":"product_cat","embeddable":true,"href":"https:\/\/www.huashunware.com\/fr\/wp-json\/wp\/v2\/product_cat?post=872"},{"taxonomy":"product_tag","embeddable":true,"href":"https:\/\/www.huashunware.com\/fr\/wp-json\/wp\/v2\/product_tag?post=872"}],"curies":[{"name":"wp","href":"https:\/\/api.w.org\/{rel}","templated":true}]}}