{"id":880,"date":"2025-09-23T08:25:04","date_gmt":"2025-09-23T08:25:04","guid":{"rendered":"https:\/\/www.huashunware.com\/?post_type=product&#038;p=880"},"modified":"2026-01-26T08:03:43","modified_gmt":"2026-01-26T08:03:43","slug":"factory-direct-supply-flatware-for-wedding","status":"publish","type":"product","link":"https:\/\/www.huashunware.com\/fr\/produit\/factory-direct-supply-flatware-for-wedding\/","title":{"rendered":"Couverts de table pour mariage"},"content":{"rendered":"<div class=\"wp-block-columns is-layout-flex wp-container-core-columns-is-layout-9d6595d7 wp-block-columns-is-layout-flex\">\n<div class=\"wp-block-column is-layout-flow wp-block-column-is-layout-flow\">\n<h2 class=\"wp-block-heading\">Couverts de table pour le mariage Caract\u00e9ristiques :<\/h2>\n\n\n\n<p><strong>Mariage \u00e9l\u00e9gant\uff1a <\/strong>Les couverts pr\u00e9sentent un design classique et sophistiqu\u00e9 qui s'adaptera \u00e0 tous les th\u00e8mes de mariage, ajoutant une touche d'\u00e9l\u00e9gance \u00e0 votre journ\u00e9e sp\u00e9ciale.<\/p>\n\n\n\n<p><strong>Prix direct usine\uff1a <\/strong>Achetez directement aupr\u00e8s de l'usine et b\u00e9n\u00e9ficiez de prix comp\u00e9titifs, parfaits pour les grosses commandes sans sacrifier les hauts niveaux de qualit\u00e9.<\/p>\n\n\n\n<p><strong>Mat\u00e9riaux durables et de haute qualit\u00e9\uff1a <\/strong>Fabriqu\u00e9s en acier inoxydable de haute qualit\u00e9, ces couverts sont solides et r\u00e9sistants \u00e0 la rouille. Ils dureront donc longtemps apr\u00e8s le jour du mariage.<\/p>\n\n\n\n<p><strong>Id\u00e9al pour les grands \u00e9v\u00e9nements\uff1a <\/strong>Fourni en vrac, ce service de couverts est id\u00e9al pour les mariages, les banquets et autres \u00e9v\u00e9nements de grande envergure, avec suffisamment de pi\u00e8ces pour servir efficacement vos invit\u00e9s.<\/p>\n\n\n\n<p><strong>Facile \u00e0 nettoyer et \u00e0 entretenir\uff1a <\/strong>La finition lisse et polie des couverts facilite le nettoyage, pour une exp\u00e9rience sans souci avant, pendant et apr\u00e8s l'\u00e9v\u00e9nement.<\/p>\n<\/div>\n\n\n\n<div class=\"wp-block-column is-vertically-aligned-center is-layout-flow wp-block-column-is-layout-flow\">\n<figure class=\"wp-block-image size-full\"><img decoding=\"async\" width=\"3072\" height=\"3072\" src=\"https:\/\/www.huashunware.com\/wp-content\/uploads\/2025\/10\/Factory-Direct-Supply-Flatware2.webp\" alt=\"Fourniture directe de couverts par l&#039;usine2\" class=\"wp-image-882\" srcset=\"https:\/\/www.huashunware.com\/wp-content\/uploads\/2025\/10\/Factory-Direct-Supply-Flatware2.webp 3072w, https:\/\/www.huashunware.com\/wp-content\/uploads\/2025\/10\/Factory-Direct-Supply-Flatware2-300x300.webp 300w, https:\/\/www.huashunware.com\/wp-content\/uploads\/2025\/10\/Factory-Direct-Supply-Flatware2-150x150.webp 150w, https:\/\/www.huashunware.com\/wp-content\/uploads\/2025\/10\/Factory-Direct-Supply-Flatware2-768x768.webp 768w, https:\/\/www.huashunware.com\/wp-content\/uploads\/2025\/10\/Factory-Direct-Supply-Flatware2-12x12.webp 12w, https:\/\/www.huashunware.com\/wp-content\/uploads\/2025\/10\/Factory-Direct-Supply-Flatware2-1200x1200.webp 1200w, https:\/\/www.huashunware.com\/wp-content\/uploads\/2025\/10\/Factory-Direct-Supply-Flatware2-600x600.webp 600w, https:\/\/www.huashunware.com\/wp-content\/uploads\/2025\/10\/Factory-Direct-Supply-Flatware2-100x100.webp 100w\" sizes=\"(max-width: 3072px) 100vw, 3072px\" \/><\/figure>\n<\/div>\n<\/div>","protected":false},"excerpt":{"rendered":"<p data-start=\"1174\" data-end=\"1465\">Nos couverts de mariage sont \u00e9l\u00e9gants et de haute qualit\u00e9 en acier inoxydable \u00e0 des prix imbattables. Parfaits pour les mariages et les grands \u00e9v\u00e9nements, ils allient durabilit\u00e9 et design intemporel, ce qui les rend faciles \u00e0 nettoyer et \u00e0 entretenir.<\/p>\n<h2>Couverts de table en gros Attribut :<\/h2>\n<table>\n<thead>\n<tr>\n<th><strong>Objet<\/strong><\/th>\n<th><strong>Poids<\/strong><\/th>\n<th><strong>Dimensions (L x L)<\/strong><\/th>\n<\/tr>\n<\/thead>\n<tbody>\n<tr>\n<td><strong>Couteau<\/strong><\/td>\n<td>65g<\/td>\n<td>22 cm x 1,6 cm<\/td>\n<\/tr>\n<tr>\n<td><strong>Cuill\u00e8re<\/strong><\/td>\n<td>37.5g<\/td>\n<td>20,5 cm x 3,7 cm<\/td>\n<\/tr>\n<tr>\n<td><strong>Fourchette<\/strong><\/td>\n<td>28.5g<\/td>\n<td>21 cm x 2,4 cm<\/td>\n<\/tr>\n<tr>\n<td><strong>Cuill\u00e8re \u00e0 caf\u00e9<\/strong><\/td>\n<td>18g<\/td>\n<td>15,5 cm x 2,8 cm<\/td>\n<\/tr>\n<\/tbody>\n<\/table>\n<h2>Set de couverts personnalis\u00e9\uff1a<\/h2>\n<ul>\n<li data-start=\"43\" data-end=\"124\">\n<p data-start=\"46\" data-end=\"76\"><strong data-start=\"46\" data-end=\"74\">Disponibilit\u00e9 d'\u00e9chantillons gratuits\uff1a <\/strong>Nous fournissons des \u00e9chantillons gratuits pour votre \u00e9valuation.<\/p>\n<\/li>\n<li data-start=\"126\" data-end=\"322\">\n<p data-start=\"129\" data-end=\"165\"><strong data-start=\"129\" data-end=\"163\">Options d'emballage personnalisables\uff1a <\/strong>Nous acceptons les logos personnalis\u00e9s sur l'emballage. Vous pouvez choisir parmi diff\u00e9rents styles d'emballage, tels que : Bo\u00eete en PETBo\u00eete en PVCBo\u00eete cadeau<\/p>\n<\/li>\n<li data-start=\"126\" data-end=\"322\">\n<p data-start=\"129\" data-end=\"165\"><strong data-start=\"327\" data-end=\"349\">Personnalisation du logo : <\/strong>Nous acceptons les logos grav\u00e9s au laser ou sculpt\u00e9s sur le produit.<\/p>\n<div class=\"text-base my-auto mx-auto pb-10 [--thread-content-margin:--spacing(4)] thread-sm:[--thread-content-margin:--spacing(6)] thread-lg:[--thread-content-margin:--spacing(16)] px-(--thread-content-margin)\">\n<div class=\"[--thread-content-max-width:40rem] thread-lg:[--thread-content-max-width:48rem] mx-auto max-w-(--thread-content-max-width) flex-1 group\/turn-messages focus-visible:outline-hidden relative flex w-full min-w-0 flex-col agent-turn\" tabindex=\"-1\">\n<div class=\"flex max-w-full flex-col grow\">\n<div class=\"min-h-8 text-message relative flex w-full flex-col items-end gap-2 text-start break-words whitespace-normal [.text-message+&amp;]:mt-1\" dir=\"auto\" data-message-author-role=\"assistant\" data-message-id=\"aa2ae332-605b-4306-94e4-23a9dd06bf09\" data-message-model-slug=\"gpt-5-mini\">\n<div class=\"flex w-full flex-col gap-1 empty:hidden first:pt-[1px]\">\n<div class=\"markdown prose dark:prose-invert w-full break-words light markdown-new-styling\">\u00a0<\/div>\n<\/div>\n<\/div>\n<\/div>\n<\/div>\n<\/div>\n<\/li>\n<\/ul>","protected":false},"featured_media":881,"comment_status":"closed","ping_status":"closed","template":"","meta":{"_acf_changed":false},"product_brand":[],"product_cat":[18,27],"product_tag":[],"class_list":{"0":"post-880","1":"product","2":"type-product","3":"status-publish","4":"has-post-thumbnail","6":"product_cat-cutlery-set-wholesale","7":"product_cat-stainless-steel-flatware-set","9":"first","10":"instock","11":"shipping-taxable","12":"product-type-simple"},"acf":[],"_links":{"self":[{"href":"https:\/\/www.huashunware.com\/fr\/wp-json\/wp\/v2\/product\/880","targetHints":{"allow":["GET"]}}],"collection":[{"href":"https:\/\/www.huashunware.com\/fr\/wp-json\/wp\/v2\/product"}],"about":[{"href":"https:\/\/www.huashunware.com\/fr\/wp-json\/wp\/v2\/types\/product"}],"replies":[{"embeddable":true,"href":"https:\/\/www.huashunware.com\/fr\/wp-json\/wp\/v2\/comments?post=880"}],"wp:featuredmedia":[{"embeddable":true,"href":"https:\/\/www.huashunware.com\/fr\/wp-json\/wp\/v2\/media\/881"}],"wp:attachment":[{"href":"https:\/\/www.huashunware.com\/fr\/wp-json\/wp\/v2\/media?parent=880"}],"wp:term":[{"taxonomy":"product_brand","embeddable":true,"href":"https:\/\/www.huashunware.com\/fr\/wp-json\/wp\/v2\/product_brand?post=880"},{"taxonomy":"product_cat","embeddable":true,"href":"https:\/\/www.huashunware.com\/fr\/wp-json\/wp\/v2\/product_cat?post=880"},{"taxonomy":"product_tag","embeddable":true,"href":"https:\/\/www.huashunware.com\/fr\/wp-json\/wp\/v2\/product_tag?post=880"}],"curies":[{"name":"wp","href":"https:\/\/api.w.org\/{rel}","templated":true}]}}