{"id":884,"date":"2025-09-23T08:48:33","date_gmt":"2025-09-23T08:48:33","guid":{"rendered":"https:\/\/www.huashunware.com\/?post_type=product&#038;p=884"},"modified":"2026-02-05T07:14:04","modified_gmt":"2026-02-05T07:14:04","slug":"crown-pattern-flatware-set-in-bulk-luxury-middle-east-style","status":"publish","type":"product","link":"https:\/\/www.huashunware.com\/fr\/produit\/crown-pattern-flatware-set-in-bulk-luxury-middle-east-style\/","title":{"rendered":"Set de couverts \u00e0 motif de couronne en vrac Style luxe Moyen-Orient"},"content":{"rendered":"<div class=\"wp-block-columns is-layout-flex wp-container-core-columns-is-layout-9d6595d7 wp-block-columns-is-layout-flex\">\n<div class=\"wp-block-column is-layout-flow wp-block-column-is-layout-flow\">\n<h2 class=\"wp-block-heading\">Ensemble de couverts Crown Pattern en vrac Caract\u00e9ristiques :<\/h2>\n\n\n\n<p><strong>Motif luxueux de la couronne<\/strong>: Le motif exquis de la couronne ajoute une touche royale, parfaite pour rehausser l'exp\u00e9rience de la salle \u00e0 manger avec une touche luxueuse du Moyen-Orient.<\/p>\n\n\n\n<p><strong>Id\u00e9al pour les \u00e9v\u00e9nements haut de gamme<\/strong>: Parfait pour les mariages haut de gamme, les banquets ou les \u00e9v\u00e9nements de luxe, ce service de couverts apporte un style sophistiqu\u00e9 et \u00e9l\u00e9gant \u00e0 toute occasion.<\/p>\n\n\n\n<p><strong>Acier inoxydable de premi\u00e8re qualit\u00e9<\/strong>: Fabriqu\u00e9s en acier inoxydable de haute qualit\u00e9, ces couverts sont \u00e0 la fois durables et r\u00e9sistants \u00e0 la corrosion, ce qui garantit leur long\u00e9vit\u00e9 et leur finition haut de gamme.<\/p>\n\n\n\n<p><strong>Approvisionnement en vrac pour les grands rassemblements<\/strong>: Disponible en vrac, ce set est id\u00e9al pour les restaurants, les h\u00f4tels ou les services de restauration qui accueillent de grands \u00e9v\u00e9nements, offrant \u00e0 la fois style et praticit\u00e9.<\/p>\n\n\n\n<p><strong>Facile \u00e0 nettoyer et \u00e0 entretenir<\/strong>:La surface lisse et polie facilite le nettoyage et garantit un aspect impeccable \u00e0 chaque \u00e9v\u00e9nement, m\u00eame apr\u00e8s une utilisation r\u00e9p\u00e9t\u00e9e.<\/p>\n<\/div>\n\n\n\n<div class=\"wp-block-column is-vertically-aligned-center is-layout-flow wp-block-column-is-layout-flow\">\n<figure class=\"wp-block-image size-full\"><img decoding=\"async\" width=\"3072\" height=\"3072\" src=\"https:\/\/www.huashunware.com\/wp-content\/uploads\/2025\/10\/Crown-Pattern-Flatware-Set-in-Bulk-Luxury-Middle-East-Style2.webp\" alt=\"Set de couverts \u00e0 motif de couronne en vrac Luxury Middle East Style2\" class=\"wp-image-886\" srcset=\"https:\/\/www.huashunware.com\/wp-content\/uploads\/2025\/10\/Crown-Pattern-Flatware-Set-in-Bulk-Luxury-Middle-East-Style2.webp 3072w, https:\/\/www.huashunware.com\/wp-content\/uploads\/2025\/10\/Crown-Pattern-Flatware-Set-in-Bulk-Luxury-Middle-East-Style2-300x300.webp 300w, https:\/\/www.huashunware.com\/wp-content\/uploads\/2025\/10\/Crown-Pattern-Flatware-Set-in-Bulk-Luxury-Middle-East-Style2-150x150.webp 150w, https:\/\/www.huashunware.com\/wp-content\/uploads\/2025\/10\/Crown-Pattern-Flatware-Set-in-Bulk-Luxury-Middle-East-Style2-768x768.webp 768w, https:\/\/www.huashunware.com\/wp-content\/uploads\/2025\/10\/Crown-Pattern-Flatware-Set-in-Bulk-Luxury-Middle-East-Style2-12x12.webp 12w, https:\/\/www.huashunware.com\/wp-content\/uploads\/2025\/10\/Crown-Pattern-Flatware-Set-in-Bulk-Luxury-Middle-East-Style2-1200x1200.webp 1200w, https:\/\/www.huashunware.com\/wp-content\/uploads\/2025\/10\/Crown-Pattern-Flatware-Set-in-Bulk-Luxury-Middle-East-Style2-600x600.webp 600w, https:\/\/www.huashunware.com\/wp-content\/uploads\/2025\/10\/Crown-Pattern-Flatware-Set-in-Bulk-Luxury-Middle-East-Style2-100x100.webp 100w\" sizes=\"(max-width: 3072px) 100vw, 3072px\" \/><\/figure>\n<\/div>\n<\/div>","protected":false},"excerpt":{"rendered":"<p data-start=\"1174\" data-end=\"1465\">Notre ensemble de couverts \u00e0 motif de couronne ajoute une \u00e9l\u00e9gance royale \u00e0 toute occasion gr\u00e2ce \u00e0 son design luxueux. Fabriqu\u00e9 en acier inoxydable durable, il est parfait pour les \u00e9v\u00e9nements haut de gamme et les grands rassemblements, offrant \u00e0 la fois style et praticit\u00e9.<\/p>\n<h2>Set de couverts en gros \u00e0 motif de couronne Attribut :<\/h2>\n<table>\n<thead>\n<tr>\n<th><strong>Objet<\/strong><\/th>\n<th><strong>Poids<\/strong><\/th>\n<th><strong>Dimensions (L x L)<\/strong><\/th>\n<\/tr>\n<\/thead>\n<tbody>\n<tr>\n<td><strong>Fourchette<\/strong><\/td>\n<td>33.7g<\/td>\n<td>20,2 cm x 2,3 cm<\/td>\n<\/tr>\n<tr>\n<td><strong>Couteau<\/strong><\/td>\n<td>71.5g<\/td>\n<td>22,5 cm x 1,7 cm<\/td>\n<\/tr>\n<tr>\n<td><strong>Cuill\u00e8re<\/strong><\/td>\n<td>39.5g<\/td>\n<td>20 cm x 4 cm<\/td>\n<\/tr>\n<tr>\n<td><strong>Cuill\u00e8re \u00e0 caf\u00e9<\/strong><\/td>\n<td>21.8g<\/td>\n<td>14,5 cm x 3 cm<\/td>\n<\/tr>\n<\/tbody>\n<\/table>\n<h2>Set de couverts \u00e0 couronne sur mesure\uff1a<\/h2>\n<ul>\n<li data-start=\"43\" data-end=\"124\">\n<p data-start=\"46\" data-end=\"76\"><strong data-start=\"46\" data-end=\"74\">Disponibilit\u00e9 d'\u00e9chantillons gratuits\uff1a <\/strong>Nous fournissons des \u00e9chantillons gratuits pour votre \u00e9valuation.<\/p>\n<\/li>\n<li data-start=\"126\" data-end=\"322\">\n<p data-start=\"129\" data-end=\"165\"><strong data-start=\"129\" data-end=\"163\">Options d'emballage personnalisables\uff1a <\/strong>Nous acceptons les logos personnalis\u00e9s sur l'emballage. Vous pouvez choisir parmi diff\u00e9rents styles d'emballage, tels que : Bo\u00eete en PETBo\u00eete en PVCBo\u00eete cadeau<\/p>\n<\/li>\n<li data-start=\"126\" data-end=\"322\">\n<p data-start=\"129\" data-end=\"165\"><strong data-start=\"327\" data-end=\"349\">Personnalisation du logo : <\/strong>Nous acceptons les logos grav\u00e9s au laser ou sculpt\u00e9s sur le produit.<\/p>\n<div class=\"text-base my-auto mx-auto pb-10 [--thread-content-margin:--spacing(4)] thread-sm:[--thread-content-margin:--spacing(6)] thread-lg:[--thread-content-margin:--spacing(16)] px-(--thread-content-margin)\">\n<div class=\"[--thread-content-max-width:40rem] thread-lg:[--thread-content-max-width:48rem] mx-auto max-w-(--thread-content-max-width) flex-1 group\/turn-messages focus-visible:outline-hidden relative flex w-full min-w-0 flex-col agent-turn\" tabindex=\"-1\">\n<div class=\"flex max-w-full flex-col grow\">\n<div class=\"min-h-8 text-message relative flex w-full flex-col items-end gap-2 text-start break-words whitespace-normal [.text-message+&amp;]:mt-1\" dir=\"auto\" data-message-author-role=\"assistant\" data-message-id=\"aa2ae332-605b-4306-94e4-23a9dd06bf09\" data-message-model-slug=\"gpt-5-mini\">\n<div class=\"flex w-full flex-col gap-1 empty:hidden first:pt-[1px]\">\n<div class=\"markdown prose dark:prose-invert w-full break-words light markdown-new-styling\">\u00a0<\/div>\n<\/div>\n<\/div>\n<\/div>\n<\/div>\n<\/div>\n<\/li>\n<\/ul>","protected":false},"featured_media":885,"comment_status":"closed","ping_status":"closed","template":"","meta":{"_acf_changed":false},"product_brand":[],"product_cat":[18,27],"product_tag":[],"class_list":{"0":"post-884","1":"product","2":"type-product","3":"status-publish","4":"has-post-thumbnail","6":"product_cat-cutlery-set-wholesale","7":"product_cat-stainless-steel-flatware-set","9":"first","10":"instock","11":"shipping-taxable","12":"product-type-simple"},"acf":[],"_links":{"self":[{"href":"https:\/\/www.huashunware.com\/fr\/wp-json\/wp\/v2\/product\/884","targetHints":{"allow":["GET"]}}],"collection":[{"href":"https:\/\/www.huashunware.com\/fr\/wp-json\/wp\/v2\/product"}],"about":[{"href":"https:\/\/www.huashunware.com\/fr\/wp-json\/wp\/v2\/types\/product"}],"replies":[{"embeddable":true,"href":"https:\/\/www.huashunware.com\/fr\/wp-json\/wp\/v2\/comments?post=884"}],"wp:featuredmedia":[{"embeddable":true,"href":"https:\/\/www.huashunware.com\/fr\/wp-json\/wp\/v2\/media\/885"}],"wp:attachment":[{"href":"https:\/\/www.huashunware.com\/fr\/wp-json\/wp\/v2\/media?parent=884"}],"wp:term":[{"taxonomy":"product_brand","embeddable":true,"href":"https:\/\/www.huashunware.com\/fr\/wp-json\/wp\/v2\/product_brand?post=884"},{"taxonomy":"product_cat","embeddable":true,"href":"https:\/\/www.huashunware.com\/fr\/wp-json\/wp\/v2\/product_cat?post=884"},{"taxonomy":"product_tag","embeddable":true,"href":"https:\/\/www.huashunware.com\/fr\/wp-json\/wp\/v2\/product_tag?post=884"}],"curies":[{"name":"wp","href":"https:\/\/api.w.org\/{rel}","templated":true}]}}