{"id":911,"date":"2025-10-07T08:02:53","date_gmt":"2025-10-07T08:02:53","guid":{"rendered":"https:\/\/www.huashunware.com\/?post_type=product&#038;p=911"},"modified":"2026-02-05T07:15:25","modified_gmt":"2026-02-05T07:15:25","slug":"snake-pattern-stainless-steel-flatware-in-bulk","status":"publish","type":"product","link":"https:\/\/www.huashunware.com\/fr\/produit\/snake-pattern-stainless-steel-flatware-in-bulk\/","title":{"rendered":"Couverts en acier inoxydable \u00e0 motif de serpent en vrac"},"content":{"rendered":"<div class=\"wp-block-columns is-layout-flex wp-container-core-columns-is-layout-9d6595d7 wp-block-columns-is-layout-flex\">\n<div class=\"wp-block-column is-layout-flow wp-block-column-is-layout-flow\">\n<h2 class=\"wp-block-heading\">Couverts en acier inoxydable \u00e0 motif de serpent en vrac Caract\u00e9ristiques :<\/h2>\n\n\n\n<p><strong>Motif unique de serpent<\/strong> - La texture \u00e9l\u00e9gante du serpent gaufr\u00e9 ajoute une touche de luxe et d'individualit\u00e9 \u00e0 toute installation de salle \u00e0 manger.<\/p>\n\n\n\n<p><strong>Acier inoxydable de premi\u00e8re qualit\u00e9<\/strong> - Fabriqu\u00e9 en acier inoxydable 18\/10 de haute qualit\u00e9 pour une excellente durabilit\u00e9, une r\u00e9sistance \u00e0 la rouille et une brillance durable.<\/p>\n\n\n\n<p><strong>Poign\u00e9e confortable et \u00e9quilibr\u00e9e<\/strong> - Les bords lisses et les poign\u00e9es ergonomiques garantissent une exp\u00e9rience culinaire confortable et un \u00e9quilibre parfait du poids.<\/p>\n\n\n\n<p><strong>Facile \u00e0 nettoyer et \u00e0 entretenir<\/strong> - Il passe au lave-vaisselle et r\u00e9siste au ternissement, conservant sa finition \u00e9l\u00e9gante m\u00eame apr\u00e8s une utilisation r\u00e9p\u00e9t\u00e9e.<\/p>\n\n\n\n<p><strong>Disponible en vrac pour les besoins de l'entreprise<\/strong> - Id\u00e9al pour les restaurants, les h\u00f4tels, les services de restauration ou les acheteurs en gros \u00e0 la recherche de vaisselle \u00e9l\u00e9gante et durable.<\/p>\n<\/div>\n\n\n\n<div class=\"wp-block-column is-vertically-aligned-center is-layout-flow wp-block-column-is-layout-flow\">\n<figure class=\"wp-block-image size-full\"><img decoding=\"async\" width=\"3072\" height=\"3072\" src=\"https:\/\/www.huashunware.com\/wp-content\/uploads\/2025\/11\/Snake-Pattern-Stainless-Steel-Flatware-in-Bulk1.webp\" alt=\"Couverts en acier inoxydable \u00e0 motif de serpent en vrac1\" class=\"wp-image-912\" srcset=\"https:\/\/www.huashunware.com\/wp-content\/uploads\/2025\/11\/Snake-Pattern-Stainless-Steel-Flatware-in-Bulk1.webp 3072w, https:\/\/www.huashunware.com\/wp-content\/uploads\/2025\/11\/Snake-Pattern-Stainless-Steel-Flatware-in-Bulk1-300x300.webp 300w, https:\/\/www.huashunware.com\/wp-content\/uploads\/2025\/11\/Snake-Pattern-Stainless-Steel-Flatware-in-Bulk1-150x150.webp 150w, https:\/\/www.huashunware.com\/wp-content\/uploads\/2025\/11\/Snake-Pattern-Stainless-Steel-Flatware-in-Bulk1-768x768.webp 768w, https:\/\/www.huashunware.com\/wp-content\/uploads\/2025\/11\/Snake-Pattern-Stainless-Steel-Flatware-in-Bulk1-12x12.webp 12w, https:\/\/www.huashunware.com\/wp-content\/uploads\/2025\/11\/Snake-Pattern-Stainless-Steel-Flatware-in-Bulk1-1200x1200.webp 1200w, https:\/\/www.huashunware.com\/wp-content\/uploads\/2025\/11\/Snake-Pattern-Stainless-Steel-Flatware-in-Bulk1-600x600.webp 600w, https:\/\/www.huashunware.com\/wp-content\/uploads\/2025\/11\/Snake-Pattern-Stainless-Steel-Flatware-in-Bulk1-100x100.webp 100w\" sizes=\"(max-width: 3072px) 100vw, 3072px\" \/><\/figure>\n\n\n\n<figure class=\"wp-block-image size-full\"><img decoding=\"async\" width=\"2500\" height=\"2500\" src=\"https:\/\/www.huashunware.com\/wp-content\/uploads\/2025\/10\/Snake-Pattern-Stainless-Steel-Flatware-in-Bulk.webp\" alt=\"Couverts en acier inoxydable \u00e0 motif de serpent en vrac\" class=\"wp-image-1213\" srcset=\"https:\/\/www.huashunware.com\/wp-content\/uploads\/2025\/10\/Snake-Pattern-Stainless-Steel-Flatware-in-Bulk.webp 2500w, https:\/\/www.huashunware.com\/wp-content\/uploads\/2025\/10\/Snake-Pattern-Stainless-Steel-Flatware-in-Bulk-300x300.webp 300w, https:\/\/www.huashunware.com\/wp-content\/uploads\/2025\/10\/Snake-Pattern-Stainless-Steel-Flatware-in-Bulk-150x150.webp 150w, https:\/\/www.huashunware.com\/wp-content\/uploads\/2025\/10\/Snake-Pattern-Stainless-Steel-Flatware-in-Bulk-768x768.webp 768w, https:\/\/www.huashunware.com\/wp-content\/uploads\/2025\/10\/Snake-Pattern-Stainless-Steel-Flatware-in-Bulk-12x12.webp 12w, https:\/\/www.huashunware.com\/wp-content\/uploads\/2025\/10\/Snake-Pattern-Stainless-Steel-Flatware-in-Bulk-1200x1200.webp 1200w, https:\/\/www.huashunware.com\/wp-content\/uploads\/2025\/10\/Snake-Pattern-Stainless-Steel-Flatware-in-Bulk-600x600.webp 600w, https:\/\/www.huashunware.com\/wp-content\/uploads\/2025\/10\/Snake-Pattern-Stainless-Steel-Flatware-in-Bulk-100x100.webp 100w\" sizes=\"(max-width: 2500px) 100vw, 2500px\" \/><\/figure>\n<\/div>\n<\/div>\n\n\n\n<p><\/p>","protected":false},"excerpt":{"rendered":"<p data-start=\"1174\" data-end=\"1465\">Couverts en acier inoxydable \u00e0 motif de serpent en vrac - \u00c9l\u00e9gant motif de serpent en acier inoxydable durable. Parfait pour les restaurants, les h\u00f4tels ou les d\u00e9taillants \u00e0 la recherche de couverts \u00e9l\u00e9gants et de haute qualit\u00e9.<\/p>\n<h2>Couverts de table en acier inoxydable \u00e0 motif de serpent en gros Attribut :<\/h2>\n<table>\n<thead>\n<tr>\n<th>Objet<\/th>\n<th>Poids<\/th>\n<th>Taille<\/th>\n<\/tr>\n<\/thead>\n<tbody>\n<tr>\n<td>Fourchette<\/td>\n<td>33.7 g<\/td>\n<td>20,2 \u00d7 2,3 cm<\/td>\n<\/tr>\n<tr>\n<td>Couteau<\/td>\n<td>71.5 g<\/td>\n<td>22,5 \u00d7 1,7 cm<\/td>\n<\/tr>\n<tr>\n<td>Cuill\u00e8re<\/td>\n<td>39.5 g<\/td>\n<td>20 \u00d7 4 cm<\/td>\n<\/tr>\n<tr>\n<td>Cuill\u00e8re \u00e0 caf\u00e9<\/td>\n<td>21.8 g<\/td>\n<td>14,5 \u00d7 3 cm<\/td>\n<\/tr>\n<\/tbody>\n<\/table>\n<h2>Couverts en acier inoxydable \u00e0 motif de serpent personnalis\u00e9\uff1a<\/h2>\n<ul>\n<li data-start=\"43\" data-end=\"124\">\n<p data-start=\"46\" data-end=\"76\"><strong data-start=\"46\" data-end=\"74\">Disponibilit\u00e9 d'\u00e9chantillons gratuits\uff1a <\/strong>Nous fournissons des \u00e9chantillons gratuits pour votre \u00e9valuation.<\/p>\n<\/li>\n<li data-start=\"126\" data-end=\"322\">\n<p data-start=\"129\" data-end=\"165\"><strong data-start=\"129\" data-end=\"163\">Options d'emballage personnalisables\uff1a <\/strong>Nous acceptons les logos personnalis\u00e9s sur l'emballage. Vous pouvez choisir parmi diff\u00e9rents styles d'emballage, tels que : Bo\u00eete en PETBo\u00eete en PVCBo\u00eete cadeau<\/p>\n<\/li>\n<li data-start=\"126\" data-end=\"322\">\n<p data-start=\"129\" data-end=\"165\"><strong data-start=\"327\" data-end=\"349\">Personnalisation du logo : <\/strong>Nous acceptons les logos grav\u00e9s au laser ou sculpt\u00e9s sur le produit.<\/p>\n<div class=\"text-base my-auto mx-auto pb-10 [--thread-content-margin:--spacing(4)] thread-sm:[--thread-content-margin:--spacing(6)] thread-lg:[--thread-content-margin:--spacing(16)] px-(--thread-content-margin)\">\n<div class=\"[--thread-content-max-width:40rem] thread-lg:[--thread-content-max-width:48rem] mx-auto max-w-(--thread-content-max-width) flex-1 group\/turn-messages focus-visible:outline-hidden relative flex w-full min-w-0 flex-col agent-turn\" tabindex=\"-1\">\n<div class=\"flex max-w-full flex-col grow\">\n<div class=\"min-h-8 text-message relative flex w-full flex-col items-end gap-2 text-start break-words whitespace-normal [.text-message+&amp;]:mt-1\" dir=\"auto\" data-message-author-role=\"assistant\" data-message-id=\"aa2ae332-605b-4306-94e4-23a9dd06bf09\" data-message-model-slug=\"gpt-5-mini\">\n<div class=\"flex w-full flex-col gap-1 empty:hidden first:pt-[1px]\">\n<div class=\"markdown prose dark:prose-invert w-full break-words light markdown-new-styling\">\u00a0<\/div>\n<\/div>\n<\/div>\n<\/div>\n<\/div>\n<\/div>\n<\/li>\n<\/ul>","protected":false},"featured_media":914,"comment_status":"closed","ping_status":"closed","template":"","meta":{"_acf_changed":true},"product_brand":[],"product_cat":[18,27],"product_tag":[],"class_list":{"0":"post-911","1":"product","2":"type-product","3":"status-publish","4":"has-post-thumbnail","6":"product_cat-cutlery-set-wholesale","7":"product_cat-stainless-steel-flatware-set","9":"first","10":"instock","11":"shipping-taxable","12":"product-type-simple"},"acf":[],"_links":{"self":[{"href":"https:\/\/www.huashunware.com\/fr\/wp-json\/wp\/v2\/product\/911","targetHints":{"allow":["GET"]}}],"collection":[{"href":"https:\/\/www.huashunware.com\/fr\/wp-json\/wp\/v2\/product"}],"about":[{"href":"https:\/\/www.huashunware.com\/fr\/wp-json\/wp\/v2\/types\/product"}],"replies":[{"embeddable":true,"href":"https:\/\/www.huashunware.com\/fr\/wp-json\/wp\/v2\/comments?post=911"}],"wp:featuredmedia":[{"embeddable":true,"href":"https:\/\/www.huashunware.com\/fr\/wp-json\/wp\/v2\/media\/914"}],"wp:attachment":[{"href":"https:\/\/www.huashunware.com\/fr\/wp-json\/wp\/v2\/media?parent=911"}],"wp:term":[{"taxonomy":"product_brand","embeddable":true,"href":"https:\/\/www.huashunware.com\/fr\/wp-json\/wp\/v2\/product_brand?post=911"},{"taxonomy":"product_cat","embeddable":true,"href":"https:\/\/www.huashunware.com\/fr\/wp-json\/wp\/v2\/product_cat?post=911"},{"taxonomy":"product_tag","embeddable":true,"href":"https:\/\/www.huashunware.com\/fr\/wp-json\/wp\/v2\/product_tag?post=911"}],"curies":[{"name":"wp","href":"https:\/\/api.w.org\/{rel}","templated":true}]}}