{"id":916,"date":"2025-10-07T08:38:38","date_gmt":"2025-10-07T08:38:38","guid":{"rendered":"https:\/\/www.huashunware.com\/?post_type=product&#038;p=916"},"modified":"2026-02-05T07:22:11","modified_gmt":"2026-02-05T07:22:11","slug":"wholesale-spoons-and-forks-premium-quality-black-flatware-set-supply","status":"publish","type":"product","link":"https:\/\/www.huashunware.com\/fr\/produit\/wholesale-spoons-and-forks-premium-quality-black-flatware-set-supply\/","title":{"rendered":"Cuill\u00e8res et fourchettes en gros, couverts noirs de premi\u00e8re qualit\u00e9 Supply"},"content":{"rendered":"<div class=\"wp-block-columns is-layout-flex wp-container-core-columns-is-layout-9d6595d7 wp-block-columns-is-layout-flex\">\n<div class=\"wp-block-column is-layout-flow wp-block-column-is-layout-flow\">\n<h2 class=\"wp-block-heading\">Ensemble de couverts Caract\u00e9ristiques de l'offre :<\/h2>\n\n\n\n<p><strong>Design noir \u00e9pur\u00e9<\/strong> - La finition noire mate moderne ajoute de l'\u00e9l\u00e9gance et de la sophistication \u00e0 toute table \u00e0 manger ou \u00e9v\u00e9nement.<\/p>\n\n\n\n<p><strong>Mat\u00e9riau de premi\u00e8re qualit\u00e9<\/strong> - Fabriqu\u00e9 en acier inoxydable de haute qualit\u00e9 pour une durabilit\u00e9 \u00e0 long terme, une r\u00e9sistance \u00e0 la rouille et un entretien facile.<\/p>\n\n\n\n<p><strong>Ergonomique et confortable<\/strong> - Les poign\u00e9es bien \u00e9quilibr\u00e9es garantissent une prise en main confortable et une exp\u00e9rience culinaire sans effort.<\/p>\n\n\n\n<p><strong>Parfait pour les commandes en nombre<\/strong> - Id\u00e9al pour les restaurants, les h\u00f4tels, les entreprises de restauration ou les acheteurs en gros \u00e0 la recherche de couverts \u00e9l\u00e9gants et fonctionnels.<\/p>\n\n\n\n<p><strong>Facile \u00e0 nettoyer et \u00e0 entretenir<\/strong> - Lavable au lave-vaisselle et dot\u00e9 d'un rev\u00eatement r\u00e9sistant aux rayures qui pr\u00e9serve la finition noire \u00e9l\u00e9gante.<\/p>\n<\/div>\n\n\n\n<div class=\"wp-block-column is-vertically-aligned-center is-layout-flow wp-block-column-is-layout-flow\">\n<figure class=\"wp-block-image size-full\"><img decoding=\"async\" width=\"1536\" height=\"1536\" src=\"https:\/\/www.huashunware.com\/wp-content\/uploads\/2025\/10\/Flatware-Set-Supply.webp\" alt=\"Fourniture de couverts\" class=\"wp-image-1214\" srcset=\"https:\/\/www.huashunware.com\/wp-content\/uploads\/2025\/10\/Flatware-Set-Supply.webp 1536w, https:\/\/www.huashunware.com\/wp-content\/uploads\/2025\/10\/Flatware-Set-Supply-300x300.webp 300w, https:\/\/www.huashunware.com\/wp-content\/uploads\/2025\/10\/Flatware-Set-Supply-150x150.webp 150w, https:\/\/www.huashunware.com\/wp-content\/uploads\/2025\/10\/Flatware-Set-Supply-768x768.webp 768w, https:\/\/www.huashunware.com\/wp-content\/uploads\/2025\/10\/Flatware-Set-Supply-12x12.webp 12w, https:\/\/www.huashunware.com\/wp-content\/uploads\/2025\/10\/Flatware-Set-Supply-1200x1200.webp 1200w, https:\/\/www.huashunware.com\/wp-content\/uploads\/2025\/10\/Flatware-Set-Supply-600x600.webp 600w, https:\/\/www.huashunware.com\/wp-content\/uploads\/2025\/10\/Flatware-Set-Supply-100x100.webp 100w\" sizes=\"(max-width: 1536px) 100vw, 1536px\" \/><\/figure>\n\n\n\n<figure class=\"wp-block-image size-full\"><img decoding=\"async\" width=\"3072\" height=\"3072\" src=\"https:\/\/www.huashunware.com\/wp-content\/uploads\/2025\/11\/Wholesale-Spoons-and-Forks-Premium-Quality-Black-Flatware-Set-Supply1.webp\" alt=\"Cuill\u00e8res et fourchettes en gros, couverts noirs de premi\u00e8re qualit\u00e9 Supply1\" class=\"wp-image-917\" srcset=\"https:\/\/www.huashunware.com\/wp-content\/uploads\/2025\/11\/Wholesale-Spoons-and-Forks-Premium-Quality-Black-Flatware-Set-Supply1.webp 3072w, https:\/\/www.huashunware.com\/wp-content\/uploads\/2025\/11\/Wholesale-Spoons-and-Forks-Premium-Quality-Black-Flatware-Set-Supply1-300x300.webp 300w, https:\/\/www.huashunware.com\/wp-content\/uploads\/2025\/11\/Wholesale-Spoons-and-Forks-Premium-Quality-Black-Flatware-Set-Supply1-150x150.webp 150w, https:\/\/www.huashunware.com\/wp-content\/uploads\/2025\/11\/Wholesale-Spoons-and-Forks-Premium-Quality-Black-Flatware-Set-Supply1-768x768.webp 768w, https:\/\/www.huashunware.com\/wp-content\/uploads\/2025\/11\/Wholesale-Spoons-and-Forks-Premium-Quality-Black-Flatware-Set-Supply1-12x12.webp 12w, https:\/\/www.huashunware.com\/wp-content\/uploads\/2025\/11\/Wholesale-Spoons-and-Forks-Premium-Quality-Black-Flatware-Set-Supply1-1200x1200.webp 1200w, https:\/\/www.huashunware.com\/wp-content\/uploads\/2025\/11\/Wholesale-Spoons-and-Forks-Premium-Quality-Black-Flatware-Set-Supply1-600x600.webp 600w, https:\/\/www.huashunware.com\/wp-content\/uploads\/2025\/11\/Wholesale-Spoons-and-Forks-Premium-Quality-Black-Flatware-Set-Supply1-100x100.webp 100w\" sizes=\"(max-width: 3072px) 100vw, 3072px\" \/><\/figure>\n<\/div>\n<\/div>\n\n\n\n<p><\/p>","protected":false},"excerpt":{"rendered":"<p data-start=\"1174\" data-end=\"1465\">Cuill\u00e8res et fourchettes en gros, couverts noirs de premi\u00e8re qualit\u00e9 - Couverts \u00e9l\u00e9gants en acier inoxydable noir, durables et lavables au lave-vaisselle. Parfait pour les restaurants, les h\u00f4tels et les commandes en gros.<\/p>\n<h2>Set de couverts en gros Attribut :<\/h2>\n<table>\n<thead>\n<tr>\n<th>Objet<\/th>\n<th>Poids<\/th>\n<th>Longueur \u00d7 largeur<\/th>\n<th>\u00c9paisseur<\/th>\n<\/tr>\n<\/thead>\n<tbody>\n<tr>\n<td>Couteau<\/td>\n<td>68 g<\/td>\n<td>23 \u00d7 1,8 cm<\/td>\n<td>5 mm<\/td>\n<\/tr>\n<tr>\n<td>Fourchette<\/td>\n<td>36.3 g<\/td>\n<td>21,5 \u00d7 1,8 cm<\/td>\n<td>2,2 mm<\/td>\n<\/tr>\n<tr>\n<td>Cuill\u00e8re<\/td>\n<td>42.5 g<\/td>\n<td>20,5 \u00d7 4 cm<\/td>\n<td>2,2 mm<\/td>\n<\/tr>\n<tr>\n<td>Cuill\u00e8re \u00e0 caf\u00e9<\/td>\n<td>22 g<\/td>\n<td>14,5 \u00d7 3 cm<\/td>\n<td>1,8 mm<\/td>\n<\/tr>\n<\/tbody>\n<\/table>\n<h2>Set de couverts personnalis\u00e9\uff1a<\/h2>\n<ul>\n<li data-start=\"43\" data-end=\"124\">\n<p data-start=\"46\" data-end=\"76\"><strong data-start=\"46\" data-end=\"74\">Disponibilit\u00e9 d'\u00e9chantillons gratuits\uff1a <\/strong>Nous fournissons des \u00e9chantillons gratuits pour votre \u00e9valuation.<\/p>\n<\/li>\n<li data-start=\"126\" data-end=\"322\">\n<p data-start=\"129\" data-end=\"165\"><strong data-start=\"129\" data-end=\"163\">Options d'emballage personnalisables\uff1a <\/strong>Nous acceptons les logos personnalis\u00e9s sur l'emballage. Vous pouvez choisir parmi diff\u00e9rents styles d'emballage, tels que : Bo\u00eete en PETBo\u00eete en PVCBo\u00eete cadeau<\/p>\n<\/li>\n<li data-start=\"126\" data-end=\"322\">\n<p data-start=\"129\" data-end=\"165\"><strong data-start=\"327\" data-end=\"349\">Personnalisation du logo : <\/strong>Nous acceptons les logos grav\u00e9s au laser ou sculpt\u00e9s sur le produit.<\/p>\n<div class=\"text-base my-auto mx-auto pb-10 [--thread-content-margin:--spacing(4)] thread-sm:[--thread-content-margin:--spacing(6)] thread-lg:[--thread-content-margin:--spacing(16)] px-(--thread-content-margin)\">\n<div class=\"[--thread-content-max-width:40rem] thread-lg:[--thread-content-max-width:48rem] mx-auto max-w-(--thread-content-max-width) flex-1 group\/turn-messages focus-visible:outline-hidden relative flex w-full min-w-0 flex-col agent-turn\" tabindex=\"-1\">\n<div class=\"flex max-w-full flex-col grow\">\n<div class=\"min-h-8 text-message relative flex w-full flex-col items-end gap-2 text-start break-words whitespace-normal [.text-message+&amp;]:mt-1\" dir=\"auto\" data-message-author-role=\"assistant\" data-message-id=\"aa2ae332-605b-4306-94e4-23a9dd06bf09\" data-message-model-slug=\"gpt-5-mini\">\n<div class=\"flex w-full flex-col gap-1 empty:hidden first:pt-[1px]\">\n<div class=\"markdown prose dark:prose-invert w-full break-words light markdown-new-styling\">\u00a0<\/div>\n<\/div>\n<\/div>\n<\/div>\n<\/div>\n<\/div>\n<\/li>\n<\/ul>","protected":false},"featured_media":919,"comment_status":"closed","ping_status":"closed","template":"","meta":{"_acf_changed":true},"product_brand":[],"product_cat":[18,27],"product_tag":[],"class_list":{"0":"post-916","1":"product","2":"type-product","3":"status-publish","4":"has-post-thumbnail","6":"product_cat-cutlery-set-wholesale","7":"product_cat-stainless-steel-flatware-set","9":"first","10":"instock","11":"shipping-taxable","12":"product-type-simple"},"acf":[],"_links":{"self":[{"href":"https:\/\/www.huashunware.com\/fr\/wp-json\/wp\/v2\/product\/916","targetHints":{"allow":["GET"]}}],"collection":[{"href":"https:\/\/www.huashunware.com\/fr\/wp-json\/wp\/v2\/product"}],"about":[{"href":"https:\/\/www.huashunware.com\/fr\/wp-json\/wp\/v2\/types\/product"}],"replies":[{"embeddable":true,"href":"https:\/\/www.huashunware.com\/fr\/wp-json\/wp\/v2\/comments?post=916"}],"wp:featuredmedia":[{"embeddable":true,"href":"https:\/\/www.huashunware.com\/fr\/wp-json\/wp\/v2\/media\/919"}],"wp:attachment":[{"href":"https:\/\/www.huashunware.com\/fr\/wp-json\/wp\/v2\/media?parent=916"}],"wp:term":[{"taxonomy":"product_brand","embeddable":true,"href":"https:\/\/www.huashunware.com\/fr\/wp-json\/wp\/v2\/product_brand?post=916"},{"taxonomy":"product_cat","embeddable":true,"href":"https:\/\/www.huashunware.com\/fr\/wp-json\/wp\/v2\/product_cat?post=916"},{"taxonomy":"product_tag","embeddable":true,"href":"https:\/\/www.huashunware.com\/fr\/wp-json\/wp\/v2\/product_tag?post=916"}],"curies":[{"name":"wp","href":"https:\/\/api.w.org\/{rel}","templated":true}]}}