{"id":933,"date":"2025-11-21T06:48:26","date_gmt":"2025-11-21T06:36:22","guid":{"rendered":"https:\/\/www.huashunware.com\/?post_type=product&#038;p=933"},"modified":"2026-02-05T07:30:53","modified_gmt":"2026-02-05T07:30:53","slug":"quality-flatware-set-wholesale","status":"publish","type":"product","link":"https:\/\/www.huashunware.com\/fr\/produit\/quality-flatware-set-wholesale\/","title":{"rendered":"Set de couverts de qualit\u00e9 en gros, Set de couverts en acier inoxydable en vrac"},"content":{"rendered":"<div class=\"wp-block-columns is-layout-flex wp-container-core-columns-is-layout-9d6595d7 wp-block-columns-is-layout-flex\">\n<div class=\"wp-block-column is-layout-flow wp-block-column-is-layout-flow\">\n<h2 class=\"wp-block-heading\">Set de couverts Wholesale Caract\u00e9ristiques :<\/h2>\n\n\n\n<p><strong>Construction en acier inoxydable de premi\u00e8re qualit\u00e9<\/strong> - Fabriqu\u00e9 en acier inoxydable de haute qualit\u00e9 pour une brillance durable, une r\u00e9sistance \u00e0 la corrosion et une durabilit\u00e9 \u00e0 long terme.<\/p>\n\n\n\n<p><strong>Noyau transparent \u00e0 l'int\u00e9rieur de l'appareil<\/strong> - Caract\u00e9ristiques <em>belle et unique<\/em> poign\u00e9e transparente \u00e0 \u00e2me color\u00e9e qui ajoute une touche moderne et \u00e9l\u00e9gante \u00e0 toute installation de salle \u00e0 manger.<\/p>\n\n\n\n<p><strong>Parfait pour les commandes en gros et en masse<\/strong> - Con\u00e7u pour les distributeurs, les supermarch\u00e9s, les h\u00f4tels et les restaurants qui recherchent des couverts de grande qualit\u00e9 \u00e0 des prix de gros comp\u00e9titifs.<\/p>\n\n\n\n<p><strong>Poign\u00e9es ergonomiques Comfort-Grip<\/strong> - Lisse, bien \u00e9quilibr\u00e9 et confortable \u00e0 tenir, il garantit une exp\u00e9rience gastronomique agr\u00e9able au quotidien ou lors d'occasions sp\u00e9ciales.<\/p>\n\n\n\n<p><strong>Polyvalent pour tous les types de repas<\/strong> - Id\u00e9al pour les particuliers, les services de restauration, les f\u00eates, les buffets et les cuisines commerciales qui recherchent des couverts \u00e9l\u00e9gants et fonctionnels qui se distinguent.<\/p>\n<\/div>\n\n\n\n<div class=\"wp-block-column is-vertically-aligned-center is-layout-flow wp-block-column-is-layout-flow\">\n<figure class=\"wp-block-image size-full\"><img decoding=\"async\" width=\"1728\" height=\"1728\" src=\"https:\/\/www.huashunware.com\/wp-content\/uploads\/2025\/11\/Quality-Flatware-Set-Wholesale-Stainless-Steel-Cutlery-Set-in-Bulk1.webp\" alt=\"Couverts de qualit\u00e9 en gros, couverts en acier inoxydable en vrac1\" class=\"wp-image-1299\" srcset=\"https:\/\/www.huashunware.com\/wp-content\/uploads\/2025\/11\/Quality-Flatware-Set-Wholesale-Stainless-Steel-Cutlery-Set-in-Bulk1.webp 1728w, https:\/\/www.huashunware.com\/wp-content\/uploads\/2025\/11\/Quality-Flatware-Set-Wholesale-Stainless-Steel-Cutlery-Set-in-Bulk1-300x300.webp 300w, https:\/\/www.huashunware.com\/wp-content\/uploads\/2025\/11\/Quality-Flatware-Set-Wholesale-Stainless-Steel-Cutlery-Set-in-Bulk1-150x150.webp 150w, https:\/\/www.huashunware.com\/wp-content\/uploads\/2025\/11\/Quality-Flatware-Set-Wholesale-Stainless-Steel-Cutlery-Set-in-Bulk1-768x768.webp 768w, https:\/\/www.huashunware.com\/wp-content\/uploads\/2025\/11\/Quality-Flatware-Set-Wholesale-Stainless-Steel-Cutlery-Set-in-Bulk1-12x12.webp 12w, https:\/\/www.huashunware.com\/wp-content\/uploads\/2025\/11\/Quality-Flatware-Set-Wholesale-Stainless-Steel-Cutlery-Set-in-Bulk1-1200x1200.webp 1200w, https:\/\/www.huashunware.com\/wp-content\/uploads\/2025\/11\/Quality-Flatware-Set-Wholesale-Stainless-Steel-Cutlery-Set-in-Bulk1-600x600.webp 600w, https:\/\/www.huashunware.com\/wp-content\/uploads\/2025\/11\/Quality-Flatware-Set-Wholesale-Stainless-Steel-Cutlery-Set-in-Bulk1-100x100.webp 100w\" sizes=\"(max-width: 1728px) 100vw, 1728px\" \/><\/figure>\n\n\n\n<figure class=\"wp-block-image size-full\"><img decoding=\"async\" width=\"800\" height=\"800\" src=\"https:\/\/www.huashunware.com\/wp-content\/uploads\/2025\/11\/Flatware-Set-Wholesale3.webp\" alt=\"Set de couverts Wholesale3\" class=\"wp-image-936\" srcset=\"https:\/\/www.huashunware.com\/wp-content\/uploads\/2025\/11\/Flatware-Set-Wholesale3.webp 800w, https:\/\/www.huashunware.com\/wp-content\/uploads\/2025\/11\/Flatware-Set-Wholesale3-300x300.webp 300w, https:\/\/www.huashunware.com\/wp-content\/uploads\/2025\/11\/Flatware-Set-Wholesale3-150x150.webp 150w, https:\/\/www.huashunware.com\/wp-content\/uploads\/2025\/11\/Flatware-Set-Wholesale3-768x768.webp 768w, https:\/\/www.huashunware.com\/wp-content\/uploads\/2025\/11\/Flatware-Set-Wholesale3-12x12.webp 12w, https:\/\/www.huashunware.com\/wp-content\/uploads\/2025\/11\/Flatware-Set-Wholesale3-600x600.webp 600w, https:\/\/www.huashunware.com\/wp-content\/uploads\/2025\/11\/Flatware-Set-Wholesale3-100x100.webp 100w\" sizes=\"(max-width: 800px) 100vw, 800px\" \/><\/figure>\n<\/div>\n<\/div>\n\n\n\n<p><\/p>","protected":false},"excerpt":{"rendered":"<p data-start=\"1174\" data-end=\"1465\">Service de couverts de qualit\u00e9 en gros. Un service de couverts en acier inoxydable durable, dot\u00e9 d'un magnifique design int\u00e9rieur transparent, offrant style et praticit\u00e9 pour les acheteurs en gros et les environnements de restauration commerciale.<\/p>\n<h2>Set de couverts Wholesale Attribut :<\/h2>\n<table>\n<thead>\n<tr>\n<th>Objet<\/th>\n<th>Poids<\/th>\n<th>Taille (L \u00d7 L)<\/th>\n<th>\u00c9paisseur<\/th>\n<\/tr>\n<\/thead>\n<tbody>\n<tr>\n<td>Couteau<\/td>\n<td>31.5 g<\/td>\n<td>21 cm \u00d7 1,7 cm<\/td>\n<td>1,5 mm<\/td>\n<\/tr>\n<tr>\n<td>Fourchette<\/td>\n<td>28 g<\/td>\n<td>19,5 cm \u00d7 2,4 cm<\/td>\n<td>1,5 mm<\/td>\n<\/tr>\n<tr>\n<td>Cuill\u00e8re<\/td>\n<td>37 g<\/td>\n<td>19 cm \u00d7 3,8 cm<\/td>\n<td>1,5 mm<\/td>\n<\/tr>\n<tr>\n<td>Cuill\u00e8re \u00e0 caf\u00e9<\/td>\n<td>27.5 g<\/td>\n<td>16 cm \u00d7 3,3 cm<\/td>\n<td>1,5 mm<\/td>\n<\/tr>\n<\/tbody>\n<\/table>\n<h2>Set de couverts personnalis\u00e9\uff1a<\/h2>\n<p><strong data-start=\"44\" data-end=\"73\">1\u3001Disponibilit\u00e9 d'\u00e9chantillons gratuits :<\/strong><\/p>\n<p data-start=\"44\" data-end=\"153\">Nous proposons des \u00e9chantillons gratuits pour vous permettre d'\u00e9valuer la qualit\u00e9 avant de passer des commandes en gros.<\/p>\n<p data-start=\"155\" data-end=\"295\"><strong data-start=\"155\" data-end=\"190\">2\u3001Options d'emballage personnalisables :<\/strong><br data-start=\"190\" data-end=\"193\" \/>Nous acceptons les logos personnalis\u00e9s sur l'emballage, et diff\u00e9rents styles d'emballage sont disponibles, y compris :<\/p>\n<ol data-start=\"296\" data-end=\"332\">\n<li data-start=\"296\" data-end=\"307\">\n<p data-start=\"298\" data-end=\"307\">Bo\u00eete en PET<\/p>\n<\/li>\n<li data-start=\"308\" data-end=\"319\">\n<p data-start=\"310\" data-end=\"319\">Bo\u00eete en PVC<\/p>\n<\/li>\n<li data-start=\"320\" data-end=\"332\">\n<p data-start=\"322\" data-end=\"332\">Bo\u00eete cadeau<\/p>\n<\/li>\n<\/ol>\n<p data-start=\"334\" data-end=\"442\" data-is-last-node=\"\" data-is-only-node=\"\"><strong data-start=\"334\" data-end=\"365\">3\u3001Personnalisation de la couleur de la poign\u00e9e :<\/strong><br data-start=\"365\" data-end=\"368\" \/>Nous acceptons les changements de couleur, avec 6 \u00e0 8 options de couleur disponibles en stock.<\/p>\n<div class=\"text-base my-auto mx-auto pb-10 [--thread-content-margin:--spacing(4)] thread-sm:[--thread-content-margin:--spacing(6)] thread-lg:[--thread-content-margin:--spacing(16)] px-(--thread-content-margin)\">\n<div class=\"[--thread-content-max-width:40rem] thread-lg:[--thread-content-max-width:48rem] mx-auto max-w-(--thread-content-max-width) flex-1 group\/turn-messages focus-visible:outline-hidden relative flex w-full min-w-0 flex-col agent-turn\" tabindex=\"-1\">\n<div class=\"flex max-w-full flex-col grow\">\n<div class=\"min-h-8 text-message relative flex w-full flex-col items-end gap-2 text-start break-words whitespace-normal [.text-message+&amp;]:mt-1\" dir=\"auto\" data-message-author-role=\"assistant\" data-message-id=\"aa2ae332-605b-4306-94e4-23a9dd06bf09\" data-message-model-slug=\"gpt-5-mini\">\n<div class=\"flex w-full flex-col gap-1 empty:hidden first:pt-[1px]\">\n<div class=\"markdown prose dark:prose-invert w-full break-words light markdown-new-styling\">\u00a0<\/div>\n<\/div>\n<\/div>\n<\/div>\n<\/div>\n<\/div>","protected":false},"featured_media":935,"comment_status":"closed","ping_status":"closed","template":"","meta":{"_acf_changed":true},"product_brand":[],"product_cat":[18,26],"product_tag":[],"class_list":{"0":"post-933","1":"product","2":"type-product","3":"status-publish","4":"has-post-thumbnail","6":"product_cat-cutlery-set-wholesale","7":"product_cat-plastic-handle-flatware-set","9":"first","10":"instock","11":"shipping-taxable","12":"product-type-simple"},"acf":[],"_links":{"self":[{"href":"https:\/\/www.huashunware.com\/fr\/wp-json\/wp\/v2\/product\/933","targetHints":{"allow":["GET"]}}],"collection":[{"href":"https:\/\/www.huashunware.com\/fr\/wp-json\/wp\/v2\/product"}],"about":[{"href":"https:\/\/www.huashunware.com\/fr\/wp-json\/wp\/v2\/types\/product"}],"replies":[{"embeddable":true,"href":"https:\/\/www.huashunware.com\/fr\/wp-json\/wp\/v2\/comments?post=933"}],"wp:featuredmedia":[{"embeddable":true,"href":"https:\/\/www.huashunware.com\/fr\/wp-json\/wp\/v2\/media\/935"}],"wp:attachment":[{"href":"https:\/\/www.huashunware.com\/fr\/wp-json\/wp\/v2\/media?parent=933"}],"wp:term":[{"taxonomy":"product_brand","embeddable":true,"href":"https:\/\/www.huashunware.com\/fr\/wp-json\/wp\/v2\/product_brand?post=933"},{"taxonomy":"product_cat","embeddable":true,"href":"https:\/\/www.huashunware.com\/fr\/wp-json\/wp\/v2\/product_cat?post=933"},{"taxonomy":"product_tag","embeddable":true,"href":"https:\/\/www.huashunware.com\/fr\/wp-json\/wp\/v2\/product_tag?post=933"}],"curies":[{"name":"wp","href":"https:\/\/api.w.org\/{rel}","templated":true}]}}