{"id":939,"date":"2025-11-21T07:41:32","date_gmt":"2025-11-21T06:56:39","guid":{"rendered":"https:\/\/www.huashunware.com\/?post_type=product&#038;p=939"},"modified":"2026-02-05T07:34:21","modified_gmt":"2026-02-05T07:34:21","slug":"quality-flatware-sets-wholesale-for-restaurants","status":"publish","type":"product","link":"https:\/\/www.huashunware.com\/fr\/produit\/quality-flatware-sets-wholesale-for-restaurants\/","title":{"rendered":"Couverts de qualit\u00e9 en gros pour les restaurants"},"content":{"rendered":"<div class=\"wp-block-columns is-layout-flex wp-container-core-columns-is-layout-9d6595d7 wp-block-columns-is-layout-flex\">\n<div class=\"wp-block-column is-layout-flow wp-block-column-is-layout-flow\">\n<h2 class=\"wp-block-heading\">Set de couverts Wholesale Caract\u00e9ristiques :<\/h2>\n\n\n\n<p><strong>Poign\u00e9e bicolore pour un merchandising flexible<\/strong> - Con\u00e7us avec deux couleurs de poign\u00e9es \u00e9l\u00e9gantes qui s'associent facilement avec d'autres ustensiles de cuisine, ustensiles de cuisson et accessoires de table, ce qui les rend id\u00e9aux pour des pr\u00e9sentations de d\u00e9tail coordonn\u00e9es ou des ventes group\u00e9es de produits.<\/p>\n\n\n\n<p><strong>Surface matte confortable<\/strong> - La poign\u00e9e \u00e0 finition mate am\u00e9liore le confort et la prise en main, offrant une sensation antid\u00e9rapante qui am\u00e9liore l'exp\u00e9rience de l'utilisateur dans les environnements de restauration rapides et les cuisines domestiques.<\/p>\n\n\n\n<p><strong>Une durabilit\u00e9 digne d'un restaurant<\/strong> - Con\u00e7us pour r\u00e9sister aux lavages fr\u00e9quents, \u00e0 un usage quotidien intensif et aux exigences des restaurants commerciaux, ces couverts conservent leur aspect et leurs performances m\u00eame dans les environnements \u00e0 forte rotation.<\/p>\n\n\n\n<p><strong>Esth\u00e9tique moderne adapt\u00e9e aux tables professionnelles<\/strong> - Les lignes \u00e9pur\u00e9es et le design contemporain bicolore rehaussent la pr\u00e9sentation de tout restaurant, cr\u00e9ant une apparence coh\u00e9rente et haut de gamme sur la table \u00e0 manger.<\/p>\n\n\n\n<p><strong>Polyvalent pour de multiples contextes culinaires<\/strong> - Id\u00e9ale non seulement pour les restaurants, mais aussi pour les caf\u00e9s, les \u00e9v\u00e9nements de restauration, les buffets et les salles \u00e0 manger des h\u00f4tels, elle constitue une solution \u00e9l\u00e9gante et fonctionnelle pour tous les types de services de restauration.<\/p>\n<\/div>\n\n\n\n<div class=\"wp-block-column is-vertically-aligned-center is-layout-flow wp-block-column-is-layout-flow\">\n<figure class=\"wp-block-image size-full\"><img decoding=\"async\" width=\"3686\" height=\"3686\" src=\"https:\/\/www.huashunware.com\/wp-content\/uploads\/2025\/11\/Quality-Flatware-Sets-Wholesale-for-Restaurants-2.webp\" alt=\"\" class=\"wp-image-1242\" srcset=\"https:\/\/www.huashunware.com\/wp-content\/uploads\/2025\/11\/Quality-Flatware-Sets-Wholesale-for-Restaurants-2.webp 3686w, https:\/\/www.huashunware.com\/wp-content\/uploads\/2025\/11\/Quality-Flatware-Sets-Wholesale-for-Restaurants-2-300x300.webp 300w, https:\/\/www.huashunware.com\/wp-content\/uploads\/2025\/11\/Quality-Flatware-Sets-Wholesale-for-Restaurants-2-150x150.webp 150w, https:\/\/www.huashunware.com\/wp-content\/uploads\/2025\/11\/Quality-Flatware-Sets-Wholesale-for-Restaurants-2-768x768.webp 768w, https:\/\/www.huashunware.com\/wp-content\/uploads\/2025\/11\/Quality-Flatware-Sets-Wholesale-for-Restaurants-2-12x12.webp 12w, https:\/\/www.huashunware.com\/wp-content\/uploads\/2025\/11\/Quality-Flatware-Sets-Wholesale-for-Restaurants-2-1200x1200.webp 1200w, https:\/\/www.huashunware.com\/wp-content\/uploads\/2025\/11\/Quality-Flatware-Sets-Wholesale-for-Restaurants-2-600x600.webp 600w, https:\/\/www.huashunware.com\/wp-content\/uploads\/2025\/11\/Quality-Flatware-Sets-Wholesale-for-Restaurants-2-100x100.webp 100w\" sizes=\"(max-width: 3686px) 100vw, 3686px\" \/><\/figure>\n\n\n\n<figure class=\"wp-block-image size-full\"><img decoding=\"async\" width=\"800\" height=\"800\" src=\"https:\/\/www.huashunware.com\/wp-content\/uploads\/2025\/11\/Flatware-Sets-Wholesale2.webp\" alt=\"Couverts de table Wholesale2\" class=\"wp-image-941\" srcset=\"https:\/\/www.huashunware.com\/wp-content\/uploads\/2025\/11\/Flatware-Sets-Wholesale2.webp 800w, https:\/\/www.huashunware.com\/wp-content\/uploads\/2025\/11\/Flatware-Sets-Wholesale2-300x300.webp 300w, https:\/\/www.huashunware.com\/wp-content\/uploads\/2025\/11\/Flatware-Sets-Wholesale2-150x150.webp 150w, https:\/\/www.huashunware.com\/wp-content\/uploads\/2025\/11\/Flatware-Sets-Wholesale2-768x768.webp 768w, https:\/\/www.huashunware.com\/wp-content\/uploads\/2025\/11\/Flatware-Sets-Wholesale2-12x12.webp 12w, https:\/\/www.huashunware.com\/wp-content\/uploads\/2025\/11\/Flatware-Sets-Wholesale2-600x600.webp 600w, https:\/\/www.huashunware.com\/wp-content\/uploads\/2025\/11\/Flatware-Sets-Wholesale2-100x100.webp 100w\" sizes=\"(max-width: 800px) 100vw, 800px\" \/><\/figure>\n<\/div>\n<\/div>\n\n\n\n<p><\/p>","protected":false},"excerpt":{"rendered":"<article class=\"text-token-text-primary w-full focus:outline-none [--shadow-height:45px] has-data-writing-block:pointer-events-none has-data-writing-block:-mt-(--shadow-height) has-data-writing-block:pt-(--shadow-height) [&amp;:has([data-writing-block])&gt;*]:pointer-events-auto [content-visibility:auto] supports-[content-visibility:auto]:[contain-intrinsic-size:auto_100lvh] scroll-mt-[calc(var(--header-height)+min(200px,max(70px,20svh)))]\" dir=\"auto\" tabindex=\"-1\" data-turn-id=\"request-WEB:6a8e0ffa-908e-4f03-b005-c2a158bcb803-9\" data-testid=\"conversation-turn-20\" data-scroll-anchor=\"true\" data-turn=\"assistant\">\n<div class=\"text-base my-auto mx-auto pb-10 [--thread-content-margin:--spacing(4)] thread-sm:[--thread-content-margin:--spacing(6)] thread-lg:[--thread-content-margin:--spacing(16)] px-(--thread-content-margin)\">\n<div class=\"[--thread-content-max-width:40rem] thread-lg:[--thread-content-max-width:48rem] mx-auto max-w-(--thread-content-max-width) flex-1 group\/turn-messages focus-visible:outline-hidden relative flex w-full min-w-0 flex-col agent-turn\" tabindex=\"-1\">\n<div class=\"flex max-w-full flex-col grow\">\n<div class=\"min-h-8 text-message relative flex w-full flex-col items-end gap-2 text-start break-words whitespace-normal [.text-message+&amp;]:mt-1\" dir=\"auto\" data-message-author-role=\"assistant\" data-message-id=\"1d1f6c17-d23b-4d8c-b935-1db7fceb84d9\" data-message-model-slug=\"gpt-5-1\">\n<div class=\"flex w-full flex-col gap-1 empty:hidden first:pt-[1px]\">\n<div class=\"markdown prose dark:prose-invert w-full break-words light markdown-new-styling\">\n<p data-start=\"1392\" data-end=\"1612\" data-is-last-node=\"\" data-is-only-node=\"\">Couverts de qualit\u00e9 en gros pour les restaurants - Une collection de couverts durables, bicolores, dot\u00e9s d'un manche confortable \u00e0 prise mate, qui s'harmonise avec une large gamme d'ustensiles de cuisine et d'environnements de restauration professionnelle.<\/p>\n<\/div>\n<\/div>\n<\/div>\n<\/div>\n<\/div>\n<\/div>\n<\/article>\n<h2>Set de couverts Wholesale Attribut :<\/h2>\n<table>\n<thead>\n<tr>\n<th>Objet<\/th>\n<th>Poids<\/th>\n<th>Taille (L \u00d7 L)<\/th>\n<th>\u00c9paisseur<\/th>\n<\/tr>\n<\/thead>\n<tbody>\n<tr>\n<td>Couteau<\/td>\n<td>33.5 g<\/td>\n<td>21,5 cm \u00d7 1,7 cm<\/td>\n<td>1,5 mm<\/td>\n<\/tr>\n<tr>\n<td>Fourchette<\/td>\n<td>30 g<\/td>\n<td>20 cm \u00d7 2,4 cm<\/td>\n<td>1,5 mm<\/td>\n<\/tr>\n<tr>\n<td>Cuill\u00e8re<\/td>\n<td>39 g<\/td>\n<td>19,5 cm \u00d7 3,8 cm<\/td>\n<td>1,5 mm<\/td>\n<\/tr>\n<tr>\n<td>Cuill\u00e8re \u00e0 caf\u00e9<\/td>\n<td>27 g<\/td>\n<td>16 cm \u00d7 3,3 cm<\/td>\n<td>1,5 mm<\/td>\n<\/tr>\n<\/tbody>\n<\/table>\n<h2>Couverts de table personnalis\u00e9s\uff1a<\/h2>\n<p><strong data-start=\"44\" data-end=\"73\">1\u3001Disponibilit\u00e9 d'\u00e9chantillons gratuits :<\/strong><\/p>\n<p data-start=\"44\" data-end=\"153\">Nous proposons des \u00e9chantillons gratuits pour vous permettre d'\u00e9valuer la qualit\u00e9 avant de passer des commandes en gros.<\/p>\n<p data-start=\"155\" data-end=\"295\"><strong data-start=\"155\" data-end=\"190\">2\u3001Options d'emballage personnalisables :<\/strong><br data-start=\"190\" data-end=\"193\" \/>Nous acceptons les logos personnalis\u00e9s sur l'emballage, et diff\u00e9rents styles d'emballage sont disponibles, y compris :<\/p>\n<ol data-start=\"296\" data-end=\"332\">\n<li data-start=\"296\" data-end=\"307\">\n<p data-start=\"298\" data-end=\"307\">Bo\u00eete en PET<\/p>\n<\/li>\n<li data-start=\"308\" data-end=\"319\">\n<p data-start=\"310\" data-end=\"319\">Bo\u00eete en PVC<\/p>\n<\/li>\n<li data-start=\"320\" data-end=\"332\">\n<p data-start=\"322\" data-end=\"332\">Bo\u00eete cadeau<\/p>\n<\/li>\n<\/ol>\n<p data-start=\"334\" data-end=\"442\" data-is-last-node=\"\" data-is-only-node=\"\"><strong data-start=\"334\" data-end=\"365\">3\u3001Personnalisation de la couleur de la poign\u00e9e :<\/strong><br data-start=\"365\" data-end=\"368\" \/>Nous acceptons les changements de couleur, avec 6 \u00e0 8 options de couleur disponibles en stock.<\/p>\n<div class=\"text-base my-auto mx-auto pb-10 [--thread-content-margin:--spacing(4)] thread-sm:[--thread-content-margin:--spacing(6)] thread-lg:[--thread-content-margin:--spacing(16)] px-(--thread-content-margin)\">\n<div class=\"[--thread-content-max-width:40rem] thread-lg:[--thread-content-max-width:48rem] mx-auto max-w-(--thread-content-max-width) flex-1 group\/turn-messages focus-visible:outline-hidden relative flex w-full min-w-0 flex-col agent-turn\" tabindex=\"-1\">\n<div class=\"flex max-w-full flex-col grow\">\n<div class=\"min-h-8 text-message relative flex w-full flex-col items-end gap-2 text-start break-words whitespace-normal [.text-message+&amp;]:mt-1\" dir=\"auto\" data-message-author-role=\"assistant\" data-message-id=\"aa2ae332-605b-4306-94e4-23a9dd06bf09\" data-message-model-slug=\"gpt-5-mini\">\n<div class=\"flex w-full flex-col gap-1 empty:hidden first:pt-[1px]\">\n<div class=\"markdown prose dark:prose-invert w-full break-words light markdown-new-styling\">\u00a0<\/div>\n<\/div>\n<\/div>\n<\/div>\n<\/div>\n<\/div>","protected":false},"featured_media":940,"comment_status":"closed","ping_status":"closed","template":"","meta":{"_acf_changed":false},"product_brand":[],"product_cat":[18,26],"product_tag":[],"class_list":{"0":"post-939","1":"product","2":"type-product","3":"status-publish","4":"has-post-thumbnail","6":"product_cat-cutlery-set-wholesale","7":"product_cat-plastic-handle-flatware-set","9":"first","10":"instock","11":"shipping-taxable","12":"product-type-simple"},"acf":[],"_links":{"self":[{"href":"https:\/\/www.huashunware.com\/fr\/wp-json\/wp\/v2\/product\/939","targetHints":{"allow":["GET"]}}],"collection":[{"href":"https:\/\/www.huashunware.com\/fr\/wp-json\/wp\/v2\/product"}],"about":[{"href":"https:\/\/www.huashunware.com\/fr\/wp-json\/wp\/v2\/types\/product"}],"replies":[{"embeddable":true,"href":"https:\/\/www.huashunware.com\/fr\/wp-json\/wp\/v2\/comments?post=939"}],"wp:featuredmedia":[{"embeddable":true,"href":"https:\/\/www.huashunware.com\/fr\/wp-json\/wp\/v2\/media\/940"}],"wp:attachment":[{"href":"https:\/\/www.huashunware.com\/fr\/wp-json\/wp\/v2\/media?parent=939"}],"wp:term":[{"taxonomy":"product_brand","embeddable":true,"href":"https:\/\/www.huashunware.com\/fr\/wp-json\/wp\/v2\/product_brand?post=939"},{"taxonomy":"product_cat","embeddable":true,"href":"https:\/\/www.huashunware.com\/fr\/wp-json\/wp\/v2\/product_cat?post=939"},{"taxonomy":"product_tag","embeddable":true,"href":"https:\/\/www.huashunware.com\/fr\/wp-json\/wp\/v2\/product_tag?post=939"}],"curies":[{"name":"wp","href":"https:\/\/api.w.org\/{rel}","templated":true}]}}