{"id":943,"date":"2025-11-21T08:23:18","date_gmt":"2025-11-21T08:15:34","guid":{"rendered":"https:\/\/www.huashunware.com\/?post_type=product&#038;p=943"},"modified":"2026-02-05T08:21:34","modified_gmt":"2026-02-05T08:21:34","slug":"bulk-flatware-sets-with-plastic-handle","status":"publish","type":"product","link":"https:\/\/www.huashunware.com\/fr\/produit\/bulk-flatware-sets-with-plastic-handle\/","title":{"rendered":"Set de couverts en acier inoxydable avec manche en plastique Wholesale"},"content":{"rendered":"<div class=\"wp-block-columns is-layout-flex wp-container-core-columns-is-layout-9d6595d7 wp-block-columns-is-layout-flex\">\n<div class=\"wp-block-column is-layout-flow wp-block-column-is-layout-flow\">\n<h2 class=\"wp-block-heading\">Ensemble de couverts en vrac avec manche en plastique Caract\u00e9ristiques :<\/h2>\n\n\n\n<p><strong>Poign\u00e9e unique \u00e0 noyau de couleur transparent<\/strong> - Dot\u00e9 d'une magnifique couleur int\u00e9rieure transparente, cet ensemble de couverts se distingue instantan\u00e9ment et ajoute une touche d\u00e9corative moderne \u00e0 toute table de salle \u00e0 manger.<\/p>\n\n\n\n<p><strong>Construction solide et fiable en acier inoxydable<\/strong> - Fabriqu\u00e9e en acier inoxydable de haute qualit\u00e9, chaque pi\u00e8ce offre une excellente durabilit\u00e9, une r\u00e9sistance \u00e0 la rouille et une brillance durable, ce qui la rend id\u00e9ale pour un usage commercial ou domestique.<\/p>\n\n\n\n<p><strong>Poign\u00e9es l\u00e9g\u00e8res en plastique pour une utilisation confortable<\/strong> - Le manche ergonomique en plastique assure une prise en main confortable et s\u00fbre, tout en gardant les couverts l\u00e9gers et faciles \u00e0 manipuler pour les utilisateurs de tous \u00e2ges.<\/p>\n\n\n\n<p><strong>Parfait pour les commandes en gros \u00e0 grande \u00e9chelle<\/strong> - Con\u00e7u pour les distributeurs, les d\u00e9taillants et les restaurants \u00e0 la recherche de couverts \u00e9l\u00e9gants et \u00e9conomiques. Une capacit\u00e9 de production stable et des prix avantageux en font un produit id\u00e9al pour les achats en gros.<\/p>\n\n\n\n<p><strong>Polyvalent pour de multiples environnements de restauration<\/strong> - Qu'il soit utilis\u00e9 dans les restaurants, les caf\u00e9t\u00e9rias, les salles \u00e0 manger des \u00e9coles, les \u00e9v\u00e9nements en plein air ou les cuisines domestiques, cet ensemble ajoute du style et de la praticit\u00e9 aux diff\u00e9rents d\u00e9cors de table.<\/p>\n<\/div>\n\n\n\n<div class=\"wp-block-column is-vertically-aligned-center is-layout-flow wp-block-column-is-layout-flow\">\n<figure class=\"wp-block-image size-full\"><img decoding=\"async\" width=\"800\" height=\"800\" src=\"https:\/\/www.huashunware.com\/wp-content\/uploads\/2025\/11\/Bulk-Flatware-Sets-with-Plastic-Handle4.webp\" alt=\"Couverts en vrac avec manche en plastique4\" class=\"wp-image-947\" srcset=\"https:\/\/www.huashunware.com\/wp-content\/uploads\/2025\/11\/Bulk-Flatware-Sets-with-Plastic-Handle4.webp 800w, https:\/\/www.huashunware.com\/wp-content\/uploads\/2025\/11\/Bulk-Flatware-Sets-with-Plastic-Handle4-300x300.webp 300w, https:\/\/www.huashunware.com\/wp-content\/uploads\/2025\/11\/Bulk-Flatware-Sets-with-Plastic-Handle4-150x150.webp 150w, https:\/\/www.huashunware.com\/wp-content\/uploads\/2025\/11\/Bulk-Flatware-Sets-with-Plastic-Handle4-768x768.webp 768w, https:\/\/www.huashunware.com\/wp-content\/uploads\/2025\/11\/Bulk-Flatware-Sets-with-Plastic-Handle4-12x12.webp 12w, https:\/\/www.huashunware.com\/wp-content\/uploads\/2025\/11\/Bulk-Flatware-Sets-with-Plastic-Handle4-600x600.webp 600w, https:\/\/www.huashunware.com\/wp-content\/uploads\/2025\/11\/Bulk-Flatware-Sets-with-Plastic-Handle4-100x100.webp 100w\" sizes=\"(max-width: 800px) 100vw, 800px\" \/><\/figure>\n<\/div>\n<\/div>\n\n\n\n<p><\/p>","protected":false},"excerpt":{"rendered":"<article class=\"text-token-text-primary w-full focus:outline-none [--shadow-height:45px] has-data-writing-block:pointer-events-none has-data-writing-block:-mt-(--shadow-height) has-data-writing-block:pt-(--shadow-height) [&amp;:has([data-writing-block])&gt;*]:pointer-events-auto [content-visibility:auto] supports-[content-visibility:auto]:[contain-intrinsic-size:auto_100lvh] scroll-mt-[calc(var(--header-height)+min(200px,max(70px,20svh)))]\" dir=\"auto\" tabindex=\"-1\" data-turn-id=\"request-WEB:6a8e0ffa-908e-4f03-b005-c2a158bcb803-9\" data-testid=\"conversation-turn-20\" data-scroll-anchor=\"true\" data-turn=\"assistant\">\n<div class=\"text-base my-auto mx-auto pb-10 [--thread-content-margin:--spacing(4)] thread-sm:[--thread-content-margin:--spacing(6)] thread-lg:[--thread-content-margin:--spacing(16)] px-(--thread-content-margin)\">\n<div class=\"[--thread-content-max-width:40rem] thread-lg:[--thread-content-max-width:48rem] mx-auto max-w-(--thread-content-max-width) flex-1 group\/turn-messages focus-visible:outline-hidden relative flex w-full min-w-0 flex-col agent-turn\" tabindex=\"-1\">\n<div class=\"flex max-w-full flex-col grow\">\n<div class=\"min-h-8 text-message relative flex w-full flex-col items-end gap-2 text-start break-words whitespace-normal [.text-message+&amp;]:mt-1\" dir=\"auto\" data-message-author-role=\"assistant\" data-message-id=\"1d1f6c17-d23b-4d8c-b935-1db7fceb84d9\" data-message-model-slug=\"gpt-5-1\">\n<div class=\"flex w-full flex-col gap-1 empty:hidden first:pt-[1px]\">\n<div class=\"markdown prose dark:prose-invert w-full break-words light markdown-new-styling\">\n<p data-start=\"1392\" data-end=\"1612\" data-is-last-node=\"\" data-is-only-node=\"\">Couverts en vrac avec manche en plastique - Une collection \u00e9l\u00e9gante de couverts en acier inoxydable avec un design unique de manche transparent, offrant durabilit\u00e9 et attrait visuel pour une utilisation commerciale et domestique.<\/p>\n<\/div>\n<\/div>\n<\/div>\n<\/div>\n<\/div>\n<\/div>\n<\/article>\n<h2>Set de couverts Wholesale Attribut :<\/h2>\n<table>\n<thead>\n<tr>\n<th>Objet<\/th>\n<th>Poids<\/th>\n<th>Taille (L \u00d7 L)<\/th>\n<th>\u00c9paisseur<\/th>\n<\/tr>\n<\/thead>\n<tbody>\n<tr>\n<td>Couteau<\/td>\n<td>35 g<\/td>\n<td>22 cm \u00d7 1,7 cm<\/td>\n<td>1,5 mm<\/td>\n<\/tr>\n<tr>\n<td>Fourchette<\/td>\n<td>32 g<\/td>\n<td>20,5 cm \u00d7 2,4 cm<\/td>\n<td>1,5 mm<\/td>\n<\/tr>\n<tr>\n<td>Cuill\u00e8re<\/td>\n<td>41 g<\/td>\n<td>20 cm \u00d7 3,8 cm<\/td>\n<td>1,5 mm<\/td>\n<\/tr>\n<tr>\n<td>Cuill\u00e8re \u00e0 caf\u00e9<\/td>\n<td>28 g<\/td>\n<td>16 cm \u00d7 3,2 cm<\/td>\n<td>1,5 mm<\/td>\n<\/tr>\n<\/tbody>\n<\/table>\n<h2>Couverts de table personnalis\u00e9s\uff1a<\/h2>\n<p><strong data-start=\"44\" data-end=\"73\">1\u3001Disponibilit\u00e9 d'\u00e9chantillons gratuits :<\/strong><\/p>\n<p data-start=\"44\" data-end=\"153\">Nous proposons des \u00e9chantillons gratuits pour vous permettre d'\u00e9valuer la qualit\u00e9 avant de passer des commandes en gros.<\/p>\n<p data-start=\"155\" data-end=\"295\"><strong data-start=\"155\" data-end=\"190\">2\u3001Options d'emballage personnalisables :<\/strong><br data-start=\"190\" data-end=\"193\" \/>Nous acceptons les logos personnalis\u00e9s sur l'emballage, et diff\u00e9rents styles d'emballage sont disponibles, y compris :<\/p>\n<ol data-start=\"296\" data-end=\"332\">\n<li data-start=\"296\" data-end=\"307\">\n<p data-start=\"298\" data-end=\"307\">Bo\u00eete en PET<\/p>\n<\/li>\n<li data-start=\"308\" data-end=\"319\">\n<p data-start=\"310\" data-end=\"319\">Bo\u00eete en PVC<\/p>\n<\/li>\n<li data-start=\"320\" data-end=\"332\">\n<p data-start=\"322\" data-end=\"332\">Bo\u00eete cadeau<\/p>\n<\/li>\n<\/ol>\n<p data-start=\"334\" data-end=\"442\" data-is-last-node=\"\" data-is-only-node=\"\"><strong data-start=\"334\" data-end=\"365\">3\u3001Personnalisation de la couleur de la poign\u00e9e :<\/strong><br data-start=\"365\" data-end=\"368\" \/>Nous acceptons les changements de couleur, avec 6 \u00e0 8 options de couleur disponibles en stock.<\/p>\n<div class=\"text-base my-auto mx-auto pb-10 [--thread-content-margin:--spacing(4)] thread-sm:[--thread-content-margin:--spacing(6)] thread-lg:[--thread-content-margin:--spacing(16)] px-(--thread-content-margin)\">\n<div class=\"[--thread-content-max-width:40rem] thread-lg:[--thread-content-max-width:48rem] mx-auto max-w-(--thread-content-max-width) flex-1 group\/turn-messages focus-visible:outline-hidden relative flex w-full min-w-0 flex-col agent-turn\" tabindex=\"-1\">\n<div class=\"flex max-w-full flex-col grow\">\n<div class=\"min-h-8 text-message relative flex w-full flex-col items-end gap-2 text-start break-words whitespace-normal [.text-message+&amp;]:mt-1\" dir=\"auto\" data-message-author-role=\"assistant\" data-message-id=\"aa2ae332-605b-4306-94e4-23a9dd06bf09\" data-message-model-slug=\"gpt-5-mini\">\n<div class=\"flex w-full flex-col gap-1 empty:hidden first:pt-[1px]\">\n<div class=\"markdown prose dark:prose-invert w-full break-words light markdown-new-styling\">\u00a0<\/div>\n<\/div>\n<\/div>\n<\/div>\n<\/div>\n<\/div>","protected":false},"featured_media":946,"comment_status":"closed","ping_status":"closed","template":"","meta":{"_acf_changed":false},"product_brand":[],"product_cat":[18,26],"product_tag":[],"class_list":{"0":"post-943","1":"product","2":"type-product","3":"status-publish","4":"has-post-thumbnail","6":"product_cat-cutlery-set-wholesale","7":"product_cat-plastic-handle-flatware-set","9":"first","10":"instock","11":"shipping-taxable","12":"product-type-simple"},"acf":[],"_links":{"self":[{"href":"https:\/\/www.huashunware.com\/fr\/wp-json\/wp\/v2\/product\/943","targetHints":{"allow":["GET"]}}],"collection":[{"href":"https:\/\/www.huashunware.com\/fr\/wp-json\/wp\/v2\/product"}],"about":[{"href":"https:\/\/www.huashunware.com\/fr\/wp-json\/wp\/v2\/types\/product"}],"replies":[{"embeddable":true,"href":"https:\/\/www.huashunware.com\/fr\/wp-json\/wp\/v2\/comments?post=943"}],"wp:featuredmedia":[{"embeddable":true,"href":"https:\/\/www.huashunware.com\/fr\/wp-json\/wp\/v2\/media\/946"}],"wp:attachment":[{"href":"https:\/\/www.huashunware.com\/fr\/wp-json\/wp\/v2\/media?parent=943"}],"wp:term":[{"taxonomy":"product_brand","embeddable":true,"href":"https:\/\/www.huashunware.com\/fr\/wp-json\/wp\/v2\/product_brand?post=943"},{"taxonomy":"product_cat","embeddable":true,"href":"https:\/\/www.huashunware.com\/fr\/wp-json\/wp\/v2\/product_cat?post=943"},{"taxonomy":"product_tag","embeddable":true,"href":"https:\/\/www.huashunware.com\/fr\/wp-json\/wp\/v2\/product_tag?post=943"}],"curies":[{"name":"wp","href":"https:\/\/api.w.org\/{rel}","templated":true}]}}