{"id":949,"date":"2025-09-22T06:49:20","date_gmt":"2025-09-22T06:49:20","guid":{"rendered":"https:\/\/www.huashunware.com\/?post_type=product&#038;p=949"},"modified":"2026-02-05T08:24:24","modified_gmt":"2026-02-05T08:24:24","slug":"stainless-steel-modern-cutlery-set-custom","status":"publish","type":"product","link":"https:\/\/www.huashunware.com\/fr\/produit\/stainless-steel-modern-cutlery-set-custom\/","title":{"rendered":"Set de couverts modernes en acier inoxydable Custom,Wholesale Quality Flatware"},"content":{"rendered":"<div class=\"wp-block-columns is-layout-flex wp-container-core-columns-is-layout-9d6595d7 wp-block-columns-is-layout-flex\">\n<div class=\"wp-block-column is-layout-flow wp-block-column-is-layout-flow\">\n<h2 class=\"wp-block-heading\">Ensemble de couverts modernes en acier inoxydable Caract\u00e9ristiques personnalis\u00e9es :<\/h2>\n\n\n\n<p><strong>Construction en acier inoxydable de premi\u00e8re qualit\u00e9<\/strong> - Fabriqu\u00e9 en acier inoxydable de haute qualit\u00e9 pour une durabilit\u00e9 \u00e0 long terme, une r\u00e9sistance \u00e0 la rouille et une brillance \u00e9l\u00e9gante.<\/p>\n\n\n\n<p><strong>Design moderne et minimaliste<\/strong> - Les lignes \u00e9pur\u00e9es et l'esth\u00e9tique contemporaine rehaussent tout d\u00e9cor de table, id\u00e9al pour les maisons, les restaurants et les \u00e9v\u00e9nements.<\/p>\n\n\n\n<p><strong>Personnalisable pour votre marque<\/strong> - Les logos, les finitions, les couleurs et l'emballage peuvent \u00eatre enti\u00e8rement personnalis\u00e9s pour r\u00e9pondre \u00e0 vos besoins en mati\u00e8re de marque et de vente en gros.<\/p>\n\n\n\n<p><strong>Poign\u00e9e confortable et \u00e9quilibr\u00e9e<\/strong> - Chaque ustensile est con\u00e7u de mani\u00e8re ergonomique pour une exp\u00e9rience culinaire confortable avec une excellente r\u00e9partition du poids.<\/p>\n\n\n\n<p><strong>Assurance qualit\u00e9 du commerce de gros<\/strong> - La tarification directe \u00e0 l'usine et le contr\u00f4le strict de la qualit\u00e9 garantissent des performances fiables pour les commandes en grande quantit\u00e9.<\/p>\n<\/div>\n\n\n\n<div class=\"wp-block-column is-vertically-aligned-center is-layout-flow wp-block-column-is-layout-flow\">\n<figure class=\"wp-block-image size-full\"><img decoding=\"async\" width=\"3072\" height=\"3072\" src=\"https:\/\/www.huashunware.com\/wp-content\/uploads\/2025\/11\/Stainless-Steel-Modern-Cutlery-Set-Custom1.webp\" alt=\"Set de couverts modernes en acier inoxydable Custom1\" class=\"wp-image-950\" srcset=\"https:\/\/www.huashunware.com\/wp-content\/uploads\/2025\/11\/Stainless-Steel-Modern-Cutlery-Set-Custom1.webp 3072w, https:\/\/www.huashunware.com\/wp-content\/uploads\/2025\/11\/Stainless-Steel-Modern-Cutlery-Set-Custom1-300x300.webp 300w, https:\/\/www.huashunware.com\/wp-content\/uploads\/2025\/11\/Stainless-Steel-Modern-Cutlery-Set-Custom1-150x150.webp 150w, https:\/\/www.huashunware.com\/wp-content\/uploads\/2025\/11\/Stainless-Steel-Modern-Cutlery-Set-Custom1-768x768.webp 768w, https:\/\/www.huashunware.com\/wp-content\/uploads\/2025\/11\/Stainless-Steel-Modern-Cutlery-Set-Custom1-12x12.webp 12w, https:\/\/www.huashunware.com\/wp-content\/uploads\/2025\/11\/Stainless-Steel-Modern-Cutlery-Set-Custom1-1200x1200.webp 1200w, https:\/\/www.huashunware.com\/wp-content\/uploads\/2025\/11\/Stainless-Steel-Modern-Cutlery-Set-Custom1-600x600.webp 600w, https:\/\/www.huashunware.com\/wp-content\/uploads\/2025\/11\/Stainless-Steel-Modern-Cutlery-Set-Custom1-100x100.webp 100w\" sizes=\"(max-width: 3072px) 100vw, 3072px\" \/><\/figure>\n\n\n\n<figure class=\"wp-block-image size-full\"><img decoding=\"async\" width=\"1536\" height=\"1536\" src=\"https:\/\/www.huashunware.com\/wp-content\/uploads\/2025\/09\/Stainless-Steel-Modern-Cutlery-Set-Custom1.webp\" alt=\"Set de couverts modernes en acier inoxydable Custom1\" class=\"wp-image-1216\" srcset=\"https:\/\/www.huashunware.com\/wp-content\/uploads\/2025\/09\/Stainless-Steel-Modern-Cutlery-Set-Custom1.webp 1536w, https:\/\/www.huashunware.com\/wp-content\/uploads\/2025\/09\/Stainless-Steel-Modern-Cutlery-Set-Custom1-300x300.webp 300w, https:\/\/www.huashunware.com\/wp-content\/uploads\/2025\/09\/Stainless-Steel-Modern-Cutlery-Set-Custom1-150x150.webp 150w, https:\/\/www.huashunware.com\/wp-content\/uploads\/2025\/09\/Stainless-Steel-Modern-Cutlery-Set-Custom1-768x768.webp 768w, https:\/\/www.huashunware.com\/wp-content\/uploads\/2025\/09\/Stainless-Steel-Modern-Cutlery-Set-Custom1-12x12.webp 12w, https:\/\/www.huashunware.com\/wp-content\/uploads\/2025\/09\/Stainless-Steel-Modern-Cutlery-Set-Custom1-1200x1200.webp 1200w, https:\/\/www.huashunware.com\/wp-content\/uploads\/2025\/09\/Stainless-Steel-Modern-Cutlery-Set-Custom1-600x600.webp 600w, https:\/\/www.huashunware.com\/wp-content\/uploads\/2025\/09\/Stainless-Steel-Modern-Cutlery-Set-Custom1-100x100.webp 100w\" sizes=\"(max-width: 1536px) 100vw, 1536px\" \/><\/figure>\n<\/div>\n<\/div>\n\n\n\n<p><\/p>","protected":false},"excerpt":{"rendered":"<article class=\"text-token-text-primary w-full focus:outline-none [--shadow-height:45px] has-data-writing-block:pointer-events-none has-data-writing-block:-mt-(--shadow-height) has-data-writing-block:pt-(--shadow-height) [&amp;:has([data-writing-block])&gt;*]:pointer-events-auto [content-visibility:auto] supports-[content-visibility:auto]:[contain-intrinsic-size:auto_100lvh] scroll-mt-[calc(var(--header-height)+min(200px,max(70px,20svh)))]\" dir=\"auto\" tabindex=\"-1\" data-turn-id=\"request-WEB:6a8e0ffa-908e-4f03-b005-c2a158bcb803-9\" data-testid=\"conversation-turn-20\" data-scroll-anchor=\"true\" data-turn=\"assistant\">\n<div class=\"text-base my-auto mx-auto pb-10 [--thread-content-margin:--spacing(4)] thread-sm:[--thread-content-margin:--spacing(6)] thread-lg:[--thread-content-margin:--spacing(16)] px-(--thread-content-margin)\">\n<div class=\"[--thread-content-max-width:40rem] thread-lg:[--thread-content-max-width:48rem] mx-auto max-w-(--thread-content-max-width) flex-1 group\/turn-messages focus-visible:outline-hidden relative flex w-full min-w-0 flex-col agent-turn\" tabindex=\"-1\">\n<div class=\"flex max-w-full flex-col grow\">\n<div class=\"min-h-8 text-message relative flex w-full flex-col items-end gap-2 text-start break-words whitespace-normal [.text-message+&amp;]:mt-1\" dir=\"auto\" data-message-author-role=\"assistant\" data-message-id=\"1d1f6c17-d23b-4d8c-b935-1db7fceb84d9\" data-message-model-slug=\"gpt-5-1\">\n<div class=\"flex w-full flex-col gap-1 empty:hidden first:pt-[1px]\">\n<div class=\"markdown prose dark:prose-invert w-full break-words light markdown-new-styling\">\n<p data-start=\"1392\" data-end=\"1612\" data-is-last-node=\"\" data-is-only-node=\"\">L'ensemble de couverts modernes en acier inoxydable offre un design moderne et \u00e9l\u00e9gant, une qualit\u00e9 durable en acier inoxydable et des options de personnalisation compl\u00e8tes - parfait pour les maisons, les restaurants et les commandes en vrac.<\/p>\n<\/div>\n<\/div>\n<\/div>\n<\/div>\n<\/div>\n<\/div>\n<\/article>\n<h2>Ensemble de couverts modernes en acier inoxydable Attribut personnalis\u00e9 :<\/h2>\n<table>\n<thead>\n<tr>\n<th>Objet<\/th>\n<th>Poids<\/th>\n<th>Taille (L \u00d7 L)<\/th>\n<\/tr>\n<\/thead>\n<tbody>\n<tr>\n<td>Couteau<\/td>\n<td>70 g<\/td>\n<td>22 \u00d7 2 cm<\/td>\n<\/tr>\n<tr>\n<td>Fourchette<\/td>\n<td>25 g<\/td>\n<td>20 \u00d7 2,4 cm<\/td>\n<\/tr>\n<tr>\n<td>Cuill\u00e8re<\/td>\n<td>57 g<\/td>\n<td>19,5 \u00d7 4,5 cm<\/td>\n<\/tr>\n<tr>\n<td>Cuill\u00e8re \u00e0 caf\u00e9<\/td>\n<td>21 g<\/td>\n<td>14 \u00d7 2,8 cm<\/td>\n<\/tr>\n<\/tbody>\n<\/table>\n<h2>Set de couverts modernes en acier inoxydable sur mesure\uff1a<\/h2>\n<p data-start=\"40\" data-end=\"149\"><strong data-start=\"40\" data-end=\"69\">1\u3001Disponibilit\u00e9 d'\u00e9chantillons gratuits :<\/strong><br data-start=\"69\" data-end=\"72\" \/>Nous fournissons des \u00e9chantillons gratuits pour v\u00e9rifier la qualit\u00e9 avant de passer des commandes en gros.<\/p>\n<p data-start=\"154\" data-end=\"286\"><strong data-start=\"154\" data-end=\"189\">2\u3001Options d'emballage personnalisables :<\/strong><br data-start=\"189\" data-end=\"192\" \/>Nous acceptons les logos personnalis\u00e9s sur l'emballage et proposons plusieurs choix d'emballage, notamment :<\/p>\n<p data-start=\"292\" data-end=\"301\">Bo\u00eete en PET\u3001PVC\u3001Bo\u00eete cadeau<br \/><strong data-start=\"335\" data-end=\"358\">3\u3001La personnalisation du logo :<\/strong><br data-start=\"358\" data-end=\"361\" \/>La gravure au laser et les logos grav\u00e9s sont tous deux disponibles pour marquer vos couverts.<\/p>\n<div class=\"text-base my-auto mx-auto pb-10 [--thread-content-margin:--spacing(4)] thread-sm:[--thread-content-margin:--spacing(6)] thread-lg:[--thread-content-margin:--spacing(16)] px-(--thread-content-margin)\">\n<div class=\"[--thread-content-max-width:40rem] thread-lg:[--thread-content-max-width:48rem] mx-auto max-w-(--thread-content-max-width) flex-1 group\/turn-messages focus-visible:outline-hidden relative flex w-full min-w-0 flex-col agent-turn\" tabindex=\"-1\">\n<div class=\"flex max-w-full flex-col grow\">\n<div class=\"min-h-8 text-message relative flex w-full flex-col items-end gap-2 text-start break-words whitespace-normal [.text-message+&amp;]:mt-1\" dir=\"auto\" data-message-author-role=\"assistant\" data-message-id=\"aa2ae332-605b-4306-94e4-23a9dd06bf09\" data-message-model-slug=\"gpt-5-mini\">\n<div class=\"flex w-full flex-col gap-1 empty:hidden first:pt-[1px]\">\n<div class=\"markdown prose dark:prose-invert w-full break-words light markdown-new-styling\">\u00a0<\/div>\n<\/div>\n<\/div>\n<\/div>\n<\/div>\n<\/div>","protected":false},"featured_media":950,"comment_status":"closed","ping_status":"closed","template":"","meta":{"_acf_changed":true},"product_brand":[],"product_cat":[18,27],"product_tag":[],"class_list":{"0":"post-949","1":"product","2":"type-product","3":"status-publish","4":"has-post-thumbnail","6":"product_cat-cutlery-set-wholesale","7":"product_cat-stainless-steel-flatware-set","9":"first","10":"instock","11":"shipping-taxable","12":"product-type-simple"},"acf":[],"_links":{"self":[{"href":"https:\/\/www.huashunware.com\/fr\/wp-json\/wp\/v2\/product\/949","targetHints":{"allow":["GET"]}}],"collection":[{"href":"https:\/\/www.huashunware.com\/fr\/wp-json\/wp\/v2\/product"}],"about":[{"href":"https:\/\/www.huashunware.com\/fr\/wp-json\/wp\/v2\/types\/product"}],"replies":[{"embeddable":true,"href":"https:\/\/www.huashunware.com\/fr\/wp-json\/wp\/v2\/comments?post=949"}],"wp:featuredmedia":[{"embeddable":true,"href":"https:\/\/www.huashunware.com\/fr\/wp-json\/wp\/v2\/media\/950"}],"wp:attachment":[{"href":"https:\/\/www.huashunware.com\/fr\/wp-json\/wp\/v2\/media?parent=949"}],"wp:term":[{"taxonomy":"product_brand","embeddable":true,"href":"https:\/\/www.huashunware.com\/fr\/wp-json\/wp\/v2\/product_brand?post=949"},{"taxonomy":"product_cat","embeddable":true,"href":"https:\/\/www.huashunware.com\/fr\/wp-json\/wp\/v2\/product_cat?post=949"},{"taxonomy":"product_tag","embeddable":true,"href":"https:\/\/www.huashunware.com\/fr\/wp-json\/wp\/v2\/product_tag?post=949"}],"curies":[{"name":"wp","href":"https:\/\/api.w.org\/{rel}","templated":true}]}}