{"id":953,"date":"2025-09-22T07:14:37","date_gmt":"2025-09-22T07:14:37","guid":{"rendered":"https:\/\/www.huashunware.com\/?post_type=product&#038;p=953"},"modified":"2026-02-05T08:28:44","modified_gmt":"2026-02-05T08:28:44","slug":"wholesale-high-end-flatware-for-restaurant","status":"publish","type":"product","link":"https:\/\/www.huashunware.com\/fr\/produit\/wholesale-high-end-flatware-for-restaurant\/","title":{"rendered":"Couverts de table haut de gamme en gros pour le restaurant"},"content":{"rendered":"<div class=\"wp-block-columns is-layout-flex wp-container-core-columns-is-layout-9d6595d7 wp-block-columns-is-layout-flex\">\n<div class=\"wp-block-column is-layout-flow wp-block-column-is-layout-flow\">\n<h2 class=\"wp-block-heading\">Couverts de table haut de gamme en gros Caract\u00e9ristiques :<\/h2>\n\n\n\n<p><strong>Qualit\u00e9 sup\u00e9rieure de type restaurant<\/strong> - Fabriqu\u00e9 en acier inoxydable de haute qualit\u00e9 pour une durabilit\u00e9 exceptionnelle, une brillance et des performances durables dans le cadre d'une utilisation commerciale intensive.<\/p>\n\n\n\n<p><strong>Design \u00e9l\u00e9gant et haut de gamme<\/strong> - Le style moderne et raffin\u00e9 am\u00e9liore la pr\u00e9sentation de la table et rehausse l'exp\u00e9rience gastronomique dans les restaurants et les h\u00f4tels haut de gamme.<\/p>\n\n\n\n<p><strong>Equilibre et confort parfaits<\/strong> - Le design ergonomique permet une prise en main confortable et offre une r\u00e9partition id\u00e9ale du poids, appr\u00e9ci\u00e9e par les chefs professionnels et les convives.<\/p>\n\n\n\n<p><strong>Styles et finitions multiples<\/strong> - Disponibles en diff\u00e9rents motifs, couleurs et finitions de surface tels que poli miroir, mat, or, noir ou options personnalis\u00e9es.<\/p>\n\n\n\n<p><strong>Prix de gros et marquage personnalis\u00e9<\/strong> - Des prix de gros directs \u00e0 l'usine avec la possibilit\u00e9 de personnaliser les logos et les emballages pour r\u00e9pondre aux besoins de votre restaurant en mati\u00e8re d'image de marque.<\/p>\n<\/div>\n\n\n\n<div class=\"wp-block-column is-vertically-aligned-center is-layout-flow wp-block-column-is-layout-flow\">\n<figure class=\"wp-block-image size-full\"><img decoding=\"async\" width=\"3686\" height=\"3686\" src=\"https:\/\/www.huashunware.com\/wp-content\/uploads\/2025\/09\/Wholesale-High-end-Flatware-for-Restaurant.webp\" alt=\"Couverts de table haut de gamme en gros pour le restaurant\" class=\"wp-image-1217\" srcset=\"https:\/\/www.huashunware.com\/wp-content\/uploads\/2025\/09\/Wholesale-High-end-Flatware-for-Restaurant.webp 3686w, https:\/\/www.huashunware.com\/wp-content\/uploads\/2025\/09\/Wholesale-High-end-Flatware-for-Restaurant-300x300.webp 300w, https:\/\/www.huashunware.com\/wp-content\/uploads\/2025\/09\/Wholesale-High-end-Flatware-for-Restaurant-150x150.webp 150w, https:\/\/www.huashunware.com\/wp-content\/uploads\/2025\/09\/Wholesale-High-end-Flatware-for-Restaurant-768x768.webp 768w, https:\/\/www.huashunware.com\/wp-content\/uploads\/2025\/09\/Wholesale-High-end-Flatware-for-Restaurant-12x12.webp 12w, https:\/\/www.huashunware.com\/wp-content\/uploads\/2025\/09\/Wholesale-High-end-Flatware-for-Restaurant-1200x1200.webp 1200w, https:\/\/www.huashunware.com\/wp-content\/uploads\/2025\/09\/Wholesale-High-end-Flatware-for-Restaurant-600x600.webp 600w, https:\/\/www.huashunware.com\/wp-content\/uploads\/2025\/09\/Wholesale-High-end-Flatware-for-Restaurant-100x100.webp 100w\" sizes=\"(max-width: 3686px) 100vw, 3686px\" \/><\/figure>\n\n\n\n<figure class=\"wp-block-image size-full\"><img decoding=\"async\" width=\"3072\" height=\"3072\" src=\"https:\/\/www.huashunware.com\/wp-content\/uploads\/2025\/11\/Wholesale-High-end-Flatware1.webp\" alt=\"Couverts de table haut de gamme en gros1\" class=\"wp-image-954\" srcset=\"https:\/\/www.huashunware.com\/wp-content\/uploads\/2025\/11\/Wholesale-High-end-Flatware1.webp 3072w, https:\/\/www.huashunware.com\/wp-content\/uploads\/2025\/11\/Wholesale-High-end-Flatware1-300x300.webp 300w, https:\/\/www.huashunware.com\/wp-content\/uploads\/2025\/11\/Wholesale-High-end-Flatware1-150x150.webp 150w, https:\/\/www.huashunware.com\/wp-content\/uploads\/2025\/11\/Wholesale-High-end-Flatware1-768x768.webp 768w, https:\/\/www.huashunware.com\/wp-content\/uploads\/2025\/11\/Wholesale-High-end-Flatware1-12x12.webp 12w, https:\/\/www.huashunware.com\/wp-content\/uploads\/2025\/11\/Wholesale-High-end-Flatware1-1200x1200.webp 1200w, https:\/\/www.huashunware.com\/wp-content\/uploads\/2025\/11\/Wholesale-High-end-Flatware1-600x600.webp 600w, https:\/\/www.huashunware.com\/wp-content\/uploads\/2025\/11\/Wholesale-High-end-Flatware1-100x100.webp 100w\" sizes=\"(max-width: 3072px) 100vw, 3072px\" \/><\/figure>\n<\/div>\n<\/div>\n\n\n\n<p><\/p>","protected":false},"excerpt":{"rendered":"<article class=\"text-token-text-primary w-full focus:outline-none [--shadow-height:45px] has-data-writing-block:pointer-events-none has-data-writing-block:-mt-(--shadow-height) has-data-writing-block:pt-(--shadow-height) [&amp;:has([data-writing-block])&gt;*]:pointer-events-auto [content-visibility:auto] supports-[content-visibility:auto]:[contain-intrinsic-size:auto_100lvh] scroll-mt-[calc(var(--header-height)+min(200px,max(70px,20svh)))]\" dir=\"auto\" tabindex=\"-1\" data-turn-id=\"request-WEB:6a8e0ffa-908e-4f03-b005-c2a158bcb803-9\" data-testid=\"conversation-turn-20\" data-scroll-anchor=\"true\" data-turn=\"assistant\">\n<div class=\"text-base my-auto mx-auto pb-10 [--thread-content-margin:--spacing(4)] thread-sm:[--thread-content-margin:--spacing(6)] thread-lg:[--thread-content-margin:--spacing(16)] px-(--thread-content-margin)\">\n<div class=\"[--thread-content-max-width:40rem] thread-lg:[--thread-content-max-width:48rem] mx-auto max-w-(--thread-content-max-width) flex-1 group\/turn-messages focus-visible:outline-hidden relative flex w-full min-w-0 flex-col agent-turn\" tabindex=\"-1\">\n<div class=\"flex max-w-full flex-col grow\">\n<div class=\"min-h-8 text-message relative flex w-full flex-col items-end gap-2 text-start break-words whitespace-normal [.text-message+&amp;]:mt-1\" dir=\"auto\" data-message-author-role=\"assistant\" data-message-id=\"1d1f6c17-d23b-4d8c-b935-1db7fceb84d9\" data-message-model-slug=\"gpt-5-1\">\n<div class=\"flex w-full flex-col gap-1 empty:hidden first:pt-[1px]\">\n<div class=\"markdown prose dark:prose-invert w-full break-words light markdown-new-styling\">\n<p class=\"sr-only\">Vente en gros de couverts haut de gamme pour les restaurants<span style=\"font-size: 16px;\"> offre un m\u00e9lange parfait de durabilit\u00e9, d'\u00e9l\u00e9gance et de performance professionnelle. Con\u00e7us pour les environnements commerciaux tr\u00e8s fr\u00e9quent\u00e9s, ces couverts en acier inoxydable de qualit\u00e9 sup\u00e9rieure rehaussent la pr\u00e9sentation de la table tout en garantissant une fiabilit\u00e9 durable pour une utilisation quotidienne dans les restaurants, les h\u00f4tels et les services de restauration.<\/span><\/p>\n<\/div>\n<\/div>\n<\/div>\n<\/div>\n<\/div>\n<\/div>\n<\/article>\n<h2>Couverts de table haut de gamme en gros Attribut :<\/h2>\n<table>\n<thead>\n<tr>\n<th>Objet<\/th>\n<th>Poids<\/th>\n<th>Taille (L \u00d7 L)<\/th>\n<\/tr>\n<\/thead>\n<tbody>\n<tr>\n<td>Couteau<\/td>\n<td>40.5 g<\/td>\n<td>20,5 \u00d7 2 cm<\/td>\n<\/tr>\n<tr>\n<td>Fourchette<\/td>\n<td>25 g<\/td>\n<td>20 \u00d7 3 cm<\/td>\n<\/tr>\n<tr>\n<td>Cuill\u00e8re<\/td>\n<td>31.5 g<\/td>\n<td>19,5 \u00d7 4 cm<\/td>\n<\/tr>\n<tr>\n<td>Cuill\u00e8re \u00e0 caf\u00e9<\/td>\n<td>17 g<\/td>\n<td>15 \u00d7 2,5 cm<\/td>\n<\/tr>\n<\/tbody>\n<\/table>\n<h2>Couverts haut de gamme sur mesure\uff1a<\/h2>\n<p data-start=\"40\" data-end=\"149\"><strong data-start=\"40\" data-end=\"69\">1\u3001Disponibilit\u00e9 d'\u00e9chantillons gratuits :<\/strong><br data-start=\"69\" data-end=\"72\" \/>Nous fournissons des \u00e9chantillons gratuits pour v\u00e9rifier la qualit\u00e9 avant de passer des commandes en gros.<\/p>\n<p data-start=\"154\" data-end=\"286\"><strong data-start=\"154\" data-end=\"189\">2\u3001Options d'emballage personnalisables :<\/strong><br data-start=\"189\" data-end=\"192\" \/>Nous acceptons les logos personnalis\u00e9s sur l'emballage et proposons plusieurs choix d'emballage, notamment :<\/p>\n<p data-start=\"292\" data-end=\"301\">Bo\u00eete en PET\u3001PVC\u3001Bo\u00eete cadeau<br \/><strong data-start=\"335\" data-end=\"358\">3\u3001La personnalisation du logo :<\/strong><br data-start=\"358\" data-end=\"361\" \/>La gravure au laser et les logos grav\u00e9s sont tous deux disponibles pour marquer vos couverts.<\/p>\n<div class=\"text-base my-auto mx-auto pb-10 [--thread-content-margin:--spacing(4)] thread-sm:[--thread-content-margin:--spacing(6)] thread-lg:[--thread-content-margin:--spacing(16)] px-(--thread-content-margin)\">\n<div class=\"[--thread-content-max-width:40rem] thread-lg:[--thread-content-max-width:48rem] mx-auto max-w-(--thread-content-max-width) flex-1 group\/turn-messages focus-visible:outline-hidden relative flex w-full min-w-0 flex-col agent-turn\" tabindex=\"-1\">\n<div class=\"flex max-w-full flex-col grow\">\n<div class=\"min-h-8 text-message relative flex w-full flex-col items-end gap-2 text-start break-words whitespace-normal [.text-message+&amp;]:mt-1\" dir=\"auto\" data-message-author-role=\"assistant\" data-message-id=\"aa2ae332-605b-4306-94e4-23a9dd06bf09\" data-message-model-slug=\"gpt-5-mini\">\n<div class=\"flex w-full flex-col gap-1 empty:hidden first:pt-[1px]\">\n<div class=\"markdown prose dark:prose-invert w-full break-words light markdown-new-styling\">\u00a0<\/div>\n<\/div>\n<\/div>\n<\/div>\n<\/div>\n<\/div>","protected":false},"featured_media":954,"comment_status":"closed","ping_status":"closed","template":"","meta":{"_acf_changed":true},"product_brand":[],"product_cat":[18,27],"product_tag":[],"class_list":{"0":"post-953","1":"product","2":"type-product","3":"status-publish","4":"has-post-thumbnail","6":"product_cat-cutlery-set-wholesale","7":"product_cat-stainless-steel-flatware-set","9":"first","10":"instock","11":"shipping-taxable","12":"product-type-simple"},"acf":[],"_links":{"self":[{"href":"https:\/\/www.huashunware.com\/fr\/wp-json\/wp\/v2\/product\/953","targetHints":{"allow":["GET"]}}],"collection":[{"href":"https:\/\/www.huashunware.com\/fr\/wp-json\/wp\/v2\/product"}],"about":[{"href":"https:\/\/www.huashunware.com\/fr\/wp-json\/wp\/v2\/types\/product"}],"replies":[{"embeddable":true,"href":"https:\/\/www.huashunware.com\/fr\/wp-json\/wp\/v2\/comments?post=953"}],"wp:featuredmedia":[{"embeddable":true,"href":"https:\/\/www.huashunware.com\/fr\/wp-json\/wp\/v2\/media\/954"}],"wp:attachment":[{"href":"https:\/\/www.huashunware.com\/fr\/wp-json\/wp\/v2\/media?parent=953"}],"wp:term":[{"taxonomy":"product_brand","embeddable":true,"href":"https:\/\/www.huashunware.com\/fr\/wp-json\/wp\/v2\/product_brand?post=953"},{"taxonomy":"product_cat","embeddable":true,"href":"https:\/\/www.huashunware.com\/fr\/wp-json\/wp\/v2\/product_cat?post=953"},{"taxonomy":"product_tag","embeddable":true,"href":"https:\/\/www.huashunware.com\/fr\/wp-json\/wp\/v2\/product_tag?post=953"}],"curies":[{"name":"wp","href":"https:\/\/api.w.org\/{rel}","templated":true}]}}