{"id":1357,"date":"2026-03-10T09:31:54","date_gmt":"2026-03-10T09:19:59","guid":{"rendered":"https:\/\/www.huashunware.com\/?post_type=product&#038;p=1357"},"modified":"2026-03-10T09:32:18","modified_gmt":"2026-03-10T09:32:18","slug":"custom-plastic-handle-flatware-in-bulk","status":"publish","type":"product","link":"https:\/\/www.huashunware.com\/pt\/produto\/custom-plastic-handle-flatware-in-bulk\/","title":{"rendered":"Talheres com cabo de pl\u00e1stico personalizados a granel"},"content":{"rendered":"<div class=\"wp-block-columns is-layout-flex wp-container-core-columns-is-layout-9d6595d7 wp-block-columns-is-layout-flex\">\n<div class=\"wp-block-column is-layout-flow wp-block-column-is-layout-flow\">\n<h2 class=\"wp-block-heading\">Talheres com cabo de pl\u00e1stico personalizados a granel Carater\u00edsticas:<\/h2>\n\n\n\n<p><strong>Rebites elegantes com padr\u00e3o de folhas:<\/strong> Apresenta um design sofisticado de inspira\u00e7\u00e3o vintage que d\u00e1 um toque de qualidade a qualquer mesa.<\/p>\n\n\n\n<p><strong>Cabo ergon\u00f3mico com brilho p\u00e9rola:<\/strong> As pegas contornadas com um acabamento suave e de alto brilho proporcionam uma ader\u00eancia confort\u00e1vel e segura.<\/p>\n\n\n\n<p><strong>Polimento espelhado de qualidade superior:<\/strong> Fabricado em a\u00e7o inoxid\u00e1vel de alta qualidade com um brilho espelhado duradouro e uma excelente resist\u00eancia \u00e0 corros\u00e3o.<\/p>\n\n\n\n<p><strong>Dur\u00e1vel e resistente ao desbotamento:<\/strong> O material robusto da pega foi concebido para resistir \u00e0 utiliza\u00e7\u00e3o frequente, mantendo o seu aspeto moderno.<\/p>\n\n\n\n<p><strong>Sensa\u00e7\u00e3o de equil\u00edbrio perfeito:<\/strong> A constru\u00e7\u00e3o meticulosamente equilibrada garante um manuseamento sem esfor\u00e7o, tanto para refei\u00e7\u00f5es di\u00e1rias como para eventos formais.<\/p>\n\n\n\n<p><strong>Ideal para venda por grosso e a retalho:<\/strong> Um design muito procurado que atrai compradores que procuram uma mistura de estilo tradicional e qualidade moderna.<\/p>\n<\/div>\n\n\n\n<div class=\"wp-block-column is-vertically-aligned-center is-layout-flow wp-block-column-is-layout-flow\">\n<figure class=\"wp-block-image size-full\"><img decoding=\"async\" width=\"3072\" height=\"3072\" src=\"https:\/\/www.huashunware.com\/wp-content\/uploads\/2026\/03\/Custom-Plastic-Handle-Flatware-in-Bulk1.webp\" alt=\"Talheres com cabo de pl\u00e1stico personalizados a granel1\" class=\"wp-image-1358\" srcset=\"https:\/\/www.huashunware.com\/wp-content\/uploads\/2026\/03\/Custom-Plastic-Handle-Flatware-in-Bulk1.webp 3072w, https:\/\/www.huashunware.com\/wp-content\/uploads\/2026\/03\/Custom-Plastic-Handle-Flatware-in-Bulk1-300x300.webp 300w, https:\/\/www.huashunware.com\/wp-content\/uploads\/2026\/03\/Custom-Plastic-Handle-Flatware-in-Bulk1-150x150.webp 150w, https:\/\/www.huashunware.com\/wp-content\/uploads\/2026\/03\/Custom-Plastic-Handle-Flatware-in-Bulk1-768x768.webp 768w, https:\/\/www.huashunware.com\/wp-content\/uploads\/2026\/03\/Custom-Plastic-Handle-Flatware-in-Bulk1-12x12.webp 12w, https:\/\/www.huashunware.com\/wp-content\/uploads\/2026\/03\/Custom-Plastic-Handle-Flatware-in-Bulk1-1200x1200.webp 1200w, https:\/\/www.huashunware.com\/wp-content\/uploads\/2026\/03\/Custom-Plastic-Handle-Flatware-in-Bulk1-600x600.webp 600w, https:\/\/www.huashunware.com\/wp-content\/uploads\/2026\/03\/Custom-Plastic-Handle-Flatware-in-Bulk1-100x100.webp 100w\" sizes=\"(max-width: 3072px) 100vw, 3072px\" \/><\/figure>\n<\/div>\n<\/div>","protected":false},"excerpt":{"rendered":"<article class=\"text-token-text-primary w-full focus:outline-none [--shadow-height:45px] has-data-writing-block:pointer-events-none has-data-writing-block:-mt-(--shadow-height) has-data-writing-block:pt-(--shadow-height) [&amp;:has([data-writing-block])&gt;*]:pointer-events-auto [content-visibility:auto] supports-[content-visibility:auto]:[contain-intrinsic-size:auto_100lvh] scroll-mt-[calc(var(--header-height)+min(200px,max(70px,20svh)))]\" dir=\"auto\" tabindex=\"-1\" data-turn-id=\"request-WEB:6a8e0ffa-908e-4f03-b005-c2a158bcb803-9\" data-testid=\"conversation-turn-20\" data-scroll-anchor=\"true\" data-turn=\"assistant\">\n<div class=\"text-base my-auto mx-auto pb-10 [--thread-content-margin:--spacing(4)] thread-sm:[--thread-content-margin:--spacing(6)] thread-lg:[--thread-content-margin:--spacing(16)] px-(--thread-content-margin)\">\n<div class=\"[--thread-content-max-width:40rem] thread-lg:[--thread-content-max-width:48rem] mx-auto max-w-(--thread-content-max-width) flex-1 group\/turn-messages focus-visible:outline-hidden relative flex w-full min-w-0 flex-col agent-turn\" tabindex=\"-1\">\n<div class=\"flex max-w-full flex-col grow\">\n<div class=\"min-h-8 text-message relative flex w-full flex-col items-end gap-2 text-start break-words whitespace-normal [.text-message+&amp;]:mt-1\" dir=\"auto\" data-message-author-role=\"assistant\" data-message-id=\"1d1f6c17-d23b-4d8c-b935-1db7fceb84d9\" data-message-model-slug=\"gpt-5-1\">\n<div class=\"flex w-full flex-col gap-1 empty:hidden first:pt-[1px]\">\n<div class=\"markdown prose dark:prose-invert w-full break-words light markdown-new-styling\">\n<p data-path-to-node=\"2,0\">Talheres com cabo de pl\u00e1stico personalizados a granel, com um elegante design de rebites com padr\u00e3o de folha e um acabamento de brilho perolado de primeira qualidade. Combinando um n\u00facleo de a\u00e7o inoxid\u00e1vel dur\u00e1vel com uma pega ergon\u00f3mica confort\u00e1vel, este conjunto cl\u00e1ssico \u00e9 um dos mais vendidos tanto para o retalho como para a restaura\u00e7\u00e3o de alta qualidade.<\/p>\n<\/div>\n<\/div>\n<\/div>\n<\/div>\n<\/div>\n<\/div>\n<\/article>\n<h2>Talheres com cabo de pl\u00e1stico personalizados Atributo:<\/h2>\n<table data-path-to-node=\"2\">\n<thead>\n<tr>\n<td><strong>Artigo<\/strong><\/td>\n<td><strong>Peso (g)<\/strong><\/td>\n<td><strong>Comprimento (L)<\/strong><\/td>\n<td><strong>Largura (W)<\/strong><\/td>\n<td><strong>Espessura<\/strong><\/td>\n<\/tr>\n<\/thead>\n<tbody>\n<tr>\n<td><span data-path-to-node=\"2,1,0,0\"><b data-path-to-node=\"2,1,0,0\" data-index-in-node=\"0\">Faca de mesa<\/b><\/span><\/td>\n<td><span data-path-to-node=\"2,1,1,0\">34.0g<\/span><\/td>\n<td><span data-path-to-node=\"2,1,2,0\">21,5 cm<\/span><\/td>\n<td><span data-path-to-node=\"2,1,3,0\">2,0 cm<\/span><\/td>\n<td><span data-path-to-node=\"2,1,4,0\">1,5 mm<\/span><\/td>\n<\/tr>\n<tr>\n<td><span data-path-to-node=\"2,2,0,0\"><b data-path-to-node=\"2,2,0,0\" data-index-in-node=\"0\">Garfo de mesa<\/b><\/span><\/td>\n<td><span data-path-to-node=\"2,2,1,0\">30.8g<\/span><\/td>\n<td><span data-path-to-node=\"2,2,2,0\">20,0 cm<\/span><\/td>\n<td><span data-path-to-node=\"2,2,3,0\">2,4 cm<\/span><\/td>\n<td><span data-path-to-node=\"2,2,4,0\">1,5 mm<\/span><\/td>\n<\/tr>\n<tr>\n<td><span data-path-to-node=\"2,3,0,0\"><b data-path-to-node=\"2,3,0,0\" data-index-in-node=\"0\">Colher de mesa<\/b><\/span><\/td>\n<td><span data-path-to-node=\"2,3,1,0\">37.0g<\/span><\/td>\n<td><span data-path-to-node=\"2,3,2,0\">20,0 cm<\/span><\/td>\n<td><span data-path-to-node=\"2,3,3,0\">4,0 cm<\/span><\/td>\n<td><span data-path-to-node=\"2,3,4,0\">1,5 mm<\/span><\/td>\n<\/tr>\n<tr>\n<td><span data-path-to-node=\"2,4,0,0\"><b data-path-to-node=\"2,4,0,0\" data-index-in-node=\"0\">Colher de ch\u00e1<\/b><\/span><\/td>\n<td><span data-path-to-node=\"2,4,1,0\">27.5g<\/span><\/td>\n<td><span data-path-to-node=\"2,4,2,0\">14,2 cm<\/span><\/td>\n<td><span data-path-to-node=\"2,4,3,0\">3,0 cm<\/span><\/td>\n<td><span data-path-to-node=\"2,4,4,0\">1,5 mm<\/span><\/td>\n<\/tr>\n<\/tbody>\n<\/table>\n<h2>Conjuntos de talheres personalizados\uff1a<\/h2>\n<p><strong data-start=\"44\" data-end=\"73\">1\u3001Disponibilidade de amostras gr\u00e1tis:<\/strong><\/p>\n<p data-start=\"44\" data-end=\"153\">Oferecemos amostras gr\u00e1tis para avalia\u00e7\u00e3o da qualidade antes de efetuar encomendas a granel.<\/p>\n<p data-start=\"155\" data-end=\"295\"><strong data-start=\"155\" data-end=\"190\">2\u3001Op\u00e7\u00f5es de embalagem personaliz\u00e1veis:<\/strong><br data-start=\"190\" data-end=\"193\" \/>Suportamos v\u00e1rios estilos de embalagem, incluindo:<\/p>\n<ol data-start=\"296\" data-end=\"332\">\n<li data-start=\"296\" data-end=\"307\">\n<p data-start=\"298\" data-end=\"307\">Caixa PET<\/p>\n<\/li>\n<li data-start=\"308\" data-end=\"319\">\n<p data-start=\"310\" data-end=\"319\">Caixa em PVC<\/p>\n<\/li>\n<li data-start=\"320\" data-end=\"332\">\n<p data-start=\"322\" data-end=\"332\">Caixa de oferta<\/p>\n<\/li>\n<\/ol>\n<p data-start=\"334\" data-end=\"442\" data-is-last-node=\"\" data-is-only-node=\"\"><strong data-start=\"334\" data-end=\"365\">3\u3001<\/strong>\u00a0<strong>Aceita log\u00f3tipo a laser e log\u00f3tipo gravado no metal, aceita log\u00f3tipo impresso na pega<\/strong><\/p>\n<div class=\"text-base my-auto mx-auto pb-10 [--thread-content-margin:--spacing(4)] thread-sm:[--thread-content-margin:--spacing(6)] thread-lg:[--thread-content-margin:--spacing(16)] px-(--thread-content-margin)\">\n<div class=\"[--thread-content-max-width:40rem] thread-lg:[--thread-content-max-width:48rem] mx-auto max-w-(--thread-content-max-width) flex-1 group\/turn-messages focus-visible:outline-hidden relative flex w-full min-w-0 flex-col agent-turn\" tabindex=\"-1\">\n<div class=\"flex max-w-full flex-col grow\">\n<div class=\"min-h-8 text-message relative flex w-full flex-col items-end gap-2 text-start break-words whitespace-normal [.text-message+&amp;]:mt-1\" dir=\"auto\" data-message-author-role=\"assistant\" data-message-id=\"aa2ae332-605b-4306-94e4-23a9dd06bf09\" data-message-model-slug=\"gpt-5-mini\">\n<div class=\"flex w-full flex-col gap-1 empty:hidden first:pt-[1px]\">\n<div class=\"markdown prose dark:prose-invert w-full break-words light markdown-new-styling\">\u00a0<\/div>\n<\/div>\n<\/div>\n<\/div>\n<\/div>\n<\/div>","protected":false},"featured_media":1358,"comment_status":"closed","ping_status":"closed","template":"","meta":{"_acf_changed":false},"product_brand":[],"product_cat":[18,26],"product_tag":[],"class_list":{"0":"post-1357","1":"product","2":"type-product","3":"status-publish","4":"has-post-thumbnail","6":"product_cat-cutlery-set-wholesale","7":"product_cat-plastic-handle-flatware-set","9":"first","10":"instock","11":"shipping-taxable","12":"product-type-simple"},"acf":[],"_links":{"self":[{"href":"https:\/\/www.huashunware.com\/pt\/wp-json\/wp\/v2\/product\/1357","targetHints":{"allow":["GET"]}}],"collection":[{"href":"https:\/\/www.huashunware.com\/pt\/wp-json\/wp\/v2\/product"}],"about":[{"href":"https:\/\/www.huashunware.com\/pt\/wp-json\/wp\/v2\/types\/product"}],"replies":[{"embeddable":true,"href":"https:\/\/www.huashunware.com\/pt\/wp-json\/wp\/v2\/comments?post=1357"}],"wp:featuredmedia":[{"embeddable":true,"href":"https:\/\/www.huashunware.com\/pt\/wp-json\/wp\/v2\/media\/1358"}],"wp:attachment":[{"href":"https:\/\/www.huashunware.com\/pt\/wp-json\/wp\/v2\/media?parent=1357"}],"wp:term":[{"taxonomy":"product_brand","embeddable":true,"href":"https:\/\/www.huashunware.com\/pt\/wp-json\/wp\/v2\/product_brand?post=1357"},{"taxonomy":"product_cat","embeddable":true,"href":"https:\/\/www.huashunware.com\/pt\/wp-json\/wp\/v2\/product_cat?post=1357"},{"taxonomy":"product_tag","embeddable":true,"href":"https:\/\/www.huashunware.com\/pt\/wp-json\/wp\/v2\/product_tag?post=1357"}],"curies":[{"name":"wp","href":"https:\/\/api.w.org\/{rel}","templated":true}]}}