{"id":1371,"date":"2026-03-26T09:39:04","date_gmt":"2026-03-26T09:39:04","guid":{"rendered":"https:\/\/www.huashunware.com\/?post_type=product&#038;p=1371"},"modified":"2026-03-26T09:39:07","modified_gmt":"2026-03-26T09:39:07","slug":"wholesale-plastic-handle-stainless-steel-flatware-set-in-bulk","status":"publish","type":"product","link":"https:\/\/www.huashunware.com\/pt\/produto\/wholesale-plastic-handle-stainless-steel-flatware-set-in-bulk\/","title":{"rendered":"Conjunto de talheres de a\u00e7o inoxid\u00e1vel com cabo de pl\u00e1stico por atacado a granel"},"content":{"rendered":"<div class=\"wp-block-columns is-layout-flex wp-container-core-columns-is-layout-9d6595d7 wp-block-columns-is-layout-flex\">\n<div class=\"wp-block-column is-layout-flow wp-block-column-is-layout-flow\">\n<h2 class=\"wp-block-heading\">Conjunto de talheres de a\u00e7o inoxid\u00e1vel com cabo de pl\u00e1stico por atacado a granel<\/h2>\n\n\n\n<p><strong>Constru\u00e7\u00e3o duradoura em a\u00e7o inoxid\u00e1vel<\/strong> - Fabricado em a\u00e7o inoxid\u00e1vel de primeira qualidade, este conjunto de talheres \u00e9 robusto, resistente \u00e0 corros\u00e3o e constru\u00eddo para durar.<\/p>\n\n\n\n<p><strong>Pegas ergon\u00f3micas em pl\u00e1stico<\/strong> - Concebidas para uma ader\u00eancia confort\u00e1vel e antiderrapante. As pegas resistentes ao calor tornam as refei\u00e7\u00f5es mais f\u00e1ceis e seguras.<\/p>\n\n\n\n<p><strong>Design moderno e minimalista<\/strong> - As linhas elegantes e o brilho elegante complementam qualquer estilo de mesa de jantar, do casual ao formal.<\/p>\n\n\n\n<p><strong>Conjunto completo de talheres<\/strong> - Inclui facas, garfos, colheres e muito mais, fornecendo todos os elementos essenciais para as refei\u00e7\u00f5es di\u00e1rias.<\/p>\n\n\n\n<p><strong>Compra a granel com boa rela\u00e7\u00e3o custo-benef\u00edcio<\/strong> - Fornecido diretamente da f\u00e1brica, ideal para restaurantes, hot\u00e9is, servi\u00e7os de catering e eventos que procuram talheres de alta qualidade a pre\u00e7os competitivos.<\/p>\n<\/div>\n\n\n\n<div class=\"wp-block-column is-vertically-aligned-center is-layout-flow wp-block-column-is-layout-flow\">\n<figure class=\"wp-block-image size-full\"><img decoding=\"async\" width=\"3072\" height=\"3072\" src=\"https:\/\/www.huashunware.com\/wp-content\/uploads\/2026\/03\/Wholesale-Plastic-Handle-Stainless-Steel-Flatware-Set-In-Bulk5.webp\" alt=\"Conjunto de talheres de a\u00e7o inoxid\u00e1vel com cabo de pl\u00e1stico por grosso5\" class=\"wp-image-1408\" srcset=\"https:\/\/www.huashunware.com\/wp-content\/uploads\/2026\/03\/Wholesale-Plastic-Handle-Stainless-Steel-Flatware-Set-In-Bulk5.webp 3072w, https:\/\/www.huashunware.com\/wp-content\/uploads\/2026\/03\/Wholesale-Plastic-Handle-Stainless-Steel-Flatware-Set-In-Bulk5-300x300.webp 300w, https:\/\/www.huashunware.com\/wp-content\/uploads\/2026\/03\/Wholesale-Plastic-Handle-Stainless-Steel-Flatware-Set-In-Bulk5-150x150.webp 150w, https:\/\/www.huashunware.com\/wp-content\/uploads\/2026\/03\/Wholesale-Plastic-Handle-Stainless-Steel-Flatware-Set-In-Bulk5-768x768.webp 768w, https:\/\/www.huashunware.com\/wp-content\/uploads\/2026\/03\/Wholesale-Plastic-Handle-Stainless-Steel-Flatware-Set-In-Bulk5-12x12.webp 12w, https:\/\/www.huashunware.com\/wp-content\/uploads\/2026\/03\/Wholesale-Plastic-Handle-Stainless-Steel-Flatware-Set-In-Bulk5-1200x1200.webp 1200w, https:\/\/www.huashunware.com\/wp-content\/uploads\/2026\/03\/Wholesale-Plastic-Handle-Stainless-Steel-Flatware-Set-In-Bulk5-600x600.webp 600w, https:\/\/www.huashunware.com\/wp-content\/uploads\/2026\/03\/Wholesale-Plastic-Handle-Stainless-Steel-Flatware-Set-In-Bulk5-100x100.webp 100w\" sizes=\"(max-width: 3072px) 100vw, 3072px\" \/><\/figure>\n<\/div>\n<\/div>","protected":false},"excerpt":{"rendered":"<article>O conjunto de talheres de a\u00e7o inoxid\u00e1vel com pega de pl\u00e1stico por atacado apresenta a\u00e7o inoxid\u00e1vel dur\u00e1vel e pegas de pl\u00e1stico confort\u00e1veis com um design moderno. Este conjunto completo \u00e9 ideal para compras a granel por fam\u00edlias, restaurantes, hot\u00e9is e locais de eventos, oferecendo refei\u00e7\u00f5es de qualidade a um pre\u00e7o acess\u00edvel.<\/article>\n<h2>Conjunto de talheres de a\u00e7o inoxid\u00e1vel com cabo de pl\u00e1stico por atacado a granel Atributo:<\/h2>\n<table data-path-to-node=\"2\">\n<thead>\n<tr>\n<td><strong>Artigo<\/strong><\/td>\n<td><strong>Peso (g)<\/strong><\/td>\n<td><strong>Comprimento (L)<\/strong><\/td>\n<td><strong>Largura (W)<\/strong><\/td>\n<td><strong>Espessura<\/strong><\/td>\n<\/tr>\n<\/thead>\n<tbody>\n<tr>\n<td><span data-path-to-node=\"2,1,0,0\"><b data-path-to-node=\"2,1,0,0\" data-index-in-node=\"0\">Faca de mesa<\/b><\/span><\/td>\n<td><span data-path-to-node=\"2,1,1,0\">22.5g<\/span><\/td>\n<td><span data-path-to-node=\"2,1,2,0\">21.0L<\/span><\/td>\n<td><span data-path-to-node=\"2,1,3,0\">1,8 cm<\/span><\/td>\n<td><span data-path-to-node=\"2,1,4,0\">1,0 mm<\/span><\/td>\n<\/tr>\n<tr>\n<td><span data-path-to-node=\"2,2,0,0\"><b data-path-to-node=\"2,2,0,0\" data-index-in-node=\"0\">Garfo de mesa<\/b><\/span><\/td>\n<td><span data-path-to-node=\"2,2,1,0\">20.8g<\/span><\/td>\n<td><span data-path-to-node=\"2,2,2,0\">19.5L<\/span><\/td>\n<td><span data-path-to-node=\"2,2,3,0\">2,4 cm<\/span><\/td>\n<td><span data-path-to-node=\"2,2,4,0\">1,0 mm<\/span><\/td>\n<\/tr>\n<tr>\n<td><span data-path-to-node=\"2,3,0,0\"><b data-path-to-node=\"2,3,0,0\" data-index-in-node=\"0\">Colher de mesa<\/b><\/span><\/td>\n<td><span data-path-to-node=\"2,3,1,0\">28.0g<\/span><\/td>\n<td><span data-path-to-node=\"2,3,2,0\">19.0L<\/span><\/td>\n<td><span data-path-to-node=\"2,3,3,0\">4,0 cm<\/span><\/td>\n<td><span data-path-to-node=\"2,3,4,0\">1,0 mm<\/span><\/td>\n<\/tr>\n<tr>\n<td><span data-path-to-node=\"2,4,0,0\"><b data-path-to-node=\"2,4,0,0\" data-index-in-node=\"0\">Colher de ch\u00e1<\/b><\/span><\/td>\n<td><span data-path-to-node=\"2,4,1,0\">19.0g<\/span><\/td>\n<td><span data-path-to-node=\"2,4,2,0\">14.2L<\/span><\/td>\n<td><span data-path-to-node=\"2,4,3,0\">3,0 cm<\/span><\/td>\n<td><span data-path-to-node=\"2,4,4,0\">1,0 mm<\/span><\/td>\n<\/tr>\n<\/tbody>\n<\/table>\n<h2>Conjuntos de talheres personalizados\uff1a<\/h2>\n<p><strong data-start=\"44\" data-end=\"73\">1\u3001Disponibilidade de amostras gr\u00e1tis:<\/strong><\/p>\n<p data-start=\"44\" data-end=\"153\">Oferecemos amostras gr\u00e1tis para avalia\u00e7\u00e3o da qualidade antes de efetuar encomendas a granel.<\/p>\n<p data-start=\"155\" data-end=\"295\"><strong data-start=\"155\" data-end=\"190\">2\u3001Op\u00e7\u00f5es de embalagem personaliz\u00e1veis:<\/strong><br data-start=\"190\" data-end=\"193\" \/>Suportamos v\u00e1rios estilos de embalagem, incluindo:<\/p>\n<ol data-start=\"296\" data-end=\"332\">\n<li data-start=\"296\" data-end=\"307\">\n<p data-start=\"298\" data-end=\"307\">Caixa PET<\/p>\n<\/li>\n<li data-start=\"308\" data-end=\"319\">\n<p data-start=\"310\" data-end=\"319\">Caixa em PVC<\/p>\n<\/li>\n<li data-start=\"320\" data-end=\"332\">\n<p data-start=\"322\" data-end=\"332\">Caixa de oferta<\/p>\n<\/li>\n<\/ol>\n<p data-start=\"334\" data-end=\"442\" data-is-last-node=\"\" data-is-only-node=\"\"><strong data-start=\"334\" data-end=\"365\">3 \u3001 Personaliza\u00e7\u00e3o da cor da al\u00e7a:<\/strong><br data-start=\"365\" data-end=\"368\" \/>1-4 cores e 3 pacotes est\u00e3o em estoque para entrega r\u00e1pida: Aceitar logotipo a laser e logotipo gravado no metal, aceitar logotipo de impress\u00e3o na al\u00e7a<\/p>\n<div class=\"text-base my-auto mx-auto pb-10 [--thread-content-margin:--spacing(4)] thread-sm:[--thread-content-margin:--spacing(6)] thread-lg:[--thread-content-margin:--spacing(16)] px-(--thread-content-margin)\">\n<div class=\"[--thread-content-max-width:40rem] thread-lg:[--thread-content-max-width:48rem] mx-auto max-w-(--thread-content-max-width) flex-1 group\/turn-messages focus-visible:outline-hidden relative flex w-full min-w-0 flex-col agent-turn\">\n<div class=\"flex max-w-full flex-col grow\">\n<div class=\"min-h-8 text-message relative flex w-full flex-col items-end gap-2 text-start break-words whitespace-normal [.text-message+&amp;]:mt-1\" dir=\"auto\" data-message-author-role=\"assistant\" data-message-id=\"aa2ae332-605b-4306-94e4-23a9dd06bf09\" data-message-model-slug=\"gpt-5-mini\">\n<div class=\"flex w-full flex-col gap-1 empty:hidden first:pt-[1px]\">\n<div class=\"markdown prose dark:prose-invert w-full break-words light markdown-new-styling\">\u00a0<\/div>\n<\/div>\n<\/div>\n<\/div>\n<\/div>\n<\/div>","protected":false},"featured_media":1406,"comment_status":"closed","ping_status":"closed","template":"","meta":{"_acf_changed":false},"product_brand":[],"product_cat":[18,26],"product_tag":[],"class_list":{"0":"post-1371","1":"product","2":"type-product","3":"status-publish","4":"has-post-thumbnail","6":"product_cat-cutlery-set-wholesale","7":"product_cat-plastic-handle-flatware-set","9":"first","10":"instock","11":"shipping-taxable","12":"product-type-simple"},"acf":[],"_links":{"self":[{"href":"https:\/\/www.huashunware.com\/pt\/wp-json\/wp\/v2\/product\/1371","targetHints":{"allow":["GET"]}}],"collection":[{"href":"https:\/\/www.huashunware.com\/pt\/wp-json\/wp\/v2\/product"}],"about":[{"href":"https:\/\/www.huashunware.com\/pt\/wp-json\/wp\/v2\/types\/product"}],"replies":[{"embeddable":true,"href":"https:\/\/www.huashunware.com\/pt\/wp-json\/wp\/v2\/comments?post=1371"}],"wp:featuredmedia":[{"embeddable":true,"href":"https:\/\/www.huashunware.com\/pt\/wp-json\/wp\/v2\/media\/1406"}],"wp:attachment":[{"href":"https:\/\/www.huashunware.com\/pt\/wp-json\/wp\/v2\/media?parent=1371"}],"wp:term":[{"taxonomy":"product_brand","embeddable":true,"href":"https:\/\/www.huashunware.com\/pt\/wp-json\/wp\/v2\/product_brand?post=1371"},{"taxonomy":"product_cat","embeddable":true,"href":"https:\/\/www.huashunware.com\/pt\/wp-json\/wp\/v2\/product_cat?post=1371"},{"taxonomy":"product_tag","embeddable":true,"href":"https:\/\/www.huashunware.com\/pt\/wp-json\/wp\/v2\/product_tag?post=1371"}],"curies":[{"name":"wp","href":"https:\/\/api.w.org\/{rel}","templated":true}]}}