{"id":403,"date":"2025-09-17T02:55:37","date_gmt":"2025-09-17T02:55:37","guid":{"rendered":"https:\/\/www.huashunware.com\/?post_type=product&#038;p=403"},"modified":"2026-02-03T02:33:21","modified_gmt":"2026-02-03T02:33:21","slug":"wholesale-plastic-handle-flatware-set-ideal-for-home-and-restaurant","status":"publish","type":"product","link":"https:\/\/www.huashunware.com\/pt\/produto\/wholesale-plastic-handle-flatware-set-ideal-for-home-and-restaurant\/","title":{"rendered":"Conjunto de talheres com cabo de pl\u00e1stico por atacado Ideal para casa e restaurante"},"content":{"rendered":"<div class=\"wp-block-columns is-layout-flex wp-container-core-columns-is-layout-9d6595d7 wp-block-columns-is-layout-flex\">\n<div class=\"wp-block-column is-layout-flow wp-block-column-is-layout-flow\">\n<h2 class=\"wp-block-heading\">Conjunto de talheres com cabo de pl\u00e1stico por atacado Carater\u00edsticas:<\/h2>\n\n\n\n<p><mark style=\"background-color:rgba(0, 0, 0, 0)\" class=\"has-inline-color has-black-color\"><strong>1. A\u00e7o inoxid\u00e1vel 18\/0 de primeira qualidade<\/strong><\/mark><\/p>\n\n\n\n<p>Fabricados em a\u00e7o 18\/0 de alta qualidade, os nossos conjuntos s\u00e3o resistentes \u00e0 ferrugem e cumprem totalmente as normas <strong>Normas de seguran\u00e7a alimentar da UE<\/strong>.<\/p>\n\n\n\n<p><strong>2. Acabamento profissional polido espelhado<\/strong><\/p>\n\n\n\n<p>Apresenta um polimento suave e espelhado com arestas arredondadas para uma experi\u00eancia de refei\u00e7\u00e3o segura, confort\u00e1vel e elegante.<\/p>\n\n\n\n<p><strong>3. Pegas ergon\u00f3micas e de tend\u00eancia<\/strong><\/p>\n\n\n\n<p>Dispon\u00edvel em tend\u00eancia <strong>Creme e cinzento<\/strong>As pegas antiderrapantes proporcionam uma ader\u00eancia segura tanto para uso dom\u00e9stico como em restaurantes.<\/p>\n\n\n\n<p><strong>4. Caixa de oferta de 24 pe\u00e7as pronta para venda a retalho<\/strong><\/p>\n\n\n\n<p>Apresentado numa caixa de exposi\u00e7\u00e3o profissional com uma pega de transporte, ideal para <strong>supermercados e cadeias de retalho<\/strong>.<\/p>\n\n\n\n<p><strong>5. 100% Pode ser lavado na m\u00e1quina de lavar lou\u00e7a<\/strong><\/p>\n\n\n\n<p>Concebida para ambientes de grande volume, garante que as pegas se mant\u00eam seguras e que o acabamento permanece polido ap\u00f3s a lavagem na m\u00e1quina.<\/p>\n\n\n\n<p><strong>6. Personaliza\u00e7\u00e3o completa OEM\/ODM<\/strong><\/p>\n\n\n\n<p>Apoiamos as cores Pantone personalizadas, os log\u00f3tipos gravados a laser e as embalagens personalizadas para ajudar a construir a sua marca.<\/p>\n<\/div>\n\n\n\n<div class=\"wp-block-column is-layout-flow wp-block-column-is-layout-flow\">\n<figure class=\"wp-block-image size-full\"><img decoding=\"async\" width=\"800\" height=\"800\" src=\"https:\/\/www.huashunware.com\/wp-content\/uploads\/2025\/09\/Wholesale-Plastic-Handle-Flatware-Set1.webp\" alt=\"Conjunto de talheres com cabo de pl\u00e1stico por atacado1\" class=\"wp-image-1246\" srcset=\"https:\/\/www.huashunware.com\/wp-content\/uploads\/2025\/09\/Wholesale-Plastic-Handle-Flatware-Set1.webp 800w, https:\/\/www.huashunware.com\/wp-content\/uploads\/2025\/09\/Wholesale-Plastic-Handle-Flatware-Set1-300x300.webp 300w, https:\/\/www.huashunware.com\/wp-content\/uploads\/2025\/09\/Wholesale-Plastic-Handle-Flatware-Set1-150x150.webp 150w, https:\/\/www.huashunware.com\/wp-content\/uploads\/2025\/09\/Wholesale-Plastic-Handle-Flatware-Set1-768x768.webp 768w, https:\/\/www.huashunware.com\/wp-content\/uploads\/2025\/09\/Wholesale-Plastic-Handle-Flatware-Set1-12x12.webp 12w, https:\/\/www.huashunware.com\/wp-content\/uploads\/2025\/09\/Wholesale-Plastic-Handle-Flatware-Set1-600x600.webp 600w, https:\/\/www.huashunware.com\/wp-content\/uploads\/2025\/09\/Wholesale-Plastic-Handle-Flatware-Set1-100x100.webp 100w\" sizes=\"(max-width: 800px) 100vw, 800px\" \/><\/figure>\n\n\n\n<figure class=\"wp-block-image size-full\"><img decoding=\"async\" width=\"3072\" height=\"3072\" src=\"https:\/\/www.huashunware.com\/wp-content\/uploads\/2025\/09\/Wholesale-Plastic-Handle-Flatware-Set-Ideal-For-Home-and-Restaurant1.webp\" alt=\"Conjunto de talheres com cabo de pl\u00e1stico por atacado Ideal para casa e restaurante1\" class=\"wp-image-408\" srcset=\"https:\/\/www.huashunware.com\/wp-content\/uploads\/2025\/09\/Wholesale-Plastic-Handle-Flatware-Set-Ideal-For-Home-and-Restaurant1.webp 3072w, https:\/\/www.huashunware.com\/wp-content\/uploads\/2025\/09\/Wholesale-Plastic-Handle-Flatware-Set-Ideal-For-Home-and-Restaurant1-300x300.webp 300w, https:\/\/www.huashunware.com\/wp-content\/uploads\/2025\/09\/Wholesale-Plastic-Handle-Flatware-Set-Ideal-For-Home-and-Restaurant1-150x150.webp 150w, https:\/\/www.huashunware.com\/wp-content\/uploads\/2025\/09\/Wholesale-Plastic-Handle-Flatware-Set-Ideal-For-Home-and-Restaurant1-768x768.webp 768w, https:\/\/www.huashunware.com\/wp-content\/uploads\/2025\/09\/Wholesale-Plastic-Handle-Flatware-Set-Ideal-For-Home-and-Restaurant1-1200x1200.webp 1200w, https:\/\/www.huashunware.com\/wp-content\/uploads\/2025\/09\/Wholesale-Plastic-Handle-Flatware-Set-Ideal-For-Home-and-Restaurant1-600x600.webp 600w, https:\/\/www.huashunware.com\/wp-content\/uploads\/2025\/09\/Wholesale-Plastic-Handle-Flatware-Set-Ideal-For-Home-and-Restaurant1-100x100.webp 100w\" sizes=\"(max-width: 3072px) 100vw, 3072px\" \/><\/figure>\n<\/div>\n<\/div>","protected":false},"excerpt":{"rendered":"<p>Conjunto de talheres com cabo de pl\u00e1stico para venda por grosso, concebido para cozinhas dom\u00e9sticas e restaurantes movimentados. Fabricado em a\u00e7o inoxid\u00e1vel 18\/0 dur\u00e1vel com acabamento polido espelhado e pegas de pl\u00e1stico ergon\u00f3micas para uma ader\u00eancia confort\u00e1vel. Perfeito para exposi\u00e7\u00e3o a retalho ou compra a granel. Contacte-nos hoje para mais informa\u00e7\u00f5es!<\/p>\n<h2 class=\"brxe-product-title\">Conjunto de talheres com cabo de pl\u00e1stico por atacado Atributos:<\/h2>\n<table>\n<thead>\n<tr>\n<th style=\"text-align: center;\">Artigo<\/th>\n<th style=\"text-align: center;\">Peso<\/th>\n<th style=\"text-align: center;\">Tamanho (C*L)<\/th>\n<th style=\"text-align: center;\">Espessura<\/th>\n<\/tr>\n<\/thead>\n<tbody>\n<tr>\n<td><strong>Faca<\/strong><\/td>\n<td>42 g<\/td>\n<td>23 \u00d7 2 cm<\/td>\n<td>1,8 mm<\/td>\n<\/tr>\n<tr>\n<td><strong>Garfo<\/strong><\/td>\n<td>39.5 g<\/td>\n<td>20,5 \u00d7 2,8 cm<\/td>\n<td>1,8 mm<\/td>\n<\/tr>\n<tr>\n<td><strong>Colher<\/strong><\/td>\n<td>43 g<\/td>\n<td>20,2 \u00d7 4 cm<\/td>\n<td>1,8 mm<\/td>\n<\/tr>\n<tr>\n<td><strong>Colher de ch\u00e1<\/strong><\/td>\n<td>27 g<\/td>\n<td>14,2 \u00d7 3 cm<\/td>\n<td>1,8 mm<\/td>\n<\/tr>\n<\/tbody>\n<\/table>\n<h2>Conjunto de talheres com cabo de pl\u00e1stico personalizado\uff1a<\/h2>\n<ul data-start=\"145\" data-end=\"486\">\n<li data-start=\"145\" data-end=\"200\">\n<p data-start=\"147\" data-end=\"200\"><strong data-start=\"147\" data-end=\"158\">Amostra:<\/strong> Amostra gr\u00e1tis dispon\u00edvel antes da encomenda a granel<\/p>\n<\/li>\n<li data-start=\"201\" data-end=\"296\">\n<p data-start=\"203\" data-end=\"296\"><strong data-start=\"203\" data-end=\"224\">Embalagem e log\u00f3tipo:<\/strong> Apoio ao log\u00f3tipo personalizado na embalagem; utilizar caixa PET, caixa PVC ou caixa de oferta<\/p>\n<\/li>\n<li data-start=\"297\" data-end=\"395\">\n<p data-start=\"299\" data-end=\"395\"><strong data-start=\"299\" data-end=\"323\">Metal e log\u00f3tipo da pega:<\/strong> Aceitar log\u00f3tipo gravado a laser ou gravado em metal; imprimir log\u00f3tipo na pega<\/p>\n<\/li>\n<li data-start=\"396\" data-end=\"486\">\n<p data-start=\"398\" data-end=\"486\"><strong data-start=\"398\" data-end=\"417\">Acabamento e cor:<\/strong> Aceitar revestimento a ouro, altera\u00e7\u00f5es de cor e pintura ao toque da pele<\/p>\n<\/li>\n<\/ul>\n<p>&nbsp;<\/p>","protected":false},"featured_media":408,"comment_status":"closed","ping_status":"closed","template":"","meta":{"_acf_changed":false},"product_brand":[],"product_cat":[18,26],"product_tag":[],"class_list":{"0":"post-403","1":"product","2":"type-product","3":"status-publish","4":"has-post-thumbnail","6":"product_cat-cutlery-set-wholesale","7":"product_cat-plastic-handle-flatware-set","9":"first","10":"instock","11":"shipping-taxable","12":"product-type-simple"},"acf":[],"_links":{"self":[{"href":"https:\/\/www.huashunware.com\/pt\/wp-json\/wp\/v2\/product\/403","targetHints":{"allow":["GET"]}}],"collection":[{"href":"https:\/\/www.huashunware.com\/pt\/wp-json\/wp\/v2\/product"}],"about":[{"href":"https:\/\/www.huashunware.com\/pt\/wp-json\/wp\/v2\/types\/product"}],"replies":[{"embeddable":true,"href":"https:\/\/www.huashunware.com\/pt\/wp-json\/wp\/v2\/comments?post=403"}],"wp:featuredmedia":[{"embeddable":true,"href":"https:\/\/www.huashunware.com\/pt\/wp-json\/wp\/v2\/media\/408"}],"wp:attachment":[{"href":"https:\/\/www.huashunware.com\/pt\/wp-json\/wp\/v2\/media?parent=403"}],"wp:term":[{"taxonomy":"product_brand","embeddable":true,"href":"https:\/\/www.huashunware.com\/pt\/wp-json\/wp\/v2\/product_brand?post=403"},{"taxonomy":"product_cat","embeddable":true,"href":"https:\/\/www.huashunware.com\/pt\/wp-json\/wp\/v2\/product_cat?post=403"},{"taxonomy":"product_tag","embeddable":true,"href":"https:\/\/www.huashunware.com\/pt\/wp-json\/wp\/v2\/product_tag?post=403"}],"curies":[{"name":"wp","href":"https:\/\/api.w.org\/{rel}","templated":true}]}}