{"id":411,"date":"2025-11-17T03:08:27","date_gmt":"2025-11-17T03:08:27","guid":{"rendered":"https:\/\/www.huashunware.com\/?post_type=product&#038;p=411"},"modified":"2026-02-03T07:37:31","modified_gmt":"2026-02-03T07:37:31","slug":"wholesale-wood-grain-flatware-custom-cutlery-set","status":"publish","type":"product","link":"https:\/\/www.huashunware.com\/pt\/produto\/wholesale-wood-grain-flatware-custom-cutlery-set\/","title":{"rendered":"Conjunto de talheres de madeira por atacado Conjunto de talheres personalizados"},"content":{"rendered":"<div class=\"wp-block-columns is-layout-flex wp-container-core-columns-is-layout-9d6595d7 wp-block-columns-is-layout-flex\">\n<div class=\"wp-block-column is-layout-flow wp-block-column-is-layout-flow\">\n<h2 class=\"wp-block-heading\">Talheres de gr\u00e3o de madeira Carater\u00edsticas:<\/h2>\n\n\n\n<p><strong>Design elegante em gr\u00e3o de madeira natural<\/strong> Apresenta uma pega sofisticada com textura de madeira que acrescenta um toque quente e contempor\u00e2neo a qualquer mesa de jantar - perfeita para a est\u00e9tica de casas e restaurantes europeus.<\/p>\n\n\n\n<p><strong>A\u00e7o inoxid\u00e1vel 18\/0 de qualidade superior<\/strong> Fabricado em a\u00e7o 18\/0 de alta qualidade, este conjunto \u00e9 resistente \u00e0 ferrugem, dur\u00e1vel e totalmente compat\u00edvel com <strong>Normas de seguran\u00e7a alimentar da UE e dos EUA<\/strong>.<\/p>\n\n\n\n<p><strong>Acabamento espelhado profissional<\/strong> As cabe\u00e7as apresentam um polimento espelhado suave e de alto brilho com <strong>cantos arredondados<\/strong> para uma experi\u00eancia gastron\u00f3mica segura e de luxo.<\/p>\n\n\n\n<p><strong>Embalagem \u00fanica pronta para venda a retalho<\/strong> Apresentado numa impressionante <strong>Caixa de 16 pe\u00e7as para janela<\/strong> (16 PIEZAS CUBIERTOS) com um design \u00fanico em forma de vaca, ideal para exposi\u00e7\u00e3o em supermercados e venda de presentes.<\/p>\n\n\n\n<p><strong>Punho ergon\u00f3mico e antiderrapante<\/strong> As pegas finas, com aspeto de madeira, s\u00e3o leves e concebidas para uma ader\u00eancia confort\u00e1vel e segura durante uma utiliza\u00e7\u00e3o di\u00e1ria ou comercial prolongada.<\/p>\n\n\n\n<p><strong>Personaliza\u00e7\u00e3o total OEM\/ODM<\/strong> <strong>Huashun<\/strong> fornece solu\u00e7\u00f5es flex\u00edveis a granel, incluindo log\u00f3tipos personalizados, texturas de pega e embalagens \u00e0 medida para elevar a sua marca.<\/p>\n<\/div>\n\n\n\n<div class=\"wp-block-column is-layout-flow wp-block-column-is-layout-flow\">\n<figure class=\"wp-block-image size-full\"><img decoding=\"async\" width=\"3072\" height=\"3072\" src=\"https:\/\/www.huashunware.com\/wp-content\/uploads\/2025\/09\/Wholesale-Wood-Grain-Flatware-Custom-Cutlery-Set3.webp\" alt=\"Conjunto de talheres de madeira por atacado Conjunto de talheres personalizados3\" class=\"wp-image-414\" srcset=\"https:\/\/www.huashunware.com\/wp-content\/uploads\/2025\/09\/Wholesale-Wood-Grain-Flatware-Custom-Cutlery-Set3.webp 3072w, https:\/\/www.huashunware.com\/wp-content\/uploads\/2025\/09\/Wholesale-Wood-Grain-Flatware-Custom-Cutlery-Set3-300x300.webp 300w, https:\/\/www.huashunware.com\/wp-content\/uploads\/2025\/09\/Wholesale-Wood-Grain-Flatware-Custom-Cutlery-Set3-150x150.webp 150w, https:\/\/www.huashunware.com\/wp-content\/uploads\/2025\/09\/Wholesale-Wood-Grain-Flatware-Custom-Cutlery-Set3-768x768.webp 768w, https:\/\/www.huashunware.com\/wp-content\/uploads\/2025\/09\/Wholesale-Wood-Grain-Flatware-Custom-Cutlery-Set3-1200x1200.webp 1200w, https:\/\/www.huashunware.com\/wp-content\/uploads\/2025\/09\/Wholesale-Wood-Grain-Flatware-Custom-Cutlery-Set3-600x600.webp 600w, https:\/\/www.huashunware.com\/wp-content\/uploads\/2025\/09\/Wholesale-Wood-Grain-Flatware-Custom-Cutlery-Set3-100x100.webp 100w\" sizes=\"(max-width: 3072px) 100vw, 3072px\" \/><\/figure>\n\n\n\n<figure class=\"wp-block-image size-full\"><img decoding=\"async\" width=\"3072\" height=\"3072\" src=\"https:\/\/www.huashunware.com\/wp-content\/uploads\/2025\/11\/Wholesale-Wood-Grain-Flatware-Custom-Cutlery-Set3.webp\" alt=\"Conjunto de talheres de madeira por atacado Conjunto de talheres personalizados3\" class=\"wp-image-1186\" srcset=\"https:\/\/www.huashunware.com\/wp-content\/uploads\/2025\/11\/Wholesale-Wood-Grain-Flatware-Custom-Cutlery-Set3.webp 3072w, https:\/\/www.huashunware.com\/wp-content\/uploads\/2025\/11\/Wholesale-Wood-Grain-Flatware-Custom-Cutlery-Set3-300x300.webp 300w, https:\/\/www.huashunware.com\/wp-content\/uploads\/2025\/11\/Wholesale-Wood-Grain-Flatware-Custom-Cutlery-Set3-150x150.webp 150w, https:\/\/www.huashunware.com\/wp-content\/uploads\/2025\/11\/Wholesale-Wood-Grain-Flatware-Custom-Cutlery-Set3-768x768.webp 768w, https:\/\/www.huashunware.com\/wp-content\/uploads\/2025\/11\/Wholesale-Wood-Grain-Flatware-Custom-Cutlery-Set3-12x12.webp 12w, https:\/\/www.huashunware.com\/wp-content\/uploads\/2025\/11\/Wholesale-Wood-Grain-Flatware-Custom-Cutlery-Set3-1200x1200.webp 1200w, https:\/\/www.huashunware.com\/wp-content\/uploads\/2025\/11\/Wholesale-Wood-Grain-Flatware-Custom-Cutlery-Set3-600x600.webp 600w, https:\/\/www.huashunware.com\/wp-content\/uploads\/2025\/11\/Wholesale-Wood-Grain-Flatware-Custom-Cutlery-Set3-100x100.webp 100w\" sizes=\"(max-width: 3072px) 100vw, 3072px\" \/><\/figure>\n<\/div>\n<\/div>","protected":false},"excerpt":{"rendered":"<p>Os talheres de gr\u00e3o de madeira por grosso combinam a\u00e7o inoxid\u00e1vel 18\/0 dur\u00e1vel com elegantes pegas de gr\u00e3o de madeira para uma ader\u00eancia elegante e confort\u00e1vel. Perfeito para casa, restaurantes ou catering. Contacte-nos hoje para mais informa\u00e7\u00f5es!<\/p>\n<h2 class=\"brxe-product-title\">Talheres de madeira por atacado Atributos:<\/h2>\n<table>\n<thead>\n<tr>\n<th style=\"text-align: center;\">Artigo<\/th>\n<th style=\"text-align: center;\">Peso<\/th>\n<th style=\"text-align: center;\">Tamanho (C*L)<\/th>\n<th style=\"text-align: center;\">Espessura<\/th>\n<\/tr>\n<\/thead>\n<tbody>\n<tr>\n<td>Faca<\/td>\n<td>36 g<\/td>\n<td>22,5 \u00d7 1,7 cm<\/td>\n<td>2,2 mm<\/td>\n<\/tr>\n<tr>\n<td>Garfo<\/td>\n<td>45.5 g<\/td>\n<td>19,5 \u00d7 2,5 cm<\/td>\n<td>2,2 mm<\/td>\n<\/tr>\n<tr>\n<td>Colher<\/td>\n<td>52 g<\/td>\n<td>19,5 \u00d7 4,2 cm<\/td>\n<td>2,2 mm<\/td>\n<\/tr>\n<tr>\n<td>Colher de ch\u00e1<\/td>\n<td>19 g<\/td>\n<td>14 \u00d7 3 cm<\/td>\n<td>2,2 mm<\/td>\n<\/tr>\n<tr>\n<td>Garfo de fruta<\/td>\n<td>29 g<\/td>\n<td>14 \u00d7 2 cm<\/td>\n<td>2,2 mm<\/td>\n<\/tr>\n<\/tbody>\n<\/table>\n<h2>Conjunto de talheres de gr\u00e3o de madeira personalizado\uff1a<\/h2>\n<ul>\n<li data-start=\"82\" data-end=\"137\">\n<p data-start=\"84\" data-end=\"137\"><strong data-start=\"84\" data-end=\"95\">Amostra:<\/strong> Amostra gr\u00e1tis dispon\u00edvel antes da encomenda a granel<\/p>\n<\/li>\n<li data-start=\"138\" data-end=\"233\">\n<p data-start=\"140\" data-end=\"233\"><strong data-start=\"140\" data-end=\"161\">Embalagem e log\u00f3tipo:<\/strong> Apoio ao log\u00f3tipo personalizado na embalagem; utilizar caixa PET, caixa PVC ou caixa de oferta<\/p>\n<\/li>\n<li data-start=\"234\" data-end=\"332\">\n<p data-start=\"236\" data-end=\"332\"><strong data-start=\"236\" data-end=\"260\">Metal e log\u00f3tipo da pega:<\/strong> Aceitar log\u00f3tipo gravado a laser ou gravado em metal; imprimir log\u00f3tipo na pega<\/p>\n<\/li>\n<li data-start=\"333\" data-end=\"401\">\n<p data-start=\"335\" data-end=\"401\"><strong data-start=\"335\" data-end=\"354\">Acabamento e cor:<\/strong> Aceitar o revestimento a ouro e lidar com altera\u00e7\u00f5es de cor<\/p>\n<\/li>\n<\/ul>","protected":false},"featured_media":1185,"comment_status":"closed","ping_status":"closed","template":"","meta":{"_acf_changed":false},"product_brand":[],"product_cat":[18,26],"product_tag":[],"class_list":{"0":"post-411","1":"product","2":"type-product","3":"status-publish","4":"has-post-thumbnail","6":"product_cat-cutlery-set-wholesale","7":"product_cat-plastic-handle-flatware-set","9":"first","10":"instock","11":"shipping-taxable","12":"product-type-simple"},"acf":[],"_links":{"self":[{"href":"https:\/\/www.huashunware.com\/pt\/wp-json\/wp\/v2\/product\/411","targetHints":{"allow":["GET"]}}],"collection":[{"href":"https:\/\/www.huashunware.com\/pt\/wp-json\/wp\/v2\/product"}],"about":[{"href":"https:\/\/www.huashunware.com\/pt\/wp-json\/wp\/v2\/types\/product"}],"replies":[{"embeddable":true,"href":"https:\/\/www.huashunware.com\/pt\/wp-json\/wp\/v2\/comments?post=411"}],"wp:featuredmedia":[{"embeddable":true,"href":"https:\/\/www.huashunware.com\/pt\/wp-json\/wp\/v2\/media\/1185"}],"wp:attachment":[{"href":"https:\/\/www.huashunware.com\/pt\/wp-json\/wp\/v2\/media?parent=411"}],"wp:term":[{"taxonomy":"product_brand","embeddable":true,"href":"https:\/\/www.huashunware.com\/pt\/wp-json\/wp\/v2\/product_brand?post=411"},{"taxonomy":"product_cat","embeddable":true,"href":"https:\/\/www.huashunware.com\/pt\/wp-json\/wp\/v2\/product_cat?post=411"},{"taxonomy":"product_tag","embeddable":true,"href":"https:\/\/www.huashunware.com\/pt\/wp-json\/wp\/v2\/product_tag?post=411"}],"curies":[{"name":"wp","href":"https:\/\/api.w.org\/{rel}","templated":true}]}}