{"id":417,"date":"2025-09-17T06:09:55","date_gmt":"2025-09-17T06:09:55","guid":{"rendered":"https:\/\/www.huashunware.com\/?post_type=product&#038;p=417"},"modified":"2026-02-03T02:31:48","modified_gmt":"2026-02-03T02:31:48","slug":"wholesale-colored-handle-flatware-sets-stainless-steel-flatware-custom","status":"publish","type":"product","link":"https:\/\/www.huashunware.com\/pt\/produto\/wholesale-colored-handle-flatware-sets-stainless-steel-flatware-custom\/","title":{"rendered":"Conjunto de talheres com cabo colorido por atacado | Huashun Fabricante"},"content":{"rendered":"<div class=\"wp-block-columns is-layout-flex wp-container-core-columns-is-layout-9d6595d7 wp-block-columns-is-layout-flex\">\n<div class=\"wp-block-column is-layout-flow wp-block-column-is-layout-flow\">\n<h2 class=\"wp-block-heading\">Conjuntos de talheres com cabo colorido Carater\u00edsticas:<\/h2>\n\n\n\n<p><strong>A\u00e7o inoxid\u00e1vel 18\/0 de qualidade superior<\/strong> Fabricados em a\u00e7o 18\/0 de alta qualidade, os nossos conjuntos s\u00e3o resistentes \u00e0 ferrugem e cumprem totalmente as normas <strong>Normas de seguran\u00e7a alimentar da UE<\/strong>.<\/p>\n\n\n\n<p><strong>Acabamento profissional polido com espelho<\/strong> Cada pe\u00e7a apresenta uma superf\u00edcie lisa, polida como um espelho, com <strong>cantos arredondados<\/strong> para uma experi\u00eancia gastron\u00f3mica elegante.<\/p>\n\n\n\n<p><strong>Pegas de cores vibrantes e actuais<\/strong> Dispon\u00edveis numa vasta gama de cores personalizadas (como creme e azul-petr\u00f3leo), estas pegas oferecem uma <strong>visual moderno<\/strong> para qualquer tabela.<\/p>\n\n\n\n<p><strong>Caixa de oferta de 24 pe\u00e7as pronta para venda a retalho<\/strong> Apresentado numa caixa de exposi\u00e7\u00e3o profissional (servi\u00e7o para 6 pessoas) com uma pega de transporte, ideal para <strong>Cadeias de retalho europeias<\/strong>.<\/p>\n\n\n\n<p><strong>100% Lav\u00e1vel na m\u00e1quina de lavar lou\u00e7a<\/strong> Concebida para uma utiliza\u00e7\u00e3o de grande volume, garante que as pegas se mant\u00eam seguras e que o acabamento permanece polido depois de <strong>lavagem comercial<\/strong>.<\/p>\n\n\n\n<p><strong>Personaliza\u00e7\u00e3o total OEM\/ODM<\/strong> Huashun apoia <strong>cores Pantone personalizadas<\/strong>A nossa empresa oferece solu\u00e7\u00f5es de embalagem personalizadas para construir a sua marca, log\u00f3tipos gravados a laser e solu\u00e7\u00f5es de embalagem personalizadas.<\/p>\n<\/div>\n\n\n\n<div class=\"wp-block-column is-layout-flow wp-block-column-is-layout-flow\">\n<figure class=\"wp-block-image size-full\"><img decoding=\"async\" width=\"3686\" height=\"3686\" src=\"https:\/\/www.huashunware.com\/wp-content\/uploads\/2025\/09\/Wholesale-Colored-Handle-Flatware-Sets.webp\" alt=\"Conjuntos de talheres com cabo colorido por atacado\" class=\"wp-image-1250\" srcset=\"https:\/\/www.huashunware.com\/wp-content\/uploads\/2025\/09\/Wholesale-Colored-Handle-Flatware-Sets.webp 3686w, https:\/\/www.huashunware.com\/wp-content\/uploads\/2025\/09\/Wholesale-Colored-Handle-Flatware-Sets-300x300.webp 300w, https:\/\/www.huashunware.com\/wp-content\/uploads\/2025\/09\/Wholesale-Colored-Handle-Flatware-Sets-150x150.webp 150w, https:\/\/www.huashunware.com\/wp-content\/uploads\/2025\/09\/Wholesale-Colored-Handle-Flatware-Sets-768x768.webp 768w, https:\/\/www.huashunware.com\/wp-content\/uploads\/2025\/09\/Wholesale-Colored-Handle-Flatware-Sets-12x12.webp 12w, https:\/\/www.huashunware.com\/wp-content\/uploads\/2025\/09\/Wholesale-Colored-Handle-Flatware-Sets-1200x1200.webp 1200w, https:\/\/www.huashunware.com\/wp-content\/uploads\/2025\/09\/Wholesale-Colored-Handle-Flatware-Sets-600x600.webp 600w, https:\/\/www.huashunware.com\/wp-content\/uploads\/2025\/09\/Wholesale-Colored-Handle-Flatware-Sets-100x100.webp 100w\" sizes=\"(max-width: 3686px) 100vw, 3686px\" \/><\/figure>\n\n\n\n<figure class=\"wp-block-image size-full\"><img decoding=\"async\" width=\"3072\" height=\"3072\" src=\"https:\/\/www.huashunware.com\/wp-content\/uploads\/2025\/09\/Wholesale-Colored-Handle-Flatware-Sets-Stainless-Steel-Flatware-Custom.webp\" alt=\"Conjuntos de talheres com cabo colorido por atacado, talheres de a\u00e7o inoxid\u00e1vel personalizados\" class=\"wp-image-419\" srcset=\"https:\/\/www.huashunware.com\/wp-content\/uploads\/2025\/09\/Wholesale-Colored-Handle-Flatware-Sets-Stainless-Steel-Flatware-Custom.webp 3072w, https:\/\/www.huashunware.com\/wp-content\/uploads\/2025\/09\/Wholesale-Colored-Handle-Flatware-Sets-Stainless-Steel-Flatware-Custom-300x300.webp 300w, https:\/\/www.huashunware.com\/wp-content\/uploads\/2025\/09\/Wholesale-Colored-Handle-Flatware-Sets-Stainless-Steel-Flatware-Custom-150x150.webp 150w, https:\/\/www.huashunware.com\/wp-content\/uploads\/2025\/09\/Wholesale-Colored-Handle-Flatware-Sets-Stainless-Steel-Flatware-Custom-768x768.webp 768w, https:\/\/www.huashunware.com\/wp-content\/uploads\/2025\/09\/Wholesale-Colored-Handle-Flatware-Sets-Stainless-Steel-Flatware-Custom-1200x1200.webp 1200w, https:\/\/www.huashunware.com\/wp-content\/uploads\/2025\/09\/Wholesale-Colored-Handle-Flatware-Sets-Stainless-Steel-Flatware-Custom-600x600.webp 600w, https:\/\/www.huashunware.com\/wp-content\/uploads\/2025\/09\/Wholesale-Colored-Handle-Flatware-Sets-Stainless-Steel-Flatware-Custom-100x100.webp 100w\" sizes=\"(max-width: 3072px) 100vw, 3072px\" \/><\/figure>\n<\/div>\n<\/div>","protected":false},"excerpt":{"rendered":"<p>Os conjuntos de talheres com pega colorida por grosso apresentam pegas vibrantes e confort\u00e1veis com a\u00e7o inoxid\u00e1vel 18\/0 dur\u00e1vel. Perfeito para casa, restaurantes ou catering. Contacte-nos hoje para mais informa\u00e7\u00f5es!<\/p>\n<h2 class=\"brxe-product-title\">Conjuntos de talheres de cabo colorido por atacado Atributos:<\/h2>\n<table>\n<thead>\n<tr>\n<th style=\"text-align: center;\">Artigo<\/th>\n<th style=\"text-align: center;\">Peso<\/th>\n<th style=\"text-align: center;\">Tamanho (C*L)<\/th>\n<th style=\"text-align: center;\">Espessura<\/th>\n<\/tr>\n<\/thead>\n<tbody>\n<tr>\n<td>Faca<\/td>\n<td>32.5 g<\/td>\n<td>21,5 \u00d7 1,7 cm<\/td>\n<td>2 mm<\/td>\n<\/tr>\n<tr>\n<td>Garfo<\/td>\n<td>33.2 g<\/td>\n<td>19,5 \u00d7 2,4 cm<\/td>\n<td>2 mm<\/td>\n<\/tr>\n<tr>\n<td>Colher<\/td>\n<td>45 g<\/td>\n<td>20 \u00d7 4 cm<\/td>\n<td>2 mm<\/td>\n<\/tr>\n<tr>\n<td>Colher de ch\u00e1<\/td>\n<td>19 g<\/td>\n<td>14 \u00d7 2,3 cm<\/td>\n<td>2 mm<\/td>\n<\/tr>\n<tr>\n<td style=\"text-align: center;\">Garfo de fruta<\/td>\n<td style=\"text-align: center;\">16.5 g<\/td>\n<td style=\"text-align: center;\">14 \u00d7 1,8 cm<\/td>\n<td style=\"text-align: center;\">2 mm<\/td>\n<\/tr>\n<\/tbody>\n<\/table>\n<h2>Conjuntos de talheres com cabo colorido personalizado\uff1a<\/h2>\n<ul>\n<li data-start=\"70\" data-end=\"125\">\n<p data-start=\"72\" data-end=\"125\"><strong data-start=\"72\" data-end=\"83\">Amostra:<\/strong> Amostra gr\u00e1tis dispon\u00edvel antes da encomenda a granel<\/p>\n<\/li>\n<li data-start=\"126\" data-end=\"221\">\n<p data-start=\"128\" data-end=\"221\"><strong data-start=\"128\" data-end=\"149\">Embalagem e log\u00f3tipo:<\/strong> Apoio ao log\u00f3tipo personalizado na embalagem; utilizar caixa PET, caixa PVC ou caixa de oferta<\/p>\n<\/li>\n<li data-start=\"222\" data-end=\"320\">\n<p data-start=\"224\" data-end=\"320\"><strong data-start=\"224\" data-end=\"248\">Metal e log\u00f3tipo da pega:<\/strong> Aceitar log\u00f3tipo gravado a laser ou gravado em metal; imprimir log\u00f3tipo na pega<\/p>\n<\/li>\n<li data-start=\"321\" data-end=\"389\">\n<p data-start=\"323\" data-end=\"389\"><strong data-start=\"323\" data-end=\"342\">Acabamento e cor:<\/strong> Aceitar o revestimento a ouro e lidar com altera\u00e7\u00f5es de cor<\/p>\n<\/li>\n<\/ul>","protected":false},"featured_media":419,"comment_status":"closed","ping_status":"closed","template":"","meta":{"_acf_changed":true},"product_brand":[],"product_cat":[18,26],"product_tag":[],"class_list":{"0":"post-417","1":"product","2":"type-product","3":"status-publish","4":"has-post-thumbnail","6":"product_cat-cutlery-set-wholesale","7":"product_cat-plastic-handle-flatware-set","9":"first","10":"instock","11":"shipping-taxable","12":"product-type-simple"},"acf":[],"_links":{"self":[{"href":"https:\/\/www.huashunware.com\/pt\/wp-json\/wp\/v2\/product\/417","targetHints":{"allow":["GET"]}}],"collection":[{"href":"https:\/\/www.huashunware.com\/pt\/wp-json\/wp\/v2\/product"}],"about":[{"href":"https:\/\/www.huashunware.com\/pt\/wp-json\/wp\/v2\/types\/product"}],"replies":[{"embeddable":true,"href":"https:\/\/www.huashunware.com\/pt\/wp-json\/wp\/v2\/comments?post=417"}],"wp:featuredmedia":[{"embeddable":true,"href":"https:\/\/www.huashunware.com\/pt\/wp-json\/wp\/v2\/media\/419"}],"wp:attachment":[{"href":"https:\/\/www.huashunware.com\/pt\/wp-json\/wp\/v2\/media?parent=417"}],"wp:term":[{"taxonomy":"product_brand","embeddable":true,"href":"https:\/\/www.huashunware.com\/pt\/wp-json\/wp\/v2\/product_brand?post=417"},{"taxonomy":"product_cat","embeddable":true,"href":"https:\/\/www.huashunware.com\/pt\/wp-json\/wp\/v2\/product_cat?post=417"},{"taxonomy":"product_tag","embeddable":true,"href":"https:\/\/www.huashunware.com\/pt\/wp-json\/wp\/v2\/product_tag?post=417"}],"curies":[{"name":"wp","href":"https:\/\/api.w.org\/{rel}","templated":true}]}}