{"id":421,"date":"2025-09-17T08:23:29","date_gmt":"2025-09-17T08:23:29","guid":{"rendered":"https:\/\/www.huashunware.com\/?post_type=product&#038;p=421"},"modified":"2026-02-03T03:15:43","modified_gmt":"2026-02-03T03:15:43","slug":"bulk-flatware-with-plastic-handle-stainless-steel-flatware-for-restaurants","status":"publish","type":"product","link":"https:\/\/www.huashunware.com\/pt\/produto\/bulk-flatware-with-plastic-handle-stainless-steel-flatware-for-restaurants\/","title":{"rendered":"Talheres a granel com cabo de pl\u00e1stico Talheres de a\u00e7o inoxid\u00e1vel para restaurantes"},"content":{"rendered":"<div class=\"wp-block-columns is-layout-flex wp-container-core-columns-is-layout-9d6595d7 wp-block-columns-is-layout-flex\">\n<div class=\"wp-block-column is-layout-flow wp-block-column-is-layout-flow\">\n<h2 class=\"wp-block-heading\">Talheres a granel com cabo de pl\u00e1stico Carater\u00edsticas:<\/h2>\n\n\n\n<p><strong>A\u00e7o inoxid\u00e1vel 18\/0 de qualidade superior<\/strong> Cada pe\u00e7a \u00e9 fabricada em a\u00e7o 18\/0 de qualidade alimentar, garantindo resist\u00eancia \u00e0 ferrugem e total conformidade com <strong>Normas de seguran\u00e7a da UE e dos EUA<\/strong>.<\/p>\n\n\n\n<p><strong>Acabamento espelhado de alto brilho<\/strong> As l\u00e2minas e os dentes apresentam um polimento espelhado suave e refletor com <strong>cantos arredondados<\/strong> para um jantar seguro e sofisticado.<\/p>\n\n\n\n<p><strong>Pegas ergon\u00f3micas e leves<\/strong> Concebidas para uma ader\u00eancia segura, as pegas de pl\u00e1stico duradouras s\u00e3o <strong>resistente ao calor<\/strong> e perfeito para utiliza\u00e7\u00e3o comercial ou dom\u00e9stica de grande volume.<\/p>\n\n\n\n<p><strong>Embalagem para retalho pronta a usar<\/strong> Apresenta-se numa <strong>Caixa de 16 pe\u00e7as para janela<\/strong> (16 PIEZAS) com uma pega de transporte, concebida para exposi\u00e7\u00e3o imediata em supermercados e lojas de venda a retalho.<\/p>\n\n\n\n<p><strong>100% Lav\u00e1vel na m\u00e1quina de lavar lou\u00e7a<\/strong> Concebidos para resistir a uma limpeza intensiva, os nossos talheres mant\u00eam o seu brilho e a integridade do cabo ap\u00f3s <strong>milhares de lavagens na m\u00e1quina<\/strong>.<\/p>\n\n\n\n<p><strong>Solu\u00e7\u00f5es econ\u00f3micas a granel<\/strong> Como fabricante direto, <strong>Huashun<\/strong> oferece pre\u00e7os competitivos e baixos MOQs para cores, log\u00f3tipos e embalagens personalizados.<\/p>\n<\/div>\n\n\n\n<div class=\"wp-block-column is-layout-flow wp-block-column-is-layout-flow\">\n<figure class=\"wp-block-image size-full\"><img decoding=\"async\" width=\"3686\" height=\"3686\" src=\"https:\/\/www.huashunware.com\/wp-content\/uploads\/2025\/09\/Bulk-Flatware-with-Plastic-Handle-1.webp\" alt=\"Faqueiro a granel com cabo de pl\u00e1stico\" class=\"wp-image-1258\" srcset=\"https:\/\/www.huashunware.com\/wp-content\/uploads\/2025\/09\/Bulk-Flatware-with-Plastic-Handle-1.webp 3686w, https:\/\/www.huashunware.com\/wp-content\/uploads\/2025\/09\/Bulk-Flatware-with-Plastic-Handle-1-300x300.webp 300w, https:\/\/www.huashunware.com\/wp-content\/uploads\/2025\/09\/Bulk-Flatware-with-Plastic-Handle-1-150x150.webp 150w, https:\/\/www.huashunware.com\/wp-content\/uploads\/2025\/09\/Bulk-Flatware-with-Plastic-Handle-1-768x768.webp 768w, https:\/\/www.huashunware.com\/wp-content\/uploads\/2025\/09\/Bulk-Flatware-with-Plastic-Handle-1-12x12.webp 12w, https:\/\/www.huashunware.com\/wp-content\/uploads\/2025\/09\/Bulk-Flatware-with-Plastic-Handle-1-1200x1200.webp 1200w, https:\/\/www.huashunware.com\/wp-content\/uploads\/2025\/09\/Bulk-Flatware-with-Plastic-Handle-1-600x600.webp 600w, https:\/\/www.huashunware.com\/wp-content\/uploads\/2025\/09\/Bulk-Flatware-with-Plastic-Handle-1-100x100.webp 100w\" sizes=\"(max-width: 3686px) 100vw, 3686px\" \/><\/figure>\n\n\n\n<figure class=\"wp-block-image size-full\"><img decoding=\"async\" width=\"800\" height=\"800\" src=\"https:\/\/www.huashunware.com\/wp-content\/uploads\/2025\/09\/Bulk-Flatware-with-Plastic-Handle-Stainless-Steel-Flatware-for-Restaurants1.webp\" alt=\"Talheres a granel com cabo de pl\u00e1stico Talheres de a\u00e7o inoxid\u00e1vel para restaurantes1\" class=\"wp-image-422\" srcset=\"https:\/\/www.huashunware.com\/wp-content\/uploads\/2025\/09\/Bulk-Flatware-with-Plastic-Handle-Stainless-Steel-Flatware-for-Restaurants1.webp 800w, https:\/\/www.huashunware.com\/wp-content\/uploads\/2025\/09\/Bulk-Flatware-with-Plastic-Handle-Stainless-Steel-Flatware-for-Restaurants1-300x300.webp 300w, https:\/\/www.huashunware.com\/wp-content\/uploads\/2025\/09\/Bulk-Flatware-with-Plastic-Handle-Stainless-Steel-Flatware-for-Restaurants1-150x150.webp 150w, https:\/\/www.huashunware.com\/wp-content\/uploads\/2025\/09\/Bulk-Flatware-with-Plastic-Handle-Stainless-Steel-Flatware-for-Restaurants1-768x768.webp 768w, https:\/\/www.huashunware.com\/wp-content\/uploads\/2025\/09\/Bulk-Flatware-with-Plastic-Handle-Stainless-Steel-Flatware-for-Restaurants1-600x600.webp 600w, https:\/\/www.huashunware.com\/wp-content\/uploads\/2025\/09\/Bulk-Flatware-with-Plastic-Handle-Stainless-Steel-Flatware-for-Restaurants1-100x100.webp 100w\" sizes=\"(max-width: 800px) 100vw, 800px\" \/><\/figure>\n<\/div>\n<\/div>","protected":false},"excerpt":{"rendered":"<p>Talheres a granel com al\u00e7a de pl\u00e1stico oferecem constru\u00e7\u00e3o dur\u00e1vel em a\u00e7o inoxid\u00e1vel 18\/0 e uma pegada confort\u00e1vel. Ideal para restaurantes, servi\u00e7os de catering e compradores a granel que procuram utens\u00edlios de mesa fi\u00e1veis e econ\u00f3micos.<\/p>\n<h2 class=\"brxe-product-title\">Talheres a granel com cabo de pl\u00e1stico Atributos:<\/h2>\n<table>\n<thead>\n<tr>\n<th style=\"text-align: center;\">Artigo<\/th>\n<th style=\"text-align: center;\">Peso<\/th>\n<th style=\"text-align: center;\">Tamanho (C*L)<\/th>\n<\/tr>\n<\/thead>\n<tbody>\n<tr>\n<td>Faca<\/td>\n<td>42.7 g<\/td>\n<td>23 \u00d7 1,8 cm<\/td>\n<\/tr>\n<tr>\n<td>Garfo<\/td>\n<td>35.7 g<\/td>\n<td>19,5 \u00d7 2,4 cm<\/td>\n<\/tr>\n<tr>\n<td>Colher<\/td>\n<td>38 g<\/td>\n<td>19,5 \u00d7 4 cm<\/td>\n<\/tr>\n<tr>\n<td>Colher de ch\u00e1<\/td>\n<td>22 g<\/td>\n<td>14,5 \u00d7 3 cm<\/td>\n<\/tr>\n<\/tbody>\n<\/table>\n<h2>Talheres personalizados com cabo de pl\u00e1stico\uff1a<\/h2>\n<ul data-start=\"63\" data-end=\"410\">\n<li data-start=\"63\" data-end=\"118\">\n<p data-start=\"65\" data-end=\"118\"><strong data-start=\"65\" data-end=\"76\">Amostra:<\/strong> Amostra gr\u00e1tis dispon\u00edvel antes da encomenda a granel<\/p>\n<\/li>\n<li data-start=\"119\" data-end=\"220\">\n<p data-start=\"121\" data-end=\"220\"><strong data-start=\"121\" data-end=\"142\">Embalagem e log\u00f3tipo:<\/strong> Apoio ao log\u00f3tipo personalizado na embalagem; caixa PET, caixa PVC ou caixa de oferta dispon\u00edvel<\/p>\n<\/li>\n<li data-start=\"221\" data-end=\"319\">\n<p data-start=\"223\" data-end=\"319\"><strong data-start=\"223\" data-end=\"247\">Metal e log\u00f3tipo da pega:<\/strong> Aceitar log\u00f3tipo gravado a laser ou gravado em metal; imprimir log\u00f3tipo na pega<\/p>\n<\/li>\n<li data-start=\"320\" data-end=\"410\">\n<p data-start=\"322\" data-end=\"410\"><strong data-start=\"322\" data-end=\"341\">Acabamento e cor:<\/strong> Aceitar revestimento a ouro, altera\u00e7\u00f5es de cor e pintura ao toque da pele<\/p>\n<\/li>\n<\/ul>\n<p data-start=\"417\" data-end=\"504\" data-is-last-node=\"\" data-is-only-node=\"\">\u00a0<\/p>","protected":false},"featured_media":422,"comment_status":"closed","ping_status":"closed","template":"","meta":{"_acf_changed":true},"product_brand":[],"product_cat":[18,26],"product_tag":[],"class_list":{"0":"post-421","1":"product","2":"type-product","3":"status-publish","4":"has-post-thumbnail","6":"product_cat-cutlery-set-wholesale","7":"product_cat-plastic-handle-flatware-set","9":"first","10":"instock","11":"shipping-taxable","12":"product-type-simple"},"acf":[],"_links":{"self":[{"href":"https:\/\/www.huashunware.com\/pt\/wp-json\/wp\/v2\/product\/421","targetHints":{"allow":["GET"]}}],"collection":[{"href":"https:\/\/www.huashunware.com\/pt\/wp-json\/wp\/v2\/product"}],"about":[{"href":"https:\/\/www.huashunware.com\/pt\/wp-json\/wp\/v2\/types\/product"}],"replies":[{"embeddable":true,"href":"https:\/\/www.huashunware.com\/pt\/wp-json\/wp\/v2\/comments?post=421"}],"wp:featuredmedia":[{"embeddable":true,"href":"https:\/\/www.huashunware.com\/pt\/wp-json\/wp\/v2\/media\/422"}],"wp:attachment":[{"href":"https:\/\/www.huashunware.com\/pt\/wp-json\/wp\/v2\/media?parent=421"}],"wp:term":[{"taxonomy":"product_brand","embeddable":true,"href":"https:\/\/www.huashunware.com\/pt\/wp-json\/wp\/v2\/product_brand?post=421"},{"taxonomy":"product_cat","embeddable":true,"href":"https:\/\/www.huashunware.com\/pt\/wp-json\/wp\/v2\/product_cat?post=421"},{"taxonomy":"product_tag","embeddable":true,"href":"https:\/\/www.huashunware.com\/pt\/wp-json\/wp\/v2\/product_tag?post=421"}],"curies":[{"name":"wp","href":"https:\/\/api.w.org\/{rel}","templated":true}]}}