{"id":426,"date":"2025-09-17T09:27:05","date_gmt":"2025-09-17T09:27:05","guid":{"rendered":"https:\/\/www.huashunware.com\/?post_type=product&#038;p=426"},"modified":"2025-09-17T09:57:26","modified_gmt":"2025-09-17T09:57:26","slug":"wholesale-kid-plate-set-cute-elephant-shaped-dinnerware-in-bulk","status":"publish","type":"product","link":"https:\/\/www.huashunware.com\/pt\/produto\/wholesale-kid-plate-set-cute-elephant-shaped-dinnerware-in-bulk\/","title":{"rendered":"Conjunto de pratos para crian\u00e7as por atacado, lou\u00e7a de jantar fofa em forma de elefante a granel"},"content":{"rendered":"<div class=\"wp-block-columns is-layout-flex wp-container-core-columns-is-layout-9d6595d7 wp-block-columns-is-layout-flex\">\n<div class=\"wp-block-column is-layout-flow wp-block-column-is-layout-flow\">\n<h2 class=\"wp-block-heading\">Conjunto de pratos para crian\u00e7as Carater\u00edsticas:<\/h2>\n\n\n\n<p><strong>Material de qualidade alimentar seguro: <\/strong>Silicone de qualidade alimentar normalizado nos EUA, totalmente n\u00e3o t\u00f3xico e sem BPA. Proporciona aos pais tranquilidade e uma experi\u00eancia de alimenta\u00e7\u00e3o segura para crian\u00e7as e beb\u00e9s.<\/p>\n\n\n\n<p><strong>A\u00e7o inoxid\u00e1vel duradouro: <\/strong>Fabricada em a\u00e7o inoxid\u00e1vel polido com arestas suaves e arredondadas. Suave para a boca das crian\u00e7as, resistente \u00e0 ferrugem e concebida para uma utiliza\u00e7\u00e3o frequente e repetida.<\/p>\n\n\n\n<p><strong>Base de suc\u00e7\u00e3o forte: <\/strong>Possui uma base de suc\u00e7\u00e3o potente que se mant\u00e9m firme em superf\u00edcies escorregadias. Evita eficazmente o escorregamento, a queda e os derrames de sujidade e deixa a mesa impec\u00e1vel.<\/p>\n\n\n\n<p><strong>Forma de elefante fixe:<\/strong> O divertido design do elefante \u00e9 a novidade favorita das crian\u00e7as e traz fasc\u00ednio \u00e0 refei\u00e7\u00e3o. Encoraja a alimenta\u00e7\u00e3o aut\u00f3noma e elimina os comportamentos alimentares exigentes.<\/p>\n\n\n\n<p><strong>Adequado para encomendas a granel:<\/strong> Ideal para creches, restaurantes e lojas. Oferece uma solu\u00e7\u00e3o econ\u00f3mica para encomendas a granel sem prejudicar a qualidade.<\/p>\n<\/div>\n\n\n\n<div class=\"wp-block-column is-layout-flow wp-block-column-is-layout-flow\">\n<figure class=\"wp-block-image size-full\"><img decoding=\"async\" width=\"3072\" height=\"3072\" src=\"https:\/\/www.huashunware.com\/wp-content\/uploads\/2025\/09\/Wholesale-Kid-Plate-Set-Cute-Elephant-Shaped-Dinnerware-in-Bulk1.webp\" alt=\"Conjunto de pratos para crian\u00e7as por atacado, lou\u00e7a de jantar fofa em forma de elefante a granel1\" class=\"wp-image-427\" srcset=\"https:\/\/www.huashunware.com\/wp-content\/uploads\/2025\/09\/Wholesale-Kid-Plate-Set-Cute-Elephant-Shaped-Dinnerware-in-Bulk1.webp 3072w, https:\/\/www.huashunware.com\/wp-content\/uploads\/2025\/09\/Wholesale-Kid-Plate-Set-Cute-Elephant-Shaped-Dinnerware-in-Bulk1-300x300.webp 300w, https:\/\/www.huashunware.com\/wp-content\/uploads\/2025\/09\/Wholesale-Kid-Plate-Set-Cute-Elephant-Shaped-Dinnerware-in-Bulk1-150x150.webp 150w, https:\/\/www.huashunware.com\/wp-content\/uploads\/2025\/09\/Wholesale-Kid-Plate-Set-Cute-Elephant-Shaped-Dinnerware-in-Bulk1-768x768.webp 768w, https:\/\/www.huashunware.com\/wp-content\/uploads\/2025\/09\/Wholesale-Kid-Plate-Set-Cute-Elephant-Shaped-Dinnerware-in-Bulk1-1200x1200.webp 1200w, https:\/\/www.huashunware.com\/wp-content\/uploads\/2025\/09\/Wholesale-Kid-Plate-Set-Cute-Elephant-Shaped-Dinnerware-in-Bulk1-600x600.webp 600w, https:\/\/www.huashunware.com\/wp-content\/uploads\/2025\/09\/Wholesale-Kid-Plate-Set-Cute-Elephant-Shaped-Dinnerware-in-Bulk1-100x100.webp 100w\" sizes=\"(max-width: 3072px) 100vw, 3072px\" \/><\/figure>\n<\/div>\n<\/div>","protected":false},"excerpt":{"rendered":"<p>O conjunto de pratos para crian\u00e7as por grosso apresenta um design divertido em forma de elefante, fabricado em silicone de qualidade alimentar normalizado nos EUA, n\u00e3o t\u00f3xico e sem BPA. A base de suc\u00e7\u00e3o mant\u00e9m o prato firmemente no lugar, perfeito para crian\u00e7as pequenas, creches e encomendas a granel.<\/p>\n<h2 class=\"brxe-product-title\">Conjunto de pratos para crian\u00e7as por atacado Atributos:<\/h2>\n<table>\n<thead>\n<tr>\n<th>Artigo<\/th>\n<th>Tamanho (C\u00d7L\u00d7A)<\/th>\n<th>Peso<\/th>\n<\/tr>\n<\/thead>\n<tbody>\n<tr>\n<td>Caixa<\/td>\n<td>255 \u00d7 194 \u00d7 35 mm<\/td>\n<td>373 g<\/td>\n<\/tr>\n<tr>\n<td>Prato<\/td>\n<td>225 \u00d7 155 \u00d7 33 mm<\/td>\n<td>205.8 g<\/td>\n<\/tr>\n<tr>\n<td>Garfo<\/td>\n<td>100 \u00d7 55 \u00d7 22 mm<\/td>\n<td>39 g<\/td>\n<\/tr>\n<tr>\n<td>Colher<\/td>\n<td>100 \u00d7 55 \u00d7 22 mm<\/td>\n<td>43 g<\/td>\n<\/tr>\n<\/tbody>\n<\/table>\n<p><strong data-start=\"296\" data-end=\"304\">MOQ:<\/strong> 96 pe\u00e7as<\/p>\n<h2 class=\"brxe-product-title\">Conjunto de pratos personalizados para crian\u00e7as :<\/h2>\n<ul>\n<li data-start=\"76\" data-end=\"143\">\n<p data-start=\"78\" data-end=\"143\"><strong data-start=\"78\" data-end=\"89\">Amostra:<\/strong> Amostra gr\u00e1tis dispon\u00edvel para teste antes da encomenda a granel<\/p>\n<\/li>\n<li data-start=\"144\" data-end=\"221\">\n<p data-start=\"146\" data-end=\"221\"><strong data-start=\"146\" data-end=\"173\">Pequenas encomendas com log\u00f3tipo:<\/strong> Aceitar encomendas de pequenas quantidades com log\u00f3tipo personalizado<\/p>\n<\/li>\n<li data-start=\"222\" data-end=\"288\">\n<p data-start=\"224\" data-end=\"288\"><strong data-start=\"224\" data-end=\"242\">Entrega r\u00e1pida:<\/strong> Os artigos em stock podem ser enviados no prazo de 7 dias<\/p>\n<\/li>\n<li data-start=\"289\" data-end=\"401\">\n<p data-start=\"291\" data-end=\"401\"><strong data-start=\"291\" data-end=\"326\">Personaliza\u00e7\u00e3o da embalagem e do log\u00f3tipo:<\/strong> Apoio ao log\u00f3tipo personalizado na embalagem; escolha entre caixa PET, caixa PVC ou caixa de oferta<\/p>\n<\/li>\n<\/ul>","protected":false},"featured_media":428,"comment_status":"closed","ping_status":"closed","template":"","meta":{"_acf_changed":false},"product_brand":[],"product_cat":[19],"product_tag":[],"class_list":{"0":"post-426","1":"product","2":"type-product","3":"status-publish","4":"has-post-thumbnail","6":"product_cat-wholesale-kids-dinnerware","8":"first","9":"instock","10":"shipping-taxable","11":"product-type-simple"},"acf":[],"_links":{"self":[{"href":"https:\/\/www.huashunware.com\/pt\/wp-json\/wp\/v2\/product\/426","targetHints":{"allow":["GET"]}}],"collection":[{"href":"https:\/\/www.huashunware.com\/pt\/wp-json\/wp\/v2\/product"}],"about":[{"href":"https:\/\/www.huashunware.com\/pt\/wp-json\/wp\/v2\/types\/product"}],"replies":[{"embeddable":true,"href":"https:\/\/www.huashunware.com\/pt\/wp-json\/wp\/v2\/comments?post=426"}],"wp:featuredmedia":[{"embeddable":true,"href":"https:\/\/www.huashunware.com\/pt\/wp-json\/wp\/v2\/media\/428"}],"wp:attachment":[{"href":"https:\/\/www.huashunware.com\/pt\/wp-json\/wp\/v2\/media?parent=426"}],"wp:term":[{"taxonomy":"product_brand","embeddable":true,"href":"https:\/\/www.huashunware.com\/pt\/wp-json\/wp\/v2\/product_brand?post=426"},{"taxonomy":"product_cat","embeddable":true,"href":"https:\/\/www.huashunware.com\/pt\/wp-json\/wp\/v2\/product_cat?post=426"},{"taxonomy":"product_tag","embeddable":true,"href":"https:\/\/www.huashunware.com\/pt\/wp-json\/wp\/v2\/product_tag?post=426"}],"curies":[{"name":"wp","href":"https:\/\/api.w.org\/{rel}","templated":true}]}}