{"id":433,"date":"2025-09-17T09:58:15","date_gmt":"2025-09-17T09:58:15","guid":{"rendered":"https:\/\/www.huashunware.com\/?post_type=product&#038;p=433"},"modified":"2025-09-17T10:10:43","modified_gmt":"2025-09-17T10:10:43","slug":"bulk-kids-dinnerware-sets-dolphin-design-for-toddlers-and-kids","status":"publish","type":"product","link":"https:\/\/www.huashunware.com\/pt\/produto\/bulk-kids-dinnerware-sets-dolphin-design-for-toddlers-and-kids\/","title":{"rendered":"Conjuntos de loi\u00e7a para crian\u00e7as a granel, design de golfinhos para beb\u00e9s e crian\u00e7as"},"content":{"rendered":"<div class=\"wp-block-columns is-layout-flex wp-container-core-columns-is-layout-9d6595d7 wp-block-columns-is-layout-flex\">\n<div class=\"wp-block-column is-layout-flow wp-block-column-is-layout-flow\">\n<h2 class=\"wp-block-heading\">Conjuntos de jantar para crian\u00e7as Carater\u00edsticas:<\/h2>\n\n\n\n<p><strong>Material de qualidade alimentar seguro:<\/strong> Fabricado em silicone de qualidade alimentar normalizado nos EUA, sem BPA e n\u00e3o t\u00f3xico. Oferece uma experi\u00eancia gastron\u00f3mica segura para beb\u00e9s e crian\u00e7as pequenas.<\/p>\n\n\n\n<p><strong>A\u00e7o inoxid\u00e1vel duradouro:<\/strong> A\u00e7o inoxid\u00e1vel com acabamento espelhado e cantos suaves e arredondados. Suave para a boca das crian\u00e7as e resistente \u00e0 ferrugem e ao desgaste di\u00e1rio.<\/p>\n\n\n\n<p><strong>Base de suc\u00e7\u00e3o forte: <\/strong>O design inovador de suc\u00e7\u00e3o adere fortemente a superf\u00edcies lisas. Evita que a tigela deslize, tombe e derrame sujidade durante as refei\u00e7\u00f5es.<\/p>\n\n\n\n<p><strong>Desenho divertido de um golfinho: <\/strong>Pratos e utens\u00edlios apelativos em forma de golfinho chamam a aten\u00e7\u00e3o das crian\u00e7as. Torna a hora da refei\u00e7\u00e3o agrad\u00e1vel e interactiva e incentiva a alimenta\u00e7\u00e3o independente.<\/p>\n\n\n\n<p><strong>Ideal para encomendas a granel:<\/strong> Ideal para restaurantes, creches e lojas. Escolha econ\u00f3mica para encomendas a granel sem comprometer a qualidade.<\/p>\n<\/div>\n\n\n\n<div class=\"wp-block-column is-layout-flow wp-block-column-is-layout-flow\">\n<figure class=\"wp-block-image size-full\"><img decoding=\"async\" width=\"3072\" height=\"3072\" src=\"https:\/\/www.huashunware.com\/wp-content\/uploads\/2025\/09\/Bulk-Kids-Dinnerware-Sets-Dolphin-Design-for-Toddlers-and-Kids1.webp\" alt=\"Conjuntos de loi\u00e7a para crian\u00e7as a granel, design de golfinhos para beb\u00e9s e crian\u00e7as1\" class=\"wp-image-434\" srcset=\"https:\/\/www.huashunware.com\/wp-content\/uploads\/2025\/09\/Bulk-Kids-Dinnerware-Sets-Dolphin-Design-for-Toddlers-and-Kids1.webp 3072w, https:\/\/www.huashunware.com\/wp-content\/uploads\/2025\/09\/Bulk-Kids-Dinnerware-Sets-Dolphin-Design-for-Toddlers-and-Kids1-300x300.webp 300w, https:\/\/www.huashunware.com\/wp-content\/uploads\/2025\/09\/Bulk-Kids-Dinnerware-Sets-Dolphin-Design-for-Toddlers-and-Kids1-150x150.webp 150w, https:\/\/www.huashunware.com\/wp-content\/uploads\/2025\/09\/Bulk-Kids-Dinnerware-Sets-Dolphin-Design-for-Toddlers-and-Kids1-768x768.webp 768w, https:\/\/www.huashunware.com\/wp-content\/uploads\/2025\/09\/Bulk-Kids-Dinnerware-Sets-Dolphin-Design-for-Toddlers-and-Kids1-1200x1200.webp 1200w, https:\/\/www.huashunware.com\/wp-content\/uploads\/2025\/09\/Bulk-Kids-Dinnerware-Sets-Dolphin-Design-for-Toddlers-and-Kids1-600x600.webp 600w, https:\/\/www.huashunware.com\/wp-content\/uploads\/2025\/09\/Bulk-Kids-Dinnerware-Sets-Dolphin-Design-for-Toddlers-and-Kids1-100x100.webp 100w\" sizes=\"(max-width: 3072px) 100vw, 3072px\" \/><\/figure>\n<\/div>\n<\/div>","protected":false},"excerpt":{"rendered":"<p data-start=\"68\" data-end=\"340\">Os conjuntos de loi\u00e7a para crian\u00e7as a granel incluem ador\u00e1veis pratos e utens\u00edlios em forma de golfinho, fabricados em silicone de qualidade alimentar normalizado nos EUA, n\u00e3o t\u00f3xico e sem BPA. A base de suc\u00e7\u00e3o forte evita o deslizamento e os derrames, tornando-os perfeitos para crian\u00e7as pequenas, creches e encomendas a granel.<\/p>\n<h2 class=\"brxe-product-title\">Conjuntos de lou\u00e7a para crian\u00e7as a granel Atributos:<\/h2>\n<table>\n<thead>\n<tr>\n<th style=\"text-align: center;\">Artigo<\/th>\n<th style=\"text-align: center;\">Tamanho (C\u00d7L\u00d7A)<\/th>\n<th style=\"text-align: center;\">Peso<\/th>\n<\/tr>\n<\/thead>\n<tbody>\n<tr>\n<td>Caixa<\/td>\n<td>240 \u00d7 190 \u00d7 35 mm<\/td>\n<td>363 g<\/td>\n<\/tr>\n<tr>\n<td>Prato<\/td>\n<td>210 \u00d7 155 \u00d7 33 mm<\/td>\n<td>241 g<\/td>\n<\/tr>\n<tr>\n<td>Garfo<\/td>\n<td>97 \u00d7 32 \u00d7 31 mm<\/td>\n<td>35.2 g<\/td>\n<\/tr>\n<tr>\n<td>Colher<\/td>\n<td>97 \u00d7 32 \u00d7 31 mm<\/td>\n<td>39.1 g<\/td>\n<\/tr>\n<\/tbody>\n<\/table>\n<p><strong data-start=\"296\" data-end=\"304\">MOQ:<\/strong> 96 pe\u00e7as<\/p>\n<h2 class=\"brxe-product-title\">Conjuntos de loi\u00e7a para crian\u00e7as personalizados :<\/h2>\n<ul>\n<li data-start=\"76\" data-end=\"143\">\n<p data-start=\"78\" data-end=\"143\"><strong data-start=\"78\" data-end=\"89\">Amostra:<\/strong> Amostra gr\u00e1tis dispon\u00edvel para teste antes da encomenda a granel<\/p>\n<\/li>\n<li data-start=\"144\" data-end=\"221\">\n<p data-start=\"146\" data-end=\"221\"><strong data-start=\"146\" data-end=\"173\">Pequenas encomendas com log\u00f3tipo:<\/strong> Aceitar encomendas de pequenas quantidades com log\u00f3tipo personalizado<\/p>\n<\/li>\n<li data-start=\"222\" data-end=\"288\">\n<p data-start=\"224\" data-end=\"288\"><strong data-start=\"224\" data-end=\"242\">Entrega r\u00e1pida:<\/strong> Os artigos em stock podem ser enviados no prazo de 7 dias<\/p>\n<\/li>\n<li data-start=\"289\" data-end=\"401\">\n<p data-start=\"291\" data-end=\"401\"><strong data-start=\"291\" data-end=\"326\">Personaliza\u00e7\u00e3o da embalagem e do log\u00f3tipo:<\/strong> Apoio ao log\u00f3tipo personalizado na embalagem; escolha entre caixa PET, caixa PVC ou caixa de oferta<\/p>\n<\/li>\n<\/ul>","protected":false},"featured_media":434,"comment_status":"closed","ping_status":"closed","template":"","meta":{"_acf_changed":false},"product_brand":[],"product_cat":[19],"product_tag":[],"class_list":{"0":"post-433","1":"product","2":"type-product","3":"status-publish","4":"has-post-thumbnail","6":"product_cat-wholesale-kids-dinnerware","8":"first","9":"instock","10":"shipping-taxable","11":"product-type-simple"},"acf":[],"_links":{"self":[{"href":"https:\/\/www.huashunware.com\/pt\/wp-json\/wp\/v2\/product\/433","targetHints":{"allow":["GET"]}}],"collection":[{"href":"https:\/\/www.huashunware.com\/pt\/wp-json\/wp\/v2\/product"}],"about":[{"href":"https:\/\/www.huashunware.com\/pt\/wp-json\/wp\/v2\/types\/product"}],"replies":[{"embeddable":true,"href":"https:\/\/www.huashunware.com\/pt\/wp-json\/wp\/v2\/comments?post=433"}],"wp:featuredmedia":[{"embeddable":true,"href":"https:\/\/www.huashunware.com\/pt\/wp-json\/wp\/v2\/media\/434"}],"wp:attachment":[{"href":"https:\/\/www.huashunware.com\/pt\/wp-json\/wp\/v2\/media?parent=433"}],"wp:term":[{"taxonomy":"product_brand","embeddable":true,"href":"https:\/\/www.huashunware.com\/pt\/wp-json\/wp\/v2\/product_brand?post=433"},{"taxonomy":"product_cat","embeddable":true,"href":"https:\/\/www.huashunware.com\/pt\/wp-json\/wp\/v2\/product_cat?post=433"},{"taxonomy":"product_tag","embeddable":true,"href":"https:\/\/www.huashunware.com\/pt\/wp-json\/wp\/v2\/product_tag?post=433"}],"curies":[{"name":"wp","href":"https:\/\/api.w.org\/{rel}","templated":true}]}}