{"id":438,"date":"2025-09-18T01:22:31","date_gmt":"2025-09-18T01:22:31","guid":{"rendered":"https:\/\/www.huashunware.com\/?post_type=product&#038;p=438"},"modified":"2025-09-18T02:23:04","modified_gmt":"2025-09-18T02:23:04","slug":"wholesale-kids-tableware-carrot-design-non-toxic-bpa-free-set","status":"publish","type":"product","link":"https:\/\/www.huashunware.com\/pt\/produto\/wholesale-kids-tableware-carrot-design-non-toxic-bpa-free-set\/","title":{"rendered":"Conjunto de utens\u00edlios de mesa para crian\u00e7as por atacado, design de cenoura, n\u00e3o t\u00f3xico e sem BPA"},"content":{"rendered":"<div class=\"wp-block-columns is-layout-flex wp-container-core-columns-is-layout-9d6595d7 wp-block-columns-is-layout-flex\">\n<div class=\"wp-block-column is-layout-flow wp-block-column-is-layout-flow\">\n<h2 class=\"wp-block-heading\">Artigos de mesa para crian\u00e7as Carater\u00edsticas:<\/h2>\n\n\n\n<p><strong>Material de qualidade alimentar seguro:<\/strong> Silicone de qualidade alimentar normalizado nos EUA, n\u00e3o t\u00f3xico e sem BPA. Proporciona uma refei\u00e7\u00e3o segura e saud\u00e1vel para as crian\u00e7as.<\/p>\n\n\n\n<p><strong>A\u00e7o inoxid\u00e1vel duradouro:<\/strong> A\u00e7o inoxid\u00e1vel com acabamento espelhado e cantos suaves e arredondados. Suave para a boca das crian\u00e7as, resistente \u00e0 ferrugem e aos riscos.<\/p>\n\n\n\n<p><strong>Design de suc\u00e7\u00e3o forte: <\/strong>Base de suc\u00e7\u00e3o forte que adere firmemente a superf\u00edcies lisas. Anti-derrapante, anti-derrapante e anti-derrame de refei\u00e7\u00f5es.<\/p>\n\n\n\n<p><strong>Cenoura gira Padr\u00e3o:<\/strong> Os pratos e utens\u00edlios l\u00fadicos em forma de cenoura atraem a aten\u00e7\u00e3o das crian\u00e7as. Torna a hora da refei\u00e7\u00e3o agrad\u00e1vel e facilita a auto-alimenta\u00e7\u00e3o.<\/p>\n\n\n\n<p><strong>Bom para encomendas em massa:<\/strong> A melhor escolha para creches, jardins-de-inf\u00e2ncia e lojas. Escolha econ\u00f3mica para compras a granel.<\/p>\n<\/div>\n\n\n\n<div class=\"wp-block-column is-layout-flow wp-block-column-is-layout-flow\">\n<figure class=\"wp-block-image size-full\"><img decoding=\"async\" width=\"3072\" height=\"3072\" src=\"https:\/\/www.huashunware.com\/wp-content\/uploads\/2025\/09\/Wholesale-Kids-Tableware-Carrot-Design-Non-Toxic-BPA-Free-Set1.webp\" alt=\"Conjunto de utens\u00edlios de mesa para crian\u00e7as por atacado, design de cenoura, n\u00e3o t\u00f3xico e sem BPA1\" class=\"wp-image-439\" srcset=\"https:\/\/www.huashunware.com\/wp-content\/uploads\/2025\/09\/Wholesale-Kids-Tableware-Carrot-Design-Non-Toxic-BPA-Free-Set1.webp 3072w, https:\/\/www.huashunware.com\/wp-content\/uploads\/2025\/09\/Wholesale-Kids-Tableware-Carrot-Design-Non-Toxic-BPA-Free-Set1-300x300.webp 300w, https:\/\/www.huashunware.com\/wp-content\/uploads\/2025\/09\/Wholesale-Kids-Tableware-Carrot-Design-Non-Toxic-BPA-Free-Set1-150x150.webp 150w, https:\/\/www.huashunware.com\/wp-content\/uploads\/2025\/09\/Wholesale-Kids-Tableware-Carrot-Design-Non-Toxic-BPA-Free-Set1-768x768.webp 768w, https:\/\/www.huashunware.com\/wp-content\/uploads\/2025\/09\/Wholesale-Kids-Tableware-Carrot-Design-Non-Toxic-BPA-Free-Set1-1200x1200.webp 1200w, https:\/\/www.huashunware.com\/wp-content\/uploads\/2025\/09\/Wholesale-Kids-Tableware-Carrot-Design-Non-Toxic-BPA-Free-Set1-600x600.webp 600w, https:\/\/www.huashunware.com\/wp-content\/uploads\/2025\/09\/Wholesale-Kids-Tableware-Carrot-Design-Non-Toxic-BPA-Free-Set1-100x100.webp 100w\" sizes=\"(max-width: 3072px) 100vw, 3072px\" \/><\/figure>\n<\/div>\n<\/div>","protected":false},"excerpt":{"rendered":"<p data-start=\"68\" data-end=\"340\">Utens\u00edlios de mesa para crian\u00e7as por atacado com um design bonito de cenoura, feitos de silicone de qualidade alimentar padr\u00e3o dos EUA, n\u00e3o t\u00f3xico e sem BPA. Possui uma base de suc\u00e7\u00e3o forte para evitar derrames, perfeita para crian\u00e7as pequenas, creches e encomendas a granel.<\/p>\n<h2 class=\"brxe-product-title\">Artigos de mesa para crian\u00e7as por atacado Atributos:<\/h2>\n<table>\n<thead>\n<tr>\n<th style=\"text-align: center;\">Artigo<\/th>\n<th style=\"text-align: center;\">Tamanho (C\u00d7L\u00d7A)<\/th>\n<th style=\"text-align: center;\">Peso<\/th>\n<\/tr>\n<\/thead>\n<tbody>\n<tr>\n<td>Caixa<\/td>\n<td>270 \u00d7 155 \u00d7 30 mm<\/td>\n<td>303.5 g<\/td>\n<\/tr>\n<tr>\n<td>Prato<\/td>\n<td>245 \u00d7 128 \u00d7 30 mm<\/td>\n<td>173.4 g<\/td>\n<\/tr>\n<tr>\n<td>Garfo<\/td>\n<td>112 \u00d7 27 \u00d7 18 mm<\/td>\n<td>28.2 g<\/td>\n<\/tr>\n<tr>\n<td>Colher<\/td>\n<td>112 \u00d7 27 \u00d7 18 mm<\/td>\n<td>32.8 g<\/td>\n<\/tr>\n<\/tbody>\n<\/table>\n<p><strong>MOQ: 96 pe\u00e7as<\/strong><\/p>\n<h2 class=\"brxe-product-title\">Artigos de mesa personalizados para crian\u00e7as:<\/h2>\n<ul>\n<li data-start=\"79\" data-end=\"146\">\n<p data-start=\"81\" data-end=\"146\"><strong data-start=\"81\" data-end=\"92\">Amostra:<\/strong> Amostra gr\u00e1tis dispon\u00edvel para teste antes da encomenda a granel<\/p>\n<\/li>\n<li data-start=\"147\" data-end=\"224\">\n<p data-start=\"149\" data-end=\"224\"><strong data-start=\"149\" data-end=\"176\">Pequenas encomendas com log\u00f3tipo:<\/strong> Aceitar encomendas de pequenas quantidades com log\u00f3tipo personalizado<\/p>\n<\/li>\n<li data-start=\"225\" data-end=\"302\">\n<p data-start=\"227\" data-end=\"302\"><strong data-start=\"227\" data-end=\"245\">Entrega r\u00e1pida:<\/strong> 4 cores em stock, as encomendas podem ser enviadas no prazo de 7 dias<\/p>\n<\/li>\n<li data-start=\"303\" data-end=\"415\">\n<p data-start=\"305\" data-end=\"415\"><strong data-start=\"305\" data-end=\"340\">Personaliza\u00e7\u00e3o da embalagem e do log\u00f3tipo:<\/strong> Apoio ao log\u00f3tipo personalizado na embalagem; escolha entre caixa PET, caixa PVC ou caixa de oferta<\/p>\n<\/li>\n<\/ul>","protected":false},"featured_media":439,"comment_status":"closed","ping_status":"closed","template":"","meta":{"_acf_changed":false},"product_brand":[],"product_cat":[19],"product_tag":[],"class_list":{"0":"post-438","1":"product","2":"type-product","3":"status-publish","4":"has-post-thumbnail","6":"product_cat-wholesale-kids-dinnerware","8":"first","9":"instock","10":"shipping-taxable","11":"product-type-simple"},"acf":[],"_links":{"self":[{"href":"https:\/\/www.huashunware.com\/pt\/wp-json\/wp\/v2\/product\/438","targetHints":{"allow":["GET"]}}],"collection":[{"href":"https:\/\/www.huashunware.com\/pt\/wp-json\/wp\/v2\/product"}],"about":[{"href":"https:\/\/www.huashunware.com\/pt\/wp-json\/wp\/v2\/types\/product"}],"replies":[{"embeddable":true,"href":"https:\/\/www.huashunware.com\/pt\/wp-json\/wp\/v2\/comments?post=438"}],"wp:featuredmedia":[{"embeddable":true,"href":"https:\/\/www.huashunware.com\/pt\/wp-json\/wp\/v2\/media\/439"}],"wp:attachment":[{"href":"https:\/\/www.huashunware.com\/pt\/wp-json\/wp\/v2\/media?parent=438"}],"wp:term":[{"taxonomy":"product_brand","embeddable":true,"href":"https:\/\/www.huashunware.com\/pt\/wp-json\/wp\/v2\/product_brand?post=438"},{"taxonomy":"product_cat","embeddable":true,"href":"https:\/\/www.huashunware.com\/pt\/wp-json\/wp\/v2\/product_cat?post=438"},{"taxonomy":"product_tag","embeddable":true,"href":"https:\/\/www.huashunware.com\/pt\/wp-json\/wp\/v2\/product_tag?post=438"}],"curies":[{"name":"wp","href":"https:\/\/api.w.org\/{rel}","templated":true}]}}