{"id":442,"date":"2025-09-18T02:29:50","date_gmt":"2025-09-18T02:29:50","guid":{"rendered":"https:\/\/www.huashunware.com\/?post_type=product&#038;p=442"},"modified":"2025-09-18T02:43:04","modified_gmt":"2025-09-18T02:43:04","slug":"bulk-kid-plate-set-lovely-animal-plate-set-cute-panda-design-for-kids","status":"publish","type":"product","link":"https:\/\/www.huashunware.com\/pt\/produto\/bulk-kid-plate-set-lovely-animal-plate-set-cute-panda-design-for-kids\/","title":{"rendered":"Conjunto de pratos para crian\u00e7as a granel, conjunto de pratos de animais ador\u00e1vel, design bonito de panda para crian\u00e7as"},"content":{"rendered":"<div class=\"wp-block-columns is-layout-flex wp-container-core-columns-is-layout-9d6595d7 wp-block-columns-is-layout-flex\">\n<div class=\"wp-block-column is-layout-flow wp-block-column-is-layout-flow\">\n<h2 class=\"wp-block-heading\">Conjunto de pratos para crian\u00e7as Carater\u00edsticas:<\/h2>\n\n\n\n<p><strong>Desenho de um panda ador\u00e1vel:<\/strong>Inclui um bonito conjunto de pratos em forma de panda que capta instantaneamente a aten\u00e7\u00e3o das crian\u00e7as e torna a hora das refei\u00e7\u00f5es divertida e envolvente.<\/p>\n\n\n\n<p><strong>Materiais saud\u00e1veis e seguros:<\/strong>Fabricado em silicone de qualidade alimentar, sem BPA e em a\u00e7o inoxid\u00e1vel com acabamento espelhado para garantir a seguran\u00e7a e a confian\u00e7a dos pais.<\/p>\n\n\n\n<p><strong>Design amigo das crian\u00e7as:<\/strong>Os cantos arredondados e as superf\u00edcies lisas s\u00e3o suaves para as pequenas m\u00e3os e bocas, mas dur\u00e1veis para uma utiliza\u00e7\u00e3o di\u00e1ria.<\/p>\n\n\n\n<p><strong>Base de suc\u00e7\u00e3o antiderrapante:<\/strong>A base de suc\u00e7\u00e3o segura mant\u00e9m os pratos est\u00e1veis, evitando derrames e poupando tempo de limpeza, perfeita para pais ocupados em movimento.<\/p>\n\n\n\n<p><strong>Ideal para comprar a granel:<\/strong>Ideal para creches, jardins-de-inf\u00e2ncia e lojistas que pretendam adquirir a granel loi\u00e7a para crian\u00e7as bonita e pr\u00e1tica.<\/p>\n<\/div>\n\n\n\n<div class=\"wp-block-column is-layout-flow wp-block-column-is-layout-flow\">\n<figure class=\"wp-block-image size-full\"><img decoding=\"async\" width=\"3072\" height=\"3072\" src=\"https:\/\/www.huashunware.com\/wp-content\/uploads\/2025\/09\/Bulk-Kid-Plate-Set-Lovely-Animal-Plate-Set-Cute-Panda-Design-for-Kids2.webp\" alt=\"Conjunto de pratos para crian\u00e7as a granel, conjunto de pratos de animais ador\u00e1veis, design bonito de panda para crian\u00e7as2\" class=\"wp-image-444\" srcset=\"https:\/\/www.huashunware.com\/wp-content\/uploads\/2025\/09\/Bulk-Kid-Plate-Set-Lovely-Animal-Plate-Set-Cute-Panda-Design-for-Kids2.webp 3072w, https:\/\/www.huashunware.com\/wp-content\/uploads\/2025\/09\/Bulk-Kid-Plate-Set-Lovely-Animal-Plate-Set-Cute-Panda-Design-for-Kids2-300x300.webp 300w, https:\/\/www.huashunware.com\/wp-content\/uploads\/2025\/09\/Bulk-Kid-Plate-Set-Lovely-Animal-Plate-Set-Cute-Panda-Design-for-Kids2-150x150.webp 150w, https:\/\/www.huashunware.com\/wp-content\/uploads\/2025\/09\/Bulk-Kid-Plate-Set-Lovely-Animal-Plate-Set-Cute-Panda-Design-for-Kids2-768x768.webp 768w, https:\/\/www.huashunware.com\/wp-content\/uploads\/2025\/09\/Bulk-Kid-Plate-Set-Lovely-Animal-Plate-Set-Cute-Panda-Design-for-Kids2-1200x1200.webp 1200w, https:\/\/www.huashunware.com\/wp-content\/uploads\/2025\/09\/Bulk-Kid-Plate-Set-Lovely-Animal-Plate-Set-Cute-Panda-Design-for-Kids2-600x600.webp 600w, https:\/\/www.huashunware.com\/wp-content\/uploads\/2025\/09\/Bulk-Kid-Plate-Set-Lovely-Animal-Plate-Set-Cute-Panda-Design-for-Kids2-100x100.webp 100w\" sizes=\"(max-width: 3072px) 100vw, 3072px\" \/><\/figure>\n<\/div>\n<\/div>","protected":false},"excerpt":{"rendered":"<p data-start=\"68\" data-end=\"340\">Conjunto de pratos para crian\u00e7as a granel com um ador\u00e1vel design de panda, fabricado com materiais de qualidade alimentar e sem BPA para refei\u00e7\u00f5es seguras e divertidas. Perfeito para uso di\u00e1rio das crian\u00e7as e compra a granel para escolas, creches ou retalho.<\/p>\n<h2 class=\"brxe-product-title\">Conjunto de pratos para crian\u00e7as a granel Atributos:<\/h2>\n<table>\n<thead>\n<tr>\n<th style=\"text-align: center;\">Artigo<\/th>\n<th style=\"text-align: center;\">Tamanho (C\u00d7L\u00d7A)<\/th>\n<th style=\"text-align: center;\">Peso<\/th>\n<\/tr>\n<\/thead>\n<tbody>\n<tr>\n<td>Caixa<\/td>\n<td>225 \u00d7 193 \u00d7 35 mm<\/td>\n<td>369.7 g<\/td>\n<\/tr>\n<tr>\n<td>Prato<\/td>\n<td>183 \u00d7 156 \u00d7 36 mm<\/td>\n<td>213.4 g<\/td>\n<\/tr>\n<tr>\n<td>Garfo<\/td>\n<td>97 \u00d7 32 \u00d7 30 mm<\/td>\n<td>44.3 g<\/td>\n<\/tr>\n<tr>\n<td>Colher<\/td>\n<td>97 \u00d7 32 \u00d7 30 mm<\/td>\n<td>48.7 g<\/td>\n<\/tr>\n<\/tbody>\n<\/table>\n<p><strong>MOQ: 96 pe\u00e7as<\/strong><\/p>\n<h2 class=\"brxe-product-title\">Conjunto de pratos personalizados para crian\u00e7as:<\/h2>\n<ul>\n<li data-start=\"81\" data-end=\"148\">\n<p data-start=\"83\" data-end=\"148\"><strong data-start=\"83\" data-end=\"94\">Amostra:<\/strong> Amostra gr\u00e1tis dispon\u00edvel para teste antes da encomenda a granel<\/p>\n<\/li>\n<li data-start=\"149\" data-end=\"226\">\n<p data-start=\"151\" data-end=\"226\"><strong data-start=\"151\" data-end=\"178\">Pequenas encomendas com log\u00f3tipo:<\/strong> Aceitar encomendas de pequenas quantidades com log\u00f3tipo personalizado<\/p>\n<\/li>\n<li data-start=\"227\" data-end=\"311\">\n<p data-start=\"229\" data-end=\"311\"><strong data-start=\"229\" data-end=\"247\">Entrega r\u00e1pida:<\/strong> Artigos em stock dispon\u00edveis, as encomendas podem ser enviadas no prazo de 7 dias<\/p>\n<\/li>\n<li data-start=\"312\" data-end=\"424\">\n<p data-start=\"314\" data-end=\"424\"><strong data-start=\"314\" data-end=\"349\">Personaliza\u00e7\u00e3o da embalagem e do log\u00f3tipo:<\/strong> Apoio ao log\u00f3tipo personalizado na embalagem; escolha entre caixa PET, caixa PVC ou caixa de oferta<\/p>\n<\/li>\n<\/ul>","protected":false},"featured_media":445,"comment_status":"closed","ping_status":"closed","template":"","meta":{"_acf_changed":false},"product_brand":[],"product_cat":[19],"product_tag":[],"class_list":{"0":"post-442","1":"product","2":"type-product","3":"status-publish","4":"has-post-thumbnail","6":"product_cat-wholesale-kids-dinnerware","8":"first","9":"instock","10":"shipping-taxable","11":"product-type-simple"},"acf":[],"_links":{"self":[{"href":"https:\/\/www.huashunware.com\/pt\/wp-json\/wp\/v2\/product\/442","targetHints":{"allow":["GET"]}}],"collection":[{"href":"https:\/\/www.huashunware.com\/pt\/wp-json\/wp\/v2\/product"}],"about":[{"href":"https:\/\/www.huashunware.com\/pt\/wp-json\/wp\/v2\/types\/product"}],"replies":[{"embeddable":true,"href":"https:\/\/www.huashunware.com\/pt\/wp-json\/wp\/v2\/comments?post=442"}],"wp:featuredmedia":[{"embeddable":true,"href":"https:\/\/www.huashunware.com\/pt\/wp-json\/wp\/v2\/media\/445"}],"wp:attachment":[{"href":"https:\/\/www.huashunware.com\/pt\/wp-json\/wp\/v2\/media?parent=442"}],"wp:term":[{"taxonomy":"product_brand","embeddable":true,"href":"https:\/\/www.huashunware.com\/pt\/wp-json\/wp\/v2\/product_brand?post=442"},{"taxonomy":"product_cat","embeddable":true,"href":"https:\/\/www.huashunware.com\/pt\/wp-json\/wp\/v2\/product_cat?post=442"},{"taxonomy":"product_tag","embeddable":true,"href":"https:\/\/www.huashunware.com\/pt\/wp-json\/wp\/v2\/product_tag?post=442"}],"curies":[{"name":"wp","href":"https:\/\/api.w.org\/{rel}","templated":true}]}}