{"id":447,"date":"2025-09-18T03:09:53","date_gmt":"2025-09-18T03:09:53","guid":{"rendered":"https:\/\/www.huashunware.com\/?post_type=product&#038;p=447"},"modified":"2025-09-18T03:40:26","modified_gmt":"2025-09-18T03:40:26","slug":"plastic-food-storage-containers-with-lids-wholesale","status":"publish","type":"product","link":"https:\/\/www.huashunware.com\/pt\/produto\/plastic-food-storage-containers-with-lids-wholesale\/","title":{"rendered":"Recipientes de pl\u00e1stico para armazenamento de alimentos com tampas por atacado"},"content":{"rendered":"<div class=\"wp-block-columns is-layout-flex wp-container-core-columns-is-layout-9d6595d7 wp-block-columns-is-layout-flex\">\n<div class=\"wp-block-column is-layout-flow wp-block-column-is-layout-flow\">\n<h2 class=\"wp-block-heading\">Recipientes de pl\u00e1stico para armazenamento de alimentos com tampa Carater\u00edsticas:<\/h2>\n\n\n\n<p><strong>Seguro para micro-ondas:<\/strong> Fabricados em pl\u00e1stico de alta qualidade e resistente ao calor, os recipientes s\u00e3o ideais para micro-ondas. \u00d3ptimos para reaquecer rapidamente os alimentos sem se preocupar com a deforma\u00e7\u00e3o ou derretimento.<\/p>\n\n\n\n<p><strong>Veda\u00e7\u00e3o herm\u00e9tica: <\/strong>Apresenta um design robusto com fecho de fivela com um anel de silicone adicional para proporcionar uma veda\u00e7\u00e3o herm\u00e9tica. Mant\u00e9m os alimentos frescos durante mais tempo e protege-os de derrames quando guardados ou em viagem.<\/p>\n\n\n\n<p><strong>Duradouro e reutiliz\u00e1vel: <\/strong>Constru\u00eddo com pl\u00e1stico robusto, sem BPA, que resiste a uma utiliza\u00e7\u00e3o normal. \u00c0 prova de fissuras, dobras ou deforma\u00e7\u00f5es, \u00e9 ideal para uma utiliza\u00e7\u00e3o prolongada.<\/p>\n\n\n\n<p><strong>Design empilh\u00e1vel: <\/strong>O design inteligente e empilh\u00e1vel facilita a organiza\u00e7\u00e3o em arm\u00e1rios de cozinha, frigor\u00edficos ou despensas. Maximiza o espa\u00e7o de arruma\u00e7\u00e3o, mantendo a sua cozinha arrumada.<\/p>\n\n\n\n<p><strong>Amigo do com\u00e9rcio grossista: <\/strong>Ideal para compras a granel, catering, restaurantes ou retalhistas. Proporciona uma solu\u00e7\u00e3o econ\u00f3mica para as necessidades de armazenamento de alimentos a granel.<\/p>\n<\/div>\n\n\n\n<div class=\"wp-block-column is-layout-flow wp-block-column-is-layout-flow\">\n<figure class=\"wp-block-image size-full\"><img decoding=\"async\" width=\"3072\" height=\"3072\" src=\"https:\/\/www.huashunware.com\/wp-content\/uploads\/2025\/09\/Plastic-Food-Storage-Containers-with-Lids-Wholesale2.webp\" alt=\"Recipientes de pl\u00e1stico para armazenamento de alimentos com tampa Atacado2\" class=\"wp-image-449\" srcset=\"https:\/\/www.huashunware.com\/wp-content\/uploads\/2025\/09\/Plastic-Food-Storage-Containers-with-Lids-Wholesale2.webp 3072w, https:\/\/www.huashunware.com\/wp-content\/uploads\/2025\/09\/Plastic-Food-Storage-Containers-with-Lids-Wholesale2-300x300.webp 300w, https:\/\/www.huashunware.com\/wp-content\/uploads\/2025\/09\/Plastic-Food-Storage-Containers-with-Lids-Wholesale2-150x150.webp 150w, https:\/\/www.huashunware.com\/wp-content\/uploads\/2025\/09\/Plastic-Food-Storage-Containers-with-Lids-Wholesale2-768x768.webp 768w, https:\/\/www.huashunware.com\/wp-content\/uploads\/2025\/09\/Plastic-Food-Storage-Containers-with-Lids-Wholesale2-1200x1200.webp 1200w, https:\/\/www.huashunware.com\/wp-content\/uploads\/2025\/09\/Plastic-Food-Storage-Containers-with-Lids-Wholesale2-600x600.webp 600w, https:\/\/www.huashunware.com\/wp-content\/uploads\/2025\/09\/Plastic-Food-Storage-Containers-with-Lids-Wholesale2-100x100.webp 100w\" sizes=\"(max-width: 3072px) 100vw, 3072px\" \/><\/figure>\n<\/div>\n<\/div>","protected":false},"excerpt":{"rendered":"<p data-start=\"68\" data-end=\"340\">Os recipientes de pl\u00e1stico para armazenamento de alimentos com tampa s\u00e3o seguros para o micro-ondas, herm\u00e9ticos e feitos de pl\u00e1stico dur\u00e1vel e sem BPA. Perfeitos para manter os alimentos frescos durante mais tempo, organizar cozinhas e ideais para encomendas a granel, catering ou retalho.<\/p>\n<h2 class=\"brxe-product-title\">Recipientes de pl\u00e1stico para armazenamento de alimentos com tampa Atributos por atacado:<\/h2>\n<table>\n<thead>\n<tr>\n<th>Tamanho<\/th>\n<th>Dimens\u00f5es (C \u00d7 L)<\/th>\n<\/tr>\n<\/thead>\n<tbody>\n<tr>\n<td>S<\/td>\n<td>13 \u00d7 7 cm<\/td>\n<\/tr>\n<tr>\n<td>M<\/td>\n<td>15,8 \u00d7 8 cm<\/td>\n<\/tr>\n<tr>\n<td>L<\/td>\n<td>18,7 \u00d7 9,4 cm<\/td>\n<\/tr>\n<\/tbody>\n<\/table>\n<p><strong>MOQ: 40 pe\u00e7as<\/strong><\/p>\n<h2 class=\"brxe-product-title\">Recipientes de pl\u00e1stico personalizados para armazenamento de alimentos com tampa:<\/h2>\n<ul>\n<li data-start=\"50\" data-end=\"105\">\n<p data-start=\"52\" data-end=\"105\"><strong data-start=\"52\" data-end=\"63\">Amostra:<\/strong> Amostra gr\u00e1tis dispon\u00edvel antes da encomenda a granel<\/p>\n<\/li>\n<li data-start=\"106\" data-end=\"172\">\n<p data-start=\"108\" data-end=\"172\"><strong data-start=\"108\" data-end=\"126\">Entrega r\u00e1pida:<\/strong> Os artigos em stock podem ser enviados no prazo de 7 dias<\/p>\n<\/li>\n<\/ul>","protected":false},"featured_media":451,"comment_status":"closed","ping_status":"closed","template":"","meta":{"_acf_changed":false},"product_brand":[],"product_cat":[21,25],"product_tag":[],"class_list":{"0":"post-447","1":"product","2":"type-product","3":"status-publish","4":"has-post-thumbnail","6":"product_cat-plastic-household-products-wholesale","7":"product_cat-wholesale-food-storage-containers","9":"first","10":"instock","11":"shipping-taxable","12":"product-type-simple"},"acf":[],"_links":{"self":[{"href":"https:\/\/www.huashunware.com\/pt\/wp-json\/wp\/v2\/product\/447","targetHints":{"allow":["GET"]}}],"collection":[{"href":"https:\/\/www.huashunware.com\/pt\/wp-json\/wp\/v2\/product"}],"about":[{"href":"https:\/\/www.huashunware.com\/pt\/wp-json\/wp\/v2\/types\/product"}],"replies":[{"embeddable":true,"href":"https:\/\/www.huashunware.com\/pt\/wp-json\/wp\/v2\/comments?post=447"}],"wp:featuredmedia":[{"embeddable":true,"href":"https:\/\/www.huashunware.com\/pt\/wp-json\/wp\/v2\/media\/451"}],"wp:attachment":[{"href":"https:\/\/www.huashunware.com\/pt\/wp-json\/wp\/v2\/media?parent=447"}],"wp:term":[{"taxonomy":"product_brand","embeddable":true,"href":"https:\/\/www.huashunware.com\/pt\/wp-json\/wp\/v2\/product_brand?post=447"},{"taxonomy":"product_cat","embeddable":true,"href":"https:\/\/www.huashunware.com\/pt\/wp-json\/wp\/v2\/product_cat?post=447"},{"taxonomy":"product_tag","embeddable":true,"href":"https:\/\/www.huashunware.com\/pt\/wp-json\/wp\/v2\/product_tag?post=447"}],"curies":[{"name":"wp","href":"https:\/\/api.w.org\/{rel}","templated":true}]}}