{"id":453,"date":"2025-09-18T03:41:51","date_gmt":"2025-09-18T03:41:51","guid":{"rendered":"https:\/\/www.huashunware.com\/?post_type=product&#038;p=453"},"modified":"2025-09-18T06:03:02","modified_gmt":"2025-09-18T06:03:02","slug":"bulk-food-storage-containers-with-lids-stackable-design","status":"publish","type":"product","link":"https:\/\/www.huashunware.com\/pt\/produto\/bulk-food-storage-containers-with-lids-stackable-design\/","title":{"rendered":"Recipientes para armazenagem de alimentos a granel com tampa Design empilh\u00e1vel"},"content":{"rendered":"<div class=\"wp-block-columns is-layout-flex wp-container-core-columns-is-layout-9d6595d7 wp-block-columns-is-layout-flex\">\n<div class=\"wp-block-column is-layout-flow wp-block-column-is-layout-flow\">\n<h2 class=\"wp-block-heading\">Recipientes de armazenamento de alimentos com tampa Carater\u00edsticas:<\/h2>\n\n\n\n<p><strong>Seguro para micro-ondas:<\/strong> Fabricadas em pl\u00e1stico de alta qualidade e resistente ao calor, s\u00e3o seguras para o micro-ondas. Reaque\u00e7a os alimentos sem qualquer risco de deforma\u00e7\u00e3o.<\/p>\n\n\n\n<p><strong>Estanque e \u00e0 prova de fugas:<\/strong> Equipadas com tampas com fecho de fivela e juntas de silicone para criar uma veda\u00e7\u00e3o herm\u00e9tica. Mant\u00e9m a frescura dos alimentos durante mais tempo e evita derrames durante o transporte ou a armazenagem.<\/p>\n\n\n\n<p><strong>Dur\u00e1vel e reutiliz\u00e1vel:<\/strong> Fabricado em pl\u00e1stico resistente, sem BPA, que resiste \u00e0 utiliza\u00e7\u00e3o repetida. Resiste a fissuras, dobras ou deforma\u00e7\u00f5es quando utilizado durante longos per\u00edodos de tempo.<\/p>\n\n\n\n<p><strong>Design empilh\u00e1vel:<\/strong> O design empilh\u00e1vel genial permite uma arruma\u00e7\u00e3o sem esfor\u00e7o em arm\u00e1rios de cozinha, frigor\u00edficos ou despensas. Oferece vantagens de poupan\u00e7a de espa\u00e7o, mantendo a sua cozinha limpa e organizada.<\/p>\n\n\n\n<p><strong>Amigo do com\u00e9rcio grossista:<\/strong> Ideal para encomendas a granel, restaurantes, empresas de catering ou retalho. Oferece a solu\u00e7\u00e3o mais econ\u00f3mica para solu\u00e7\u00f5es de armazenamento de alimentos a granel.<\/p>\n<\/div>\n\n\n\n<div class=\"wp-block-column is-layout-flow wp-block-column-is-layout-flow\">\n<figure class=\"wp-block-image size-full\"><img decoding=\"async\" width=\"3072\" height=\"3072\" src=\"https:\/\/www.huashunware.com\/wp-content\/uploads\/2025\/09\/Bulk-Food-Storage-Containers-with-Lids-Stackable-Design3.webp\" alt=\"Recipientes para armazenagem de alimentos a granel com tampa Design empilh\u00e1vel3\" class=\"wp-image-456\" srcset=\"https:\/\/www.huashunware.com\/wp-content\/uploads\/2025\/09\/Bulk-Food-Storage-Containers-with-Lids-Stackable-Design3.webp 3072w, https:\/\/www.huashunware.com\/wp-content\/uploads\/2025\/09\/Bulk-Food-Storage-Containers-with-Lids-Stackable-Design3-300x300.webp 300w, https:\/\/www.huashunware.com\/wp-content\/uploads\/2025\/09\/Bulk-Food-Storage-Containers-with-Lids-Stackable-Design3-150x150.webp 150w, https:\/\/www.huashunware.com\/wp-content\/uploads\/2025\/09\/Bulk-Food-Storage-Containers-with-Lids-Stackable-Design3-768x768.webp 768w, https:\/\/www.huashunware.com\/wp-content\/uploads\/2025\/09\/Bulk-Food-Storage-Containers-with-Lids-Stackable-Design3-1200x1200.webp 1200w, https:\/\/www.huashunware.com\/wp-content\/uploads\/2025\/09\/Bulk-Food-Storage-Containers-with-Lids-Stackable-Design3-600x600.webp 600w, https:\/\/www.huashunware.com\/wp-content\/uploads\/2025\/09\/Bulk-Food-Storage-Containers-with-Lids-Stackable-Design3-100x100.webp 100w\" sizes=\"(max-width: 3072px) 100vw, 3072px\" \/><\/figure>\n<\/div>\n<\/div>","protected":false},"excerpt":{"rendered":"<p data-start=\"68\" data-end=\"340\">Os recipientes de armazenamento de alimentos a granel com tampa apresentam um design empilh\u00e1vel e tampas herm\u00e9ticas com fecho de fivela e vedantes de silicone. Resistentes ao micro-ondas e duradouros, s\u00e3o perfeitos para manter os alimentos frescos durante mais tempo e ideais para encomendas a granel, catering ou utiliza\u00e7\u00e3o a retalho.<\/p>\n<h2 class=\"brxe-product-title\">Recipientes de armazenamento de alimentos a granel com tampa Atributos:<\/h2>\n<table>\n<thead>\n<tr>\n<th style=\"text-align: center;\">Tamanho<\/th>\n<th style=\"text-align: center;\">Dimens\u00f5es (C \u00d7 L \u00d7 A)<\/th>\n<\/tr>\n<\/thead>\n<tbody>\n<tr>\n<td>S<\/td>\n<td>21 \u00d7 15,3 \u00d7 10,2 cm<\/td>\n<\/tr>\n<tr>\n<td>M<\/td>\n<td>25 \u00d7 18,2 \u00d7 11,3 cm<\/td>\n<\/tr>\n<tr>\n<td>L<\/td>\n<td>28,5 \u00d7 21,3 \u00d7 12,6 cm<\/td>\n<\/tr>\n<\/tbody>\n<\/table>\n<p><strong>MOQ: 60 pe\u00e7as<\/strong><\/p>\n<h2 class=\"brxe-product-title\">Armazenar os recipientes de armazenamento de alimentos com tampas:<\/h2>\n<ul>\n<li data-start=\"63\" data-end=\"118\">\n<p data-start=\"65\" data-end=\"118\"><strong data-start=\"65\" data-end=\"76\">Amostra:<\/strong> Amostra gr\u00e1tis dispon\u00edvel antes da encomenda a granel<\/p>\n<\/li>\n<li data-start=\"119\" data-end=\"185\">\n<p data-start=\"121\" data-end=\"185\"><strong data-start=\"121\" data-end=\"139\">Entrega r\u00e1pida:<\/strong> Os artigos em stock podem ser enviados no prazo de 7 dias<\/p>\n<\/li>\n<li data-start=\"186\" data-end=\"255\">\n<p data-start=\"188\" data-end=\"255\"><strong data-start=\"188\" data-end=\"206\">Veda\u00e7\u00e3o herm\u00e9tica:<\/strong> O selo seguro mant\u00e9m os alimentos frescos durante mais tempo<\/p>\n<\/li>\n<\/ul>","protected":false},"featured_media":454,"comment_status":"closed","ping_status":"closed","template":"","meta":{"_acf_changed":false},"product_brand":[],"product_cat":[21,25],"product_tag":[],"class_list":{"0":"post-453","1":"product","2":"type-product","3":"status-publish","4":"has-post-thumbnail","6":"product_cat-plastic-household-products-wholesale","7":"product_cat-wholesale-food-storage-containers","9":"first","10":"instock","11":"shipping-taxable","12":"product-type-simple"},"acf":[],"_links":{"self":[{"href":"https:\/\/www.huashunware.com\/pt\/wp-json\/wp\/v2\/product\/453","targetHints":{"allow":["GET"]}}],"collection":[{"href":"https:\/\/www.huashunware.com\/pt\/wp-json\/wp\/v2\/product"}],"about":[{"href":"https:\/\/www.huashunware.com\/pt\/wp-json\/wp\/v2\/types\/product"}],"replies":[{"embeddable":true,"href":"https:\/\/www.huashunware.com\/pt\/wp-json\/wp\/v2\/comments?post=453"}],"wp:featuredmedia":[{"embeddable":true,"href":"https:\/\/www.huashunware.com\/pt\/wp-json\/wp\/v2\/media\/454"}],"wp:attachment":[{"href":"https:\/\/www.huashunware.com\/pt\/wp-json\/wp\/v2\/media?parent=453"}],"wp:term":[{"taxonomy":"product_brand","embeddable":true,"href":"https:\/\/www.huashunware.com\/pt\/wp-json\/wp\/v2\/product_brand?post=453"},{"taxonomy":"product_cat","embeddable":true,"href":"https:\/\/www.huashunware.com\/pt\/wp-json\/wp\/v2\/product_cat?post=453"},{"taxonomy":"product_tag","embeddable":true,"href":"https:\/\/www.huashunware.com\/pt\/wp-json\/wp\/v2\/product_tag?post=453"}],"curies":[{"name":"wp","href":"https:\/\/api.w.org\/{rel}","templated":true}]}}