{"id":459,"date":"2025-09-18T06:27:56","date_gmt":"2025-09-18T06:27:56","guid":{"rendered":"https:\/\/www.huashunware.com\/?post_type=product&#038;p=459"},"modified":"2025-09-18T06:51:27","modified_gmt":"2025-09-18T06:51:27","slug":"wholesale-food-storage-container-with-strainer-for-bulk-orders","status":"publish","type":"product","link":"https:\/\/www.huashunware.com\/pt\/produto\/wholesale-food-storage-container-with-strainer-for-bulk-orders\/","title":{"rendered":"Recipiente de armazenamento de alimentos por atacado com coador para encomendas a granel"},"content":{"rendered":"<div class=\"wp-block-columns is-layout-flex wp-container-core-columns-is-layout-9d6595d7 wp-block-columns-is-layout-flex\">\n<div class=\"wp-block-column is-layout-flow wp-block-column-is-layout-flow\">\n<h2 class=\"wp-block-heading\">Recipiente de armazenamento de alimentos com coador Carater\u00edsticas:<\/h2>\n\n\n\n<p><strong>Material de qualidade alimentar: <\/strong>Fabricado em material PP de alta qualidade e sem BPA de qualidade alimentar, garantindo a seguran\u00e7a para o armazenamento de frutas, legumes e outros alimentos. Adequado para uso dom\u00e9stico, restaurantes e catering.<\/p>\n\n\n\n<p><strong>Design de coador f\u00e1cil: <\/strong>Concebida com um cesto de escoamento incorporado, facilita a lavagem e o escoamento de legumes e frutas. Pr\u00e1tico na prepara\u00e7\u00e3o das refei\u00e7\u00f5es e garante a limpeza e a frescura dos alimentos.<\/p>\n\n\n\n<p><strong>Port\u00e1til e f\u00e1cil de deslocar:<\/strong> Equipado com uma pega de transporte robusta para facilitar a desloca\u00e7\u00e3o, ideal para piqueniques ao ar livre, acampamentos ou mesmo para utiliza\u00e7\u00e3o na cozinha. Leve, mas suficientemente robusto para um manuseamento f\u00e1cil.<\/p>\n\n\n\n<p><strong>Dur\u00e1vel e reutiliz\u00e1vel:<\/strong> Fabricado em pl\u00e1stico de alta qualidade e resistente que n\u00e3o pode rachar, dobrar ou deformar. Concebida para uma utiliza\u00e7\u00e3o quotidiana repetida, \u00e9 ideal para cozinhas residenciais ou restaurantes.<\/p>\n\n\n\n<p><strong>Venda por grosso e a granel: <\/strong>Perfeito para encomendas a granel, restaurantes, empresas de catering ou lojas de retalho. Uma op\u00e7\u00e3o econ\u00f3mica e pr\u00e1tica para necessidades de armazenamento de alimentos em massa com qualidade superior.<\/p>\n<\/div>\n\n\n\n<div class=\"wp-block-column is-layout-flow wp-block-column-is-layout-flow\">\n<figure class=\"wp-block-image size-full\"><img decoding=\"async\" width=\"3072\" height=\"3072\" src=\"https:\/\/www.huashunware.com\/wp-content\/uploads\/2025\/09\/Bulk-Food-Storage-Containers-with-Lids-Stackable-Design2-1.webp\" alt=\"Recipientes para armazenagem de alimentos a granel com tampa Design empilh\u00e1vel2\" class=\"wp-image-461\" srcset=\"https:\/\/www.huashunware.com\/wp-content\/uploads\/2025\/09\/Bulk-Food-Storage-Containers-with-Lids-Stackable-Design2-1.webp 3072w, https:\/\/www.huashunware.com\/wp-content\/uploads\/2025\/09\/Bulk-Food-Storage-Containers-with-Lids-Stackable-Design2-1-300x300.webp 300w, https:\/\/www.huashunware.com\/wp-content\/uploads\/2025\/09\/Bulk-Food-Storage-Containers-with-Lids-Stackable-Design2-1-150x150.webp 150w, https:\/\/www.huashunware.com\/wp-content\/uploads\/2025\/09\/Bulk-Food-Storage-Containers-with-Lids-Stackable-Design2-1-768x768.webp 768w, https:\/\/www.huashunware.com\/wp-content\/uploads\/2025\/09\/Bulk-Food-Storage-Containers-with-Lids-Stackable-Design2-1-1200x1200.webp 1200w, https:\/\/www.huashunware.com\/wp-content\/uploads\/2025\/09\/Bulk-Food-Storage-Containers-with-Lids-Stackable-Design2-1-600x600.webp 600w, https:\/\/www.huashunware.com\/wp-content\/uploads\/2025\/09\/Bulk-Food-Storage-Containers-with-Lids-Stackable-Design2-1-100x100.webp 100w\" sizes=\"(max-width: 3072px) 100vw, 3072px\" \/><\/figure>\n<\/div>\n<\/div>","protected":false},"excerpt":{"rendered":"<p data-start=\"68\" data-end=\"340\">O recipiente de armazenamento de alimentos por atacado com coador possui um cesto de drenagem incorporado e uma pega de transporte resistente, facilitando a lavagem e o transporte de frutas ou legumes. Fabricado em material PP de qualidade alimentar, \u00e9 dur\u00e1vel, seguro e ideal para encomendas a granel, restaurantes ou utiliza\u00e7\u00e3o dom\u00e9stica.<\/p>\n<h2 class=\"brxe-product-title\">Recipiente de armazenamento de alimentos por atacado com coador Atributos:<\/h2>\n<table>\n<thead>\n<tr>\n<th style=\"text-align: center;\">Tamanho<\/th>\n<th style=\"text-align: center;\">Dimens\u00f5es (C \u00d7 L \u00d7 A)<\/th>\n<\/tr>\n<\/thead>\n<tbody>\n<tr>\n<td>S<\/td>\n<td>21 \u00d7 15,3 \u00d7 10,2 cm<\/td>\n<\/tr>\n<tr>\n<td>M<\/td>\n<td>25 \u00d7 18,2 \u00d7 11,3 cm<\/td>\n<\/tr>\n<tr>\n<td>L<\/td>\n<td>28,5 \u00d7 21,3 \u00d7 12,6 cm<\/td>\n<\/tr>\n<\/tbody>\n<\/table>\n<p><strong>MOQ: 20 pe\u00e7as<\/strong><\/p>\n<h2 class=\"brxe-product-title\">Recipiente de armazenamento de alimentos com coador:<\/h2>\n<ul>\n<li data-start=\"63\" data-end=\"118\">\n<p data-start=\"65\" data-end=\"118\"><strong data-start=\"65\" data-end=\"76\">Amostra:<\/strong> Amostra gr\u00e1tis dispon\u00edvel antes da encomenda a granel<\/p>\n<\/li>\n<li data-start=\"119\" data-end=\"185\">\n<p data-start=\"121\" data-end=\"185\"><strong data-start=\"121\" data-end=\"139\">Entrega r\u00e1pida:<\/strong> Os artigos em stock podem ser enviados no prazo de 7 dias<\/p>\n<\/li>\n<li data-start=\"186\" data-end=\"255\">\n<p data-start=\"188\" data-end=\"255\"><strong data-start=\"188\" data-end=\"206\">Veda\u00e7\u00e3o herm\u00e9tica:<\/strong> O selo seguro mant\u00e9m os alimentos frescos durante mais tempo<\/p>\n<\/li>\n<\/ul>","protected":false},"featured_media":464,"comment_status":"closed","ping_status":"closed","template":"","meta":{"_acf_changed":false},"product_brand":[],"product_cat":[21,25],"product_tag":[],"class_list":{"0":"post-459","1":"product","2":"type-product","3":"status-publish","4":"has-post-thumbnail","6":"product_cat-plastic-household-products-wholesale","7":"product_cat-wholesale-food-storage-containers","9":"first","10":"instock","11":"shipping-taxable","12":"product-type-simple"},"acf":[],"_links":{"self":[{"href":"https:\/\/www.huashunware.com\/pt\/wp-json\/wp\/v2\/product\/459","targetHints":{"allow":["GET"]}}],"collection":[{"href":"https:\/\/www.huashunware.com\/pt\/wp-json\/wp\/v2\/product"}],"about":[{"href":"https:\/\/www.huashunware.com\/pt\/wp-json\/wp\/v2\/types\/product"}],"replies":[{"embeddable":true,"href":"https:\/\/www.huashunware.com\/pt\/wp-json\/wp\/v2\/comments?post=459"}],"wp:featuredmedia":[{"embeddable":true,"href":"https:\/\/www.huashunware.com\/pt\/wp-json\/wp\/v2\/media\/464"}],"wp:attachment":[{"href":"https:\/\/www.huashunware.com\/pt\/wp-json\/wp\/v2\/media?parent=459"}],"wp:term":[{"taxonomy":"product_brand","embeddable":true,"href":"https:\/\/www.huashunware.com\/pt\/wp-json\/wp\/v2\/product_brand?post=459"},{"taxonomy":"product_cat","embeddable":true,"href":"https:\/\/www.huashunware.com\/pt\/wp-json\/wp\/v2\/product_cat?post=459"},{"taxonomy":"product_tag","embeddable":true,"href":"https:\/\/www.huashunware.com\/pt\/wp-json\/wp\/v2\/product_tag?post=459"}],"curies":[{"name":"wp","href":"https:\/\/api.w.org\/{rel}","templated":true}]}}