{"id":473,"date":"2025-09-18T07:48:24","date_gmt":"2025-09-18T07:48:24","guid":{"rendered":"https:\/\/www.huashunware.com\/?post_type=product&#038;p=473"},"modified":"2025-09-18T07:59:25","modified_gmt":"2025-09-18T07:59:25","slug":"wholesale-flour-sifter-cup-small-size-flour-sieve","status":"publish","type":"product","link":"https:\/\/www.huashunware.com\/pt\/produto\/wholesale-flour-sifter-cup-small-size-flour-sieve\/","title":{"rendered":"Peneira de farinha por atacado Copo de peneira de farinha de tamanho pequeno"},"content":{"rendered":"<div class=\"wp-block-columns is-layout-flex wp-container-core-columns-is-layout-9d6595d7 wp-block-columns-is-layout-flex\">\n<div class=\"wp-block-column is-layout-flow wp-block-column-is-layout-flow\">\n<h2 class=\"wp-block-heading\">Copo para peneira de farinha Carater\u00edsticas:<\/h2>\n\n\n\n<p><strong>Constru\u00e7\u00e3o de metal espessado dur\u00e1vel\uff1a<\/strong> Constru\u00edda em metal refor\u00e7ado, esta peneira foi concebida para ser utilizada dia ap\u00f3s dia sem dobrar ou deformar. A sua constru\u00e7\u00e3o resistente garante fiabilidade a longo prazo, tornando-a perfeita para procedimentos frequentes de cozedura em casa.<\/p>\n\n\n\n<p><strong>A\u00e7o inoxid\u00e1vel de qualidade alimentar: <\/strong>Feita inteiramente de a\u00e7o inoxid\u00e1vel de qualidade alimentar, esta peneira evita a contamina\u00e7\u00e3o dos seus ingredientes e \u00e9 tamb\u00e9m resistente \u00e0 ferrugem. Pode utiliz\u00e1-la com confian\u00e7a para todos os tipos de farinha e produtos secos.<\/p>\n\n\n\n<p><strong>Superf\u00edcie elegante polida com espelho<\/strong>O acabamento liso e refletor n\u00e3o s\u00f3 tem um aspeto elegante em qualquer cozinha, como tamb\u00e9m \u00e9 f\u00e1cil de limpar. A farinha e o ac\u00famulo s\u00e3o removidos sem esfor\u00e7o, economizando esfor\u00e7o e tempo.<\/p>\n\n\n\n<p><strong>Tamanho compacto e armazen\u00e1vel para precis\u00e3o\uff1a<\/strong>Ideal para pequenas quantidades, esta peneira permite-lhe medir e peneirar a farinha com precis\u00e3o, obtendo sempre resultados consistentes na confe\u00e7\u00e3o de bolos. O seu tamanho compacto e arrum\u00e1vel permite-lhe caber facilmente em qualquer cozinha.<\/p>\n\n\n\n<p><strong>Facilidade de manuten\u00e7\u00e3o e durabilidade\uff1a<\/strong>Resistente ao desgaste e \u00e0 corros\u00e3o, a peneira pode ser lavada na m\u00e1quina de lavar loi\u00e7a e \u00e9 f\u00e1cil de manter. Uma ferramenta fi\u00e1vel que o acompanhar\u00e1 durante anos sem comprometer a qualidade.<\/p>\n<\/div>\n\n\n\n<div class=\"wp-block-column is-layout-flow wp-block-column-is-layout-flow\">\n<figure class=\"wp-block-image size-full\"><img decoding=\"async\" width=\"870\" height=\"870\" src=\"https:\/\/www.huashunware.com\/wp-content\/uploads\/2025\/09\/Wholesale-Flour-Sifter-Cup-Small-Size-Flour-Sieve2.webp\" alt=\"Peneira de farinha por atacado Copo de peneira de farinha de tamanho pequeno2\" class=\"wp-image-475\" srcset=\"https:\/\/www.huashunware.com\/wp-content\/uploads\/2025\/09\/Wholesale-Flour-Sifter-Cup-Small-Size-Flour-Sieve2.webp 870w, https:\/\/www.huashunware.com\/wp-content\/uploads\/2025\/09\/Wholesale-Flour-Sifter-Cup-Small-Size-Flour-Sieve2-300x300.webp 300w, https:\/\/www.huashunware.com\/wp-content\/uploads\/2025\/09\/Wholesale-Flour-Sifter-Cup-Small-Size-Flour-Sieve2-150x150.webp 150w, https:\/\/www.huashunware.com\/wp-content\/uploads\/2025\/09\/Wholesale-Flour-Sifter-Cup-Small-Size-Flour-Sieve2-768x768.webp 768w, https:\/\/www.huashunware.com\/wp-content\/uploads\/2025\/09\/Wholesale-Flour-Sifter-Cup-Small-Size-Flour-Sieve2-600x600.webp 600w, https:\/\/www.huashunware.com\/wp-content\/uploads\/2025\/09\/Wholesale-Flour-Sifter-Cup-Small-Size-Flour-Sieve2-100x100.webp 100w\" sizes=\"(max-width: 870px) 100vw, 870px\" \/><\/figure>\n<\/div>\n<\/div>","protected":false},"excerpt":{"rendered":"<p data-start=\"68\" data-end=\"340\">A peneira de farinha de tamanho pequeno \u00e9 um utens\u00edlio de cozinha compacto, dur\u00e1vel e elegante, fabricado em a\u00e7o inoxid\u00e1vel espessado de qualidade alimentar. A sua superf\u00edcie polida espelhada garante uma limpeza f\u00e1cil, enquanto que o tamanho pequeno e preciso torna-o perfeito para a panifica\u00e7\u00e3o caseira e pequenos lotes de farinha.<\/p>\n<h2 class=\"brxe-product-title\">Atacado de copo de peneira de farinha Atributos:<\/h2>\n<table>\n<thead>\n<tr>\n<th style=\"text-align: center;\">Atributo<\/th>\n<th style=\"text-align: center;\">Especifica\u00e7\u00e3o<\/th>\n<\/tr>\n<\/thead>\n<tbody>\n<tr>\n<td>Peso<\/td>\n<td>102.5 g<\/td>\n<\/tr>\n<tr>\n<td>Tamanho<\/td>\n<td>\u00d88 \u00d7 8,9 cm (H)<\/td>\n<\/tr>\n<\/tbody>\n<\/table>\n<p><strong>MOQ: 96 pe\u00e7as<\/strong><\/p>\n<h2 class=\"brxe-product-title\">Copo para peneira de farinha personalizado:<\/h2>\n<ul>\n<li data-start=\"36\" data-end=\"91\">\n<p data-start=\"38\" data-end=\"91\"><strong data-start=\"38\" data-end=\"49\">Amostra:<\/strong> Amostra gr\u00e1tis dispon\u00edvel antes da encomenda a granel<\/p>\n<\/li>\n<li data-start=\"92\" data-end=\"158\">\n<p data-start=\"94\" data-end=\"158\"><strong data-start=\"94\" data-end=\"112\">Entrega r\u00e1pida:<\/strong> Os artigos em stock podem ser enviados no prazo de 7 dias<\/p>\n<\/li>\n<li data-start=\"159\" data-end=\"274\">\n<p data-start=\"161\" data-end=\"274\"><strong data-start=\"161\" data-end=\"182\">Embalagem personalizada:<\/strong> Suporte para log\u00f3tipo personalizado e diferentes op\u00e7\u00f5es de embalagem, tais como caixa PET, caixa PVC ou caixa de oferta<\/p>\n<\/li>\n<\/ul>","protected":false},"featured_media":474,"comment_status":"closed","ping_status":"closed","template":"","meta":{"_acf_changed":false},"product_brand":[],"product_cat":[20,23],"product_tag":[],"class_list":{"0":"post-473","1":"product","2":"type-product","3":"status-publish","4":"has-post-thumbnail","6":"product_cat-wholesale-kitchen-utensils","7":"product_cat-wholesale-stainless-steel-flour-sifter","9":"first","10":"instock","11":"shipping-taxable","12":"product-type-simple"},"acf":[],"_links":{"self":[{"href":"https:\/\/www.huashunware.com\/pt\/wp-json\/wp\/v2\/product\/473","targetHints":{"allow":["GET"]}}],"collection":[{"href":"https:\/\/www.huashunware.com\/pt\/wp-json\/wp\/v2\/product"}],"about":[{"href":"https:\/\/www.huashunware.com\/pt\/wp-json\/wp\/v2\/types\/product"}],"replies":[{"embeddable":true,"href":"https:\/\/www.huashunware.com\/pt\/wp-json\/wp\/v2\/comments?post=473"}],"wp:featuredmedia":[{"embeddable":true,"href":"https:\/\/www.huashunware.com\/pt\/wp-json\/wp\/v2\/media\/474"}],"wp:attachment":[{"href":"https:\/\/www.huashunware.com\/pt\/wp-json\/wp\/v2\/media?parent=473"}],"wp:term":[{"taxonomy":"product_brand","embeddable":true,"href":"https:\/\/www.huashunware.com\/pt\/wp-json\/wp\/v2\/product_brand?post=473"},{"taxonomy":"product_cat","embeddable":true,"href":"https:\/\/www.huashunware.com\/pt\/wp-json\/wp\/v2\/product_cat?post=473"},{"taxonomy":"product_tag","embeddable":true,"href":"https:\/\/www.huashunware.com\/pt\/wp-json\/wp\/v2\/product_tag?post=473"}],"curies":[{"name":"wp","href":"https:\/\/api.w.org\/{rel}","templated":true}]}}