{"id":477,"date":"2025-09-18T07:59:37","date_gmt":"2025-09-18T07:59:37","guid":{"rendered":"https:\/\/www.huashunware.com\/?post_type=product&#038;p=477"},"modified":"2025-09-18T08:05:35","modified_gmt":"2025-09-18T08:05:35","slug":"custom-flour-sifter-cup-middle-size-flour-sieve","status":"publish","type":"product","link":"https:\/\/www.huashunware.com\/pt\/produto\/custom-flour-sifter-cup-middle-size-flour-sieve\/","title":{"rendered":"Peneira de farinha personalizada Copo de peneira de farinha de tamanho m\u00e9dio"},"content":{"rendered":"<div class=\"wp-block-columns is-layout-flex wp-container-core-columns-is-layout-9d6595d7 wp-block-columns-is-layout-flex\">\n<div class=\"wp-block-column is-layout-flow wp-block-column-is-layout-flow\">\n<h2 class=\"wp-block-heading\">Copo para peneira de farinha Carater\u00edsticas:<\/h2>\n\n\n\n<p><strong>Metal espessado para uma durabilidade duradoura\uff1a<\/strong>Especialmente concebida para resistir a amolgadelas, deforma\u00e7\u00f5es e manuseamento brusco, esta peneira n\u00e3o perder\u00e1 a sua forma ou fun\u00e7\u00e3o com o tempo. Perfeita para a cozedura dom\u00e9stica regular e para uma utiliza\u00e7\u00e3o comercial ligeira.<\/p>\n\n\n\n<p><strong>A\u00e7o inoxid\u00e1vel de qualidade alimentar seguro\uff1a<\/strong>Cada parte da peneira \u00e9 constru\u00edda a partir de a\u00e7o inoxid\u00e1vel seguro para alimentos para deixar os seus ingredientes livres de germes e contaminantes.<\/p>\n\n\n\n<p><strong>Superf\u00edcie brilhante polida em espelho\uff1a<\/strong> O acabamento liso n\u00e3o s\u00f3 oferece um aspeto profissional e brilhante, como tamb\u00e9m \u00e9 f\u00e1cil e r\u00e1pido de limpar e manter.<\/p>\n\n\n\n<p><strong>Tamanho m\u00e9dio para assar convenientemente\uff1a<\/strong>O tamanho certo para todas as suas necessidades de cozedura, desde bolos e pastelaria a muffins e p\u00e3o, com o equil\u00edbrio perfeito entre efici\u00eancia e precis\u00e3o.<\/p>\n\n\n\n<p><strong>Peneira\u00e7\u00e3o suave e uniforme para resultados confi\u00e1veis\uff1a<\/strong>A sua malha cuidadosamente constru\u00edda permite que a farinha passe de forma fi\u00e1vel, sem grumos, criando a textura ideal para todas as suas receitas.<\/p>\n<\/div>\n\n\n\n<div class=\"wp-block-column is-layout-flow wp-block-column-is-layout-flow\">\n<figure class=\"wp-block-image size-full\"><img decoding=\"async\" width=\"951\" height=\"951\" src=\"https:\/\/www.huashunware.com\/wp-content\/uploads\/2025\/09\/Custom-Flour-Sifter-Cup-Middle-Size-Flour-Sieve2.webp\" alt=\"Peneira de farinha personalizada Copo de peneira de farinha de tamanho m\u00e9dio2\" class=\"wp-image-479\" srcset=\"https:\/\/www.huashunware.com\/wp-content\/uploads\/2025\/09\/Custom-Flour-Sifter-Cup-Middle-Size-Flour-Sieve2.webp 951w, https:\/\/www.huashunware.com\/wp-content\/uploads\/2025\/09\/Custom-Flour-Sifter-Cup-Middle-Size-Flour-Sieve2-300x300.webp 300w, https:\/\/www.huashunware.com\/wp-content\/uploads\/2025\/09\/Custom-Flour-Sifter-Cup-Middle-Size-Flour-Sieve2-150x150.webp 150w, https:\/\/www.huashunware.com\/wp-content\/uploads\/2025\/09\/Custom-Flour-Sifter-Cup-Middle-Size-Flour-Sieve2-768x768.webp 768w, https:\/\/www.huashunware.com\/wp-content\/uploads\/2025\/09\/Custom-Flour-Sifter-Cup-Middle-Size-Flour-Sieve2-600x600.webp 600w, https:\/\/www.huashunware.com\/wp-content\/uploads\/2025\/09\/Custom-Flour-Sifter-Cup-Middle-Size-Flour-Sieve2-100x100.webp 100w\" sizes=\"(max-width: 951px) 100vw, 951px\" \/><\/figure>\n<\/div>\n<\/div>","protected":false},"excerpt":{"rendered":"<p data-start=\"2747\" data-end=\"3047\">A peneira de farinha personalizada de tamanho m\u00e9dio combina durabilidade, higiene e eleg\u00e2ncia. O seu tamanho m\u00e9dio \u00e9 perfeito para as tarefas di\u00e1rias de panifica\u00e7\u00e3o, proporcionando sempre uma farinha suave e uniforme. O a\u00e7o inoxid\u00e1vel espessado garante um desempenho duradouro com uma manuten\u00e7\u00e3o m\u00ednima.<\/p>\n<h2 class=\"brxe-product-title\">Atacado de copo de peneira de farinha Atributos:<\/h2>\n<table>\n<thead>\n<tr>\n<th style=\"text-align: center;\">Atributo<\/th>\n<th style=\"text-align: center;\">Especifica\u00e7\u00e3o<\/th>\n<\/tr>\n<\/thead>\n<tbody>\n<tr>\n<td>Peso<\/td>\n<td>208 g<\/td>\n<\/tr>\n<tr>\n<td>Tamanho<\/td>\n<td>\u00d89,4 \u00d7 12,8 cm (H)<\/td>\n<\/tr>\n<\/tbody>\n<\/table>\n<p><strong>MOQ: 72 pe\u00e7as<\/strong><\/p>\n<h2 class=\"brxe-product-title\">Copo para peneira de farinha personalizado:<\/h2>\n<ul>\n<li data-start=\"36\" data-end=\"91\">\n<p data-start=\"38\" data-end=\"91\"><strong data-start=\"38\" data-end=\"49\">Amostra:<\/strong> Amostra gr\u00e1tis dispon\u00edvel antes da encomenda a granel<\/p>\n<\/li>\n<li data-start=\"92\" data-end=\"158\">\n<p data-start=\"94\" data-end=\"158\"><strong data-start=\"94\" data-end=\"112\">Entrega r\u00e1pida:<\/strong> Os artigos em stock podem ser enviados no prazo de 7 dias<\/p>\n<\/li>\n<li data-start=\"159\" data-end=\"274\">\n<p data-start=\"161\" data-end=\"274\"><strong data-start=\"161\" data-end=\"182\">Embalagem personalizada:<\/strong> Suporte para log\u00f3tipo personalizado e diferentes op\u00e7\u00f5es de embalagem, tais como caixa PET, caixa PVC ou caixa de oferta<\/p>\n<\/li>\n<\/ul>","protected":false},"featured_media":478,"comment_status":"closed","ping_status":"closed","template":"","meta":{"_acf_changed":false},"product_brand":[],"product_cat":[20,23],"product_tag":[],"class_list":{"0":"post-477","1":"product","2":"type-product","3":"status-publish","4":"has-post-thumbnail","6":"product_cat-wholesale-kitchen-utensils","7":"product_cat-wholesale-stainless-steel-flour-sifter","9":"first","10":"instock","11":"shipping-taxable","12":"product-type-simple"},"acf":[],"_links":{"self":[{"href":"https:\/\/www.huashunware.com\/pt\/wp-json\/wp\/v2\/product\/477","targetHints":{"allow":["GET"]}}],"collection":[{"href":"https:\/\/www.huashunware.com\/pt\/wp-json\/wp\/v2\/product"}],"about":[{"href":"https:\/\/www.huashunware.com\/pt\/wp-json\/wp\/v2\/types\/product"}],"replies":[{"embeddable":true,"href":"https:\/\/www.huashunware.com\/pt\/wp-json\/wp\/v2\/comments?post=477"}],"wp:featuredmedia":[{"embeddable":true,"href":"https:\/\/www.huashunware.com\/pt\/wp-json\/wp\/v2\/media\/478"}],"wp:attachment":[{"href":"https:\/\/www.huashunware.com\/pt\/wp-json\/wp\/v2\/media?parent=477"}],"wp:term":[{"taxonomy":"product_brand","embeddable":true,"href":"https:\/\/www.huashunware.com\/pt\/wp-json\/wp\/v2\/product_brand?post=477"},{"taxonomy":"product_cat","embeddable":true,"href":"https:\/\/www.huashunware.com\/pt\/wp-json\/wp\/v2\/product_cat?post=477"},{"taxonomy":"product_tag","embeddable":true,"href":"https:\/\/www.huashunware.com\/pt\/wp-json\/wp\/v2\/product_tag?post=477"}],"curies":[{"name":"wp","href":"https:\/\/api.w.org\/{rel}","templated":true}]}}