{"id":481,"date":"2025-09-18T08:06:12","date_gmt":"2025-09-18T08:06:12","guid":{"rendered":"https:\/\/www.huashunware.com\/?post_type=product&#038;p=481"},"modified":"2025-09-18T08:15:40","modified_gmt":"2025-09-18T08:15:40","slug":"bulk-flour-sieve-cup-large-size-flour-sieve","status":"publish","type":"product","link":"https:\/\/www.huashunware.com\/pt\/produto\/bulk-flour-sieve-cup-large-size-flour-sieve\/","title":{"rendered":"Copo para peneira de farinha a granel Peneira de farinha de tamanho grande"},"content":{"rendered":"<div class=\"wp-block-columns is-layout-flex wp-container-core-columns-is-layout-9d6595d7 wp-block-columns-is-layout-flex\">\n<div class=\"wp-block-column is-layout-flow wp-block-column-is-layout-flow\">\n<h2 class=\"wp-block-heading\">Copo para peneira de farinha Carater\u00edsticas:<\/h2>\n\n\n\n<p><strong>Metal extra-espesso para utiliza\u00e7\u00e3o intensiva:<\/strong>Constru\u00edda com metal espesso e refor\u00e7ado, esta peneira pode suportar grandes quantidades de farinha e uma utiliza\u00e7\u00e3o intensa sem se dobrar ou partir. A op\u00e7\u00e3o ideal para uso comercial e para padeiros caseiros s\u00e9rios.<\/p>\n\n\n\n<p><strong>A\u00e7o inoxid\u00e1vel de qualidade alimentar:<\/strong>Fabricado com a\u00e7o inoxid\u00e1vel de alta qualidade, \u00e9 saud\u00e1vel, dur\u00e1vel e \u00e0 prova de ferrugem e corros\u00e3o, mantendo os seus ingredientes limpos e saud\u00e1veis.<\/p>\n\n\n\n<p><strong>Acabamento profissional polido-espelhado:<\/strong>A superf\u00edcie lisa e f\u00e1cil de limpar contribui para a eleg\u00e2ncia da cozinha e permite uma limpeza sem esfor\u00e7o num instante, o que \u00e9 uma vantagem durante os tempos ca\u00f3ticos de cozedura.<\/p>\n\n\n\n<p><strong>Amplo espa\u00e7o para cozedura a granel:<\/strong>A sua grande capacidade permite peneirar sem esfor\u00e7o quantidades gigantescas de farinha, o que \u00e9 perfeito para padarias, restaurantes ou refei\u00e7\u00f5es familiares. Poupa esfor\u00e7o e tempo de prepara\u00e7\u00e3o.<\/p>\n\n\n\n<p><strong>Baixa manuten\u00e7\u00e3o e longa vida \u00fatil\uff1a<\/strong>De longa dura\u00e7\u00e3o, resiste a uma utiliza\u00e7\u00e3o e desgaste constantes e mant\u00e9m-se polida ano ap\u00f3s ano. Uma boa escolha quotidiana para a cozedura de alimentos pesados.<\/p>\n<\/div>\n\n\n\n<div class=\"wp-block-column is-layout-flow wp-block-column-is-layout-flow\">\n<figure class=\"wp-block-image size-full\"><img decoding=\"async\" width=\"816\" height=\"816\" src=\"https:\/\/www.huashunware.com\/wp-content\/uploads\/2025\/09\/Bulk-Flour-Sieve-Cup-Large-Size-Flour-Sieve1-1.webp\" alt=\"Peneira para farinha a granel Copo de peneira para farinha de tamanho grande1\" class=\"wp-image-484\" srcset=\"https:\/\/www.huashunware.com\/wp-content\/uploads\/2025\/09\/Bulk-Flour-Sieve-Cup-Large-Size-Flour-Sieve1-1.webp 816w, https:\/\/www.huashunware.com\/wp-content\/uploads\/2025\/09\/Bulk-Flour-Sieve-Cup-Large-Size-Flour-Sieve1-1-300x300.webp 300w, https:\/\/www.huashunware.com\/wp-content\/uploads\/2025\/09\/Bulk-Flour-Sieve-Cup-Large-Size-Flour-Sieve1-1-150x150.webp 150w, https:\/\/www.huashunware.com\/wp-content\/uploads\/2025\/09\/Bulk-Flour-Sieve-Cup-Large-Size-Flour-Sieve1-1-768x768.webp 768w, https:\/\/www.huashunware.com\/wp-content\/uploads\/2025\/09\/Bulk-Flour-Sieve-Cup-Large-Size-Flour-Sieve1-1-600x600.webp 600w, https:\/\/www.huashunware.com\/wp-content\/uploads\/2025\/09\/Bulk-Flour-Sieve-Cup-Large-Size-Flour-Sieve1-1-100x100.webp 100w\" sizes=\"(max-width: 816px) 100vw, 816px\" \/><\/figure>\n<\/div>\n<\/div>","protected":false},"excerpt":{"rendered":"<p data-start=\"2747\" data-end=\"3047\">O copo de peneira para farinha a granel de tamanho grande \u00e9 um utens\u00edlio de cozinha dur\u00e1vel e de grande capacidade, fabricado em a\u00e7o inoxid\u00e1vel de qualidade alimentar extra grosso. O seu acabamento polido espelhado garante uma limpeza f\u00e1cil e um aspeto profissional, tornando-o perfeito para peneirar a massa e obter resultados consistentes na cozedura.<\/p>\n<h2 class=\"brxe-product-title\">Copo para peneira de farinha a granel Atributos:<\/h2>\n<table>\n<thead>\n<tr>\n<th style=\"text-align: center;\">Atributo<\/th>\n<th style=\"text-align: center;\">Especifica\u00e7\u00e3o<\/th>\n<\/tr>\n<\/thead>\n<tbody>\n<tr>\n<td>Peso<\/td>\n<td>263.5 g<\/td>\n<\/tr>\n<tr>\n<td>Tamanho<\/td>\n<td>\u00d811,8 \u00d7 12,8 cm (H)<\/td>\n<\/tr>\n<\/tbody>\n<\/table>\n<p><strong>MOQ:36pcs<\/strong><\/p>\n<h2 class=\"brxe-product-title\">Copo de peneira de farinha personalizado:<\/h2>\n<ul>\n<li data-start=\"36\" data-end=\"91\">\n<p data-start=\"38\" data-end=\"91\"><strong data-start=\"38\" data-end=\"49\">Amostra:<\/strong> Amostra gr\u00e1tis dispon\u00edvel antes da encomenda a granel<\/p>\n<\/li>\n<li data-start=\"92\" data-end=\"158\">\n<p data-start=\"94\" data-end=\"158\"><strong data-start=\"94\" data-end=\"112\">Entrega r\u00e1pida:<\/strong> Os artigos em stock podem ser enviados no prazo de 7 dias<\/p>\n<\/li>\n<li data-start=\"159\" data-end=\"274\">\n<p data-start=\"161\" data-end=\"274\"><strong data-start=\"161\" data-end=\"182\">Embalagem personalizada:<\/strong> Suporte para log\u00f3tipo personalizado e diferentes op\u00e7\u00f5es de embalagem, tais como caixa PET, caixa PVC ou caixa de oferta<\/p>\n<\/li>\n<\/ul>","protected":false},"featured_media":485,"comment_status":"closed","ping_status":"closed","template":"","meta":{"_acf_changed":false},"product_brand":[],"product_cat":[20,23],"product_tag":[],"class_list":{"0":"post-481","1":"product","2":"type-product","3":"status-publish","4":"has-post-thumbnail","6":"product_cat-wholesale-kitchen-utensils","7":"product_cat-wholesale-stainless-steel-flour-sifter","9":"first","10":"instock","11":"shipping-taxable","12":"product-type-simple"},"acf":[],"_links":{"self":[{"href":"https:\/\/www.huashunware.com\/pt\/wp-json\/wp\/v2\/product\/481","targetHints":{"allow":["GET"]}}],"collection":[{"href":"https:\/\/www.huashunware.com\/pt\/wp-json\/wp\/v2\/product"}],"about":[{"href":"https:\/\/www.huashunware.com\/pt\/wp-json\/wp\/v2\/types\/product"}],"replies":[{"embeddable":true,"href":"https:\/\/www.huashunware.com\/pt\/wp-json\/wp\/v2\/comments?post=481"}],"wp:featuredmedia":[{"embeddable":true,"href":"https:\/\/www.huashunware.com\/pt\/wp-json\/wp\/v2\/media\/485"}],"wp:attachment":[{"href":"https:\/\/www.huashunware.com\/pt\/wp-json\/wp\/v2\/media?parent=481"}],"wp:term":[{"taxonomy":"product_brand","embeddable":true,"href":"https:\/\/www.huashunware.com\/pt\/wp-json\/wp\/v2\/product_brand?post=481"},{"taxonomy":"product_cat","embeddable":true,"href":"https:\/\/www.huashunware.com\/pt\/wp-json\/wp\/v2\/product_cat?post=481"},{"taxonomy":"product_tag","embeddable":true,"href":"https:\/\/www.huashunware.com\/pt\/wp-json\/wp\/v2\/product_tag?post=481"}],"curies":[{"name":"wp","href":"https:\/\/api.w.org\/{rel}","templated":true}]}}