{"id":487,"date":"2025-09-18T08:26:48","date_gmt":"2025-09-18T08:26:48","guid":{"rendered":"https:\/\/www.huashunware.com\/?post_type=product&#038;p=487"},"modified":"2025-09-18T08:34:17","modified_gmt":"2025-09-18T08:34:17","slug":"wholesale-stainless-steel-ice-cube-tray","status":"publish","type":"product","link":"https:\/\/www.huashunware.com\/pt\/produto\/wholesale-stainless-steel-ice-cube-tray\/","title":{"rendered":"Tabuleiro para cubos de gelo em a\u00e7o inoxid\u00e1vel por atacado"},"content":{"rendered":"<div class=\"wp-block-columns is-layout-flex wp-container-core-columns-is-layout-9d6595d7 wp-block-columns-is-layout-flex\">\n<div class=\"wp-block-column is-layout-flow wp-block-column-is-layout-flow\">\n<h2 class=\"wp-block-heading\">Bandeja para cubos de gelo em a\u00e7o inoxid\u00e1vel Carater\u00edsticas:<\/h2>\n\n\n\n<p><strong>Constru\u00e7\u00e3o de metal espessado dur\u00e1vel\uff1a<\/strong>Fabricado em a\u00e7o inoxid\u00e1vel refor\u00e7ado, este tabuleiro para cubos de gelo n\u00e3o \u00e9 suscet\u00edvel de se dobrar ou deformar, suportando uma utiliza\u00e7\u00e3o intensiva nas tarefas di\u00e1rias da cozinha.<\/p>\n\n\n\n<p><strong>A\u00e7o inoxid\u00e1vel seguro para alimentos\uff1a<\/strong>Sem silicone e constru\u00eddo em a\u00e7o inoxid\u00e1vel seguro e n\u00e3o t\u00f3xico, este tabuleiro fornece cubos de gelo higi\u00e9nicos para bebidas e prepara\u00e7\u00e3o de alimentos.<\/p>\n\n\n\n<p><strong>Acabamento brilhante polido em espelho\uff1a<\/strong>O acabamento espelhado, liso e brilhante n\u00e3o s\u00f3 tem um aspeto extravagante, como tamb\u00e9m evita que os cubos se colem, permitindo a sua remo\u00e7\u00e3o sem esfor\u00e7o.<\/p>\n\n\n\n<p><strong>Reutiliz\u00e1vel e amigo do ambiente\uff1a<\/strong>Ao contr\u00e1rio dos tabuleiros de pl\u00e1stico, este tabuleiro de a\u00e7o inoxid\u00e1vel foi concebido para ser reutilizado, reduzindo o desperd\u00edcio sem comprometer a durabilidade.<\/p>\n\n\n\n<p><strong>Manuten\u00e7\u00e3o e limpeza simples\uff1a<\/strong>Sem ferrugem e lav\u00e1vel na m\u00e1quina de lavar lou\u00e7a, este tabuleiro \u00e9 simples de limpar, tornando a sua cozinha limpa com o m\u00ednimo de esfor\u00e7o.<\/p>\n<\/div>\n\n\n\n<div class=\"wp-block-column is-layout-flow wp-block-column-is-layout-flow\">\n<figure class=\"wp-block-image size-full\"><img decoding=\"async\" width=\"2500\" height=\"2500\" src=\"https:\/\/www.huashunware.com\/wp-content\/uploads\/2025\/09\/Wholesale-Stainless-Steel-Ice-Cube-Tray1.webp\" alt=\"Bandeja para cubos de gelo em a\u00e7o inoxid\u00e1vel por atacado1\" class=\"wp-image-488\" srcset=\"https:\/\/www.huashunware.com\/wp-content\/uploads\/2025\/09\/Wholesale-Stainless-Steel-Ice-Cube-Tray1.webp 2500w, https:\/\/www.huashunware.com\/wp-content\/uploads\/2025\/09\/Wholesale-Stainless-Steel-Ice-Cube-Tray1-300x300.webp 300w, https:\/\/www.huashunware.com\/wp-content\/uploads\/2025\/09\/Wholesale-Stainless-Steel-Ice-Cube-Tray1-150x150.webp 150w, https:\/\/www.huashunware.com\/wp-content\/uploads\/2025\/09\/Wholesale-Stainless-Steel-Ice-Cube-Tray1-768x768.webp 768w, https:\/\/www.huashunware.com\/wp-content\/uploads\/2025\/09\/Wholesale-Stainless-Steel-Ice-Cube-Tray1-1200x1200.webp 1200w, https:\/\/www.huashunware.com\/wp-content\/uploads\/2025\/09\/Wholesale-Stainless-Steel-Ice-Cube-Tray1-600x600.webp 600w, https:\/\/www.huashunware.com\/wp-content\/uploads\/2025\/09\/Wholesale-Stainless-Steel-Ice-Cube-Tray1-100x100.webp 100w\" sizes=\"(max-width: 2500px) 100vw, 2500px\" \/><\/figure>\n<\/div>\n<\/div>","protected":false},"excerpt":{"rendered":"<p data-start=\"2747\" data-end=\"3047\">O tabuleiro para cubos de gelo em a\u00e7o inoxid\u00e1vel por grosso \u00e9 fabricado em a\u00e7o inoxid\u00e1vel de qualidade alimentar espessado com uma superf\u00edcie polida espelhada para maior durabilidade e f\u00e1cil liberta\u00e7\u00e3o do gelo. O seu design robusto garante uma utiliza\u00e7\u00e3o a longo prazo, enquanto o material ecol\u00f3gico e f\u00e1cil de limpar faz dele um complemento fi\u00e1vel para qualquer cozinha.<\/p>\n<h2 class=\"brxe-product-title\">Bandeja de cubos de gelo de a\u00e7o inoxid\u00e1vel por atacado Atributos:<\/h2>\n<table>\n<thead>\n<tr>\n<th style=\"text-align: center;\">Atributo<\/th>\n<th style=\"text-align: center;\">Especifica\u00e7\u00e3o<\/th>\n<\/tr>\n<\/thead>\n<tbody>\n<tr>\n<td>Peso<\/td>\n<td>515 g<\/td>\n<\/tr>\n<tr>\n<td>Tamanho<\/td>\n<td>28 \u00d7 12 \u00d7 4,5 cm (C \u00d7 L \u00d7 A)<\/td>\n<\/tr>\n<\/tbody>\n<\/table>\n<p><strong>MOQ:24pcs<\/strong><\/p>\n<h2 class=\"brxe-product-title\">Bandeja para cubos de gelo em a\u00e7o inoxid\u00e1vel personalizada:<\/h2>\n<ul>\n<li data-start=\"16\" data-end=\"71\">\n<p data-start=\"18\" data-end=\"71\"><strong data-start=\"18\" data-end=\"29\">Amostra:<\/strong> Amostra gr\u00e1tis dispon\u00edvel antes da encomenda a granel<\/p>\n<\/li>\n<li data-start=\"72\" data-end=\"138\">\n<p data-start=\"74\" data-end=\"138\"><strong data-start=\"74\" data-end=\"92\">Entrega r\u00e1pida:<\/strong> Os artigos em stock podem ser enviados no prazo de 7 dias<\/p>\n<\/li>\n<li data-start=\"139\" data-end=\"254\">\n<p data-start=\"141\" data-end=\"254\"><strong data-start=\"141\" data-end=\"162\">Embalagem personalizada:<\/strong> Suporte para log\u00f3tipo personalizado e diferentes op\u00e7\u00f5es de embalagem, tais como caixa PET, caixa PVC ou caixa de oferta<\/p>\n<\/li>\n<\/ul>","protected":false},"featured_media":489,"comment_status":"closed","ping_status":"closed","template":"","meta":{"_acf_changed":false},"product_brand":[],"product_cat":[20,24],"product_tag":[],"class_list":{"0":"post-487","1":"product","2":"type-product","3":"status-publish","4":"has-post-thumbnail","6":"product_cat-wholesale-kitchen-utensils","7":"product_cat-wholesale-stainless-steel-ice-cube-trays","9":"first","10":"instock","11":"shipping-taxable","12":"product-type-simple"},"acf":[],"_links":{"self":[{"href":"https:\/\/www.huashunware.com\/pt\/wp-json\/wp\/v2\/product\/487","targetHints":{"allow":["GET"]}}],"collection":[{"href":"https:\/\/www.huashunware.com\/pt\/wp-json\/wp\/v2\/product"}],"about":[{"href":"https:\/\/www.huashunware.com\/pt\/wp-json\/wp\/v2\/types\/product"}],"replies":[{"embeddable":true,"href":"https:\/\/www.huashunware.com\/pt\/wp-json\/wp\/v2\/comments?post=487"}],"wp:featuredmedia":[{"embeddable":true,"href":"https:\/\/www.huashunware.com\/pt\/wp-json\/wp\/v2\/media\/489"}],"wp:attachment":[{"href":"https:\/\/www.huashunware.com\/pt\/wp-json\/wp\/v2\/media?parent=487"}],"wp:term":[{"taxonomy":"product_brand","embeddable":true,"href":"https:\/\/www.huashunware.com\/pt\/wp-json\/wp\/v2\/product_brand?post=487"},{"taxonomy":"product_cat","embeddable":true,"href":"https:\/\/www.huashunware.com\/pt\/wp-json\/wp\/v2\/product_cat?post=487"},{"taxonomy":"product_tag","embeddable":true,"href":"https:\/\/www.huashunware.com\/pt\/wp-json\/wp\/v2\/product_tag?post=487"}],"curies":[{"name":"wp","href":"https:\/\/api.w.org\/{rel}","templated":true}]}}