{"id":725,"date":"2025-10-08T07:33:12","date_gmt":"2025-10-08T07:21:49","guid":{"rendered":"https:\/\/www.huashunware.com\/?post_type=product&#038;p=725"},"modified":"2026-02-05T08:35:27","modified_gmt":"2026-02-05T08:35:27","slug":"bulk-plastic-handle-flatware-set","status":"publish","type":"product","link":"https:\/\/www.huashunware.com\/pt\/produto\/bulk-plastic-handle-flatware-set\/","title":{"rendered":"Conjunto de talheres com cabo de pl\u00e1stico a granel Talheres dur\u00e1veis para casa e restaurante"},"content":{"rendered":"<div class=\"wp-block-columns is-layout-flex wp-container-core-columns-is-layout-9d6595d7 wp-block-columns-is-layout-flex\">\n<div class=\"wp-block-column is-layout-flow wp-block-column-is-layout-flow\">\n<h2 class=\"wp-block-heading\">Conjunto de talheres com cabo de pl\u00e1stico a granel Carater\u00edsticas:<\/h2>\n\n\n\n<p><strong>Constru\u00e7\u00e3o em a\u00e7o inoxid\u00e1vel 18\/0 de qualidade superior<\/strong><br>Fabricado em a\u00e7o inoxid\u00e1vel 18\/0 robusto de alta qualidade que resiste \u00e0 ferrugem, \u00e0 corros\u00e3o e \u00e0 descolora\u00e7\u00e3o, este conjunto de talheres cumpre os regulamentos de seguran\u00e7a alimentar da UE e dos EUA, oferecendo uma durabilidade duradoura e uma utiliza\u00e7\u00e3o quotidiana segura.<\/p>\n\n\n\n<p><strong>Acabamento polido espelhado refinado<\/strong><br>A superf\u00edcie lisa e polida como um espelho e o rebordo bem afiado, mas seguro, de cada pe\u00e7a proporcionam um brilho luxuoso e de alta qualidade e um aspeto elegante que confere sofistica\u00e7\u00e3o a qualquer ambiente de mesa - seja um jantar informal ou um jantar requintado.<\/p>\n\n\n\n<p><strong>Design confort\u00e1vel da pega de pl\u00e1stico<\/strong><br>A pega ergon\u00f3mica de pl\u00e1stico proporciona uma ader\u00eancia firme e antiderrapante, confort\u00e1vel na m\u00e3o, aumentando o prazer de cada refei\u00e7\u00e3o, ao mesmo tempo que confere um aspeto elegante e contempor\u00e2neo \u00e0 sua mesa.<\/p>\n\n\n\n<p><strong>Embalagem conveniente pronta para o retalho<\/strong><br>A embalagem cuidadosamente concebida possui uma pega incorporada, permitindo um f\u00e1cil transporte, exposi\u00e7\u00e3o e venda em supermercados - ou a oferta de um presente como uma possibilidade pronta a apresentar em festas de boas-vindas, feriados ou ocasi\u00f5es especiais.<\/p>\n\n\n\n<p><strong>Vers\u00e1til para uso dom\u00e9stico e comercial<\/strong><br>Perfeito para utiliza\u00e7\u00e3o em restaurantes, eventos de catering e refei\u00e7\u00f5es familiares di\u00e1rias, este conjunto de talheres \u00e9 funcional e atrativo, uma escolha inteligente e elegante para qualquer mesa.<\/p>\n<\/div>\n\n\n\n<div class=\"wp-block-column is-layout-flow wp-block-column-is-layout-flow\">\n<figure class=\"wp-block-image size-full\"><img decoding=\"async\" width=\"1536\" height=\"1536\" src=\"https:\/\/www.huashunware.com\/wp-content\/uploads\/2025\/10\/Bulk-Plastic-Handle-Flatware-Set-1.webp\" alt=\"Conjunto de talheres com cabo de pl\u00e1stico a granel\" class=\"wp-image-1302\" srcset=\"https:\/\/www.huashunware.com\/wp-content\/uploads\/2025\/10\/Bulk-Plastic-Handle-Flatware-Set-1.webp 1536w, https:\/\/www.huashunware.com\/wp-content\/uploads\/2025\/10\/Bulk-Plastic-Handle-Flatware-Set-1-300x300.webp 300w, https:\/\/www.huashunware.com\/wp-content\/uploads\/2025\/10\/Bulk-Plastic-Handle-Flatware-Set-1-150x150.webp 150w, https:\/\/www.huashunware.com\/wp-content\/uploads\/2025\/10\/Bulk-Plastic-Handle-Flatware-Set-1-768x768.webp 768w, https:\/\/www.huashunware.com\/wp-content\/uploads\/2025\/10\/Bulk-Plastic-Handle-Flatware-Set-1-12x12.webp 12w, https:\/\/www.huashunware.com\/wp-content\/uploads\/2025\/10\/Bulk-Plastic-Handle-Flatware-Set-1-1200x1200.webp 1200w, https:\/\/www.huashunware.com\/wp-content\/uploads\/2025\/10\/Bulk-Plastic-Handle-Flatware-Set-1-600x600.webp 600w, https:\/\/www.huashunware.com\/wp-content\/uploads\/2025\/10\/Bulk-Plastic-Handle-Flatware-Set-1-100x100.webp 100w\" sizes=\"(max-width: 1536px) 100vw, 1536px\" \/><\/figure>\n\n\n\n<figure class=\"wp-block-image size-full\"><img decoding=\"async\" width=\"3072\" height=\"3072\" src=\"https:\/\/www.huashunware.com\/wp-content\/uploads\/2025\/10\/Bulk-Plastic-Handle-Flatware-Set-Durable-Cutlery-for-Home-Restaurant2.webp\" alt=\"Conjunto de talheres com cabo de pl\u00e1stico para casa e restaurante2\" class=\"wp-image-727\" srcset=\"https:\/\/www.huashunware.com\/wp-content\/uploads\/2025\/10\/Bulk-Plastic-Handle-Flatware-Set-Durable-Cutlery-for-Home-Restaurant2.webp 3072w, https:\/\/www.huashunware.com\/wp-content\/uploads\/2025\/10\/Bulk-Plastic-Handle-Flatware-Set-Durable-Cutlery-for-Home-Restaurant2-300x300.webp 300w, https:\/\/www.huashunware.com\/wp-content\/uploads\/2025\/10\/Bulk-Plastic-Handle-Flatware-Set-Durable-Cutlery-for-Home-Restaurant2-150x150.webp 150w, https:\/\/www.huashunware.com\/wp-content\/uploads\/2025\/10\/Bulk-Plastic-Handle-Flatware-Set-Durable-Cutlery-for-Home-Restaurant2-768x768.webp 768w, https:\/\/www.huashunware.com\/wp-content\/uploads\/2025\/10\/Bulk-Plastic-Handle-Flatware-Set-Durable-Cutlery-for-Home-Restaurant2-12x12.webp 12w, https:\/\/www.huashunware.com\/wp-content\/uploads\/2025\/10\/Bulk-Plastic-Handle-Flatware-Set-Durable-Cutlery-for-Home-Restaurant2-1200x1200.webp 1200w, https:\/\/www.huashunware.com\/wp-content\/uploads\/2025\/10\/Bulk-Plastic-Handle-Flatware-Set-Durable-Cutlery-for-Home-Restaurant2-600x600.webp 600w, https:\/\/www.huashunware.com\/wp-content\/uploads\/2025\/10\/Bulk-Plastic-Handle-Flatware-Set-Durable-Cutlery-for-Home-Restaurant2-100x100.webp 100w\" sizes=\"(max-width: 3072px) 100vw, 3072px\" \/><\/figure>\n<\/div>\n<\/div>","protected":false},"excerpt":{"rendered":"<p>O conjunto de talheres com cabo de pl\u00e1stico para casa e restaurante combina a resist\u00eancia do a\u00e7o inoxid\u00e1vel de primeira qualidade com o conforto ergon\u00f3mico e o estilo moderno. Polido em espelho para um brilho refinado, \u00e9 ideal tanto para refei\u00e7\u00f5es di\u00e1rias quanto para uso profissional em catering. Bem-vindo a contactar-nos\uff01<\/p>\n<h2 class=\"brxe-product-title\">Conjunto de talheres com cabo de pl\u00e1stico a granel Atributos:<\/h2>\n<table>\n<thead>\n<tr>\n<th>Artigo<\/th>\n<th>Peso (g)<\/th>\n<th>Comprimento (cm)<\/th>\n<th>Largura (cm)<\/th>\n<th>Espessura (mm)<\/th>\n<\/tr>\n<\/thead>\n<tbody>\n<tr>\n<td><strong>Faca<\/strong><\/td>\n<td>32<\/td>\n<td>21.5<\/td>\n<td>2.0<\/td>\n<td>2<\/td>\n<\/tr>\n<tr>\n<td><strong>Garfo<\/strong><\/td>\n<td>30<\/td>\n<td>21.5<\/td>\n<td>2.5<\/td>\n<td>2<\/td>\n<\/tr>\n<tr>\n<td><strong>Colher<\/strong><\/td>\n<td>36.5<\/td>\n<td>20.0<\/td>\n<td>4.3<\/td>\n<td>2<\/td>\n<\/tr>\n<tr>\n<td><strong>Colher de ch\u00e1<\/strong><\/td>\n<td>19<\/td>\n<td>15.6<\/td>\n<td>3.2<\/td>\n<td>2<\/td>\n<\/tr>\n<\/tbody>\n<\/table>\n<h2>Conjunto de talheres com cabo de pl\u00e1stico personalizado\uff1a<\/h2>\n<ul>\n<li data-pm-slice=\"1 1 []\"><strong>Amostra gr\u00e1tis: <\/strong>Poder\u00e1 ser disponibilizada uma amostra gr\u00e1tis antes de efetuar uma encomenda a granel.<\/li>\n<li><strong>Personaliza\u00e7\u00e3o da embalagem e do log\u00f3tipo:<\/strong> Podemos colocar um log\u00f3tipo personalizado na embalagem e utilizar diferentes op\u00e7\u00f5es de embalagem, como uma caixa PET, uma caixa PVC ou uma caixa de oferta.<\/li>\n<li><strong>Log\u00f3tipo no metal e na pega:<\/strong> Aceita log\u00f3tipo a laser e log\u00f3tipo gravado no metal; aceita log\u00f3tipo impresso na pega.<\/li>\n<li><strong>Op\u00e7\u00f5es de acabamento e cor da pega:<\/strong> Aceitar revestimento dourado ou alterar a cor da pega conforme necess\u00e1rio<\/li>\n<\/ul>","protected":false},"featured_media":726,"comment_status":"closed","ping_status":"closed","template":"","meta":{"_acf_changed":true},"product_brand":[],"product_cat":[18,26],"product_tag":[],"class_list":{"0":"post-725","1":"product","2":"type-product","3":"status-publish","4":"has-post-thumbnail","6":"product_cat-cutlery-set-wholesale","7":"product_cat-plastic-handle-flatware-set","9":"first","10":"instock","11":"shipping-taxable","12":"product-type-simple"},"acf":[],"_links":{"self":[{"href":"https:\/\/www.huashunware.com\/pt\/wp-json\/wp\/v2\/product\/725","targetHints":{"allow":["GET"]}}],"collection":[{"href":"https:\/\/www.huashunware.com\/pt\/wp-json\/wp\/v2\/product"}],"about":[{"href":"https:\/\/www.huashunware.com\/pt\/wp-json\/wp\/v2\/types\/product"}],"replies":[{"embeddable":true,"href":"https:\/\/www.huashunware.com\/pt\/wp-json\/wp\/v2\/comments?post=725"}],"wp:featuredmedia":[{"embeddable":true,"href":"https:\/\/www.huashunware.com\/pt\/wp-json\/wp\/v2\/media\/726"}],"wp:attachment":[{"href":"https:\/\/www.huashunware.com\/pt\/wp-json\/wp\/v2\/media?parent=725"}],"wp:term":[{"taxonomy":"product_brand","embeddable":true,"href":"https:\/\/www.huashunware.com\/pt\/wp-json\/wp\/v2\/product_brand?post=725"},{"taxonomy":"product_cat","embeddable":true,"href":"https:\/\/www.huashunware.com\/pt\/wp-json\/wp\/v2\/product_cat?post=725"},{"taxonomy":"product_tag","embeddable":true,"href":"https:\/\/www.huashunware.com\/pt\/wp-json\/wp\/v2\/product_tag?post=725"}],"curies":[{"name":"wp","href":"https:\/\/api.w.org\/{rel}","templated":true}]}}