{"id":729,"date":"2025-10-08T08:04:34","date_gmt":"2025-10-08T07:56:31","guid":{"rendered":"https:\/\/www.huashunware.com\/?post_type=product&#038;p=729"},"modified":"2026-02-05T08:41:38","modified_gmt":"2026-02-05T08:41:38","slug":"custom-plastic-handle-flatware-set","status":"publish","type":"product","link":"https:\/\/www.huashunware.com\/pt\/produto\/custom-plastic-handle-flatware-set\/","title":{"rendered":"Conjunto de talheres com cabo de pl\u00e1stico personalizado com design elegante para jantares modernos"},"content":{"rendered":"<div class=\"wp-block-columns is-layout-flex wp-container-core-columns-is-layout-9d6595d7 wp-block-columns-is-layout-flex\">\n<div class=\"wp-block-column is-layout-flow wp-block-column-is-layout-flow\">\n<h2 class=\"wp-block-heading\">Conjunto de talheres com cabo de pl\u00e1stico personalizado Carater\u00edsticas:<\/h2>\n\n\n\n<p><strong>Material em a\u00e7o inoxid\u00e1vel 18\/0 de primeira qualidade<\/strong><br>Constru\u00eddo em a\u00e7o inoxid\u00e1vel 18\/0 robusto, resistente \u00e0 ferrugem, \u00e0 corros\u00e3o e ao desbotamento - totalmente em conformidade com as normas de seguran\u00e7a alimentar da UE e dos EUA para um desempenho duradouro.<\/p>\n\n\n\n<p><strong>Design moderno e elegante<\/strong><br>Com um aspeto simples e elegante, ideal para ambientes de refei\u00e7\u00f5es contempor\u00e2neos, este conjunto \u00e9 um dos produtos mais vendidos no mercado da UE.<\/p>\n\n\n\n<p><strong>Pega de pl\u00e1stico confort\u00e1vel<\/strong><br>Pega ergon\u00f3mica em pl\u00e1stico que se agarra confortavelmente e com seguran\u00e7a, combinando fun\u00e7\u00e3o e beleza.<\/p>\n\n\n\n<p><strong>Extremamente dur\u00e1vel e f\u00e1cil de limpar<\/strong><br>O acabamento espelhado continua a brilhar depois de lavado regularmente; pode ser lavado na m\u00e1quina de lavar lou\u00e7a e n\u00e3o risca para uma utiliza\u00e7\u00e3o quotidiana simples.<\/p>\n\n\n\n<p><strong>Perfeito para uso dom\u00e9stico e em restaurantes<\/strong><br>Ideal para refei\u00e7\u00f5es em fam\u00edlia e tamb\u00e9m para a hospitalidade comercial - combinando estilo, longevidade e facilidade de utiliza\u00e7\u00e3o para qualquer finalidade.<\/p>\n<\/div>\n\n\n\n<div class=\"wp-block-column is-layout-flow wp-block-column-is-layout-flow\">\n<figure class=\"wp-block-image size-full\"><img decoding=\"async\" width=\"1728\" height=\"1728\" src=\"https:\/\/www.huashunware.com\/wp-content\/uploads\/2025\/10\/Custom-Plastic-Handle-Flatware-Set-with-Elegant-Design-for-Modern-Dining-1.webp\" alt=\"Conjunto de talheres com cabo de pl\u00e1stico personalizado com design elegante para jantares modernos\" class=\"wp-image-1304\" srcset=\"https:\/\/www.huashunware.com\/wp-content\/uploads\/2025\/10\/Custom-Plastic-Handle-Flatware-Set-with-Elegant-Design-for-Modern-Dining-1.webp 1728w, https:\/\/www.huashunware.com\/wp-content\/uploads\/2025\/10\/Custom-Plastic-Handle-Flatware-Set-with-Elegant-Design-for-Modern-Dining-1-300x300.webp 300w, https:\/\/www.huashunware.com\/wp-content\/uploads\/2025\/10\/Custom-Plastic-Handle-Flatware-Set-with-Elegant-Design-for-Modern-Dining-1-150x150.webp 150w, https:\/\/www.huashunware.com\/wp-content\/uploads\/2025\/10\/Custom-Plastic-Handle-Flatware-Set-with-Elegant-Design-for-Modern-Dining-1-768x768.webp 768w, https:\/\/www.huashunware.com\/wp-content\/uploads\/2025\/10\/Custom-Plastic-Handle-Flatware-Set-with-Elegant-Design-for-Modern-Dining-1-12x12.webp 12w, https:\/\/www.huashunware.com\/wp-content\/uploads\/2025\/10\/Custom-Plastic-Handle-Flatware-Set-with-Elegant-Design-for-Modern-Dining-1-1200x1200.webp 1200w, https:\/\/www.huashunware.com\/wp-content\/uploads\/2025\/10\/Custom-Plastic-Handle-Flatware-Set-with-Elegant-Design-for-Modern-Dining-1-600x600.webp 600w, https:\/\/www.huashunware.com\/wp-content\/uploads\/2025\/10\/Custom-Plastic-Handle-Flatware-Set-with-Elegant-Design-for-Modern-Dining-1-100x100.webp 100w\" sizes=\"(max-width: 1728px) 100vw, 1728px\" \/><\/figure>\n\n\n\n<figure class=\"wp-block-image size-full\"><img decoding=\"async\" width=\"3072\" height=\"3072\" src=\"https:\/\/www.huashunware.com\/wp-content\/uploads\/2025\/10\/Custom-Plastic-Handle-Flatware-Set-with-Elegant-Design-for-Modern-Dining.webp\" alt=\"Conjunto de talheres com cabo de pl\u00e1stico personalizado com design elegante para jantares modernos\" class=\"wp-image-730\" srcset=\"https:\/\/www.huashunware.com\/wp-content\/uploads\/2025\/10\/Custom-Plastic-Handle-Flatware-Set-with-Elegant-Design-for-Modern-Dining.webp 3072w, https:\/\/www.huashunware.com\/wp-content\/uploads\/2025\/10\/Custom-Plastic-Handle-Flatware-Set-with-Elegant-Design-for-Modern-Dining-300x300.webp 300w, https:\/\/www.huashunware.com\/wp-content\/uploads\/2025\/10\/Custom-Plastic-Handle-Flatware-Set-with-Elegant-Design-for-Modern-Dining-150x150.webp 150w, https:\/\/www.huashunware.com\/wp-content\/uploads\/2025\/10\/Custom-Plastic-Handle-Flatware-Set-with-Elegant-Design-for-Modern-Dining-768x768.webp 768w, https:\/\/www.huashunware.com\/wp-content\/uploads\/2025\/10\/Custom-Plastic-Handle-Flatware-Set-with-Elegant-Design-for-Modern-Dining-12x12.webp 12w, https:\/\/www.huashunware.com\/wp-content\/uploads\/2025\/10\/Custom-Plastic-Handle-Flatware-Set-with-Elegant-Design-for-Modern-Dining-1200x1200.webp 1200w, https:\/\/www.huashunware.com\/wp-content\/uploads\/2025\/10\/Custom-Plastic-Handle-Flatware-Set-with-Elegant-Design-for-Modern-Dining-600x600.webp 600w, https:\/\/www.huashunware.com\/wp-content\/uploads\/2025\/10\/Custom-Plastic-Handle-Flatware-Set-with-Elegant-Design-for-Modern-Dining-100x100.webp 100w\" sizes=\"(max-width: 3072px) 100vw, 3072px\" \/><\/figure>\n<\/div>\n<\/div>","protected":false},"excerpt":{"rendered":"<p>O conjunto de talheres com cabo de pl\u00e1stico personalizado e design elegante para refei\u00e7\u00f5es modernas oferece uma combina\u00e7\u00e3o requintada de simplicidade moderna e durabilidade duradoura. Feito de a\u00e7o inoxid\u00e1vel 18\/0 premium com uma al\u00e7a de pl\u00e1stico confort\u00e1vel, \u00e9 uma escolha elegante e pr\u00e1tica para refei\u00e7\u00f5es di\u00e1rias ou ambientes profissionais. Bem-vindo a contactar-nos\uff01<\/p>\n<h2 class=\"brxe-product-title\">Conjunto de talheres com cabo de pl\u00e1stico personalizado Atributos:<\/h2>\n<table>\n<thead>\n<tr>\n<th>Utens\u00edlio<\/th>\n<th>Peso (g)<\/th>\n<th>Comprimento (cm)<\/th>\n<th>Largura (cm)<\/th>\n<th>Espessura (mm)<\/th>\n<\/tr>\n<\/thead>\n<tbody>\n<tr>\n<td>Faca<\/td>\n<td>38<\/td>\n<td>22.5<\/td>\n<td>1.8<\/td>\n<td>1.8<\/td>\n<\/tr>\n<tr>\n<td>Garfo<\/td>\n<td>30<\/td>\n<td>21.5<\/td>\n<td>2.5<\/td>\n<td>1.8<\/td>\n<\/tr>\n<tr>\n<td>Colher<\/td>\n<td>36.5<\/td>\n<td>20<\/td>\n<td>4.3<\/td>\n<td>1.8<\/td>\n<\/tr>\n<tr>\n<td>Colher de ch\u00e1<\/td>\n<td>19<\/td>\n<td>15.6<\/td>\n<td>3.2<\/td>\n<td>1.8<\/td>\n<\/tr>\n<\/tbody>\n<\/table>\n<h2>Conjunto de talheres com cabo de pl\u00e1stico personalizado\uff1a<\/h2>\n<ul>\n<li data-pm-slice=\"1 1 []\"><strong>Amostra gr\u00e1tis: <\/strong>Poder\u00e1 ser disponibilizada uma amostra gr\u00e1tis antes de efetuar uma encomenda a granel.<\/li>\n<li><strong>Personaliza\u00e7\u00e3o da embalagem e do log\u00f3tipo:<\/strong> Podemos colocar um log\u00f3tipo personalizado na embalagem e utilizar diferentes op\u00e7\u00f5es de embalagem, como uma caixa PET, uma caixa PVC ou uma caixa de oferta.<\/li>\n<li><strong>Log\u00f3tipo no metal e na pega:<\/strong> Aceita log\u00f3tipo a laser e log\u00f3tipo gravado no metal; aceita log\u00f3tipo impresso na pega.<\/li>\n<li><strong>Op\u00e7\u00f5es de acabamento e cor da pega:<\/strong> Aceitar revestimento dourado ou alterar a cor da pega conforme necess\u00e1rio<\/li>\n<\/ul>","protected":false},"featured_media":730,"comment_status":"closed","ping_status":"closed","template":"","meta":{"_acf_changed":true},"product_brand":[],"product_cat":[18,26],"product_tag":[],"class_list":{"0":"post-729","1":"product","2":"type-product","3":"status-publish","4":"has-post-thumbnail","6":"product_cat-cutlery-set-wholesale","7":"product_cat-plastic-handle-flatware-set","9":"first","10":"instock","11":"shipping-taxable","12":"product-type-simple"},"acf":[],"_links":{"self":[{"href":"https:\/\/www.huashunware.com\/pt\/wp-json\/wp\/v2\/product\/729","targetHints":{"allow":["GET"]}}],"collection":[{"href":"https:\/\/www.huashunware.com\/pt\/wp-json\/wp\/v2\/product"}],"about":[{"href":"https:\/\/www.huashunware.com\/pt\/wp-json\/wp\/v2\/types\/product"}],"replies":[{"embeddable":true,"href":"https:\/\/www.huashunware.com\/pt\/wp-json\/wp\/v2\/comments?post=729"}],"wp:featuredmedia":[{"embeddable":true,"href":"https:\/\/www.huashunware.com\/pt\/wp-json\/wp\/v2\/media\/730"}],"wp:attachment":[{"href":"https:\/\/www.huashunware.com\/pt\/wp-json\/wp\/v2\/media?parent=729"}],"wp:term":[{"taxonomy":"product_brand","embeddable":true,"href":"https:\/\/www.huashunware.com\/pt\/wp-json\/wp\/v2\/product_brand?post=729"},{"taxonomy":"product_cat","embeddable":true,"href":"https:\/\/www.huashunware.com\/pt\/wp-json\/wp\/v2\/product_cat?post=729"},{"taxonomy":"product_tag","embeddable":true,"href":"https:\/\/www.huashunware.com\/pt\/wp-json\/wp\/v2\/product_tag?post=729"}],"curies":[{"name":"wp","href":"https:\/\/api.w.org\/{rel}","templated":true}]}}